{"id":117,"date":"2016-11-24T12:08:37","date_gmt":"2016-11-24T12:08:37","guid":{"rendered":"http:\/\/blogsaverroes.juntadeandalucia.es\/colejuanarmario\/?page_id=117"},"modified":"2016-11-25T18:26:33","modified_gmt":"2016-11-25T18:26:33","slug":"aula-matinal","status":"publish","type":"page","link":"https:\/\/blogsaverroes.juntadeandalucia.es\/colejuanarmario\/aula-matinal\/","title":{"rendered":"Aula Matinal"},"content":{"rendered":"<p>El art\u00edculo 2.2 de la Ley 17\/2007, de 10 de diciembre, de Educaci\u00f3n de Andaluc\u00eda, incluye en el \u00e1mbito de la programaci\u00f3n general de la ense\u00f1anza el conjunto de actuaciones que desarrollen los centros docentes para ofrecer nuevos servicios y actividades al alumnado fuera del horario lectivo.<\/p>\n<p>Uno de los principales objetivos, establecido por el Decreto 137\/2002, de Apoyo a las Familias Andaluzas, es facilitar la conciliaci\u00f3n entre la vida familiar y laboral, as\u00ed como la integraci\u00f3n del\u00a0 hombre y la mujer en la vida laboral en condiciones de igualdad. Dando respuesta estos preceptos, nuestro centro ofrece los servicios de Aula Matinal. \u00e7<\/p>\n<p>El servicio de Aula Matinal se desarrolla diariamente de 7:30 a 9:00 horas, de lunes a viernes.<\/p>\n<p>Dos monitoras se encargan de atender a un m\u00e1ximo de 30 usuarios, en lo se desarrollan actividades previas al horario lectivo.<\/p>\n<p>El precio mensual es de 15.40 euros, y se encuentra bonificado; ya que seg\u00fan de factores como miembros de la unidad familiar y renta, existe deducciones de ese precio.<\/p>\n<p>Pasa por Secretaria para mayor informaci\u00f3n.<\/p>\n","protected":false},"excerpt":{"rendered":"<p>El art\u00edculo 2.2 de la Ley 17\/2007, de 10 de diciembre, de Educaci\u00f3n de Andaluc\u00eda, incluye en el \u00e1mbito de la programaci\u00f3n general de la ense\u00f1anza el conjunto de actuaciones que desarrollen los centros&#46;&#46;&#46;<\/p>\n","protected":false},"author":2443,"featured_media":0,"parent":0,"menu_order":0,"comment_status":"open","ping_status":"open","template":"","meta":{"ngg_post_thumbnail":0,"footnotes":""},"aioseo_notices":[],"_links":{"self":[{"href":"https:\/\/blogsaverroes.juntadeandalucia.es\/colejuanarmario\/wp-json\/wp\/v2\/pages\/117"}],"collection":[{"href":"https:\/\/blogsaverroes.juntadeandalucia.es\/colejuanarmario\/wp-json\/wp\/v2\/pages"}],"about":[{"href":"https:\/\/blogsaverroes.juntadeandalucia.es\/colejuanarmario\/wp-json\/wp\/v2\/types\/page"}],"author":[{"embeddable":true,"href":"https:\/\/blogsaverroes.juntadeandalucia.es\/colejuanarmario\/wp-json\/wp\/v2\/users\/2443"}],"replies":[{"embeddable":true,"href":"https:\/\/blogsaverroes.juntadeandalucia.es\/colejuanarmario\/wp-json\/wp\/v2\/comments?post=117"}],"version-history":[{"count":3,"href":"https:\/\/blogsaverroes.juntadeandalucia.es\/colejuanarmario\/wp-json\/wp\/v2\/pages\/117\/revisions"}],"predecessor-version":[{"id":213,"href":"https:\/\/blogsaverroes.juntadeandalucia.es\/colejuanarmario\/wp-json\/wp\/v2\/pages\/117\/revisions\/213"}],"wp:attachment":[{"href":"https:\/\/blogsaverroes.juntadeandalucia.es\/colejuanarmario\/wp-json\/wp\/v2\/media?parent=117"}],"curies":[{"name":"wp","href":"https:\/\/api.w.org\/{rel}","templated":true}]}}