{"id":121,"date":"2016-11-24T12:09:12","date_gmt":"2016-11-24T12:09:12","guid":{"rendered":"http:\/\/blogsaverroes.juntadeandalucia.es\/colejuanarmario\/?page_id=121"},"modified":"2016-11-25T18:33:53","modified_gmt":"2016-11-25T18:33:53","slug":"comedor-escolar","status":"publish","type":"page","link":"https:\/\/blogsaverroes.juntadeandalucia.es\/colejuanarmario\/comedor-escolar\/","title":{"rendered":"Comedor Escolar"},"content":{"rendered":"<p>El art\u00edculo 2.2 de la Ley 17\/2007, de 10 de diciembre, de Educaci\u00f3n de Andaluc\u00eda, incluye en el \u00e1mbito de la programaci\u00f3n general de la ense\u00f1anza el conjunto de actuaciones que desarrollen los centros docentes para ofrecer nuevos servicios y actividades al alumnado fuera del horario lectivo.<\/p>\n<p>Uno de los principales objetivos, establecido por el Decreto 137\/2002, de Apoyo a las Familias Andaluzas, es facilitar la conciliaci\u00f3n entre la vida familiar y laboral, as\u00ed como la integraci\u00f3n del\u00a0 hombre y la mujer en la vida laboral en condiciones de igualdad. Dando respuesta estos preceptos, nuestro centro ofrece los servicios de \u00a0Comedor Escolar.<\/p>\n<p>El servicio de Comedor Escolar se desarrolla diariamente en un horario comprendido entre 14-16 horas. Atiende a un m\u00e1ximo de 52 usuarios, gracias al Plan de Seguridad y Garant\u00eda Alimenticia Infantil ( PSYGA), se ampl\u00eda a los usuarios en riesgo de exclusi\u00f3n social, bajo las directrices del programa, garantizando tambi\u00e9n la merienda al alumnado.<\/p>\n<p>Es atendido por tres monitoras, el Director del Centro y una cocinera.<\/p>\n<p>Las solicitudes del Comedor deben realizarse en dos plazos delimitados.<\/p>\n<ul>\n<li>1 al 8 de Junio, junto al impreso de matr\u00edcula.<\/li>\n<li>1-8 de Septiembre en una segunda convocatoria, tras la modificaci\u00f3n de las listas emitidas en el primer periodo.<\/li>\n<\/ul>\n<p>Fuera de estos plazos, no es posible acceder al servicio de comedor escolar, ya que es un servicio bonificado, y en la actualidad, el 95% tiene bonificaci\u00f3n del servicio.<\/p>\n<p>Pasa por Secretaria y te informaremos mejor.<\/p>\n<p>Aqu\u00ed os dejamos el blog del Programa.<\/p>\n<p style=\"text-align: center\"><a href=\"http:\/\/colearmarioplandeapertura.blogspot.com.es\/\">Plan de Apertura a las Familias.<\/a><\/p>\n<p>&nbsp;<\/p>\n","protected":false},"excerpt":{"rendered":"<p>El art\u00edculo 2.2 de la Ley 17\/2007, de 10 de diciembre, de Educaci\u00f3n de Andaluc\u00eda, incluye en el \u00e1mbito de la programaci\u00f3n general de la ense\u00f1anza el conjunto de actuaciones que desarrollen los centros&#46;&#46;&#46;<\/p>\n","protected":false},"author":2443,"featured_media":0,"parent":0,"menu_order":0,"comment_status":"open","ping_status":"open","template":"","meta":{"ngg_post_thumbnail":0,"footnotes":""},"aioseo_notices":[],"_links":{"self":[{"href":"https:\/\/blogsaverroes.juntadeandalucia.es\/colejuanarmario\/wp-json\/wp\/v2\/pages\/121"}],"collection":[{"href":"https:\/\/blogsaverroes.juntadeandalucia.es\/colejuanarmario\/wp-json\/wp\/v2\/pages"}],"about":[{"href":"https:\/\/blogsaverroes.juntadeandalucia.es\/colejuanarmario\/wp-json\/wp\/v2\/types\/page"}],"author":[{"embeddable":true,"href":"https:\/\/blogsaverroes.juntadeandalucia.es\/colejuanarmario\/wp-json\/wp\/v2\/users\/2443"}],"replies":[{"embeddable":true,"href":"https:\/\/blogsaverroes.juntadeandalucia.es\/colejuanarmario\/wp-json\/wp\/v2\/comments?post=121"}],"version-history":[{"count":3,"href":"https:\/\/blogsaverroes.juntadeandalucia.es\/colejuanarmario\/wp-json\/wp\/v2\/pages\/121\/revisions"}],"predecessor-version":[{"id":218,"href":"https:\/\/blogsaverroes.juntadeandalucia.es\/colejuanarmario\/wp-json\/wp\/v2\/pages\/121\/revisions\/218"}],"wp:attachment":[{"href":"https:\/\/blogsaverroes.juntadeandalucia.es\/colejuanarmario\/wp-json\/wp\/v2\/media?parent=121"}],"curies":[{"name":"wp","href":"https:\/\/api.w.org\/{rel}","templated":true}]}}