{"id":128,"date":"2016-11-24T12:10:05","date_gmt":"2016-11-24T12:10:05","guid":{"rendered":"http:\/\/blogsaverroes.juntadeandalucia.es\/colejuanarmario\/?page_id=128"},"modified":"2016-11-25T21:32:18","modified_gmt":"2016-11-25T21:32:18","slug":"1o-ciclo-de-educacion-primaria","status":"publish","type":"page","link":"https:\/\/blogsaverroes.juntadeandalucia.es\/colejuanarmario\/1o-ciclo-de-educacion-primaria\/","title":{"rendered":"1\u00ba Ciclo de Educaci\u00f3n Primaria"},"content":{"rendered":"<p>El Primer Ciclo de Educaci\u00f3n Primaria est\u00e1 compuesto por;<\/p>\n<p>1\u00ba E.P. Mar\u00eda Eugenia Delgado.<\/p>\n<p>2\u00ba E.P. Annabelle Picton.<\/p>\n<p>&nbsp;<\/p>\n<p>El horario de Atenci\u00f3n a Padres y Madres, ser\u00e1 los lunes tarde de 17.30 -18.30.<\/p>\n","protected":false},"excerpt":{"rendered":"<p>El Primer Ciclo de Educaci\u00f3n Primaria est\u00e1 compuesto por; 1\u00ba E.P. Mar\u00eda Eugenia Delgado. 2\u00ba E.P. Annabelle Picton. &nbsp; El horario de Atenci\u00f3n a Padres y Madres, ser\u00e1 los lunes tarde de 17.30 -18.30.<\/p>\n","protected":false},"author":2443,"featured_media":0,"parent":0,"menu_order":0,"comment_status":"open","ping_status":"open","template":"","meta":{"ngg_post_thumbnail":0,"footnotes":""},"aioseo_notices":[],"_links":{"self":[{"href":"https:\/\/blogsaverroes.juntadeandalucia.es\/colejuanarmario\/wp-json\/wp\/v2\/pages\/128"}],"collection":[{"href":"https:\/\/blogsaverroes.juntadeandalucia.es\/colejuanarmario\/wp-json\/wp\/v2\/pages"}],"about":[{"href":"https:\/\/blogsaverroes.juntadeandalucia.es\/colejuanarmario\/wp-json\/wp\/v2\/types\/page"}],"author":[{"embeddable":true,"href":"https:\/\/blogsaverroes.juntadeandalucia.es\/colejuanarmario\/wp-json\/wp\/v2\/users\/2443"}],"replies":[{"embeddable":true,"href":"https:\/\/blogsaverroes.juntadeandalucia.es\/colejuanarmario\/wp-json\/wp\/v2\/comments?post=128"}],"version-history":[{"count":3,"href":"https:\/\/blogsaverroes.juntadeandalucia.es\/colejuanarmario\/wp-json\/wp\/v2\/pages\/128\/revisions"}],"predecessor-version":[{"id":235,"href":"https:\/\/blogsaverroes.juntadeandalucia.es\/colejuanarmario\/wp-json\/wp\/v2\/pages\/128\/revisions\/235"}],"wp:attachment":[{"href":"https:\/\/blogsaverroes.juntadeandalucia.es\/colejuanarmario\/wp-json\/wp\/v2\/media?parent=128"}],"curies":[{"name":"wp","href":"https:\/\/api.w.org\/{rel}","templated":true}]}}