{"id":173,"date":"2016-11-25T17:35:30","date_gmt":"2016-11-25T17:35:30","guid":{"rendered":"http:\/\/blogsaverroes.juntadeandalucia.es\/colejuanarmario\/?page_id=173"},"modified":"2016-11-25T17:46:44","modified_gmt":"2016-11-25T17:46:44","slug":"plan-de-igualdad","status":"publish","type":"page","link":"https:\/\/blogsaverroes.juntadeandalucia.es\/colejuanarmario\/plan-de-igualdad\/","title":{"rendered":"Plan de Igualdad"},"content":{"rendered":"<p>Nuestra filosof\u00eda promueve y valora la igualdad entre hombres y mujeres, y fomentamos en nuestro alumnado la igualdad de sexos. La promoci\u00f3n del respeto y la igualdad se encuentran de un modo natural en nuestra forma de trabajo, desarrollando medidas para dar continuidad en el hogar.<\/p>\n<p>Este Proyecto se encuentra integrado de forma transversal en todas las actividades y actuaciones desarrollados en el Centro, con especial coordinaci\u00f3n con el Proyecto Escuela Espacio de Paz.<\/p>\n<p>Los objetivos del Proyecto son;<\/p>\n<ul>\n<li>Asegurar la igualdad de oportunidades para todas las alumnas y alumnos del centro.<\/li>\n<li>Fomentar el respeto entre todos los miembros de la comunidad escolar.<\/li>\n<li>Reflexionar sobre los modelos y estereotipos que est\u00e1n siendo transmitidos por todos los miembros de la comunidad escolar.<\/li>\n<li>Eliminar las posibles discriminaciones que se den en el entorno escolar.<\/li>\n<li>Generar una concienciaci\u00f3n y aceptaci\u00f3n de las diferencias entre g\u00e9neros como algo natural, sin que ello sea motivo de discriminaci\u00f3n.<\/li>\n<li>Favorecer la expresi\u00f3n, por parte de todo el alumnado, independientemente de su g\u00e9nero, de sentimientos, sensaciones, expectativas, miedos, frustraciones,\u2026.<\/li>\n<li>Implicar a las familias en la lucha contra la discriminaci\u00f3n, haci\u00e9ndolas conocedoras de los estereotipos existentes y de la necesidad de combatirlos.<\/li>\n<li>Propiciar una mayor implicaci\u00f3n de las familias en la educaci\u00f3n de sus hijos e hijas.<\/li>\n<li>Analizar y, en su caso, corregir el posible uso sexista del lenguaje por parte del profesorado.<\/li>\n<li>Fomentar la comprensi\u00f3n y aceptaci\u00f3n de los nuevos tipos de familias que existen en la sociedad (monoparentales, homosexuales,\u2026.)<\/li>\n<li>Seleccionar material escolar que trate debidamente la coeducaci\u00f3n y revisar el ya existente, desechando aquel que consideremos no adecuado.<\/li>\n<li>Propiciar el uso compartido de los espacios escolares.<\/li>\n<\/ul>\n<p>Desde este plan, se desarrollan un serie de actuaciones peri\u00f3dicas, que se desarrollan a lo largo de todo el curso, a trav\u00e9s de una temporalizaci\u00f3n, acorde a las ef\u00e9merides m\u00e1s importantes.<\/p>\n<p>Del mismo modo, existe un Responsable del Fomento de Igualdad entre Hombres y Mujeres en el Consejo Escolar.<\/p>\n","protected":false},"excerpt":{"rendered":"<p>Nuestra filosof\u00eda promueve y valora la igualdad entre hombres y mujeres, y fomentamos en nuestro alumnado la igualdad de sexos. La promoci\u00f3n del respeto y la igualdad se encuentran de un modo natural en&#46;&#46;&#46;<\/p>\n","protected":false},"author":2443,"featured_media":0,"parent":0,"menu_order":0,"comment_status":"open","ping_status":"open","template":"","meta":{"ngg_post_thumbnail":0,"footnotes":""},"aioseo_notices":[],"_links":{"self":[{"href":"https:\/\/blogsaverroes.juntadeandalucia.es\/colejuanarmario\/wp-json\/wp\/v2\/pages\/173"}],"collection":[{"href":"https:\/\/blogsaverroes.juntadeandalucia.es\/colejuanarmario\/wp-json\/wp\/v2\/pages"}],"about":[{"href":"https:\/\/blogsaverroes.juntadeandalucia.es\/colejuanarmario\/wp-json\/wp\/v2\/types\/page"}],"author":[{"embeddable":true,"href":"https:\/\/blogsaverroes.juntadeandalucia.es\/colejuanarmario\/wp-json\/wp\/v2\/users\/2443"}],"replies":[{"embeddable":true,"href":"https:\/\/blogsaverroes.juntadeandalucia.es\/colejuanarmario\/wp-json\/wp\/v2\/comments?post=173"}],"version-history":[{"count":3,"href":"https:\/\/blogsaverroes.juntadeandalucia.es\/colejuanarmario\/wp-json\/wp\/v2\/pages\/173\/revisions"}],"predecessor-version":[{"id":179,"href":"https:\/\/blogsaverroes.juntadeandalucia.es\/colejuanarmario\/wp-json\/wp\/v2\/pages\/173\/revisions\/179"}],"wp:attachment":[{"href":"https:\/\/blogsaverroes.juntadeandalucia.es\/colejuanarmario\/wp-json\/wp\/v2\/media?parent=173"}],"curies":[{"name":"wp","href":"https:\/\/api.w.org\/{rel}","templated":true}]}}