{"id":176,"date":"2016-11-25T17:43:53","date_gmt":"2016-11-25T17:43:53","guid":{"rendered":"http:\/\/blogsaverroes.juntadeandalucia.es\/colejuanarmario\/?page_id=176"},"modified":"2016-11-25T17:44:33","modified_gmt":"2016-11-25T17:44:33","slug":"proyecto-escuela-espacio-de-paz","status":"publish","type":"page","link":"https:\/\/blogsaverroes.juntadeandalucia.es\/colejuanarmario\/proyecto-escuela-espacio-de-paz\/","title":{"rendered":"Proyecto Escuela Espacio de Paz."},"content":{"rendered":"<p style=\"text-align: center\"><strong>&#8221; Aprender a Convivir&#8221;<\/strong><\/p>\n<p>La promoci\u00f3n de la paz, resoluci\u00f3n pac\u00edfica de los conflictos y el dialogo son los objetivos principales de nuestras actuaci\u00f3n. La promoci\u00f3n de valores de paz, convivencia y diversidad se encuentran en nuestro d\u00eda\u00a0 a d\u00eda.\u00a0 Somos Centro Promotor de la Convivencia +, reconocido anualmente desde el a\u00f1o 2011 \u00a0y este curso escolar 2015\/16, hemos sido reconocido nuevamente con este galard\u00f3n.<\/p>\n<p>Este proyecto se encuentra integrado de forma transversal en todos los elementos de nuestra pr\u00e1ctica educativa, y que junto al Plan de Convivencia y al Plan de Igualdad, se desarrollan de forma conjunta.<\/p>\n<p style=\"text-align: center\">\u00a0Visita nuestro antiguo blog;<\/p>\n<p style=\"text-align: center\"><strong><a href=\"http:\/\/colearmarioespaciodepaz.blogspot.com.es\/\" target=\"_blank\">PROYECTO ESCUELA ESPACIO DE PAZ. <\/a><\/strong><\/p>\n<p>Durante el curso escolar 2016\/17, hemos modificado el proyecto para trabajar de forma conjunta y bajo la modalidad de Inter-centros, con el IES Sainz de Andino, ya que trabajamos bajo los mismos principios y existe continuidad entre nuestro alumnado.<\/p>\n<p>Los objetivos de nuestro Proyecto, son los siguientes;<\/p>\n<ol>\n<li>Desarrollar valores democr\u00e1ticos, rechazo a la violencia, igualdad entre hombres y mujeres y Cultura de Paz.<\/li>\n<li>Desarrollar todo tipo de actividades encaminadas a la adquisici\u00f3n de habilidades sociales y h\u00e1bitos saludables, en coordinaci\u00f3n con otros programas educativos.<\/li>\n<li>Sensibilizar y fomentar en el trabajo diario de clase, valores de compa\u00f1erismo, respeto, tolerancia y respeto a las normas, como base principal de una adecuada convivencia.<\/li>\n<li>Desarrollar estrategias de mejora para la resoluci\u00f3n de conflictos.<\/li>\n<li>Fomentar valores que apuesten por el intercambio cultural, el conocimiento de las diferentes culturas, el respeto, convivencia y solidaridad, entendiendo la diversidad como un valor social.<\/li>\n<li>Dise\u00f1ar Grupos de Alumnos\/as Mediadores durante los Recreos.<\/li>\n<li>Organizar acciones formativas anuales para el alumnado mediador\/a y para el alumnado de nueva incorporaci\u00f3n a la mediaci\u00f3n.<\/li>\n<li>Desarrollar acciones de coordinaci\u00f3n con el alumnado mediador\/a.<\/li>\n<li>Desarrollar circuitos de Juegos Populares organizados por el propio alumnado durante los recreos.<\/li>\n<li>Difundir el Proyecto a toda la Comunidad Educativa del Centro.<\/li>\n<li>Promover y difundir actividades coordinadas con otros centros educativos, entidades y asociaciones sin \u00e1nimo de lucro.<\/li>\n<li>Promover valores, comportamientos u actitudes adecuadas, c\u00edvicas y respetuosas en el uso de las TIC.<\/li>\n<li>Incrementar en un 5 % la participaci\u00f3n de las familias del 3\u00ba Ciclo en actividades del Centro.<\/li>\n<\/ol>\n<p>&nbsp;<\/p>\n<p>&nbsp;<\/p>\n","protected":false},"excerpt":{"rendered":"<p>&#8221; Aprender a Convivir&#8221; La promoci\u00f3n de la paz, resoluci\u00f3n pac\u00edfica de los conflictos y el dialogo son los objetivos principales de nuestras actuaci\u00f3n. La promoci\u00f3n de valores de paz, convivencia y diversidad se&#46;&#46;&#46;<\/p>\n","protected":false},"author":2443,"featured_media":0,"parent":0,"menu_order":0,"comment_status":"open","ping_status":"open","template":"","meta":{"ngg_post_thumbnail":0,"footnotes":""},"aioseo_notices":[],"_links":{"self":[{"href":"https:\/\/blogsaverroes.juntadeandalucia.es\/colejuanarmario\/wp-json\/wp\/v2\/pages\/176"}],"collection":[{"href":"https:\/\/blogsaverroes.juntadeandalucia.es\/colejuanarmario\/wp-json\/wp\/v2\/pages"}],"about":[{"href":"https:\/\/blogsaverroes.juntadeandalucia.es\/colejuanarmario\/wp-json\/wp\/v2\/types\/page"}],"author":[{"embeddable":true,"href":"https:\/\/blogsaverroes.juntadeandalucia.es\/colejuanarmario\/wp-json\/wp\/v2\/users\/2443"}],"replies":[{"embeddable":true,"href":"https:\/\/blogsaverroes.juntadeandalucia.es\/colejuanarmario\/wp-json\/wp\/v2\/comments?post=176"}],"version-history":[{"count":1,"href":"https:\/\/blogsaverroes.juntadeandalucia.es\/colejuanarmario\/wp-json\/wp\/v2\/pages\/176\/revisions"}],"predecessor-version":[{"id":177,"href":"https:\/\/blogsaverroes.juntadeandalucia.es\/colejuanarmario\/wp-json\/wp\/v2\/pages\/176\/revisions\/177"}],"wp:attachment":[{"href":"https:\/\/blogsaverroes.juntadeandalucia.es\/colejuanarmario\/wp-json\/wp\/v2\/media?parent=176"}],"curies":[{"name":"wp","href":"https:\/\/api.w.org\/{rel}","templated":true}]}}