{"id":185,"date":"2016-11-25T17:55:52","date_gmt":"2016-11-25T17:55:52","guid":{"rendered":"http:\/\/blogsaverroes.juntadeandalucia.es\/colejuanarmario\/?page_id=185"},"modified":"2016-11-25T17:55:52","modified_gmt":"2016-11-25T17:55:52","slug":"proyectos-linguisticos","status":"publish","type":"page","link":"https:\/\/blogsaverroes.juntadeandalucia.es\/colejuanarmario\/proyectos-linguisticos\/","title":{"rendered":"Proyectos Ling\u00fc\u00edsticos"},"content":{"rendered":"<p>La promoci\u00f3n de lectura y el uso de la Biblioteca Escolar son aspectos fundamentales de nuestra programaci\u00f3n escolar. Desarrollamos numerosas actividades del fomento de la lectura, como animaciones, lecturas diarias, talleres de literatura, y dem\u00e1s, complementados con el uso de la biblioteca escolar, tanto en horario escolar, como extraescolar, y abiertas a las familias. Pod\u00e9is solicitar vuestro carnet de la biblioteca y disfrutar de todos los libros que tenemos. En la actualidad, los objetivos de estos programas son;<\/p>\n<ol>\n<li>Desarrollar en el alumnado las competencias, habilidades y estrategias que les permitan convertirse en lectores capaces de comprender, interpretar y manejar textos en formatos y soportes diversos.<\/li>\n<li>Mejorar el desarrollo de las pr\u00e1cticas de lectura y potenciar la mejora de la competencia lectora desde todas las \u00e1reas, materias y, en su caso, \u00e1mbitos del curr\u00edculo, teniendo en cuenta las especificidades de cada una de ellas.<\/li>\n<li>Contribuir a la sistematizaci\u00f3n y coherencia de las pr\u00e1cticas profesionales que, en relaci\u00f3n con la lectura y la escritura, se desarrollan en los centros docentes, as\u00ed como favorecer su integraci\u00f3n en el proceso de ense\u00f1anza-aprendizaje de las diferentes \u00e1reas y materias del curr\u00edculo<\/li>\n<li>Favorecer que el desarrollo de la competencia lectora se convierta en elemento prioritario y asunto colectivo de los centros docentes, del profesorado, del alumnado, de las familias y de la comunidad.<\/li>\n<li>Potenciar la actualizaci\u00f3n y la formaci\u00f3n del profesorado para que contribuyan, de manera relevante, al mejor desarrollo de la competencia lectora y del h\u00e1bito lector en el alumnado.<\/li>\n<li>Potenciar la utilizaci\u00f3n de las bibliotecas escolares para promover actuaciones relativas al fomento de la lectura en colaboraci\u00f3n con los Equipos de Coordinaci\u00f3n Pedag\u00f3gica de los centros.<\/li>\n<\/ol>\n<p>En la actualidad se desarrollan un conjunto de proyectos relacionados con el fomento de la lectura y el uso de la biblioteca escolar, entre los que encontramos;<\/p>\n<p>&#8211; Proyecto Familias Lectoras.<\/p>\n<p>&#8211; Proyecto Creatividad.<\/p>\n<p>&#8211; Proyecto ComunicaAcci\u00f3n; Peri\u00f3dico Digital.<\/p>\n<p>&nbsp;<\/p>\n<p>&nbsp;<\/p>\n","protected":false},"excerpt":{"rendered":"<p>La promoci\u00f3n de lectura y el uso de la Biblioteca Escolar son aspectos fundamentales de nuestra programaci\u00f3n escolar. Desarrollamos numerosas actividades del fomento de la lectura, como animaciones, lecturas diarias, talleres de literatura, y&#46;&#46;&#46;<\/p>\n","protected":false},"author":2443,"featured_media":0,"parent":0,"menu_order":0,"comment_status":"open","ping_status":"open","template":"","meta":{"ngg_post_thumbnail":0,"footnotes":""},"aioseo_notices":[],"_links":{"self":[{"href":"https:\/\/blogsaverroes.juntadeandalucia.es\/colejuanarmario\/wp-json\/wp\/v2\/pages\/185"}],"collection":[{"href":"https:\/\/blogsaverroes.juntadeandalucia.es\/colejuanarmario\/wp-json\/wp\/v2\/pages"}],"about":[{"href":"https:\/\/blogsaverroes.juntadeandalucia.es\/colejuanarmario\/wp-json\/wp\/v2\/types\/page"}],"author":[{"embeddable":true,"href":"https:\/\/blogsaverroes.juntadeandalucia.es\/colejuanarmario\/wp-json\/wp\/v2\/users\/2443"}],"replies":[{"embeddable":true,"href":"https:\/\/blogsaverroes.juntadeandalucia.es\/colejuanarmario\/wp-json\/wp\/v2\/comments?post=185"}],"version-history":[{"count":1,"href":"https:\/\/blogsaverroes.juntadeandalucia.es\/colejuanarmario\/wp-json\/wp\/v2\/pages\/185\/revisions"}],"predecessor-version":[{"id":186,"href":"https:\/\/blogsaverroes.juntadeandalucia.es\/colejuanarmario\/wp-json\/wp\/v2\/pages\/185\/revisions\/186"}],"wp:attachment":[{"href":"https:\/\/blogsaverroes.juntadeandalucia.es\/colejuanarmario\/wp-json\/wp\/v2\/media?parent=185"}],"curies":[{"name":"wp","href":"https:\/\/api.w.org\/{rel}","templated":true}]}}