{"id":198,"date":"2016-11-25T18:18:28","date_gmt":"2016-11-25T18:18:28","guid":{"rendered":"http:\/\/blogsaverroes.juntadeandalucia.es\/colejuanarmario\/?page_id=198"},"modified":"2016-11-25T18:47:55","modified_gmt":"2016-11-25T18:47:55","slug":"escuela-tic-2-0","status":"publish","type":"page","link":"https:\/\/blogsaverroes.juntadeandalucia.es\/colejuanarmario\/escuela-tic-2-0\/","title":{"rendered":"Escuela TIC 2.0"},"content":{"rendered":"<p>&nbsp;<\/p>\n<p>El Plan Escuela TIC 2.0 es un proyecto que la Consejer\u00eda de Educaci\u00f3n pone en marcha, en colaboraci\u00f3n con el Ministerio de Educaci\u00f3n, para reforzar la integraci\u00f3n de las Tecnolog\u00edas de la Informaci\u00f3n, de la Comunicaci\u00f3n y del Conocimiento en los centros educativos andaluces y para la mejora de la educaci\u00f3n en Andaluc\u00eda.<\/p>\n<p>Nuestro centro entiende que debe incluir las TIC en todos los procesos educativos, y \u00e9stos mejoran cuando cuentan con la colaboraci\u00f3n directa de las familias. As\u00ed, las familias se convierten en un pilar b\u00e1sico para la Escuela TIC 2.0.<\/p>\n<p>&nbsp;<\/p>\n<p>La necesaria relaci\u00f3n familia-escuela cobra, por tanto, un especial protagonismo que se plasma, a partir de ahora, en un compromiso digital que promueve una ciudadan\u00eda digital responsable.<\/p>\n<p>Los recursos\u00a0con los que se ha dotado a\u00a0 nuestro centro son:<\/p>\n<ol>\n<li>Ordenadores port\u00e1tiles para el alumnado de 5\u00ba y 6\u00ba de Educaci\u00f3n Primaria<\/li>\n<li>Instalaci\u00f3n de pizarras digitales en todas las aulas.<\/li>\n<li>Conexi\u00f3n inal\u00e1mbrica en todas las aulas.<\/li>\n<li>Dotaci\u00f3n de ordenadores port\u00e1tiles para uso del profesorado.<\/li>\n<\/ol>\n<p style=\"text-align: left\">\u00a0\u00a0\u00a0\u00a0\u00a0\u00a0 A pesar de los recortes econ\u00f3micos que se est\u00e1n realizando en educaci\u00f3n y la eliminaci\u00f3n de recursos como los port\u00e1tiles individuales\u00a0 para el alumnado de Tercer ciclo de primaria, intentaremos seguir desarrollando en la medida de lo posible nuestros compromisos que en materia de NNTT vienen reflejado en nuestro Proyecto de Centro.<\/p>\n<p>Las nuevas Tecnolog\u00edas de la Informaci\u00f3n y la Comunicaci\u00f3n (TICs) no abarcan solo al uso de los port\u00e1tiles o las pizarras digitales, sino que son un amplio espectro de recursos virtuales , de aplicaciones , actitudes y usos cotidianos que llegan a todas las capas de la sociedad.<\/p>\n<p>En nuestro contexto educativo,\u00a0 se trata de no dejar que el alumnado utilice y use las Tics.<\/p>\n<p>Las NNTT son unos recursos y unas herramientas que pueden contribuir de una manera muy positiva a la educaci\u00f3n y el aprendizaje de nuestros alumnos, pero si este uso no est\u00e1 reconducido y guiado, puede convertirse en un elemento de distorsi\u00f3n e interferir en su desarrollo.<\/p>\n<p>Los objetivos del Proyecto son;<\/p>\n<ol>\n<li>Incorporar en nuestro centro las tecnolog\u00edas de la informaci\u00f3n y la comunicaci\u00f3n para adaptarnos de una manera real y pr\u00e1ctica a lo que la sociedad espera de nosotros, siendo motor y promotor del avance de la misma.<\/li>\n<\/ol>\n<ol start=\"2\">\n<li>Promover, mediante nuestra formaci\u00f3n y actualizaci\u00f3n continua en las nuevas tecnolog\u00edas, un cambio metodol\u00f3gico que nos lleve a mejorar la calidad de nuestra labor docente.<\/li>\n<\/ol>\n<ol start=\"3\">\n<li>Potenciar la formaci\u00f3n integral de nuestros alumnos.<\/li>\n<\/ol>\n<ol start=\"4\">\n<li>Minimizar, en la medida de lo posible y desde el punto de vista socio-educativo, las posibles desigualdades que se puedan dar entre nuestro alumnado.<\/li>\n<\/ol>\n<ol start=\"5\">\n<li>Mejorar la atenci\u00f3n a la diversidad (alumnos con N.E.E., multiculturalidad,&#8230;).<\/li>\n<\/ol>\n<ol start=\"6\">\n<li>Formar a nuestros alumnos en el uso de las TIC y capacitarlos para: buscar informaci\u00f3n, seleccionarla de forma cr\u00edtica y transformar esa informaci\u00f3n en conocimiento.<\/li>\n<\/ol>\n<ol start=\"7\">\n<li>Fomentar el trabajo colaborativo.<\/li>\n<\/ol>\n<ol start=\"8\">\n<li>Formar alumnos m\u00e1s protagonistas, m\u00e1s independientes, m\u00e1s responsables, m\u00e1s tolerantes y m\u00e1s capacitados.<\/li>\n<\/ol>\n<ol start=\"9\">\n<li>Posibilitar y promover la transici\u00f3n del uso del software comercial al software de c\u00f3digo abierto en toda la comunidad escolar.<\/li>\n<\/ol>\n<ol start=\"10\">\n<li>Promover y fomentar la creaci\u00f3n y elaboraci\u00f3n de nuevos materiales y programas compatibles con el software de c\u00f3digo abierto por parte del profesorado de este Centro.<\/li>\n<\/ol>\n<ol start=\"11\">\n<li>Impulsar e intercambiar experiencias educativas de organizaci\u00f3n y funcionamiento flexibles para el uso de las TIC con otros Centros.<\/li>\n<\/ol>\n<ol start=\"12\">\n<li>Implicar de manera activa en este Proyecto a toda la Comunidad Educativa y de otros \u00e1mbitos de nuestro pueblo<b>.<\/b><\/li>\n<\/ol>\n<p>&nbsp;<\/p>\n","protected":false},"excerpt":{"rendered":"<p>&nbsp; El Plan Escuela TIC 2.0 es un proyecto que la Consejer\u00eda de Educaci\u00f3n pone en marcha, en colaboraci\u00f3n con el Ministerio de Educaci\u00f3n, para reforzar la integraci\u00f3n de las Tecnolog\u00edas de la Informaci\u00f3n,&#46;&#46;&#46;<\/p>\n","protected":false},"author":2443,"featured_media":0,"parent":0,"menu_order":0,"comment_status":"open","ping_status":"open","template":"","meta":{"ngg_post_thumbnail":0,"footnotes":""},"aioseo_notices":[],"_links":{"self":[{"href":"https:\/\/blogsaverroes.juntadeandalucia.es\/colejuanarmario\/wp-json\/wp\/v2\/pages\/198"}],"collection":[{"href":"https:\/\/blogsaverroes.juntadeandalucia.es\/colejuanarmario\/wp-json\/wp\/v2\/pages"}],"about":[{"href":"https:\/\/blogsaverroes.juntadeandalucia.es\/colejuanarmario\/wp-json\/wp\/v2\/types\/page"}],"author":[{"embeddable":true,"href":"https:\/\/blogsaverroes.juntadeandalucia.es\/colejuanarmario\/wp-json\/wp\/v2\/users\/2443"}],"replies":[{"embeddable":true,"href":"https:\/\/blogsaverroes.juntadeandalucia.es\/colejuanarmario\/wp-json\/wp\/v2\/comments?post=198"}],"version-history":[{"count":3,"href":"https:\/\/blogsaverroes.juntadeandalucia.es\/colejuanarmario\/wp-json\/wp\/v2\/pages\/198\/revisions"}],"predecessor-version":[{"id":224,"href":"https:\/\/blogsaverroes.juntadeandalucia.es\/colejuanarmario\/wp-json\/wp\/v2\/pages\/198\/revisions\/224"}],"wp:attachment":[{"href":"https:\/\/blogsaverroes.juntadeandalucia.es\/colejuanarmario\/wp-json\/wp\/v2\/media?parent=198"}],"curies":[{"name":"wp","href":"https:\/\/api.w.org\/{rel}","templated":true}]}}