{"id":219,"date":"2016-11-25T18:37:46","date_gmt":"2016-11-25T18:37:46","guid":{"rendered":"http:\/\/blogsaverroes.juntadeandalucia.es\/colejuanarmario\/?page_id=219"},"modified":"2016-11-25T18:37:46","modified_gmt":"2016-11-25T18:37:46","slug":"proa-programa-de-acompanamiento-escolar","status":"publish","type":"page","link":"https:\/\/blogsaverroes.juntadeandalucia.es\/colejuanarmario\/proa-programa-de-acompanamiento-escolar\/","title":{"rendered":"PROA; Programa de Acompa\u00f1amiento Escolar."},"content":{"rendered":"<p>Se trata de un Proyecto financiado por la Uni\u00f3n Europea y la Junta de Andaluc\u00eda, donde los alumnos\/as desde 3\u00ba a 6\u00ba de Educaci\u00f3n Primaria, reciben clases de apoyo y refuerzo educativo en horario extra-escolar.<\/p>\n<p>Se realiza de Lunes a Jueves de 16.00 \u2013 18.00 horas.<\/p>\n<p>Son impartidas por profesorado del Centro y mentores cualificados con titulaci\u00f3n en magisterio.<\/p>\n<p>El objetivo de este programa es compensar las dificultades de aprendizaje que tiene el alumnado, favorecer h\u00e1bitos de estudios y trabajo y contribuir a su m\u00e1ximo desarrollo.<\/p>\n<p>Cada grupo, tienen como m\u00e1ximo 10 alumnos\/as, para proporcionar una atenci\u00f3n personalizada.<\/p>\n<p>Son clases <strong>GRATUITAS.<\/strong><\/p>\n<p>Para m\u00e1s informaci\u00f3n pasen por la Secretaria del Centro en el horario de atenci\u00f3n a las familias.<\/p>\n","protected":false},"excerpt":{"rendered":"<p>Se trata de un Proyecto financiado por la Uni\u00f3n Europea y la Junta de Andaluc\u00eda, donde los alumnos\/as desde 3\u00ba a 6\u00ba de Educaci\u00f3n Primaria, reciben clases de apoyo y refuerzo educativo en horario&#46;&#46;&#46;<\/p>\n","protected":false},"author":2443,"featured_media":0,"parent":0,"menu_order":0,"comment_status":"open","ping_status":"open","template":"","meta":{"ngg_post_thumbnail":0,"footnotes":""},"aioseo_notices":[],"_links":{"self":[{"href":"https:\/\/blogsaverroes.juntadeandalucia.es\/colejuanarmario\/wp-json\/wp\/v2\/pages\/219"}],"collection":[{"href":"https:\/\/blogsaverroes.juntadeandalucia.es\/colejuanarmario\/wp-json\/wp\/v2\/pages"}],"about":[{"href":"https:\/\/blogsaverroes.juntadeandalucia.es\/colejuanarmario\/wp-json\/wp\/v2\/types\/page"}],"author":[{"embeddable":true,"href":"https:\/\/blogsaverroes.juntadeandalucia.es\/colejuanarmario\/wp-json\/wp\/v2\/users\/2443"}],"replies":[{"embeddable":true,"href":"https:\/\/blogsaverroes.juntadeandalucia.es\/colejuanarmario\/wp-json\/wp\/v2\/comments?post=219"}],"version-history":[{"count":1,"href":"https:\/\/blogsaverroes.juntadeandalucia.es\/colejuanarmario\/wp-json\/wp\/v2\/pages\/219\/revisions"}],"predecessor-version":[{"id":220,"href":"https:\/\/blogsaverroes.juntadeandalucia.es\/colejuanarmario\/wp-json\/wp\/v2\/pages\/219\/revisions\/220"}],"wp:attachment":[{"href":"https:\/\/blogsaverroes.juntadeandalucia.es\/colejuanarmario\/wp-json\/wp\/v2\/media?parent=219"}],"curies":[{"name":"wp","href":"https:\/\/api.w.org\/{rel}","templated":true}]}}