{"id":242,"date":"2016-11-25T21:39:37","date_gmt":"2016-11-25T21:39:37","guid":{"rendered":"http:\/\/blogsaverroes.juntadeandalucia.es\/colejuanarmario\/?page_id=242"},"modified":"2016-11-25T21:39:37","modified_gmt":"2016-11-25T21:39:37","slug":"que-es-el-eramus","status":"publish","type":"page","link":"https:\/\/blogsaverroes.juntadeandalucia.es\/colejuanarmario\/que-es-el-eramus\/","title":{"rendered":"\u00bf Qu\u00e9 es el Eramus +?"},"content":{"rendered":"<p>Los Programas Eramus + son el conjunto de acciones formativas y de aprendizaje para estudiantes universitarios, docentes de centros educativos de educaci\u00f3n infantil, primaria y secundaria, para personas adultas y profesionales de distintas entidades y administraciones de toda Europa.<\/p>\n<div>\n<p>Para los Centros Educativos, el Programa Eramus + \u00a0tiene como objetivo mejorar la calidad de la ense\u00f1anza en los centros de toda Europa.<\/p>\n<\/div>\n<div>\n<p>En este sentido, ofrece a los docentes oportunidades de <b>Movilidad para el Aprendizaje,<\/b> con el objetivo de ampliar y mejorar su desarrollo profesional, adem\u00e1s de posibilitar la colaboraci\u00f3n, cooperaci\u00f3n y coordinaci\u00f3n de procesos de aprendizaje con otros docentes de centros educativos europeos, con el objeto de formar una <b>Asociaci\u00f3n Estrat\u00e9gica de Aprendizaje<\/b>, con el intercambio de buenas pr\u00e1cticas y criterios de innovaci\u00f3n para abordar retos comunes.<\/p>\n<\/div>\n<div>\n<p>En nuestro Centro, el <b>CEIP Juan Armario<\/b>, vamos a desarrollar un P<b>rograma Eramus + de Movilidad para el Aprendizaje,<\/b> d\u00f3nde nuestros docentes viajaran a centros educativos de Europa, para realizar cursos de formaci\u00f3n relacionados con la innovaci\u00f3n educativa y el aprendizaje de nuevos m\u00e9todos de ense\u00f1anza en el aula, \u00a0y visitas a aulas y centros educativos de pa\u00edses europeos, como <b>Finlandia, Italia e Irlanda.\u00a0<\/b><\/p>\n<\/div>\n<div>\n<p>El Proyecto Eramus + \u00a0de nuestro cole se denomina <b>&#8221; Nuevos Enfoques Metodol\u00f3gicos e Innovaci\u00f3n Educativa Europea en el CEIP Juan Armario&#8221;, y se\u00a0desatollar\u00e1\u00a0durante los cursos escolar 2016\/17 y 2017\/18,\u00a0con una duraci\u00f3n de dos a\u00f1os.\u00a0<\/b><\/p>\n<\/div>\n","protected":false},"excerpt":{"rendered":"<p>Los Programas Eramus + son el conjunto de acciones formativas y de aprendizaje para estudiantes universitarios, docentes de centros educativos de educaci\u00f3n infantil, primaria y secundaria, para personas adultas y profesionales de distintas entidades&#46;&#46;&#46;<\/p>\n","protected":false},"author":2443,"featured_media":0,"parent":0,"menu_order":0,"comment_status":"open","ping_status":"open","template":"","meta":{"ngg_post_thumbnail":0,"footnotes":""},"aioseo_notices":[],"_links":{"self":[{"href":"https:\/\/blogsaverroes.juntadeandalucia.es\/colejuanarmario\/wp-json\/wp\/v2\/pages\/242"}],"collection":[{"href":"https:\/\/blogsaverroes.juntadeandalucia.es\/colejuanarmario\/wp-json\/wp\/v2\/pages"}],"about":[{"href":"https:\/\/blogsaverroes.juntadeandalucia.es\/colejuanarmario\/wp-json\/wp\/v2\/types\/page"}],"author":[{"embeddable":true,"href":"https:\/\/blogsaverroes.juntadeandalucia.es\/colejuanarmario\/wp-json\/wp\/v2\/users\/2443"}],"replies":[{"embeddable":true,"href":"https:\/\/blogsaverroes.juntadeandalucia.es\/colejuanarmario\/wp-json\/wp\/v2\/comments?post=242"}],"version-history":[{"count":1,"href":"https:\/\/blogsaverroes.juntadeandalucia.es\/colejuanarmario\/wp-json\/wp\/v2\/pages\/242\/revisions"}],"predecessor-version":[{"id":243,"href":"https:\/\/blogsaverroes.juntadeandalucia.es\/colejuanarmario\/wp-json\/wp\/v2\/pages\/242\/revisions\/243"}],"wp:attachment":[{"href":"https:\/\/blogsaverroes.juntadeandalucia.es\/colejuanarmario\/wp-json\/wp\/v2\/media?parent=242"}],"curies":[{"name":"wp","href":"https:\/\/api.w.org\/{rel}","templated":true}]}}