{"id":7720,"date":"2019-11-18T09:10:14","date_gmt":"2019-11-18T09:10:14","guid":{"rendered":"http:\/\/blogsaverroes.juntadeandalucia.es\/colejuanarmario\/?page_id=7720"},"modified":"2022-11-23T12:35:38","modified_gmt":"2022-11-23T12:35:38","slug":"plan-de-centro","status":"publish","type":"page","link":"https:\/\/blogsaverroes.juntadeandalucia.es\/colejuanarmario\/plan-de-centro\/","title":{"rendered":"Plan de Centro."},"content":{"rendered":"<p>Estimadas Familias,&nbsp;<\/p>\n<p>Acorde a lo establecido en el Decreto 328\/2010, sobre la organizaci\u00f3n y funcionamiento de los Centros, as\u00ed como la Ley de Educaci\u00f3n en Andaluc\u00eda, los Planes de Centros de todos los centros educativos sostenidos con fondos p\u00fablicos, deben ser p\u00fablicos.<\/p>\n<p>Por ello, aqu\u00ed os dejamos nuestro Plan de Centro, que iremos actualizando acorde a las mejoras establecidas anualmente y a los cambios normativos producidos.<\/p>\n<p style=\"text-align: center\"><a href=\"https:\/\/drive.google.com\/file\/d\/15Youi5swtbo_AZs324ERDPD0EP-x3Gik\/view?usp=share_link\">Plan de Centro 2022.23<\/a><\/p>\n","protected":false},"excerpt":{"rendered":"<p>Estimadas Familias,&nbsp; Acorde a lo establecido en el Decreto 328\/2010, sobre la organizaci\u00f3n y funcionamiento de los Centros, as\u00ed como la Ley de Educaci\u00f3n en Andaluc\u00eda, los Planes de Centros de todos los centros&#46;&#46;&#46;<\/p>\n","protected":false},"author":2443,"featured_media":0,"parent":0,"menu_order":0,"comment_status":"closed","ping_status":"closed","template":"","meta":{"ngg_post_thumbnail":0,"footnotes":""},"aioseo_notices":[],"_links":{"self":[{"href":"https:\/\/blogsaverroes.juntadeandalucia.es\/colejuanarmario\/wp-json\/wp\/v2\/pages\/7720"}],"collection":[{"href":"https:\/\/blogsaverroes.juntadeandalucia.es\/colejuanarmario\/wp-json\/wp\/v2\/pages"}],"about":[{"href":"https:\/\/blogsaverroes.juntadeandalucia.es\/colejuanarmario\/wp-json\/wp\/v2\/types\/page"}],"author":[{"embeddable":true,"href":"https:\/\/blogsaverroes.juntadeandalucia.es\/colejuanarmario\/wp-json\/wp\/v2\/users\/2443"}],"replies":[{"embeddable":true,"href":"https:\/\/blogsaverroes.juntadeandalucia.es\/colejuanarmario\/wp-json\/wp\/v2\/comments?post=7720"}],"version-history":[{"count":6,"href":"https:\/\/blogsaverroes.juntadeandalucia.es\/colejuanarmario\/wp-json\/wp\/v2\/pages\/7720\/revisions"}],"predecessor-version":[{"id":15691,"href":"https:\/\/blogsaverroes.juntadeandalucia.es\/colejuanarmario\/wp-json\/wp\/v2\/pages\/7720\/revisions\/15691"}],"wp:attachment":[{"href":"https:\/\/blogsaverroes.juntadeandalucia.es\/colejuanarmario\/wp-json\/wp\/v2\/media?parent=7720"}],"curies":[{"name":"wp","href":"https:\/\/api.w.org\/{rel}","templated":true}]}}