{"id":8668,"date":"2021-01-22T09:23:25","date_gmt":"2021-01-22T09:23:25","guid":{"rendered":"http:\/\/blogsaverroes.juntadeandalucia.es\/colejuanarmario\/?page_id=8668"},"modified":"2021-01-22T09:23:25","modified_gmt":"2021-01-22T09:23:25","slug":"fases-del-proyecto-cda","status":"publish","type":"page","link":"https:\/\/blogsaverroes.juntadeandalucia.es\/colejuanarmario\/fases-del-proyecto-cda\/","title":{"rendered":"Fases del Proyecto CdA."},"content":{"rendered":"<p>El proceso de transformaci\u00f3n social y educativa del Centro requieren de una serie de fases que permiten la implementaci\u00f3n del Proyecto. Vamos a continuaci\u00f3n las caracter\u00edsticas esenciales de una de estas fases en el proceso de implementaci\u00f3n del Proyecto.<\/p>\n<ul>\n<li><strong>Fase de Sensibilizaci<\/strong><strong>\u00f3n<\/strong><\/li>\n<\/ul>\n<p>Fase destinada a tomar contacto con las caracter\u00edsticas de un Centro Comunidad de Aprendizaje, sus caracter\u00edsticas, modelo organizativo, bases cient\u00edficas en las que se sustenta una Comunidad de Aprendizaje y como se implementa. Esta fase de sensibilizaci\u00f3n se centra en la formaci\u00f3n del profesorado, para valorar de forma razonada y argumentada la participaci\u00f3n e implicaci\u00f3n en este proyecto. En esta fase se han desarrollado las siguientes acciones formativas;<\/p>\n<ul>\n<li><strong>Curso de Introducci\u00f3n a las Comunidades de Aprendizaje,<\/strong> impartido por el Aula Virtual de Formaci\u00f3n del Profesorado de la Consejer\u00eda de Educaci\u00f3n. 40 horas formaci\u00f3n. Octubre-Diciembre 2019. Aproximarse a la formaci\u00f3n de sensibilizaci\u00f3n.<\/li>\n<li><strong>Curso de Fase de Sensibilizaci\u00f3n a las Comunidades de Aprendizaje en el CEIP Juan Armario.<\/strong> Organizado por el CEP de Algeciras-La L\u00ednea. 30 horas de formaci\u00f3n. 100 % del Claustro del profesorado, contando con la participaci\u00f3n del Personal no docente del Centro y Familias. Noviembre-Enero 2020.<\/li>\n<li><strong>Programa Formativo; Escuelas Mentora y Tel\u00e9maco. <\/strong>El centro participa en esta modalidad formativa donde hemos ido a visitar el CEIP Albaic\u00edn, de Sanl\u00facar de Barrameda (C\u00e1diz) ya que es un centro con experiencia en Comunidades de Aprendizaje, y poder visitar in situ experiencias educativas de \u00e9xito y la organizaci\u00f3n y funcionamiento del Centro. (Febrero 2020).<\/li>\n<\/ul>\n<p>&nbsp;<\/p>\n<ul>\n<li><strong>Fase de Toma de decisiones:<\/strong><\/li>\n<\/ul>\n<p>Durante esta fase se produce el an\u00e1lisis, reflexi\u00f3n y propuesta de participaci\u00f3n e implicaci\u00f3n en el desarrollo del proyecto. Se realiza un debate y un consenso para iniciar el proceso de transformaci\u00f3n. La primera toma de decisi\u00f3n se celebr\u00f3 en Junio de 2019, donde el Claustro decidi\u00f3 participar en la formaci\u00f3n espec\u00edfica de la fase de sensibilizaci\u00f3n, y se ratific\u00f3 esta decisi\u00f3n formativa en sesi\u00f3n de claustro, con los nuevos componentes llegados al Centro, en Septiembre de 2019. Tras esta formaci\u00f3n, el Claustro de Profesorado decidi\u00f3 por unanimidad la adscripci\u00f3n a Comunidades de Aprendizaje en sesi\u00f3n de claustro el d\u00eda 27 de Enero de 2020. Esta decisi\u00f3n de Claustro, fue ratificada y aprobada en el seno del Consejo Escolar el mismo d\u00eda citado anteriormente.&nbsp; A partir de aqu\u00ed, comienza el proceso de difusi\u00f3n, transformaci\u00f3n y continuidad de los nuevos cambios organizativos y educativos iniciados durante la fase de sensibilizaci\u00f3n.<\/p>\n<ul>\n<li><strong>Fase del Sue\u00f1o.<\/strong><\/li>\n<\/ul>\n<p>Esta fase est\u00e1 encaminada a responder a la siguiente cuesti\u00f3n, \u00bfQu\u00e9 escuela queremos?. Se trata de analizar, debatir y consensuar el modelo de colegio que queremos, los sue\u00f1os que queremos alcanzar todos los miembros de la Comunidad Educativa, donde familias, alumnado, profesorado, voluntariado y entidades colaboradoras desean lograr para el cambio de nuestro Centro.&nbsp;<\/p>\n<ul>\n<li><strong>Fase de Prioridades.<\/strong><\/li>\n<\/ul>\n<p>Esta fase est\u00e1 encaminada a priorizar los sue\u00f1os, y por ello, hemos dise\u00f1ado la Comisi\u00f3n Mixta de Sue\u00f1os, encargada de recoger los sue\u00f1os y gestionar el proceso de an\u00e1lisis y consenso para que puedan hacerse realidad. Esta fase se desarrollar\u00e1 en dos fases, en Junio de 2020 y en Septiembre-Octubre de 2020.<\/p>\n<ul>\n<li><strong>Fase de planificaci\u00f3n. <\/strong><\/li>\n<\/ul>\n<p>Esta fase est\u00e1 destinada a organizar y planificar las diferentes actuaciones para comenzar la aventura. Una vez establecidas prioridades y a d\u00f3nde queremos llegar, tras las aprobaci\u00f3n del proyecto, se elabora el plan de transformaci\u00f3n e implementaci\u00f3n de actuaciones de \u00e9xito que permitan la integraci\u00f3n del Proyecto en nuestra escuela.&nbsp; Este proceso se realiza a trav\u00e9s de las diferentes comisiones y con la participaci\u00f3n de todos y todas.<\/p>\n","protected":false},"excerpt":{"rendered":"<p>El proceso de transformaci\u00f3n social y educativa del Centro requieren de una serie de fases que permiten la implementaci\u00f3n del Proyecto. Vamos a continuaci\u00f3n las caracter\u00edsticas esenciales de una de estas fases en el&#46;&#46;&#46;<\/p>\n","protected":false},"author":2443,"featured_media":0,"parent":0,"menu_order":0,"comment_status":"closed","ping_status":"closed","template":"","meta":{"ngg_post_thumbnail":0,"footnotes":""},"aioseo_notices":[],"_links":{"self":[{"href":"https:\/\/blogsaverroes.juntadeandalucia.es\/colejuanarmario\/wp-json\/wp\/v2\/pages\/8668"}],"collection":[{"href":"https:\/\/blogsaverroes.juntadeandalucia.es\/colejuanarmario\/wp-json\/wp\/v2\/pages"}],"about":[{"href":"https:\/\/blogsaverroes.juntadeandalucia.es\/colejuanarmario\/wp-json\/wp\/v2\/types\/page"}],"author":[{"embeddable":true,"href":"https:\/\/blogsaverroes.juntadeandalucia.es\/colejuanarmario\/wp-json\/wp\/v2\/users\/2443"}],"replies":[{"embeddable":true,"href":"https:\/\/blogsaverroes.juntadeandalucia.es\/colejuanarmario\/wp-json\/wp\/v2\/comments?post=8668"}],"version-history":[{"count":1,"href":"https:\/\/blogsaverroes.juntadeandalucia.es\/colejuanarmario\/wp-json\/wp\/v2\/pages\/8668\/revisions"}],"predecessor-version":[{"id":8669,"href":"https:\/\/blogsaverroes.juntadeandalucia.es\/colejuanarmario\/wp-json\/wp\/v2\/pages\/8668\/revisions\/8669"}],"wp:attachment":[{"href":"https:\/\/blogsaverroes.juntadeandalucia.es\/colejuanarmario\/wp-json\/wp\/v2\/media?parent=8668"}],"curies":[{"name":"wp","href":"https:\/\/api.w.org\/{rel}","templated":true}]}}