{"id":2268,"date":"2020-10-10T14:04:02","date_gmt":"2020-10-10T14:04:02","guid":{"rendered":"https:\/\/blogsaverroes.juntadeandalucia.es\/colelamercedjerez\/?page_id=2268"},"modified":"2020-10-10T15:57:55","modified_gmt":"2020-10-10T15:57:55","slug":"ensenanzas","status":"publish","type":"page","link":"https:\/\/blogsaverroes.juntadeandalucia.es\/colelamercedjerez\/ensenanzas\/","title":{"rendered":"Ense\u00f1anzas"},"content":{"rendered":"<div class=\"CjVfdc CJIdie\">El centro imparte tres etapas de formaci\u00f3n:<\/div>\n<div>\n<ul>\n<li class=\"CjVfdc\"><a title=\"Educaci\u00f3n Infantil\" href=\"https:\/\/blogsaverroes.juntadeandalucia.es\/colelamercedjerez\/educacion-infantil-2\/\">EDUCACI\u00d3N INFANTIL ESPECIAL<\/a><\/li>\n<\/ul>\n<p>De los 3 a los 6 a\u00f1os.<\/p>\n<div>\n<ul>\n<li class=\"CjVfdc\"><a title=\"FORMACI\u00d3N B\u00c1SICA OBLIGATORIA\" href=\"https:\/\/blogsaverroes.juntadeandalucia.es\/colelamercedjerez\/formacion-basica-obligatoria\/\">FORMACI\u00d3N B\u00c1SICA OBLIGATORIA (FBO)<\/a><\/li>\n<\/ul>\n<p id=\"h.p_g-byjKnBjYPo\" class=\"CDt4Ke zfr3Q\">De los 6 a los 16 a\u00f1os, dividido en tres ciclos:<\/p>\n<p id=\"h.p_pyjVgm_cklp3\" class=\"CDt4Ke zfr3Q\">1er ciclo: De 6 a 10 a\u00f1os<\/p>\n<p id=\"h.p_P-aIbTM-kn0f\" class=\"CDt4Ke zfr3Q\">2\u00ba ciclo: De 10 a 13 a\u00f1os<\/p>\n<p id=\"h.p_66gWR8qwkpcy\" class=\"CDt4Ke zfr3Q\">3er ciclo: De 13 a 16 a\u00f1os<\/p>\n<ul>\n<li class=\"CjVfdc\"><a title=\"PROGRAMAS DE TRANSICION A LA VIDA ADULTA Y LABORAL\" href=\"https:\/\/blogsaverroes.juntadeandalucia.es\/colelamercedjerez\/programas-de-transicion-a-la-vida-adulta-y-laboral\/\">PROGRAMA DE TRANSICI\u00d3N A LA VIDA ADULTA Y LABORAL (PTVAL)<\/a><\/li>\n<\/ul>\n<p>Pueden acceder a partir de los 16 a\u00f1os, permaneciendo un m\u00e1ximo de cuatro cursos escolares.<\/p>\n<p id=\"h.p_wCTftDuEk0gz\" class=\"CDt4Ke zfr3Q\">&nbsp;<\/p>\n<\/div>\n<\/div>\n","protected":false},"excerpt":{"rendered":"<p>El centro imparte tres etapas de formaci\u00f3n: EDUCACI\u00d3N INFANTIL ESPECIAL De los 3 a los 6 a\u00f1os. FORMACI\u00d3N B\u00c1SICA OBLIGATORIA (FBO) De los 6 a los 16 a\u00f1os, dividido en tres ciclos: 1er ciclo:&#46;&#46;&#46;<\/p>\n","protected":false},"author":10924,"featured_media":0,"parent":0,"menu_order":0,"comment_status":"closed","ping_status":"closed","template":"","meta":{"ngg_post_thumbnail":0,"footnotes":"","_mc_calendar":[]},"aioseo_notices":[],"_links":{"self":[{"href":"https:\/\/blogsaverroes.juntadeandalucia.es\/colelamercedjerez\/wp-json\/wp\/v2\/pages\/2268"}],"collection":[{"href":"https:\/\/blogsaverroes.juntadeandalucia.es\/colelamercedjerez\/wp-json\/wp\/v2\/pages"}],"about":[{"href":"https:\/\/blogsaverroes.juntadeandalucia.es\/colelamercedjerez\/wp-json\/wp\/v2\/types\/page"}],"author":[{"embeddable":true,"href":"https:\/\/blogsaverroes.juntadeandalucia.es\/colelamercedjerez\/wp-json\/wp\/v2\/users\/10924"}],"replies":[{"embeddable":true,"href":"https:\/\/blogsaverroes.juntadeandalucia.es\/colelamercedjerez\/wp-json\/wp\/v2\/comments?post=2268"}],"version-history":[{"count":4,"href":"https:\/\/blogsaverroes.juntadeandalucia.es\/colelamercedjerez\/wp-json\/wp\/v2\/pages\/2268\/revisions"}],"predecessor-version":[{"id":2410,"href":"https:\/\/blogsaverroes.juntadeandalucia.es\/colelamercedjerez\/wp-json\/wp\/v2\/pages\/2268\/revisions\/2410"}],"wp:attachment":[{"href":"https:\/\/blogsaverroes.juntadeandalucia.es\/colelamercedjerez\/wp-json\/wp\/v2\/media?parent=2268"}],"curies":[{"name":"wp","href":"https:\/\/api.w.org\/{rel}","templated":true}]}}