{"id":2352,"date":"2020-10-10T14:17:29","date_gmt":"2020-10-10T14:17:29","guid":{"rendered":"https:\/\/blogsaverroes.juntadeandalucia.es\/colelamercedjerez\/?page_id=2352"},"modified":"2020-10-13T10:19:43","modified_gmt":"2020-10-13T10:19:43","slug":"educacion-infantil-2","status":"publish","type":"page","link":"https:\/\/blogsaverroes.juntadeandalucia.es\/colelamercedjerez\/educacion-infantil-2\/","title":{"rendered":"Educaci\u00f3n Infantil"},"content":{"rendered":"<p>En los CEEE las ense\u00f1anzas se organizan en dos niveles educativos, F.B.O. y P.T.V.A.L. con edades comprendidas entre los 6 y los 21 a\u00f1os. Sin embargo,&nbsp; pueden ser escolarizados en CEEE alumnos y alumnas de entre 3 y 6 a\u00f1os, cuando las caracter\u00edsticas particulares de cada uno, precisen de los recursos personales y\/o materiales que le impidan llevar a cabo una escolarizaci\u00f3n en centro ordinario. Trabajando los \u00e1mbitos de Educaci\u00f3n Infantil adaptados a las Necesidades Especiales de cada alumno o alumna.<\/p>\n","protected":false},"excerpt":{"rendered":"<p>En los CEEE las ense\u00f1anzas se organizan en dos niveles educativos, F.B.O. y P.T.V.A.L. con edades comprendidas entre los 6 y los 21 a\u00f1os. Sin embargo,&nbsp; pueden ser escolarizados en CEEE alumnos y alumnas&#46;&#46;&#46;<\/p>\n","protected":false},"author":10924,"featured_media":0,"parent":0,"menu_order":0,"comment_status":"closed","ping_status":"closed","template":"","meta":{"ngg_post_thumbnail":0,"footnotes":"","_mc_calendar":[]},"aioseo_notices":[],"_links":{"self":[{"href":"https:\/\/blogsaverroes.juntadeandalucia.es\/colelamercedjerez\/wp-json\/wp\/v2\/pages\/2352"}],"collection":[{"href":"https:\/\/blogsaverroes.juntadeandalucia.es\/colelamercedjerez\/wp-json\/wp\/v2\/pages"}],"about":[{"href":"https:\/\/blogsaverroes.juntadeandalucia.es\/colelamercedjerez\/wp-json\/wp\/v2\/types\/page"}],"author":[{"embeddable":true,"href":"https:\/\/blogsaverroes.juntadeandalucia.es\/colelamercedjerez\/wp-json\/wp\/v2\/users\/10924"}],"replies":[{"embeddable":true,"href":"https:\/\/blogsaverroes.juntadeandalucia.es\/colelamercedjerez\/wp-json\/wp\/v2\/comments?post=2352"}],"version-history":[{"count":5,"href":"https:\/\/blogsaverroes.juntadeandalucia.es\/colelamercedjerez\/wp-json\/wp\/v2\/pages\/2352\/revisions"}],"predecessor-version":[{"id":2432,"href":"https:\/\/blogsaverroes.juntadeandalucia.es\/colelamercedjerez\/wp-json\/wp\/v2\/pages\/2352\/revisions\/2432"}],"wp:attachment":[{"href":"https:\/\/blogsaverroes.juntadeandalucia.es\/colelamercedjerez\/wp-json\/wp\/v2\/media?parent=2352"}],"curies":[{"name":"wp","href":"https:\/\/api.w.org\/{rel}","templated":true}]}}