{"id":2357,"date":"2020-10-10T14:17:29","date_gmt":"2020-10-10T14:17:29","guid":{"rendered":"https:\/\/blogsaverroes.juntadeandalucia.es\/colelamercedjerez\/?page_id=2357"},"modified":"2020-10-10T15:09:58","modified_gmt":"2020-10-10T15:09:58","slug":"f-b-o-2o-ciclo","status":"publish","type":"page","link":"https:\/\/blogsaverroes.juntadeandalucia.es\/colelamercedjerez\/f-b-o-2o-ciclo\/","title":{"rendered":"F.B.O. 2\u00ba Ciclo"},"content":{"rendered":"<p>En el Segundo ciclo se escolariza al alumnado con edades comprendidas entre los 10 y los 13 a\u00f1os de edad. Consolidar las capacidades cognitivas b\u00e1sicas y la capacidad de comunicaci\u00f3n oral o mediante sistemas aumentativos, la adquisici\u00f3n de las habilidades sociales y escolares funcionales que permitan su desenvolvimiento aut\u00f3nomo en los contextos familiar, escolar y comunitario as\u00ed como la adquisici\u00f3n de los aprendizajes instrumentales son las finalidades b\u00e1sicas<\/p>\n","protected":false},"excerpt":{"rendered":"<p>En el Segundo ciclo se escolariza al alumnado con edades comprendidas entre los 10 y los 13 a\u00f1os de edad. Consolidar las capacidades cognitivas b\u00e1sicas y la capacidad de comunicaci\u00f3n oral o mediante sistemas&#46;&#46;&#46;<\/p>\n","protected":false},"author":10924,"featured_media":0,"parent":0,"menu_order":0,"comment_status":"closed","ping_status":"closed","template":"","meta":{"ngg_post_thumbnail":0,"footnotes":"","_mc_calendar":[]},"aioseo_notices":[],"_links":{"self":[{"href":"https:\/\/blogsaverroes.juntadeandalucia.es\/colelamercedjerez\/wp-json\/wp\/v2\/pages\/2357"}],"collection":[{"href":"https:\/\/blogsaverroes.juntadeandalucia.es\/colelamercedjerez\/wp-json\/wp\/v2\/pages"}],"about":[{"href":"https:\/\/blogsaverroes.juntadeandalucia.es\/colelamercedjerez\/wp-json\/wp\/v2\/types\/page"}],"author":[{"embeddable":true,"href":"https:\/\/blogsaverroes.juntadeandalucia.es\/colelamercedjerez\/wp-json\/wp\/v2\/users\/10924"}],"replies":[{"embeddable":true,"href":"https:\/\/blogsaverroes.juntadeandalucia.es\/colelamercedjerez\/wp-json\/wp\/v2\/comments?post=2357"}],"version-history":[{"count":2,"href":"https:\/\/blogsaverroes.juntadeandalucia.es\/colelamercedjerez\/wp-json\/wp\/v2\/pages\/2357\/revisions"}],"predecessor-version":[{"id":2398,"href":"https:\/\/blogsaverroes.juntadeandalucia.es\/colelamercedjerez\/wp-json\/wp\/v2\/pages\/2357\/revisions\/2398"}],"wp:attachment":[{"href":"https:\/\/blogsaverroes.juntadeandalucia.es\/colelamercedjerez\/wp-json\/wp\/v2\/media?parent=2357"}],"curies":[{"name":"wp","href":"https:\/\/api.w.org\/{rel}","templated":true}]}}