{"id":2474,"date":"2020-12-10T09:38:18","date_gmt":"2020-12-10T09:38:18","guid":{"rendered":"https:\/\/blogsaverroes.juntadeandalucia.es\/colelamercedjerez\/?page_id=2474"},"modified":"2022-03-23T11:50:40","modified_gmt":"2022-03-23T11:50:40","slug":"logopedia-ii","status":"publish","type":"page","link":"https:\/\/blogsaverroes.juntadeandalucia.es\/colelamercedjerez\/logopedia-ii\/","title":{"rendered":"Logopedia II"},"content":{"rendered":"<p>En esta ocasi\u00f3n, os traemos un peque\u00f1o trozo de una sesi\u00f3n grupal de cuentoterapia en el que<\/p>\n<p>trabajan sobre las distintas emociones, concretamente sobre el MIEDO<\/p>\n<div style=\"width: 640px;\" class=\"wp-video\"><!--[if lt IE 9]><script>document.createElement('video');<\/script><![endif]-->\n<video class=\"wp-video-shortcode\" id=\"video-2474-1\" width=\"640\" height=\"480\" preload=\"metadata\" controls=\"controls\"><source type=\"video\/mp4\" src=\"https:\/\/blogsaverroes.juntadeandalucia.es\/colelamercedjerez\/files\/2022\/03\/9fb5925e-cfb4-44a1-9165-bb1063a290bc.mp4?_=1\" \/><a href=\"https:\/\/blogsaverroes.juntadeandalucia.es\/colelamercedjerez\/files\/2022\/03\/9fb5925e-cfb4-44a1-9165-bb1063a290bc.mp4\">https:\/\/blogsaverroes.juntadeandalucia.es\/colelamercedjerez\/files\/2022\/03\/9fb5925e-cfb4-44a1-9165-bb1063a290bc.mp4<\/a><\/video><\/div>\n","protected":false},"excerpt":{"rendered":"<p>En esta ocasi\u00f3n, os traemos un peque\u00f1o trozo de una sesi\u00f3n grupal de cuentoterapia en el que trabajan sobre las distintas emociones, concretamente sobre el MIEDO<\/p>\n","protected":false},"author":10924,"featured_media":0,"parent":0,"menu_order":0,"comment_status":"closed","ping_status":"closed","template":"","meta":{"ngg_post_thumbnail":0,"footnotes":"","_mc_calendar":[]},"aioseo_notices":[],"_links":{"self":[{"href":"https:\/\/blogsaverroes.juntadeandalucia.es\/colelamercedjerez\/wp-json\/wp\/v2\/pages\/2474"}],"collection":[{"href":"https:\/\/blogsaverroes.juntadeandalucia.es\/colelamercedjerez\/wp-json\/wp\/v2\/pages"}],"about":[{"href":"https:\/\/blogsaverroes.juntadeandalucia.es\/colelamercedjerez\/wp-json\/wp\/v2\/types\/page"}],"author":[{"embeddable":true,"href":"https:\/\/blogsaverroes.juntadeandalucia.es\/colelamercedjerez\/wp-json\/wp\/v2\/users\/10924"}],"replies":[{"embeddable":true,"href":"https:\/\/blogsaverroes.juntadeandalucia.es\/colelamercedjerez\/wp-json\/wp\/v2\/comments?post=2474"}],"version-history":[{"count":3,"href":"https:\/\/blogsaverroes.juntadeandalucia.es\/colelamercedjerez\/wp-json\/wp\/v2\/pages\/2474\/revisions"}],"predecessor-version":[{"id":2591,"href":"https:\/\/blogsaverroes.juntadeandalucia.es\/colelamercedjerez\/wp-json\/wp\/v2\/pages\/2474\/revisions\/2591"}],"wp:attachment":[{"href":"https:\/\/blogsaverroes.juntadeandalucia.es\/colelamercedjerez\/wp-json\/wp\/v2\/media?parent=2474"}],"curies":[{"name":"wp","href":"https:\/\/api.w.org\/{rel}","templated":true}]}}