{"id":42,"date":"2015-03-13T08:40:47","date_gmt":"2015-03-13T08:40:47","guid":{"rendered":"http:\/\/blogsaverroes.juntadeandalucia.es\/pre\/ceip\/?page_id=42"},"modified":"2022-01-28T11:47:22","modified_gmt":"2022-01-28T11:47:22","slug":"equipo-directivo","status":"publish","type":"page","link":"https:\/\/blogsaverroes.juntadeandalucia.es\/colelamercedjerez\/equipo-directivo\/","title":{"rendered":"Equipo directivo"},"content":{"rendered":"<p>El Equipo Directivo est\u00e1 a vuestra disposici\u00f3n, cada vez que lo necesit\u00e9is, para tratar aquellos temas de vuestro inter\u00e9s, que os susciten dudas, que quer\u00e1is consultar o cualquiera de las circunstancias que se presenten, bien sea mediante presencia directa, contacto telef\u00f3nico o por correo electr\u00f3nico:<\/p>\n<p><strong>Direcci\u00f3n del CEEE Ntra Sra de la Merced:<\/strong><\/p>\n<ul>\n<li>Mar\u00eda Jos\u00e9 Le\u00f3n El\u00edas<\/li>\n<li>correo-e:&nbsp;<a href=\"mailto:directorapiaget@gmail.com\">11008291.edu@juntadeandalucia.es<\/a><\/li>\n<li>Tel\u00e9fono: 671591297<\/li>\n<\/ul>\n<p><strong>Jefa de Estudios del C.E.E.E Ntra Sra de la Merced:<\/strong><\/p>\n<ul>\n<li style=\"list-style-type: none\">\n<ul>\n<li>Mar\u00eda Jes\u00fas Navarro S\u00e1nchez<\/li>\n<li>correo-e: <a href=\"mailto:equipodirectivo2122@gmail.com\">equipodirectivo2122@gmail.com<\/a><\/li>\n<li>Tel\u00e9fono: 671591296<\/li>\n<\/ul>\n<\/li>\n<\/ul>\n<ul>\n<li><strong>Secretaria del C.E.E.E Ntra Sra de la Merced:<\/strong>\n<ul>\n<li>Rosario Merch\u00e1n Le\u00f3n.<\/li>\n<li>correo-e: <a href=\"mailto:11008291.edu@juntadeandalucia.es\">11008291.edu@juntadeandalucia.es<\/a><\/li>\n<li>Tel\u00e9fono: 671591298<\/li>\n<\/ul>\n<\/li>\n<\/ul>\n<p>&nbsp;<\/p>\n","protected":false},"excerpt":{"rendered":"<p>El Equipo Directivo est\u00e1 a vuestra disposici\u00f3n, cada vez que lo necesit\u00e9is, para tratar aquellos temas de vuestro inter\u00e9s, que os susciten dudas, que quer\u00e1is consultar o cualquiera de las circunstancias que se presenten,&#46;&#46;&#46;<\/p>\n","protected":false},"author":1,"featured_media":0,"parent":0,"menu_order":0,"comment_status":"closed","ping_status":"open","template":"","meta":{"ngg_post_thumbnail":0,"footnotes":"","_mc_calendar":[]},"aioseo_notices":[],"_links":{"self":[{"href":"https:\/\/blogsaverroes.juntadeandalucia.es\/colelamercedjerez\/wp-json\/wp\/v2\/pages\/42"}],"collection":[{"href":"https:\/\/blogsaverroes.juntadeandalucia.es\/colelamercedjerez\/wp-json\/wp\/v2\/pages"}],"about":[{"href":"https:\/\/blogsaverroes.juntadeandalucia.es\/colelamercedjerez\/wp-json\/wp\/v2\/types\/page"}],"author":[{"embeddable":true,"href":"https:\/\/blogsaverroes.juntadeandalucia.es\/colelamercedjerez\/wp-json\/wp\/v2\/users\/1"}],"replies":[{"embeddable":true,"href":"https:\/\/blogsaverroes.juntadeandalucia.es\/colelamercedjerez\/wp-json\/wp\/v2\/comments?post=42"}],"version-history":[{"count":8,"href":"https:\/\/blogsaverroes.juntadeandalucia.es\/colelamercedjerez\/wp-json\/wp\/v2\/pages\/42\/revisions"}],"predecessor-version":[{"id":2527,"href":"https:\/\/blogsaverroes.juntadeandalucia.es\/colelamercedjerez\/wp-json\/wp\/v2\/pages\/42\/revisions\/2527"}],"wp:attachment":[{"href":"https:\/\/blogsaverroes.juntadeandalucia.es\/colelamercedjerez\/wp-json\/wp\/v2\/media?parent=42"}],"curies":[{"name":"wp","href":"https:\/\/api.w.org\/{rel}","templated":true}]}}