{"id":432,"date":"2015-03-20T07:07:25","date_gmt":"2015-03-20T07:07:25","guid":{"rendered":"http:\/\/blogsaverroes.juntadeandalucia.es\/pre\/ceip\/?page_id=432"},"modified":"2020-10-10T07:54:45","modified_gmt":"2020-10-10T07:54:45","slug":"ed-primaria-2o-ciclo","status":"publish","type":"page","link":"https:\/\/blogsaverroes.juntadeandalucia.es\/colelamercedjerez\/ed-primaria-2o-ciclo\/","title":{"rendered":"Formaci\u00f3n B\u00e1sica Obligatoria. 2\u00ba ciclo"},"content":{"rendered":"<p>En el Segundo ciclo se escolariza al alumnado con edades comprendidas entre<br \/>\nlos 10 y los 13 a\u00f1os de edad. Consolidar las capacidades cognitivas b\u00e1sicas y la<br \/>\ncapacidad de comunicaci\u00f3n oral o mediante sistemas aumentativos, la adquisici\u00f3n<br \/>\nde las habilidades sociales y escolares funcionales que permitan su<br \/>\ndesenvolvimiento aut\u00f3nomo en los contextos familiar, escolar y comunitario as\u00ed<br \/>\ncomo la adquisici\u00f3n de los aprendizajes instrumentales son las finalidades b\u00e1sicas.<\/p>\n","protected":false},"excerpt":{"rendered":"<p>En el Segundo ciclo se escolariza al alumnado con edades comprendidas entre los 10 y los 13 a\u00f1os de edad. Consolidar las capacidades cognitivas b\u00e1sicas y la capacidad de comunicaci\u00f3n oral o mediante sistemas&#46;&#46;&#46;<\/p>\n","protected":false},"author":1,"featured_media":0,"parent":0,"menu_order":0,"comment_status":"closed","ping_status":"open","template":"page-sc.php","meta":{"ngg_post_thumbnail":0,"footnotes":"","_mc_calendar":[]},"aioseo_notices":[],"_links":{"self":[{"href":"https:\/\/blogsaverroes.juntadeandalucia.es\/colelamercedjerez\/wp-json\/wp\/v2\/pages\/432"}],"collection":[{"href":"https:\/\/blogsaverroes.juntadeandalucia.es\/colelamercedjerez\/wp-json\/wp\/v2\/pages"}],"about":[{"href":"https:\/\/blogsaverroes.juntadeandalucia.es\/colelamercedjerez\/wp-json\/wp\/v2\/types\/page"}],"author":[{"embeddable":true,"href":"https:\/\/blogsaverroes.juntadeandalucia.es\/colelamercedjerez\/wp-json\/wp\/v2\/users\/1"}],"replies":[{"embeddable":true,"href":"https:\/\/blogsaverroes.juntadeandalucia.es\/colelamercedjerez\/wp-json\/wp\/v2\/comments?post=432"}],"version-history":[{"count":8,"href":"https:\/\/blogsaverroes.juntadeandalucia.es\/colelamercedjerez\/wp-json\/wp\/v2\/pages\/432\/revisions"}],"predecessor-version":[{"id":2237,"href":"https:\/\/blogsaverroes.juntadeandalucia.es\/colelamercedjerez\/wp-json\/wp\/v2\/pages\/432\/revisions\/2237"}],"wp:attachment":[{"href":"https:\/\/blogsaverroes.juntadeandalucia.es\/colelamercedjerez\/wp-json\/wp\/v2\/media?parent=432"}],"curies":[{"name":"wp","href":"https:\/\/api.w.org\/{rel}","templated":true}]}}