{"id":436,"date":"2015-03-20T07:08:17","date_gmt":"2015-03-20T07:08:17","guid":{"rendered":"http:\/\/blogsaverroes.juntadeandalucia.es\/pre\/ceip\/?page_id=436"},"modified":"2020-10-10T07:55:53","modified_gmt":"2020-10-10T07:55:53","slug":"ed-primaria-3o-ciclo","status":"publish","type":"page","link":"https:\/\/blogsaverroes.juntadeandalucia.es\/colelamercedjerez\/ed-primaria-3o-ciclo\/","title":{"rendered":"Formaci\u00f3n B\u00e1sica Obligatoria. 3\u00ba ciclo"},"content":{"rendered":"<p>En el Tercer Ciclo se escolariza al alumnado con edades comprendidas entre los<br \/>\n13 y 16 a\u00f1os de edad. Tiene como finalidad consolidar la capacidad de<br \/>\ncomunicaci\u00f3n, el manejo de las t\u00e9cnicas instrumentales b\u00e1sicas, la iniciaci\u00f3n<br \/>\nlaboral y la autonom\u00eda personal en el \u00e1mbito dom\u00e9stico, as\u00ed como el<br \/>\ndesenvolvimiento aut\u00f3nomo en la comunidad y el aprovechamiento de los recursos<br \/>\nsociales, deportivos y culturales de la comunidad.<\/p>\n","protected":false},"excerpt":{"rendered":"<p>En el Tercer Ciclo se escolariza al alumnado con edades comprendidas entre los 13 y 16 a\u00f1os de edad. Tiene como finalidad consolidar la capacidad de comunicaci\u00f3n, el manejo de las t\u00e9cnicas instrumentales b\u00e1sicas,&#46;&#46;&#46;<\/p>\n","protected":false},"author":1,"featured_media":0,"parent":0,"menu_order":0,"comment_status":"closed","ping_status":"open","template":"page-sc.php","meta":{"ngg_post_thumbnail":0,"footnotes":"","_mc_calendar":[]},"aioseo_notices":[],"_links":{"self":[{"href":"https:\/\/blogsaverroes.juntadeandalucia.es\/colelamercedjerez\/wp-json\/wp\/v2\/pages\/436"}],"collection":[{"href":"https:\/\/blogsaverroes.juntadeandalucia.es\/colelamercedjerez\/wp-json\/wp\/v2\/pages"}],"about":[{"href":"https:\/\/blogsaverroes.juntadeandalucia.es\/colelamercedjerez\/wp-json\/wp\/v2\/types\/page"}],"author":[{"embeddable":true,"href":"https:\/\/blogsaverroes.juntadeandalucia.es\/colelamercedjerez\/wp-json\/wp\/v2\/users\/1"}],"replies":[{"embeddable":true,"href":"https:\/\/blogsaverroes.juntadeandalucia.es\/colelamercedjerez\/wp-json\/wp\/v2\/comments?post=436"}],"version-history":[{"count":5,"href":"https:\/\/blogsaverroes.juntadeandalucia.es\/colelamercedjerez\/wp-json\/wp\/v2\/pages\/436\/revisions"}],"predecessor-version":[{"id":2238,"href":"https:\/\/blogsaverroes.juntadeandalucia.es\/colelamercedjerez\/wp-json\/wp\/v2\/pages\/436\/revisions\/2238"}],"wp:attachment":[{"href":"https:\/\/blogsaverroes.juntadeandalucia.es\/colelamercedjerez\/wp-json\/wp\/v2\/media?parent=436"}],"curies":[{"name":"wp","href":"https:\/\/api.w.org\/{rel}","templated":true}]}}