{"id":44,"date":"2015-03-13T08:42:15","date_gmt":"2015-03-13T08:42:15","guid":{"rendered":"http:\/\/blogsaverroes.juntadeandalucia.es\/pre\/ceip\/?page_id=44"},"modified":"2021-02-05T08:43:06","modified_gmt":"2021-02-05T08:43:06","slug":"planes-y-proyectos","status":"publish","type":"page","link":"https:\/\/blogsaverroes.juntadeandalucia.es\/colelamercedjerez\/planes-y-proyectos\/","title":{"rendered":"Planes y Programas"},"content":{"rendered":"<p><img loading=\"lazy\" decoding=\"async\" class=\"alignnone size-medium wp-image-1667\" src=\"https:\/\/blogsaverroes.juntadeandalucia.es\/colelamercedjerez\/files\/2015\/03\/planes-300x150.png\" alt=\"planes\" width=\"300\" height=\"150\" srcset=\"https:\/\/blogsaverroes.juntadeandalucia.es\/colelamercedjerez\/files\/2015\/03\/planes-300x150.png 300w, https:\/\/blogsaverroes.juntadeandalucia.es\/colelamercedjerez\/files\/2015\/03\/planes.png 640w\" sizes=\"(max-width: 300px) 100vw, 300px\" \/><\/p>\n<p>En nuestro Centro desarrollamos los siguientes Planes y Proyectos:<\/p>\n<ul>\n<li><strong>Plan de apertura de centros docentes.&nbsp;<\/strong>En nuestro centro contamos con los servicios de comedor y transporte escolar.<\/li>\n<li><strong>Plan de Gratuidad de libros de Textos: <\/strong>Debido a que el alumnado con necesidades educativas especiales puede presentar circunstancias muy diversas, y que a todas ellas debe dar cumplida respuesta el Programa de Gratuidad, para el alumnado de centros espec\u00edficos de Educaci\u00f3n Especial, las cantidades<br \/>\nasignadas al respecto, el centro las podr\u00e1 destinar a la adquisici\u00f3n del material curricular que crea conveniente. Ser\u00e1 el centro el que realice directamente la compra del material curricular.&nbsp;<\/li>\n<li><strong>Plan de igualdad de genero en educaci\u00f3n. <\/strong>supone cimentar las bases para la igualdad real y efectiva, y se muestra como el mejor medio para impulsar el proceso de transformaci\u00f3n social y modificaci\u00f3n de las estructuras sexistas y discriminatorias.<\/li>\n<li><strong>Plan de Salud Laboral y P.R.L. <\/strong>Este documento recoger\u00e1 el plan de actuaci\u00f3n tanto en casos de emergencias que requieran la evacuaci\u00f3n del centro como por emergencias sanitarias que requieran una r\u00e1pida actuaci\u00f3n para salvaguardar la integridad de las personas del centro<\/li>\n<li><strong>Escuela espacio de paz. e<\/strong>ste proyecto de desarrolla estrechamente ligado al plan de igualdad, como proyecto <em>coepaz.<\/em><\/li>\n<li><strong>Creciendo en Salud.<\/strong><\/li>\n<li><strong>Aldea.&nbsp;<\/strong>durante este curso, desarrollaremos el programa Aldea integrado por dos proyectos:\n<ul>\n<li><strong>Proyecto Ecohuerto:&nbsp;<\/strong> a trav\u00e9s de este proyecto, organizaremos actividades relacionadas con la siembra, plantaci\u00f3n de verduras, hortalizas, arboles frutales&#8230; dando lugar a trabajar diversos contenidos como los ciclos naturales, h\u00e1bitos de vida saludable, calendarios, insectos&#8230; adem\u00e1s de&nbsp; todas las posibilidades que a nivel multisensorial este tipo de proyecto puede ofrecer a nuestro alumnado.<\/li>\n<li><strong>Proyecto Semillas:&nbsp;<\/strong>a trav\u00e9s de esta l\u00ednea de intervenci\u00f3n, pretendemos conocer la la vegetaci\u00f3n de nuestro entorno como la flora, arbolado&#8230; abordando contenidos como por ejemplo la creaci\u00f3n de peque\u00f1os y sencillos viveros de especies forestales y de flora silvestre.<\/li>\n<\/ul>\n<\/li>\n<li><strong>Escuelas deportivas. <\/strong>El \u201cTaller de Deporte, Ocio y Tiempo Libre\u201d nace de la necesidad de dar una respuesta educativa relevante y funcional a nuestro alumnado. As\u00ed mismo se ha visto la necesidad de fomentar la convivencia y las relaciones de interdependencia positiva para crear conciencia de grupo. El desarrollo de relaciones sociales adecuadas y la creaci\u00f3n y mantenimiento del v\u00ednculo en las relaciones sociales y de amistad es una de las principales finalidades de este programa.&nbsp;<\/li>\n<li><strong>Innicia.&nbsp;<\/strong>El objetivo principal del programa es poner en pr\u00e1ctica el emprendimiento para conseguir motivaci\u00f3n y autoestima, as\u00ed como favorecer la integraci\u00f3n social de nuestro alumnado.<\/li>\n<li><strong>Transformaci\u00f3n digital educativa. <\/strong>La transformaci\u00f3n digital educativa es una de las principales respuestas a los retos planteados actualmente.<\/li>\n<li><strong>MUSE <\/strong>El Programa MUS-E pertenece a la Fundaci\u00f3n Yehudi Menuhin Espa\u00f1a (FYME), la cualtiene establecido un convenio de colaboraci\u00f3n con la Consejer\u00eda de Educaci\u00f3n de la Junta de Andaluc\u00eda.<\/li>\n<\/ul>\n<p>&nbsp;<\/p>\n","protected":false},"excerpt":{"rendered":"<p>En nuestro Centro desarrollamos los siguientes Planes y Proyectos: Plan de apertura de centros docentes.&nbsp;En nuestro centro contamos con los servicios de comedor y transporte escolar. Plan de Gratuidad de libros de Textos: Debido&#46;&#46;&#46;<\/p>\n","protected":false},"author":1,"featured_media":0,"parent":0,"menu_order":0,"comment_status":"closed","ping_status":"closed","template":"page-cs.php","meta":{"ngg_post_thumbnail":0,"footnotes":"","_mc_calendar":[]},"aioseo_notices":[],"_links":{"self":[{"href":"https:\/\/blogsaverroes.juntadeandalucia.es\/colelamercedjerez\/wp-json\/wp\/v2\/pages\/44"}],"collection":[{"href":"https:\/\/blogsaverroes.juntadeandalucia.es\/colelamercedjerez\/wp-json\/wp\/v2\/pages"}],"about":[{"href":"https:\/\/blogsaverroes.juntadeandalucia.es\/colelamercedjerez\/wp-json\/wp\/v2\/types\/page"}],"author":[{"embeddable":true,"href":"https:\/\/blogsaverroes.juntadeandalucia.es\/colelamercedjerez\/wp-json\/wp\/v2\/users\/1"}],"replies":[{"embeddable":true,"href":"https:\/\/blogsaverroes.juntadeandalucia.es\/colelamercedjerez\/wp-json\/wp\/v2\/comments?post=44"}],"version-history":[{"count":12,"href":"https:\/\/blogsaverroes.juntadeandalucia.es\/colelamercedjerez\/wp-json\/wp\/v2\/pages\/44\/revisions"}],"predecessor-version":[{"id":2505,"href":"https:\/\/blogsaverroes.juntadeandalucia.es\/colelamercedjerez\/wp-json\/wp\/v2\/pages\/44\/revisions\/2505"}],"wp:attachment":[{"href":"https:\/\/blogsaverroes.juntadeandalucia.es\/colelamercedjerez\/wp-json\/wp\/v2\/media?parent=44"}],"curies":[{"name":"wp","href":"https:\/\/api.w.org\/{rel}","templated":true}]}}