{"id":15,"date":"2020-01-09T10:56:20","date_gmt":"2020-01-09T09:56:20","guid":{"rendered":"http:\/\/blogsaverroes.juntadeandalucia.es\/pre\/nuevoceipv2\/?page_id=15"},"modified":"2025-04-23T01:04:09","modified_gmt":"2025-04-23T00:04:09","slug":"inicio","status":"publish","type":"page","link":"https:\/\/blogsaverroes.juntadeandalucia.es\/colelasalud\/","title":{"rendered":"CEIPB Ntra. Sra. de la Salud"},"content":{"rendered":"\t\t<div data-elementor-type=\"wp-page\" data-elementor-id=\"15\" class=\"elementor elementor-15\">\n\t\t\t\t<div class=\"elementor-element elementor-element-00d66a7 e-flex e-con-boxed e-con e-parent\" data-id=\"00d66a7\" data-element_type=\"container\">\n\t\t\t\t\t<div class=\"e-con-inner\">\n\t\t\t\t<div class=\"elementor-element elementor-element-e63091f elementor-widget elementor-widget-contentviews_widget_collapsible\" data-id=\"e63091f\" data-element_type=\"widget\" data-widget_type=\"contentviews_widget_collapsible.default\">\n\t\t\t\t<div class=\"elementor-widget-container\">\n\t\t\t\t\t<div class='pt-cv-wrapper'> <div class=\"pt-cv-view pt-cv-collapsible iscvblock iscvelementor collapsible layout1\" id=\"pt-cv-view-e63091f\"><div data-id=\"pt-cv-page-1\" class=\"pt-cv-page cv-npf\" data-cvc=\"3\"><div class=\"panel-group\" id=\"1f703d42oh\"><div class=\"panel panel-default pt-cv-content-item pt-cv-1-col\" ><div class=\"pt-cv-no-post\"><\/div><\/div><\/div><\/div><\/div> <\/div> \t\t\t\t<\/div>\n\t\t\t\t<\/div>\n\t\t\t\t<div class=\"elementor-element elementor-element-7e0bd9c elementor-widget elementor-widget-contentviews_widget_overlay1\" data-id=\"7e0bd9c\" data-element_type=\"widget\" data-widget_type=\"contentviews_widget_overlay1.default\">\n\t\t\t\t<div class=\"elementor-widget-container\">\n\t\t\t\t\t<div class='pt-cv-wrapper'> <h1 class='pt-cv-heading-container heading1' data-blockid='7e0bd9c'><span class='pt-cv-heading'> Novedades <\/span><\/h1><div class=\"pt-cv-view pt-cv-overlaygrid iscvblock iscvelementor overlay1 layout1\" id=\"pt-cv-view-7e0bd9c\"><div data-id=\"pt-cv-page-1\" class=\"pt-cv-page\" data-cvc=\"2\"><div class=\" pt-cv-content-item pt-cv-1-col\" ><div class=\"pt-cv-thumb-wrapper  \"><a href=\"https:\/\/blogsaverroes.juntadeandalucia.es\/colelasalud\/siguenos-en-instagram\/\" class=\"_self pt-cv-href-thumbnail pt-cv-thumb-default\" target=\"_self\" ><img fetchpriority=\"high\" decoding=\"async\" width=\"225\" height=\"225\" src=\"https:\/\/blogsaverroes.juntadeandalucia.es\/colelasalud\/files\/2025\/03\/instagram.jpg\" class=\"pt-cv-thumbnail\" alt=\"\" \/><\/a><\/div>\n<div class=\"pt-cv-overlay-wrapper\"><h4 class=\"pt-cv-title\"><a href=\"https:\/\/blogsaverroes.juntadeandalucia.es\/colelasalud\/siguenos-en-instagram\/\" class=\"_self\" target=\"_self\" >\u00a1S\u00edguenos en Instagram!<\/a><\/h4><div class=\"pt-cv-content\">Ent\u00e9rate de todas nuestras novedades ahora tambi\u00e9n en Instagram. Pulsa aqu\u00ed para ...<\/div><div class=\"pt-cv-meta-fields\"><span class=\"entry-date\"> <time datetime=\"2025-03-05T14:26:09+01:00\">5 de marzo de 2025<\/time><\/span><span> \/ <\/span><span class=\"author\"> <a href=\"https:\/\/blogsaverroes.juntadeandalucia.es\/colelasalud\/author\/14005535edu\/\" rel=\"author\">14005535edu<\/a><\/span><\/div><\/div><\/div><\/div><\/div> <\/div> \t\t\t\t<\/div>\n\t\t\t\t<\/div>\n\t\t\t\t<div class=\"elementor-element elementor-element-545cb09 elementor-widget elementor-widget-contentviews_widget_overlay1\" data-id=\"545cb09\" data-element_type=\"widget\" data-widget_type=\"contentviews_widget_overlay1.default\">\n\t\t\t\t<div class=\"elementor-widget-container\">\n\t\t\t\t\t<div class='pt-cv-wrapper'> <h1 class='pt-cv-heading-container heading1' data-blockid='545cb09'><span class='pt-cv-heading'> Actividades <\/span><\/h1><div class=\"pt-cv-view pt-cv-overlaygrid iscvblock iscvelementor overlay1 layout1\" id=\"pt-cv-view-545cb09\"><div data-id=\"pt-cv-page-1\" class=\"pt-cv-page\" data-cvc=\"2\"><div class=\" pt-cv-content-item pt-cv-1-col\" ><div class=\"pt-cv-thumb-wrapper  \"><a href=\"https:\/\/blogsaverroes.juntadeandalucia.es\/colelasalud\/formacion-en-centros-sobre-aprendizaje-cooperativo\/\" class=\"_self pt-cv-href-thumbnail pt-cv-thumb-default\" target=\"_self\" ><img decoding=\"async\" width=\"768\" height=\"1024\" src=\"https:\/\/blogsaverroes.juntadeandalucia.es\/colelasalud\/files\/2026\/05\/IMG_8923-768x1024.jpg\" class=\"pt-cv-thumbnail\" alt=\"\" \/><\/a><\/div>\n<div class=\"pt-cv-overlay-wrapper\"><h4 class=\"pt-cv-title\"><a href=\"https:\/\/blogsaverroes.juntadeandalucia.es\/colelasalud\/formacion-en-centros-sobre-aprendizaje-cooperativo\/\" class=\"_self\" target=\"_self\" >FORMACI\u00d3N EN CENTROS SOBRE APRENDIZAJE COOPERATIVO<\/a><\/h4><div class=\"pt-cv-content\">\ud83e\udd1d El Profesorado se Forma: Impulsando el Trabajo Cooperativo en Nuestro CentroEn ...<\/div><div class=\"pt-cv-meta-fields\"><span class=\"entry-date\"> <time datetime=\"2026-05-07T10:24:28+01:00\">7 de mayo de 2026<\/time><\/span><span> \/ <\/span><span class=\"author\"> <a href=\"https:\/\/blogsaverroes.juntadeandalucia.es\/colelasalud\/author\/14005535edu\/\" rel=\"author\">14005535edu<\/a><\/span><\/div><\/div><\/div>\n<div class=\" pt-cv-content-item pt-cv-1-col\" ><div class=\"pt-cv-thumb-wrapper  \"><a href=\"https:\/\/blogsaverroes.juntadeandalucia.es\/colelasalud\/dia-del-arbol\/\" class=\"_self pt-cv-href-thumbnail pt-cv-thumb-default\" target=\"_self\" ><img decoding=\"async\" width=\"724\" height=\"1024\" src=\"https:\/\/blogsaverroes.juntadeandalucia.es\/colelasalud\/files\/2026\/05\/FIESTA-DEL-ARBOL-DE-POSADAS-724x1024.jpg\" class=\"pt-cv-thumbnail\" alt=\"\" \/><\/a><\/div>\n<div class=\"pt-cv-overlay-wrapper\"><h4 class=\"pt-cv-title\"><a href=\"https:\/\/blogsaverroes.juntadeandalucia.es\/colelasalud\/dia-del-arbol\/\" class=\"_self\" target=\"_self\" >DIA DEL \u00c1RBOL<\/a><\/h4><div class=\"pt-cv-content\">\ud83c\udf33 \u00a1D\u00eda del \u00c1rbol en Posadas: 109 a\u00f1os Sembrando Futuro! En nuestro ...<\/div><div class=\"pt-cv-meta-fields\"><span class=\"entry-date\"> <time datetime=\"2026-05-07T10:18:38+01:00\">7 de mayo de 2026<\/time><\/span><span> \/ <\/span><span class=\"author\"> <a href=\"https:\/\/blogsaverroes.juntadeandalucia.es\/colelasalud\/author\/14005535edu\/\" rel=\"author\">14005535edu<\/a><\/span><\/div><\/div><\/div>\n<div class=\" pt-cv-content-item pt-cv-1-col\" ><div class=\"pt-cv-thumb-wrapper  \"><a href=\"https:\/\/blogsaverroes.juntadeandalucia.es\/colelasalud\/visita-al-zoo\/\" class=\"_self pt-cv-href-thumbnail pt-cv-thumb-default\" target=\"_self\" ><img loading=\"lazy\" decoding=\"async\" width=\"768\" height=\"1024\" src=\"https:\/\/blogsaverroes.juntadeandalucia.es\/colelasalud\/files\/2026\/04\/d9aaa296-89ed-4df2-9d83-20d7fb475d42-768x1024.jpg\" class=\"pt-cv-thumbnail\" alt=\"\" \/><\/a><\/div>\n<div class=\"pt-cv-overlay-wrapper\"><h4 class=\"pt-cv-title\"><a href=\"https:\/\/blogsaverroes.juntadeandalucia.es\/colelasalud\/visita-al-zoo\/\" class=\"_self\" target=\"_self\" >VISITA AL ZOO<\/a><\/h4><div class=\"pt-cv-content\">\ud83e\udd81 \u00a1Exploradores en Acci\u00f3n! Nuestra Aventura en el Zoo de C\u00f3rdoba Nuestros ...<\/div><div class=\"pt-cv-meta-fields\"><span class=\"entry-date\"> <time datetime=\"2026-04-30T10:50:03+01:00\">30 de abril de 2026<\/time><\/span><span> \/ <\/span><span class=\"author\"> <a href=\"https:\/\/blogsaverroes.juntadeandalucia.es\/colelasalud\/author\/14005535edu\/\" rel=\"author\">14005535edu<\/a><\/span><\/div><\/div><\/div>\n<div class=\" pt-cv-content-item pt-cv-1-col\" ><div class=\"pt-cv-thumb-wrapper  \"><a href=\"https:\/\/blogsaverroes.juntadeandalucia.es\/colelasalud\/inmersion-linguistica-en-sierra-de-las-nieves\/\" class=\"_self pt-cv-href-thumbnail pt-cv-thumb-default\" target=\"_self\" ><img loading=\"lazy\" decoding=\"async\" width=\"1024\" height=\"683\" src=\"https:\/\/blogsaverroes.juntadeandalucia.es\/colelasalud\/files\/2026\/04\/IMG_5069-1024x683.jpg\" class=\"pt-cv-thumbnail\" alt=\"\" \/><\/a><\/div>\n<div class=\"pt-cv-overlay-wrapper\"><h4 class=\"pt-cv-title\"><a href=\"https:\/\/blogsaverroes.juntadeandalucia.es\/colelasalud\/inmersion-linguistica-en-sierra-de-las-nieves\/\" class=\"_self\" target=\"_self\" >INMERSION LING\u00dc\u00cdSTICA EN SIERRA DE LAS NIEVES<\/a><\/h4><div class=\"pt-cv-content\">\ud83c\udf92 Inmersi\u00f3n Ling\u00fc\u00edstica: Nuestra Aventura en la Sierra de las Nieves \u00a1Lo ...<\/div><div class=\"pt-cv-meta-fields\"><span class=\"entry-date\"> <time datetime=\"2026-04-30T10:37:05+01:00\">30 de abril de 2026<\/time><\/span><span> \/ <\/span><span class=\"author\"> <a href=\"https:\/\/blogsaverroes.juntadeandalucia.es\/colelasalud\/author\/14005535edu\/\" rel=\"author\">14005535edu<\/a><\/span><\/div><\/div><\/div>\n<div class=\" pt-cv-content-item pt-cv-1-col\" ><div class=\"pt-cv-thumb-wrapper  \"><a href=\"https:\/\/blogsaverroes.juntadeandalucia.es\/colelasalud\/pleno-por-la-igualdad\/\" class=\"_self pt-cv-href-thumbnail pt-cv-thumb-default\" target=\"_self\" ><img loading=\"lazy\" decoding=\"async\" width=\"1024\" height=\"768\" src=\"https:\/\/blogsaverroes.juntadeandalucia.es\/colelasalud\/files\/2026\/04\/PHOTO-2026-04-29-17-21-23-1024x768.jpg\" class=\"pt-cv-thumbnail\" alt=\"\" \/><\/a><\/div>\n<div class=\"pt-cv-overlay-wrapper\"><h4 class=\"pt-cv-title\"><a href=\"https:\/\/blogsaverroes.juntadeandalucia.es\/colelasalud\/pleno-por-la-igualdad\/\" class=\"_self\" target=\"_self\" >PLENO POR LA IGUALDAD<\/a><\/h4><div class=\"pt-cv-content\">\ud83c\udfdb\ufe0f \u00a1Sexto de Primaria toma el Ayuntamiento por la Igualdad!El pasado 8 ...<\/div><div class=\"pt-cv-meta-fields\"><span class=\"entry-date\"> <time datetime=\"2026-04-30T08:39:06+01:00\">30 de abril de 2026<\/time><\/span><span> \/ <\/span><span class=\"author\"> <a href=\"https:\/\/blogsaverroes.juntadeandalucia.es\/colelasalud\/author\/14005535edu\/\" rel=\"author\">14005535edu<\/a><\/span><\/div><\/div><\/div>\n<div class=\" pt-cv-content-item pt-cv-1-col\" ><div class=\"pt-cv-thumb-wrapper  \"><a href=\"https:\/\/blogsaverroes.juntadeandalucia.es\/colelasalud\/podcast-la-salud-comunica-mes-de-abril\/\" class=\"_self pt-cv-href-thumbnail pt-cv-thumb-default\" target=\"_self\" ><img loading=\"lazy\" decoding=\"async\" width=\"724\" height=\"1024\" src=\"https:\/\/blogsaverroes.juntadeandalucia.es\/colelasalud\/files\/2025\/10\/Copia-de-Poster-vertical-nuevo-episodio-podcast-ilustrado-amarillo-2_page-0001-724x1024.jpg\" class=\"pt-cv-thumbnail\" alt=\"\" \/><\/a><\/div>\n<div class=\"pt-cv-overlay-wrapper\"><h4 class=\"pt-cv-title\"><a href=\"https:\/\/blogsaverroes.juntadeandalucia.es\/colelasalud\/podcast-la-salud-comunica-mes-de-abril\/\" class=\"_self\" target=\"_self\" >PODCAST &#8220;LA SALUD COMUNICA&#8221; MES DE ABRIL<\/a><\/h4><div class=\"pt-cv-content\">\ud83c\udf99\ufe0f \u00a1Sintoniza nuestra pasi\u00f3n por la lectura! El Podcast de abril ya ...<\/div><div class=\"pt-cv-meta-fields\"><span class=\"entry-date\"> <time datetime=\"2026-04-29T15:18:51+01:00\">29 de abril de 2026<\/time><\/span><span> \/ <\/span><span class=\"author\"> <a href=\"https:\/\/blogsaverroes.juntadeandalucia.es\/colelasalud\/author\/14005535edu\/\" rel=\"author\">14005535edu<\/a><\/span><\/div><\/div><\/div><\/div><\/div>\n<div class=\" pt-cv-pagination-wrapper\"><ul class=\"pt-cv-pagination pt-cv-ajax pagination\" data-totalpages=\"10\" data-currentpage=\"1\" data-sid=\"545cb09\" data-unid=\"\" data-iselementor=\"545cb09\" data-postid=\"0\"><li class=\"active\"><a href=\"#\">1<\/a><\/li>\n\t<li ><a class=\"\" href=\"https:\/\/blogsaverroes.juntadeandalucia.es\/colelasalud\/wp-json\/wp\/v2\/pages\/15\/?_page=2\">2<\/a><\/li>\n\t<li ><a class=\"\" href=\"https:\/\/blogsaverroes.juntadeandalucia.es\/colelasalud\/wp-json\/wp\/v2\/pages\/15\/?_page=3\">3<\/a><\/li>\n\t<li ><a href=\"#\">&hellip;<\/a><\/li>\n\t<li ><a class=\"\" href=\"https:\/\/blogsaverroes.juntadeandalucia.es\/colelasalud\/wp-json\/wp\/v2\/pages\/15\/?_page=10\">10<\/a><\/li>\n\t<li ><a class=\" \" href=\"https:\/\/blogsaverroes.juntadeandalucia.es\/colelasalud\/wp-json\/wp\/v2\/pages\/15\/?_page=2\">&rsaquo;<\/a><\/li>\n\t<\/ul><img loading=\"lazy\" decoding=\"async\" width=\"15\" height=\"15\" class=\"pt-cv-spinner\" alt=\"Cargando...\" src=\"data:image\/gif;base64,R0lGODlhDwAPALMPAMrKygwMDJOTkz09PZWVla+vr3p6euTk5M7OzuXl5TMzMwAAAJmZmWZmZszMzP\/\/\/yH\/C05FVFNDQVBFMi4wAwEAAAAh+QQFCgAPACwAAAAADwAPAAAEQvDJaZaZOIcV8iQK8VRX4iTYoAwZ4iCYoAjZ4RxejhVNoT+mRGP4cyF4Pp0N98sBGIBMEMOotl6YZ3S61Bmbkm4mAgAh+QQFCgAPACwAAAAADQANAAAENPDJSRSZeA418itN8QiK8BiLITVsFiyBBIoYqnoewAD4xPw9iY4XLGYSjkQR4UAUD45DLwIAIfkEBQoADwAsAAAAAA8ACQAABC\/wyVlamTi3nSdgwFNdhEJgTJoNyoB9ISYoQmdjiZPcj7EYCAeCF1gEDo4Dz2eIAAAh+QQFCgAPACwCAAAADQANAAAEM\/DJBxiYeLKdX3IJZT1FU0iIg2RNKx3OkZVnZ98ToRD4MyiDnkAh6BkNC0MvsAj0kMpHBAAh+QQFCgAPACwGAAAACQAPAAAEMDC59KpFDll73HkAA2wVY5KgiK5b0RRoI6MuzG6EQqCDMlSGheEhUAgqgUUAFRySIgAh+QQFCgAPACwCAAIADQANAAAEM\/DJKZNLND\/kkKaHc3xk+QAMYDKsiaqmZCxGVjSFFCxB1vwy2oOgIDxuucxAMTAJFAJNBAAh+QQFCgAPACwAAAYADwAJAAAEMNAs86q1yaWwwv2Ig0jUZx3OYa4XoRAfwADXoAwfo1+CIjyFRuEho60aSNYlOPxEAAAh+QQFCgAPACwAAAIADQANAAAENPA9s4y8+IUVcqaWJ4qEQozSoAzoIyhCK2NFU2SJk0hNnyEOhKR2AzAAj4Pj4GE4W0bkJQIAOw==\" \/><div class=\"clear pt-cv-clear-pagination\"><\/div><\/div> <\/div> \t\t\t\t<\/div>\n\t\t\t\t<\/div>\n\t\t\t\t\t<\/div>\n\t\t\t\t<\/div>\n\t\t<div class=\"elementor-element elementor-element-cae6443 e-flex e-con-boxed e-con e-parent\" data-id=\"cae6443\" data-element_type=\"container\">\n\t\t\t\t\t<div class=\"e-con-inner\">\n\t\t\t\t\t<\/div>\n\t\t\t\t<\/div>\n\t\t\t\t<\/div>\n\t\t","protected":false},"excerpt":{"rendered":"<p>Novedades CARRERA SOLIDARIA EN EL CENTRO El pr\u00f3ximo martes 25 de febrero celebramos en el Centro la II &#8230; 18 de febrero de 2025 \/ 14005535edu Actividades JORNADAS EN LA SIERREZUELA Jornada en el&#46;&#46;&#46;<\/p>\n","protected":false},"author":17292,"featured_media":0,"parent":0,"menu_order":0,"comment_status":"closed","ping_status":"closed","template":"","meta":{"_exactmetrics_skip_tracking":false,"_exactmetrics_sitenote_active":false,"_exactmetrics_sitenote_note":"","_exactmetrics_sitenote_category":0,"ngg_post_thumbnail":0,"footnotes":"","_mc_calendar":[]},"aioseo_notices":[],"_links":{"self":[{"href":"https:\/\/blogsaverroes.juntadeandalucia.es\/colelasalud\/wp-json\/wp\/v2\/pages\/15"}],"collection":[{"href":"https:\/\/blogsaverroes.juntadeandalucia.es\/colelasalud\/wp-json\/wp\/v2\/pages"}],"about":[{"href":"https:\/\/blogsaverroes.juntadeandalucia.es\/colelasalud\/wp-json\/wp\/v2\/types\/page"}],"author":[{"embeddable":true,"href":"https:\/\/blogsaverroes.juntadeandalucia.es\/colelasalud\/wp-json\/wp\/v2\/users\/17292"}],"replies":[{"embeddable":true,"href":"https:\/\/blogsaverroes.juntadeandalucia.es\/colelasalud\/wp-json\/wp\/v2\/comments?post=15"}],"version-history":[{"count":51,"href":"https:\/\/blogsaverroes.juntadeandalucia.es\/colelasalud\/wp-json\/wp\/v2\/pages\/15\/revisions"}],"predecessor-version":[{"id":1730,"href":"https:\/\/blogsaverroes.juntadeandalucia.es\/colelasalud\/wp-json\/wp\/v2\/pages\/15\/revisions\/1730"}],"wp:attachment":[{"href":"https:\/\/blogsaverroes.juntadeandalucia.es\/colelasalud\/wp-json\/wp\/v2\/media?parent=15"}],"curies":[{"name":"wp","href":"https:\/\/api.w.org\/{rel}","templated":true}]}}