{"id":840,"date":"2020-12-18T08:38:52","date_gmt":"2020-12-18T07:38:52","guid":{"rendered":"https:\/\/blogsaverroes.juntadeandalucia.es\/pre\/plantilla-pencil\/?page_id=840"},"modified":"2025-02-19T11:48:14","modified_gmt":"2025-02-19T10:48:14","slug":"ampa","status":"publish","type":"page","link":"https:\/\/blogsaverroes.juntadeandalucia.es\/colelasalud\/ampa\/","title":{"rendered":"AMPA"},"content":{"rendered":"\t\t<div data-elementor-type=\"wp-page\" data-elementor-id=\"840\" class=\"elementor elementor-840\">\n\t\t\t\t<div class=\"elementor-element elementor-element-994a2ed e-flex e-con-boxed e-con e-parent\" data-id=\"994a2ed\" data-element_type=\"container\">\n\t\t\t\t\t<div class=\"e-con-inner\">\n\t\t\t\t<div class=\"elementor-element elementor-element-22d88c7 elementor-widget elementor-widget-image\" data-id=\"22d88c7\" data-element_type=\"widget\" data-widget_type=\"image.default\">\n\t\t\t\t<div class=\"elementor-widget-container\">\n\t\t\t\t\t\t\t\t\t\t\t\t\t\t\t<img fetchpriority=\"high\" decoding=\"async\" width=\"1024\" height=\"731\" src=\"https:\/\/blogsaverroes.juntadeandalucia.es\/colelasalud\/files\/2025\/02\/PHOTO-2023-05-25-10-43-49-1024x731.jpg\" class=\"attachment-large size-large wp-image-1336\" alt=\"\" srcset=\"https:\/\/blogsaverroes.juntadeandalucia.es\/colelasalud\/files\/2025\/02\/PHOTO-2023-05-25-10-43-49-1024x731.jpg 1024w, https:\/\/blogsaverroes.juntadeandalucia.es\/colelasalud\/files\/2025\/02\/PHOTO-2023-05-25-10-43-49-300x214.jpg 300w, https:\/\/blogsaverroes.juntadeandalucia.es\/colelasalud\/files\/2025\/02\/PHOTO-2023-05-25-10-43-49-768x548.jpg 768w, https:\/\/blogsaverroes.juntadeandalucia.es\/colelasalud\/files\/2025\/02\/PHOTO-2023-05-25-10-43-49-1536x1097.jpg 1536w, https:\/\/blogsaverroes.juntadeandalucia.es\/colelasalud\/files\/2025\/02\/PHOTO-2023-05-25-10-43-49.jpg 2048w\" sizes=\"(max-width: 1024px) 100vw, 1024px\" \/>\t\t\t\t\t\t\t\t\t\t\t\t\t\t\t<\/div>\n\t\t\t\t<\/div>\n\t\t\t\t<div class=\"elementor-element elementor-element-7ce588e elementor-widget elementor-widget-text-editor\" data-id=\"7ce588e\" data-element_type=\"widget\" data-widget_type=\"text-editor.default\">\n\t\t\t\t<div class=\"elementor-widget-container\">\n\t\t\t\t\t\t\t\t\t<p style=\"margin-top: 0px;margin-bottom: 1em;border-width: 0px;border-style: none;font-size: 18px;line-height: inherit;font-family: Titillium, Arial, sans-serif;color: #666666\">La\u00a0<strong style=\"margin: 0px;padding: 0px;border: 0px;font-style: inherit;font-size: inherit;line-height: inherit;font-family: inherit;vertical-align: baseline\">AMPA DULAS<\/strong> es una asociaci\u00f3n sin \u00e1nimo de lucro que est\u00e1 formada por los padres y madres del alumnado del Centro.<\/p><p style=\"margin-top: 0px;margin-bottom: 1em;border-width: 0px;border-style: none;font-size: 18px;line-height: inherit;font-family: Titillium, Arial, sans-serif;color: #666666\">Es un punto de encuentro y de trabajo independiente, abierto y plural.<\/p><p style=\"margin-top: 0px;margin-bottom: 1em;border-width: 0px;border-style: none;font-size: 18px;line-height: inherit;font-family: Titillium, Arial, sans-serif;color: #666666\">Desde la\u00a0<strong style=\"margin: 0px;padding: 0px;border: 0px;font-style: inherit;font-size: inherit;line-height: inherit;font-family: inherit;vertical-align: baseline\">AMPA DULAS <\/strong>podemos contribuir a la mejora de la calidad de la educaci\u00f3n, la convivencia del centro y de las instalaciones.<\/p><h3 style=\"margin-bottom: 14px;border-width: 0px;border-style: none;font-size: 1.75em;line-height: 1.3em;font-family: Titillium, Arial, sans-serif;color: #444444;letter-spacing: -0.5px\">\u00bfPor qu\u00e9 es importante vuestra participaci\u00f3n?<\/h3><p style=\"margin-top: 0px;margin-bottom: 1em;border-width: 0px;border-style: none;font-size: 18px;line-height: inherit;font-family: Titillium, Arial, sans-serif;color: #666666\">En el colegio existen espacios de participaci\u00f3n, siendo la\u00a0 AMPA el \u00fanico espacio de participaci\u00f3n aut\u00f3nomo de padres y madres. La AMPA es importante porque:<\/p><ul style=\"margin-top: 0px;margin-bottom: 15px;margin-left: 30px;padding-left: 0px;border-width: 0px;border-style: none;font-size: 18px;line-height: inherit;font-family: Titillium, Arial, sans-serif;color: #666666\"><li style=\"margin-top: 0px;margin-bottom: 0px;margin-left: 0px;border-width: 0px;border-style: none;font-style: inherit;font-size: inherit;line-height: inherit;font-family: inherit;list-style-type: square\">Somos corresponsables de la educaci\u00f3n que nuestros hijos\/as reciben en el colegio.<\/li><li style=\"margin-top: 0px;margin-bottom: 0px;margin-left: 0px;border-width: 0px;border-style: none;font-style: inherit;font-size: inherit;line-height: inherit;font-family: inherit;list-style-type: square\">Es un espacio para aportar iniciativas y trabajar con la direcci\u00f3n del Centro.<\/li><\/ul><h3 style=\"margin-bottom: 14px;border-width: 0px;border-style: none;font-size: 1.75em;line-height: 1.3em;font-family: Titillium, Arial, sans-serif;color: #444444;letter-spacing: -0.5px\">\u00bfC\u00f3mo puedes participar?<\/h3><p style=\"margin-top: 0px;margin-bottom: 1em;border-width: 0px;border-style: none;font-size: 18px;line-height: inherit;font-family: Titillium, Arial, sans-serif;color: #666666\">Participar en la AMPA es muy f\u00e1cil y cada uno decide el nivel de implicaci\u00f3n.<\/p><ul style=\"margin-top: 0px;margin-bottom: 15px;margin-left: 30px;padding-left: 0px;border-width: 0px;border-style: none;font-size: 18px;line-height: inherit;font-family: Titillium, Arial, sans-serif;color: #666666\"><li style=\"margin-top: 0px;margin-bottom: 0px;margin-left: 0px;border-width: 0px;border-style: none;font-style: inherit;font-size: inherit;line-height: inherit;font-family: inherit;list-style-type: square\">Puede asociarse en cualquier momento, aunque se entrega a las familias una ficha de inscripci\u00f3n con la matr\u00edcula en la que se indica la cuota anual por cada familia (la cuota es por familia no por ni\u00f1o\/a)<\/li><li style=\"margin-top: 0px;margin-bottom: 0px;margin-left: 0px;border-width: 0px;border-style: none;font-style: inherit;font-size: inherit;line-height: inherit;font-family: inherit;list-style-type: square\">Puede tambi\u00e9n participar a trav\u00e9s de las asambleas, incorpor\u00e1ndote a las reuniones abiertas que se convoquen.<\/li><li style=\"margin-top: 0px;margin-bottom: 0px;margin-left: 0px;border-width: 0px;border-style: none;font-style: inherit;font-size: inherit;line-height: inherit;font-family: inherit;list-style-type: square\">Puede colaborar en los diferentes grupos de trabajo o en actividades puntuales que se organizan desde la AMPA a lo largo del curso.<\/li><li style=\"margin-top: 0px;margin-bottom: 0px;margin-left: 0px;border-width: 0px;border-style: none;font-style: inherit;font-size: inherit;line-height: inherit;font-family: inherit;list-style-type: square\">Puede proponer iniciativas, plantear temas de debate, organizar actividades, etc., \u00a0dirigi\u00e9ndote a cualquier miembro de la junta directiva.<\/li><\/ul><p style=\"margin-top: 0px;margin-bottom: 1em;border-width: 0px;border-style: none;font-size: 18px;line-height: inherit;font-family: Titillium, Arial, sans-serif;color: #666666\">Como ves, hay muchas formas de participar y es muy importante que m\u00e1s padres y madres pasemos a la\u00a0<strong style=\"margin: 0px;padding: 0px;border: 0px;font-style: inherit;font-size: inherit;line-height: inherit;font-family: inherit;vertical-align: baseline\">Participa-ACCI\u00d3N<\/strong>, de forma activa y colectiva.<\/p><h3 style=\"margin-bottom: 14px;border-width: 0px;border-style: none;font-size: 1.75em;line-height: 1.3em;font-family: Titillium, Arial, sans-serif;color: #444444;letter-spacing: -0.5px\">\u00bfPara qu\u00e9 sirve?<\/h3><ul style=\"margin-top: 0px;margin-bottom: 15px;margin-left: 30px;padding-left: 0px;border-width: 0px;border-style: none;font-size: 18px;line-height: inherit;font-family: Titillium, Arial, sans-serif;color: #666666\"><li style=\"margin-top: 0px;margin-bottom: 0px;margin-left: 0px;border-width: 0px;border-style: none;font-style: inherit;font-size: inherit;line-height: inherit;font-family: inherit;list-style-type: square\">Para defender y velar por el derecho a una educaci\u00f3n de calidad, democr\u00e1tica, atendiendo a las necesidades de todos los ni\u00f1os\/as \u00a0y cr\u00edtica.<\/li><li style=\"margin-top: 0px;margin-bottom: 0px;margin-left: 0px;border-width: 0px;border-style: none;font-style: inherit;font-size: inherit;line-height: inherit;font-family: inherit;list-style-type: square\">Para promover la participaci\u00f3n de padres y madres en la vida del centro, defendiendo los intereses del alumnado y de toda la comunidad educativa.<\/li><li style=\"margin-top: 0px;margin-bottom: 0px;margin-left: 0px;border-width: 0px;border-style: none;font-style: inherit;font-size: inherit;line-height: inherit;font-family: inherit;list-style-type: square\">Para buscar soluciones de forma colectiva a temas relacionados con la ense\u00f1anza y educaci\u00f3n de nuestros hijos\/as.<\/li><li style=\"margin-top: 0px;margin-bottom: 0px;margin-left: 0px;border-width: 0px;border-style: none;font-style: inherit;font-size: inherit;line-height: inherit;font-family: inherit;list-style-type: square\">Para crear espacios de encuentro y trabajo en el resto de la comunidad educativa y con el entorno.<\/li><li style=\"margin-top: 0px;margin-bottom: 0px;margin-left: 0px;border-width: 0px;border-style: none;font-style: inherit;font-size: inherit;line-height: inherit;font-family: inherit;list-style-type: square\">Para crear espacios de reflexi\u00f3n y participaci\u00f3n compartida sobre la educaci\u00f3n de nuestros hijos\/as<br \/>Para participar en la gesti\u00f3n del colegio.<\/li><\/ul><h3 style=\"margin-bottom: 14px;border-width: 0px;border-style: none;font-size: 1.75em;line-height: 1.3em;font-family: Titillium, Arial, sans-serif;color: #444444;letter-spacing: -0.5px\">\u00bfC\u00f3mo se financia?<\/h3><p style=\"margin-top: 0px;margin-bottom: 1em;border-width: 0px;border-style: none;font-size: 18px;line-height: inherit;font-family: Titillium, Arial, sans-serif;color: #666666\">La AMPA se financia a trav\u00e9s de las cuotas de socios\/as.<br \/>La cuota de socios\/as es el \u00fanico pago que realizan las familias y que gestiona la AMPA para el beneficio exclusivo de la comunidad educativa y en definitiva de la educaci\u00f3n que reciben\u00a0 nuestros hijos\/as en el centro.<\/p><h3><strong><span style=\"font-size: 18pt\">Contacta con nosotros<\/span><\/strong><\/h3><ul><li><span style=\"font-size: 14pt\">correo electr\u00f3nico: ampadulas@gmail.com<\/span><\/li><li><span style=\"font-size: 14pt\">instagram: <a href=\"https:\/\/www.instagram.com\/ampa_dulas?igsh=OHJldmxyM29tazYz\">ampa_dulas<\/a><\/span><\/li><\/ul>\t\t\t\t\t\t\t\t<\/div>\n\t\t\t\t<\/div>\n\t\t\t\t\t<\/div>\n\t\t\t\t<\/div>\n\t\t\t\t<\/div>\n\t\t","protected":false},"excerpt":{"rendered":"<p>La\u00a0AMPA DULAS es una asociaci\u00f3n sin \u00e1nimo de lucro que est\u00e1 formada por los padres y madres del alumnado del Centro. Es un punto de encuentro y de trabajo independiente, abierto y plural. Desde&#46;&#46;&#46;<\/p>\n","protected":false},"author":17292,"featured_media":0,"parent":0,"menu_order":0,"comment_status":"closed","ping_status":"closed","template":"","meta":{"_exactmetrics_skip_tracking":false,"_exactmetrics_sitenote_active":false,"_exactmetrics_sitenote_note":"","_exactmetrics_sitenote_category":0,"ngg_post_thumbnail":0,"footnotes":"","_mc_calendar":[]},"aioseo_notices":[],"_links":{"self":[{"href":"https:\/\/blogsaverroes.juntadeandalucia.es\/colelasalud\/wp-json\/wp\/v2\/pages\/840"}],"collection":[{"href":"https:\/\/blogsaverroes.juntadeandalucia.es\/colelasalud\/wp-json\/wp\/v2\/pages"}],"about":[{"href":"https:\/\/blogsaverroes.juntadeandalucia.es\/colelasalud\/wp-json\/wp\/v2\/types\/page"}],"author":[{"embeddable":true,"href":"https:\/\/blogsaverroes.juntadeandalucia.es\/colelasalud\/wp-json\/wp\/v2\/users\/17292"}],"replies":[{"embeddable":true,"href":"https:\/\/blogsaverroes.juntadeandalucia.es\/colelasalud\/wp-json\/wp\/v2\/comments?post=840"}],"version-history":[{"count":22,"href":"https:\/\/blogsaverroes.juntadeandalucia.es\/colelasalud\/wp-json\/wp\/v2\/pages\/840\/revisions"}],"predecessor-version":[{"id":1592,"href":"https:\/\/blogsaverroes.juntadeandalucia.es\/colelasalud\/wp-json\/wp\/v2\/pages\/840\/revisions\/1592"}],"wp:attachment":[{"href":"https:\/\/blogsaverroes.juntadeandalucia.es\/colelasalud\/wp-json\/wp\/v2\/media?parent=840"}],"curies":[{"name":"wp","href":"https:\/\/api.w.org\/{rel}","templated":true}]}}