{"id":845,"date":"2020-12-18T08:40:01","date_gmt":"2020-12-18T07:40:01","guid":{"rendered":"https:\/\/blogsaverroes.juntadeandalucia.es\/pre\/plantilla-pencil\/?page_id=845"},"modified":"2025-02-18T09:50:12","modified_gmt":"2025-02-18T08:50:12","slug":"aula-matinal","status":"publish","type":"page","link":"https:\/\/blogsaverroes.juntadeandalucia.es\/colelasalud\/aula-matinal\/","title":{"rendered":"Aula matinal"},"content":{"rendered":"\t\t<div data-elementor-type=\"wp-page\" data-elementor-id=\"845\" class=\"elementor elementor-845\">\n\t\t\t\t<div class=\"elementor-element elementor-element-a1fd8f5 e-flex e-con-boxed e-con e-parent\" data-id=\"a1fd8f5\" data-element_type=\"container\">\n\t\t\t\t\t<div class=\"e-con-inner\">\n\t\t\t\t<div class=\"elementor-element elementor-element-b730867 elementor-widget elementor-widget-image\" data-id=\"b730867\" data-element_type=\"widget\" data-widget_type=\"image.default\">\n\t\t\t\t<div class=\"elementor-widget-container\">\n\t\t\t\t\t\t\t\t\t\t\t\t\t\t\t\t<a href=\"https:\/\/www.gestionprofesional.es\/\" target=\"_blank\">\n\t\t\t\t\t\t\t<img decoding=\"async\" width=\"205\" height=\"60\" src=\"https:\/\/blogsaverroes.juntadeandalucia.es\/colelasalud\/files\/2025\/02\/logogpstik-1.png\" class=\"attachment-large size-large wp-image-1443\" alt=\"\" \/>\t\t\t\t\t\t\t\t<\/a>\n\t\t\t\t\t\t\t\t\t\t\t\t\t\t\t<\/div>\n\t\t\t\t<\/div>\n\t\t\t\t<div class=\"elementor-element elementor-element-0405e0a elementor-widget elementor-widget-text-editor\" data-id=\"0405e0a\" data-element_type=\"widget\" data-widget_type=\"text-editor.default\">\n\t\t\t\t<div class=\"elementor-widget-container\">\n\t\t\t\t\t\t\t\t\t<p>La empresa&nbsp;<strong><a href=\"https:\/\/www.gestionprofesional.es\/\">GP SERVICIOS EDUCATIVOS SL<\/a><\/strong>&nbsp;es la encargada de la concesi\u00f3n del servicio p\u00fablico de aula matinal en nuestro centro escolar en la modalidad de concesi\u00f3n por parte de la&nbsp;<a href=\"https:\/\/www.juntadeandalucia.es\/temas\/contratacion-publica\/perfiles-licitaciones\/perfiles-contratante\/detalle\/COED02.html\">Agencia P\u00fablica Andaluza de Educaci\u00f3n<\/a><\/p>\n<h4 id=\"mce_67\"><strong>\u00bfC\u00d3MO FUNCIONA?<\/strong><\/h4>\n<ol>\n<li>El&nbsp;<strong>alta\/baja del servicio<\/strong>&nbsp;deber\u00e1 notificarse en el&nbsp;<strong>centro escolar del 1 al 25<\/strong>&nbsp;de cada mes, haci\u00e9ndose efectivo para el mes siguiente.<\/li>\n<li><strong>P\u00e9rdida de condici\u00f3n de usuario\/a:<\/strong>\n<ol>\n<li>Si el alta \u00f3 baja no se realiza correctamente en el centro.<\/li>\n<li>El impago de dos recibos.<\/li>\n<li>Cuando no utilice el servicio durante 5 d\u00edas consecutivos y sin causa justificada.<\/li>\n<\/ol>\n<\/li>\n<li>El&nbsp;<strong>cobro<\/strong>&nbsp;ser\u00e1 realizado por la empresa &nbsp;<strong><a href=\"https:\/\/www.gestionprofesional.es\/\">GP SERVICIOS EDUCATIVOS SL<\/a><\/strong>, al n\u00famero de cuenta que usted facilit\u00f3 al centro, mediante&nbsp;domiciliaci\u00f3n bancaria.<\/li>\n<li>La&nbsp;<strong>devoluci\u00f3n<\/strong>&nbsp;de alg\u00fan recibo conlleva un&nbsp;<strong>cargo adicional<\/strong>.<\/li>\n<li>Si usted realiza un&nbsp;<strong>cambio en su n\u00famero de cuenta<\/strong>, lo debe comunicar tanto al centro como a la empresa llamando al n\u00famero de tel\u00e9fono&nbsp;<strong>957 529 722&nbsp;<\/strong>o bien al correo electr\u00f3nico:&nbsp;<a href=\"mailto:aulamatinalgestion@gestionprofesional.es\">aulamatinalgestion@gestionprofesional.es<\/a><\/li>\n<li>El&nbsp;<strong>cargo<\/strong>&nbsp;del servicio p\u00fablico se realizar\u00e1 mensualmente a&nbsp;<strong>mes vencido<\/strong>,&nbsp;mediante domiciliaci\u00f3n bancaria, del 1 al 10 de cada mes. Es decir, el cobro del&nbsp;mes de septiembre se cargar\u00e1 en su cuenta del 1 al 10 de octubre.&nbsp;<\/li>\n<li>Para cualquier&nbsp;<strong>duda y\/o aclaraci\u00f3n<\/strong>&nbsp;respecto a la gesti\u00f3n de cobros puede contactar con nosotros a trav\u00e9s del email:&nbsp;<a href=\"mailto:aulamatinalgestion@gestionprofesional.es\">aulamatinalgestion@gestionprofesional.es<\/a>&nbsp;o a los tel\u00e9fonos:&nbsp;<strong>957 529 722<\/strong><\/li>\n<\/ol>\n<h4 id=\"mce_67\"><strong>\u00bfCU\u00c1NTO CUESTA?<\/strong><\/h4>\n<p>Son precios p\u00fablicos por el&nbsp;ACUERDO de 27 de julio de 2023, del Consejo de Gobierno, por&nbsp;el que se fija la cuant\u00eda de los precios p\u00fablicos por los servicios prestados en los centros de&nbsp;Primer Ciclo de Educaci\u00f3n Infantil, y por los servicios de aula matinal, comedor escolar y&nbsp;actividades extraescolares en los centros docentes p\u00fablicos:<\/p>\n<ul>\n<li>Precio Mensual por usuario\/a es de: 17,51\u20ac.<\/li>\n<li>Precio D\u00eda Suelto por usuario\/a es de: 1,33\u20ac.<\/li>\n<\/ul>\n<p><strong>Nota<\/strong>: Esta informaci\u00f3n est\u00e1 sujeta a cambios sin previo aviso.&nbsp;<\/p>\n<h4><strong>DESARROLLO DEL SERVICIO<\/strong><\/h4>\n<p>Procedemos a comunicarles informaci\u00f3n importante sobre el aula matinal.&nbsp;<\/p>\n<p><strong>HORARIO:<\/strong><\/p>\n<p>De 7.30 a 8.50 podr\u00e1n acceder al aula, a partir de esta hora, las monitoras ser\u00e1n las encargadas de hacer el traslado de los alumnos y alumnas hasta el centro.<\/p>\n<p><strong>LUGAR:<\/strong><\/p>\n<p>El servicio se llevar\u00e1 a cabo en el comedor y patio de infantil.<\/p>\n<p><strong>ACCESOS:<\/strong><\/p>\n<p>Se acceder\u00e1 por la&nbsp;<strong>puerta principal del edificio de Educaci\u00f3n Infantil.<\/strong><\/p>\n<p><strong>Normativa que regula el servicio:<\/strong><\/p>\n<p><em>Orden de 17 abril de 2017<\/em>, por la que se regula la organizaci\u00f3n y el funcionamiento de los servicios complementarios de aula matinal, comedor escolar y actividades extraescolares, as\u00ed como el uso de las instalaciones de los centros docentes p\u00fablicos de la Comunidad Aut\u00f3noma de Andaluc\u00eda fuera del horario escolar<\/p>\t\t\t\t\t\t\t\t<\/div>\n\t\t\t\t<\/div>\n\t\t\t\t\t<\/div>\n\t\t\t\t<\/div>\n\t\t\t\t<\/div>\n\t\t","protected":false},"excerpt":{"rendered":"<p>La empresa&nbsp;GP SERVICIOS EDUCATIVOS SL&nbsp;es la encargada de la concesi\u00f3n del servicio p\u00fablico de aula matinal en nuestro centro escolar en la modalidad de concesi\u00f3n por parte de la&nbsp;Agencia P\u00fablica Andaluza de Educaci\u00f3n \u00bfC\u00d3MO&#46;&#46;&#46;<\/p>\n","protected":false},"author":17292,"featured_media":0,"parent":0,"menu_order":0,"comment_status":"closed","ping_status":"closed","template":"","meta":{"_exactmetrics_skip_tracking":false,"_exactmetrics_sitenote_active":false,"_exactmetrics_sitenote_note":"","_exactmetrics_sitenote_category":0,"ngg_post_thumbnail":0,"footnotes":"","_mc_calendar":[]},"aioseo_notices":[],"_links":{"self":[{"href":"https:\/\/blogsaverroes.juntadeandalucia.es\/colelasalud\/wp-json\/wp\/v2\/pages\/845"}],"collection":[{"href":"https:\/\/blogsaverroes.juntadeandalucia.es\/colelasalud\/wp-json\/wp\/v2\/pages"}],"about":[{"href":"https:\/\/blogsaverroes.juntadeandalucia.es\/colelasalud\/wp-json\/wp\/v2\/types\/page"}],"author":[{"embeddable":true,"href":"https:\/\/blogsaverroes.juntadeandalucia.es\/colelasalud\/wp-json\/wp\/v2\/users\/17292"}],"replies":[{"embeddable":true,"href":"https:\/\/blogsaverroes.juntadeandalucia.es\/colelasalud\/wp-json\/wp\/v2\/comments?post=845"}],"version-history":[{"count":4,"href":"https:\/\/blogsaverroes.juntadeandalucia.es\/colelasalud\/wp-json\/wp\/v2\/pages\/845\/revisions"}],"predecessor-version":[{"id":1446,"href":"https:\/\/blogsaverroes.juntadeandalucia.es\/colelasalud\/wp-json\/wp\/v2\/pages\/845\/revisions\/1446"}],"wp:attachment":[{"href":"https:\/\/blogsaverroes.juntadeandalucia.es\/colelasalud\/wp-json\/wp\/v2\/media?parent=845"}],"curies":[{"name":"wp","href":"https:\/\/api.w.org\/{rel}","templated":true}]}}