{"id":850,"date":"2020-12-18T08:41:27","date_gmt":"2020-12-18T07:41:27","guid":{"rendered":"https:\/\/blogsaverroes.juntadeandalucia.es\/pre\/plantilla-pencil\/?page_id=850"},"modified":"2025-02-18T11:52:49","modified_gmt":"2025-02-18T10:52:49","slug":"planes-y-proyectos","status":"publish","type":"page","link":"https:\/\/blogsaverroes.juntadeandalucia.es\/colelasalud\/planes-y-proyectos\/","title":{"rendered":"Planes y Proyectos"},"content":{"rendered":"\t\t<div data-elementor-type=\"wp-page\" data-elementor-id=\"850\" class=\"elementor elementor-850\">\n\t\t\t\t<div class=\"elementor-element elementor-element-4a4abbc e-flex e-con-boxed e-con e-parent\" data-id=\"4a4abbc\" data-element_type=\"container\">\n\t\t\t\t\t<div class=\"e-con-inner\">\n\t\t\t\t<div class=\"elementor-element elementor-element-606970f elementor-widget elementor-widget-image\" data-id=\"606970f\" data-element_type=\"widget\" data-widget_type=\"image.default\">\n\t\t\t\t<div class=\"elementor-widget-container\">\n\t\t\t\t\t\t\t\t\t\t\t\t\t\t\t<img fetchpriority=\"high\" decoding=\"async\" width=\"612\" height=\"400\" src=\"https:\/\/blogsaverroes.juntadeandalucia.es\/colelasalud\/files\/2025\/02\/istockphoto-1089037012-612x612-1.jpg\" class=\"attachment-large size-large wp-image-1224\" alt=\"\" srcset=\"https:\/\/blogsaverroes.juntadeandalucia.es\/colelasalud\/files\/2025\/02\/istockphoto-1089037012-612x612-1.jpg 612w, https:\/\/blogsaverroes.juntadeandalucia.es\/colelasalud\/files\/2025\/02\/istockphoto-1089037012-612x612-1-300x196.jpg 300w\" sizes=\"(max-width: 612px) 100vw, 612px\" \/>\t\t\t\t\t\t\t\t\t\t\t\t\t\t\t<\/div>\n\t\t\t\t<\/div>\n\t\t\t\t\t<\/div>\n\t\t\t\t<\/div>\n\t\t<div class=\"elementor-element elementor-element-02e44d7 e-flex e-con-boxed e-con e-parent\" data-id=\"02e44d7\" data-element_type=\"container\">\n\t\t\t\t\t<div class=\"e-con-inner\">\n\t\t\t\t<div class=\"elementor-element elementor-element-fe86746 elementor-widget elementor-widget-text-editor\" data-id=\"fe86746\" data-element_type=\"widget\" data-widget_type=\"text-editor.default\">\n\t\t\t\t<div class=\"elementor-widget-container\">\n\t\t\t\t\t\t\t\t\t<p>En nuestro centro desarrollamos los siguientes Planes y Proyectos Educativos con el fin de fomentar el trabajo cooperativo y la mejora continua del aprendizaje de nuestros alumnos y alumnas.<\/p><ul><li><strong>Programa Cima:<\/strong> pretendemos construir una sociedad m\u00e1s sostenible e inclusiva desde el \u00e1mbito educativo.<\/li><li><b>Pacto de estado contra la violencia de g\u00e9nero:\u00a0<\/b>con la finalidad de realizar medidas que eviten conductas sexistas y desarrollar medidas que promuevan la igualdad y la prevenci\u00f3n de la violencia de g\u00e9nero.<\/li><li><strong>PROA: <\/strong>mejorar el grado de adquisici\u00f3n de las competencias clave y la motivaci\u00f3n del alumnado con necesidades espec\u00edficas de apoyo educativo.<strong><br \/><\/strong><\/li><li><strong>Plan de Apertura:\u00a0<\/strong>Su objetivo es permitir la conciliaci\u00f3n de vida laboral y familiar, ofreciendo servicios de aula matinal, comedor y actividades extraescolares.<\/li><li><strong>Escuela Espacio de Paz:<\/strong>\u00a0compartir iniciativas, recursos y experiencias para la mejora de la convivencia escolar y la difusi\u00f3n de la Cultura de Paz.<strong><br \/><\/strong><\/li><li><strong>TDE:<\/strong> sienta las bases para una educaci\u00f3n m\u00e1s inclusiva y digital.<strong><br \/><\/strong><\/li><li><strong>Programa Impulsa: <\/strong>conjunto de actuaciones innovadoras, activas y experimentales orientadas favorecer el \u00e9xito educativo y reducir el abandono escolar.<strong><br \/><\/strong><\/li><li><strong>Programa Aldea: <\/strong>promover el desarrollo integrado de iniciativas de educaci\u00f3n ambiental ante la situaci\u00f3n de emergencia clim\u00e1tica actual.<strong><br \/><\/strong><\/li><li><strong>Plan de LyB:<\/strong> Promover el fomento de la lectura y el uso de la biblioteca entre nuestro alumnado.<\/li><\/ul>\t\t\t\t\t\t\t\t<\/div>\n\t\t\t\t<\/div>\n\t\t\t\t\t<\/div>\n\t\t\t\t<\/div>\n\t\t<div class=\"elementor-element elementor-element-e89bb40 e-grid e-con-boxed e-con e-parent\" data-id=\"e89bb40\" data-element_type=\"container\">\n\t\t\t\t\t<div class=\"e-con-inner\">\n\t\t\t\t<div class=\"elementor-element elementor-element-fd1bfa4 elementor-widget elementor-widget-image\" data-id=\"fd1bfa4\" data-element_type=\"widget\" data-widget_type=\"image.default\">\n\t\t\t\t<div class=\"elementor-widget-container\">\n\t\t\t\t\t\t\t\t\t\t\t\t\t\t\t<img decoding=\"async\" width=\"886\" height=\"1020\" src=\"https:\/\/blogsaverroes.juntadeandalucia.es\/colelasalud\/files\/2025\/02\/Logo-Cima_mas-resolucion.png\" class=\"attachment-full size-full wp-image-1235\" alt=\"\" srcset=\"https:\/\/blogsaverroes.juntadeandalucia.es\/colelasalud\/files\/2025\/02\/Logo-Cima_mas-resolucion.png 886w, https:\/\/blogsaverroes.juntadeandalucia.es\/colelasalud\/files\/2025\/02\/Logo-Cima_mas-resolucion-261x300.png 261w, https:\/\/blogsaverroes.juntadeandalucia.es\/colelasalud\/files\/2025\/02\/Logo-Cima_mas-resolucion-768x884.png 768w\" sizes=\"(max-width: 886px) 100vw, 886px\" \/>\t\t\t\t\t\t\t\t\t\t\t\t\t\t\t<\/div>\n\t\t\t\t<\/div>\n\t\t\t\t<div class=\"elementor-element elementor-element-cdddead elementor-widget elementor-widget-image\" data-id=\"cdddead\" data-element_type=\"widget\" data-widget_type=\"image.default\">\n\t\t\t\t<div class=\"elementor-widget-container\">\n\t\t\t\t\t\t\t\t\t\t\t\t\t\t\t<img decoding=\"async\" width=\"300\" height=\"240\" src=\"https:\/\/blogsaverroes.juntadeandalucia.es\/colelasalud\/files\/2025\/02\/logo_pacto_estado-300x240.png\" class=\"attachment-medium size-medium wp-image-1219\" alt=\"\" srcset=\"https:\/\/blogsaverroes.juntadeandalucia.es\/colelasalud\/files\/2025\/02\/logo_pacto_estado-300x240.png 300w, https:\/\/blogsaverroes.juntadeandalucia.es\/colelasalud\/files\/2025\/02\/logo_pacto_estado.png 556w\" sizes=\"(max-width: 300px) 100vw, 300px\" \/>\t\t\t\t\t\t\t\t\t\t\t\t\t\t\t<\/div>\n\t\t\t\t<\/div>\n\t\t\t\t<div class=\"elementor-element elementor-element-cbd4e10 elementor-widget elementor-widget-image\" data-id=\"cbd4e10\" data-element_type=\"widget\" data-widget_type=\"image.default\">\n\t\t\t\t<div class=\"elementor-widget-container\">\n\t\t\t\t\t\t\t\t\t\t\t\t\t\t\t<img loading=\"lazy\" decoding=\"async\" width=\"260\" height=\"148\" src=\"https:\/\/blogsaverroes.juntadeandalucia.es\/colelasalud\/files\/2025\/02\/imagen_enlace_proa-1.jpg\" class=\"attachment-full size-full wp-image-1247\" alt=\"\" \/>\t\t\t\t\t\t\t\t\t\t\t\t\t\t\t<\/div>\n\t\t\t\t<\/div>\n\t\t\t\t<div class=\"elementor-element elementor-element-617e066 elementor-widget elementor-widget-image\" data-id=\"617e066\" data-element_type=\"widget\" data-widget_type=\"image.default\">\n\t\t\t\t<div class=\"elementor-widget-container\">\n\t\t\t\t\t\t\t\t\t\t\t\t\t\t\t<img loading=\"lazy\" decoding=\"async\" width=\"389\" height=\"285\" src=\"https:\/\/blogsaverroes.juntadeandalucia.es\/colelasalud\/files\/2025\/02\/Plan-de-apertura.jpg\" class=\"attachment-large size-large wp-image-1249\" alt=\"\" srcset=\"https:\/\/blogsaverroes.juntadeandalucia.es\/colelasalud\/files\/2025\/02\/Plan-de-apertura.jpg 389w, https:\/\/blogsaverroes.juntadeandalucia.es\/colelasalud\/files\/2025\/02\/Plan-de-apertura-300x220.jpg 300w\" sizes=\"(max-width: 389px) 100vw, 389px\" \/>\t\t\t\t\t\t\t\t\t\t\t\t\t\t\t<\/div>\n\t\t\t\t<\/div>\n\t\t\t\t<div class=\"elementor-element elementor-element-d1384f7 elementor-widget elementor-widget-image\" data-id=\"d1384f7\" data-element_type=\"widget\" data-widget_type=\"image.default\">\n\t\t\t\t<div class=\"elementor-widget-container\">\n\t\t\t\t\t\t\t\t\t\t\t\t\t\t\t<img loading=\"lazy\" decoding=\"async\" width=\"400\" height=\"287\" src=\"https:\/\/blogsaverroes.juntadeandalucia.es\/colelasalud\/files\/2025\/02\/Red-Andaluza-Escuela-Espacio-de-Paz.jpg\" class=\"attachment-large size-large wp-image-1252\" alt=\"\" srcset=\"https:\/\/blogsaverroes.juntadeandalucia.es\/colelasalud\/files\/2025\/02\/Red-Andaluza-Escuela-Espacio-de-Paz.jpg 400w, https:\/\/blogsaverroes.juntadeandalucia.es\/colelasalud\/files\/2025\/02\/Red-Andaluza-Escuela-Espacio-de-Paz-300x215.jpg 300w\" sizes=\"(max-width: 400px) 100vw, 400px\" \/>\t\t\t\t\t\t\t\t\t\t\t\t\t\t\t<\/div>\n\t\t\t\t<\/div>\n\t\t\t\t<div class=\"elementor-element elementor-element-5009be3 elementor-widget elementor-widget-image\" data-id=\"5009be3\" data-element_type=\"widget\" data-widget_type=\"image.default\">\n\t\t\t\t<div class=\"elementor-widget-container\">\n\t\t\t\t\t\t\t\t\t\t\t\t\t\t\t<img loading=\"lazy\" decoding=\"async\" width=\"150\" height=\"150\" src=\"https:\/\/blogsaverroes.juntadeandalucia.es\/colelasalud\/files\/2025\/02\/logo_TDE-150x150-1.png\" class=\"attachment-large size-large wp-image-1250\" alt=\"\" \/>\t\t\t\t\t\t\t\t\t\t\t\t\t\t\t<\/div>\n\t\t\t\t<\/div>\n\t\t\t\t<div class=\"elementor-element elementor-element-2119b74 elementor-widget elementor-widget-image\" data-id=\"2119b74\" data-element_type=\"widget\" data-widget_type=\"image.default\">\n\t\t\t\t<div class=\"elementor-widget-container\">\n\t\t\t\t\t\t\t\t\t\t\t\t\t\t\t<img loading=\"lazy\" decoding=\"async\" width=\"276\" height=\"182\" src=\"https:\/\/blogsaverroes.juntadeandalucia.es\/colelasalud\/files\/2025\/02\/descarga-3.jpg\" class=\"attachment-large size-large wp-image-1267\" alt=\"\" \/>\t\t\t\t\t\t\t\t\t\t\t\t\t\t\t<\/div>\n\t\t\t\t<\/div>\n\t\t\t\t<div class=\"elementor-element elementor-element-e882317 elementor-widget elementor-widget-image\" data-id=\"e882317\" data-element_type=\"widget\" data-widget_type=\"image.default\">\n\t\t\t\t<div class=\"elementor-widget-container\">\n\t\t\t\t\t\t\t\t\t\t\t\t\t\t\t<img loading=\"lazy\" decoding=\"async\" width=\"497\" height=\"121\" src=\"https:\/\/blogsaverroes.juntadeandalucia.es\/colelasalud\/files\/2025\/02\/layout_set_logo.png\" class=\"attachment-large size-large wp-image-1251\" alt=\"\" srcset=\"https:\/\/blogsaverroes.juntadeandalucia.es\/colelasalud\/files\/2025\/02\/layout_set_logo.png 497w, https:\/\/blogsaverroes.juntadeandalucia.es\/colelasalud\/files\/2025\/02\/layout_set_logo-300x73.png 300w\" sizes=\"(max-width: 497px) 100vw, 497px\" \/>\t\t\t\t\t\t\t\t\t\t\t\t\t\t\t<\/div>\n\t\t\t\t<\/div>\n\t\t\t\t<div class=\"elementor-element elementor-element-ce6435c elementor-widget elementor-widget-image\" data-id=\"ce6435c\" data-element_type=\"widget\" data-widget_type=\"image.default\">\n\t\t\t\t<div class=\"elementor-widget-container\">\n\t\t\t\t\t\t\t\t\t\t\t\t\t\t\t<img loading=\"lazy\" decoding=\"async\" width=\"287\" height=\"175\" src=\"https:\/\/blogsaverroes.juntadeandalucia.es\/colelasalud\/files\/2025\/02\/PLyB-1.jpg\" class=\"attachment-large size-large wp-image-1258\" alt=\"\" \/>\t\t\t\t\t\t\t\t\t\t\t\t\t\t\t<\/div>\n\t\t\t\t<\/div>\n\t\t\t\t\t<\/div>\n\t\t\t\t<\/div>\n\t\t\t\t<\/div>\n\t\t","protected":false},"excerpt":{"rendered":"<p>En nuestro centro desarrollamos los siguientes Planes y Proyectos Educativos con el fin de fomentar el trabajo cooperativo y la mejora continua del aprendizaje de nuestros alumnos y alumnas. Programa Cima: pretendemos construir una&#46;&#46;&#46;<\/p>\n","protected":false},"author":17292,"featured_media":0,"parent":0,"menu_order":0,"comment_status":"closed","ping_status":"closed","template":"","meta":{"_exactmetrics_skip_tracking":false,"_exactmetrics_sitenote_active":false,"_exactmetrics_sitenote_note":"","_exactmetrics_sitenote_category":0,"ngg_post_thumbnail":0,"footnotes":"","_mc_calendar":[]},"aioseo_notices":[],"_links":{"self":[{"href":"https:\/\/blogsaverroes.juntadeandalucia.es\/colelasalud\/wp-json\/wp\/v2\/pages\/850"}],"collection":[{"href":"https:\/\/blogsaverroes.juntadeandalucia.es\/colelasalud\/wp-json\/wp\/v2\/pages"}],"about":[{"href":"https:\/\/blogsaverroes.juntadeandalucia.es\/colelasalud\/wp-json\/wp\/v2\/types\/page"}],"author":[{"embeddable":true,"href":"https:\/\/blogsaverroes.juntadeandalucia.es\/colelasalud\/wp-json\/wp\/v2\/users\/17292"}],"replies":[{"embeddable":true,"href":"https:\/\/blogsaverroes.juntadeandalucia.es\/colelasalud\/wp-json\/wp\/v2\/comments?post=850"}],"version-history":[{"count":43,"href":"https:\/\/blogsaverroes.juntadeandalucia.es\/colelasalud\/wp-json\/wp\/v2\/pages\/850\/revisions"}],"predecessor-version":[{"id":1466,"href":"https:\/\/blogsaverroes.juntadeandalucia.es\/colelasalud\/wp-json\/wp\/v2\/pages\/850\/revisions\/1466"}],"wp:attachment":[{"href":"https:\/\/blogsaverroes.juntadeandalucia.es\/colelasalud\/wp-json\/wp\/v2\/media?parent=850"}],"curies":[{"name":"wp","href":"https:\/\/api.w.org\/{rel}","templated":true}]}}