{"id":853,"date":"2020-12-18T08:50:47","date_gmt":"2020-12-18T07:50:47","guid":{"rendered":"https:\/\/blogsaverroes.juntadeandalucia.es\/pre\/plantilla-pencil\/?page_id=853"},"modified":"2025-02-18T12:16:14","modified_gmt":"2025-02-18T11:16:14","slug":"nuestra-historia","status":"publish","type":"page","link":"https:\/\/blogsaverroes.juntadeandalucia.es\/colelasalud\/nuestra-historia\/","title":{"rendered":"Nuestra Historia"},"content":{"rendered":"\t\t<div data-elementor-type=\"wp-page\" data-elementor-id=\"853\" class=\"elementor elementor-853\">\n\t\t\t\t<div class=\"elementor-element elementor-element-1be6e69e e-flex e-con-boxed e-con e-parent\" data-id=\"1be6e69e\" data-element_type=\"container\">\n\t\t\t\t\t<div class=\"e-con-inner\">\n\t\t\t\t\t<\/div>\n\t\t\t\t<\/div>\n\t\t<div class=\"elementor-element elementor-element-a1bb48f e-flex e-con-boxed e-con e-parent\" data-id=\"a1bb48f\" data-element_type=\"container\">\n\t\t\t\t\t<div class=\"e-con-inner\">\n\t\t\t\t<div class=\"elementor-element elementor-element-1998eef elementor-widget elementor-widget-image\" data-id=\"1998eef\" data-element_type=\"widget\" data-widget_type=\"image.default\">\n\t\t\t\t<div class=\"elementor-widget-container\">\n\t\t\t\t\t\t\t\t\t\t\t\t\t\t\t<img decoding=\"async\" src=\"https:\/\/blogsaverroes.juntadeandalucia.es\/colelasalud\/files\/2025\/02\/pngtree-school-building-cartoon-school-building-campus-png-image_5689019-1-640x300.jpg\" title=\"pngtree-school-building-cartoon-school-building-campus-png-image_5689019 (1)\" alt=\"pngtree-school-building-cartoon-school-building-campus-png-image_5689019 (1)\" loading=\"lazy\" \/>\t\t\t\t\t\t\t\t\t\t\t\t\t\t\t<\/div>\n\t\t\t\t<\/div>\n\t\t\t\t<div class=\"elementor-element elementor-element-59205cb elementor-widget elementor-widget-text-editor\" data-id=\"59205cb\" data-element_type=\"widget\" data-widget_type=\"text-editor.default\">\n\t\t\t\t<div class=\"elementor-widget-container\">\n\t\t\t\t\t\t\t\t\t<p style=\"text-align: justify\">El Centro esta enclavado en una zona singular de Posadas, que es la barriada de Nuestra Se\u00f1ora de la Salud. Este barrio data de los a\u00f1os 60 y se halla conformado, en su mayor\u00eda, por casas individuales, de una sola planta, de dimensiones reducidas. En los \u00faltimos a\u00f1os se han realizado nuevas construcciones y ampliaciones de viviendas.<\/p>\n<p style=\"text-align: justify\">Somos un Centro de Educaci\u00f3n Infantil y Primaria de dos l\u00edneas. Contamos con dos edificios. En uno de ellos se ubica la Educaci\u00f3n Infantil y el comedor, as\u00ed como una gran pista deportiva que sirve de patio de recreo y una zona de arena. El otro edificio acoge la Educaci\u00f3n Primaria y el resto de dependencias del Centro.<\/p>\n<p style=\"text-align: justify\">&nbsp;Las dependencias de las que disponemos est\u00e1n formadas por un edificio adaptado con aulas especificas para E. Musical, Idioma, Inform\u00e1tica, Aulas de Audici\u00f3n, Lenguaje, Apoyo a la Integraci\u00f3n, Espec\u00edfica de Educaci\u00f3n Especial, S.U.M., Gimnasio cubierto y diferentes despachos, Sala de Profesorado, Oficina de la A.M.P.A, etc.<\/p>\t\t\t\t\t\t\t\t<\/div>\n\t\t\t\t<\/div>\n\t\t\t\t\t<\/div>\n\t\t\t\t<\/div>\n\t\t\t\t<\/div>\n\t\t","protected":false},"excerpt":{"rendered":"<p>El Centro esta enclavado en una zona singular de Posadas, que es la barriada de Nuestra Se\u00f1ora de la Salud. Este barrio data de los a\u00f1os 60 y se halla conformado, en su mayor\u00eda,&#46;&#46;&#46;<\/p>\n","protected":false},"author":17292,"featured_media":0,"parent":0,"menu_order":0,"comment_status":"closed","ping_status":"closed","template":"","meta":{"_exactmetrics_skip_tracking":false,"_exactmetrics_sitenote_active":false,"_exactmetrics_sitenote_note":"","_exactmetrics_sitenote_category":0,"ngg_post_thumbnail":0,"footnotes":"","_mc_calendar":[]},"aioseo_notices":[],"_links":{"self":[{"href":"https:\/\/blogsaverroes.juntadeandalucia.es\/colelasalud\/wp-json\/wp\/v2\/pages\/853"}],"collection":[{"href":"https:\/\/blogsaverroes.juntadeandalucia.es\/colelasalud\/wp-json\/wp\/v2\/pages"}],"about":[{"href":"https:\/\/blogsaverroes.juntadeandalucia.es\/colelasalud\/wp-json\/wp\/v2\/types\/page"}],"author":[{"embeddable":true,"href":"https:\/\/blogsaverroes.juntadeandalucia.es\/colelasalud\/wp-json\/wp\/v2\/users\/17292"}],"replies":[{"embeddable":true,"href":"https:\/\/blogsaverroes.juntadeandalucia.es\/colelasalud\/wp-json\/wp\/v2\/comments?post=853"}],"version-history":[{"count":10,"href":"https:\/\/blogsaverroes.juntadeandalucia.es\/colelasalud\/wp-json\/wp\/v2\/pages\/853\/revisions"}],"predecessor-version":[{"id":1469,"href":"https:\/\/blogsaverroes.juntadeandalucia.es\/colelasalud\/wp-json\/wp\/v2\/pages\/853\/revisions\/1469"}],"wp:attachment":[{"href":"https:\/\/blogsaverroes.juntadeandalucia.es\/colelasalud\/wp-json\/wp\/v2\/media?parent=853"}],"curies":[{"name":"wp","href":"https:\/\/api.w.org\/{rel}","templated":true}]}}