{"id":871,"date":"2020-12-18T08:57:29","date_gmt":"2020-12-18T07:57:29","guid":{"rendered":"https:\/\/blogsaverroes.juntadeandalucia.es\/pre\/plantilla-pencil\/?page_id=871"},"modified":"2025-02-18T11:11:28","modified_gmt":"2025-02-18T10:11:28","slug":"comedor-escolar","status":"publish","type":"page","link":"https:\/\/blogsaverroes.juntadeandalucia.es\/colelasalud\/comedor-escolar\/","title":{"rendered":"Comedor escolar"},"content":{"rendered":"\t\t<div data-elementor-type=\"wp-page\" data-elementor-id=\"871\" class=\"elementor elementor-871\">\n\t\t\t\t<div class=\"elementor-element elementor-element-8fedd11 e-flex e-con-boxed e-con e-parent\" data-id=\"8fedd11\" data-element_type=\"container\">\n\t\t\t\t\t<div class=\"e-con-inner\">\n\t\t\t\t<div class=\"elementor-element elementor-element-3add5ff elementor-widget elementor-widget-image\" data-id=\"3add5ff\" data-element_type=\"widget\" data-widget_type=\"image.default\">\n\t\t\t\t<div class=\"elementor-widget-container\">\n\t\t\t\t\t\t\t\t\t\t\t\t\t\t\t\t<a href=\"https:\/\/www.mediterranea-group.com\/areas-de-negocio\/educacion\/\" target=\"_blank\">\n\t\t\t\t\t\t\t<img decoding=\"async\" width=\"246\" height=\"36\" src=\"https:\/\/blogsaverroes.juntadeandalucia.es\/colelasalud\/files\/2025\/02\/logo.png\" class=\"attachment-large size-large wp-image-1447\" alt=\"\" \/>\t\t\t\t\t\t\t\t<\/a>\n\t\t\t\t\t\t\t\t\t\t\t\t\t\t\t<\/div>\n\t\t\t\t<\/div>\n\t\t\t\t<div class=\"elementor-element elementor-element-b5f0efa elementor-widget elementor-widget-text-editor\" data-id=\"b5f0efa\" data-element_type=\"widget\" data-widget_type=\"text-editor.default\">\n\t\t\t\t<div class=\"elementor-widget-container\">\n\t\t\t\t\t\t\t\t\t<p>La empresa Mediterr\u00e1nea de Catering es la encargada de la concesi\u00f3n del servicio p\u00fablico de comedor en nuestro centro escolar en la modalidad de concesi\u00f3n por parte de la <strong><a href=\"https:\/\/www.juntadeandalucia.es\/temas\/contratacion-publica\/perfiles-licitaciones\/perfiles-contratante\/detalle\/COED02.html\">Agencia P\u00fablica Andaluza de Educaci\u00f3n\u00a0<\/a><\/strong>y adem\u00e1s, le informamos de las Condiciones Generales del Servicio de Comedor:<\/p><p>Condiciones de funcionamiento que nos establecen y que son las que a continuaci\u00f3n detallamos:<\/p><p><strong>ALTAS \u2013<\/strong>\u00a0La solicitud de alta se debe solicitar en el centro, rellenando el formulario del Servicio de Comedor de la Delegaci\u00f3n de Educaci\u00f3n, en dicho formulario es importante que indique los datos del usuario\/a, datos de los padres y la domiciliaci\u00f3n bancaria.<\/p><p><strong>BAJAS \u2013<\/strong>\u00a0Al igual que el alta, la solicitud de baja del Servicio de Comedor Escolar, se tramita a trav\u00e9s de la Direcci\u00f3n del Centro Escolar, rellenando el documento correspondiente y se comunicar\u00e1 con una antelaci\u00f3n de, al menos, una semana del inicio del mes en que se pretenda hacer efectiva la baja.<\/p><p><strong>FORMA DE PAGO \u2013\u00a0<\/strong>El cobro del Servicio de Comedor, se abonar\u00e1 a mes VENCIDO los d\u00edas 5 y 10 de cada mes, por domiciliaci\u00f3n bancaria; el alumno que no haya abonado la parte que le corresponda del servicio p\u00fablico, no tendr\u00e1 derecho al mismo, rogamos que antes de proceder a la devoluci\u00f3n del recibo si tiene alguna duda, comentario o incidencia se ponga en contacto con nosotros. En los recibos devueltos por el banco, se cobrar\u00e1n los gastos originados por el banco al gestionar la devoluci\u00f3n por un importe de 5 euros.<br \/>El recibo de septiembre se pasar\u00e1, de forma excepcional, a finales de octubre para adaptarnos lo m\u00e1ximo posible a las bonificaciones definitivas.<br \/>El impago, devoluci\u00f3n de dos recibos o 5 ausencias consecutivas no justificadas puede ocasionar la p\u00e9rdida de la plaza del comedor y la suspensi\u00f3n del servicio en tanto no se realice la liquidaci\u00f3n correspondiente.<\/p><p><strong>COSTE DEL MEN\u00da \u2013<\/strong>\u00a0Es de<strong><em>\u00a05,54\u20ac<\/em><\/strong>\u00a0(precio oficial BOJA curso 2024\/2025)\u00a0<em><strong>por d\u00eda<\/strong><\/em>\u00a0(IVA incluido) e incluye servicio de monitora, primer plato, segundo plato con guarnici\u00f3n, pan y postre. A este importe se le\u00a0<em>descontar\u00e1 la bonificaci\u00f3n<\/em>\u00a0que corresponda.<\/p><p><strong>CONSULTA DEL MEN\u00da \u2013 <\/strong>Puede consultar el men\u00fa mensual pinchando en el siguiente enlace.<\/p><p style=\"text-align: center\"><a href=\"https:\/\/drive.google.com\/drive\/folders\/1Fn29IY7hRWZwothMQNo5fZdeE2DQtfLA\"><strong>ACCEDE AQUI<\/strong><\/a><\/p><p><strong>Normativa que regula el servicio:<\/strong><\/p><ul id=\"mce_1\" class=\"editor-rich-text__tinymce mce-content-body\" role=\"textbox\"><li><em>Orden de 17 abril de 2017<\/em>, por la que se regula la organizaci\u00f3n y el funcionamiento de los servicios complementarios de aula matinal, comedor escolar y actividades extraescolares, as\u00ed como el uso de las instalaciones de los centros docentes p\u00fablicos de la Comunidad Aut\u00f3noma de Andaluc\u00eda fuera del horario escolar.<\/li><\/ul>\t\t\t\t\t\t\t\t<\/div>\n\t\t\t\t<\/div>\n\t\t\t\t\t<\/div>\n\t\t\t\t<\/div>\n\t\t\t\t<\/div>\n\t\t","protected":false},"excerpt":{"rendered":"<p>La empresa Mediterr\u00e1nea de Catering es la encargada de la concesi\u00f3n del servicio p\u00fablico de comedor en nuestro centro escolar en la modalidad de concesi\u00f3n por parte de la Agencia P\u00fablica Andaluza de Educaci\u00f3n\u00a0y&#46;&#46;&#46;<\/p>\n","protected":false},"author":17292,"featured_media":0,"parent":0,"menu_order":0,"comment_status":"closed","ping_status":"closed","template":"","meta":{"_exactmetrics_skip_tracking":false,"_exactmetrics_sitenote_active":false,"_exactmetrics_sitenote_note":"","_exactmetrics_sitenote_category":0,"ngg_post_thumbnail":0,"footnotes":"","_mc_calendar":[]},"aioseo_notices":[],"_links":{"self":[{"href":"https:\/\/blogsaverroes.juntadeandalucia.es\/colelasalud\/wp-json\/wp\/v2\/pages\/871"}],"collection":[{"href":"https:\/\/blogsaverroes.juntadeandalucia.es\/colelasalud\/wp-json\/wp\/v2\/pages"}],"about":[{"href":"https:\/\/blogsaverroes.juntadeandalucia.es\/colelasalud\/wp-json\/wp\/v2\/types\/page"}],"author":[{"embeddable":true,"href":"https:\/\/blogsaverroes.juntadeandalucia.es\/colelasalud\/wp-json\/wp\/v2\/users\/17292"}],"replies":[{"embeddable":true,"href":"https:\/\/blogsaverroes.juntadeandalucia.es\/colelasalud\/wp-json\/wp\/v2\/comments?post=871"}],"version-history":[{"count":16,"href":"https:\/\/blogsaverroes.juntadeandalucia.es\/colelasalud\/wp-json\/wp\/v2\/pages\/871\/revisions"}],"predecessor-version":[{"id":1454,"href":"https:\/\/blogsaverroes.juntadeandalucia.es\/colelasalud\/wp-json\/wp\/v2\/pages\/871\/revisions\/1454"}],"wp:attachment":[{"href":"https:\/\/blogsaverroes.juntadeandalucia.es\/colelasalud\/wp-json\/wp\/v2\/media?parent=871"}],"curies":[{"name":"wp","href":"https:\/\/api.w.org\/{rel}","templated":true}]}}