{"id":1049,"date":"2012-02-21T14:06:54","date_gmt":"2012-02-21T14:06:54","guid":{"rendered":"http:\/\/www.colemediterraneo.es\/?page_id=1049"},"modified":"2012-02-21T14:06:54","modified_gmt":"2012-02-21T14:06:54","slug":"confeccionamos-nuestro-libro-de-clase","status":"publish","type":"page","link":"https:\/\/blogsaverroes.juntadeandalucia.es\/colemediterraneo\/cursos-anteriores\/tercer-ciclo\/confeccionamos-nuestro-libro-de-clase\/","title":{"rendered":"Confeccionamos \u00abNuestro Libro de Clase\u00bb"},"content":{"rendered":"<p style=\"text-align: justify\">Los alumnos y alumnas del 3\u00ba Ciclo est\u00e1n elaborando de forma colectiva un libro de clase.\u00a0 A lo largo del primer trimestre, por ejemplo en la clase de 6\u00ba A todos\/as han le\u00eddo el libro titulado \u00abLa canci\u00f3n de Amina\u00bb, pasando posteriormente a elaborar res\u00famenes ilustrados por cap\u00edtulos.\u00a0 Con una selecci\u00f3n de los mismos se ha elaborado un libro que posteriormente ha quedado encuadernado.\u00a0\u00a0 En la clase de 5\u00ba A, el libro escogido y trabajado ha sido \u00abSiete reporteros y un peri\u00f3dico\u00bb y el procedimiento ha sido el mismo&#8230;. Aqu\u00ed os dejamos unas im\u00e1genes de muestra para que ve\u00e1is qu\u00e9 bonitos han quedado.<\/p>\n\n<p>&nbsp;<\/p>\n","protected":false},"excerpt":{"rendered":"<p>Los alumnos y alumnas del 3\u00ba Ciclo est\u00e1n elaborando de forma colectiva un libro de clase.\u00a0 A lo largo del primer trimestre, por ejemplo en la clase de 6\u00ba A todos\/as han le\u00eddo el libro titulado \u00abLa canci\u00f3n de Amina\u00bb, pasando posteriormente a elaborar res\u00famenes ilustrados por cap\u00edtulos.\u00a0 Con una selecci\u00f3n de los mismos se &hellip; <\/p>\n<p><a class=\"more-link btn\" href=\"https:\/\/blogsaverroes.juntadeandalucia.es\/colemediterraneo\/cursos-anteriores\/tercer-ciclo\/confeccionamos-nuestro-libro-de-clase\/\">Seguir leyendo<\/a><\/p>\n","protected":false},"author":5888,"featured_media":0,"parent":108,"menu_order":0,"comment_status":"open","ping_status":"open","template":"","meta":{"ngg_post_thumbnail":0,"footnotes":"","_mc_calendar":[]},"aioseo_notices":[],"post_mailing_queue_ids":[],"_links":{"self":[{"href":"https:\/\/blogsaverroes.juntadeandalucia.es\/colemediterraneo\/wp-json\/wp\/v2\/pages\/1049"}],"collection":[{"href":"https:\/\/blogsaverroes.juntadeandalucia.es\/colemediterraneo\/wp-json\/wp\/v2\/pages"}],"about":[{"href":"https:\/\/blogsaverroes.juntadeandalucia.es\/colemediterraneo\/wp-json\/wp\/v2\/types\/page"}],"author":[{"embeddable":true,"href":"https:\/\/blogsaverroes.juntadeandalucia.es\/colemediterraneo\/wp-json\/wp\/v2\/users\/5888"}],"replies":[{"embeddable":true,"href":"https:\/\/blogsaverroes.juntadeandalucia.es\/colemediterraneo\/wp-json\/wp\/v2\/comments?post=1049"}],"version-history":[{"count":0,"href":"https:\/\/blogsaverroes.juntadeandalucia.es\/colemediterraneo\/wp-json\/wp\/v2\/pages\/1049\/revisions"}],"up":[{"embeddable":true,"href":"https:\/\/blogsaverroes.juntadeandalucia.es\/colemediterraneo\/wp-json\/wp\/v2\/pages\/108"}],"wp:attachment":[{"href":"https:\/\/blogsaverroes.juntadeandalucia.es\/colemediterraneo\/wp-json\/wp\/v2\/media?parent=1049"}],"curies":[{"name":"wp","href":"https:\/\/api.w.org\/{rel}","templated":true}]}}