{"id":11970,"date":"2014-05-13T13:13:04","date_gmt":"2014-05-13T13:13:04","guid":{"rendered":"http:\/\/www.colemediterraneo.es\/?page_id=11970"},"modified":"2014-05-13T13:13:04","modified_gmt":"2014-05-13T13:13:04","slug":"visita-a-las-instalaciones-de-hipercor-2oa-b-3oa-b-c","status":"publish","type":"page","link":"https:\/\/blogsaverroes.juntadeandalucia.es\/colemediterraneo\/cursos-anteriores\/curso-2013-2014\/a-nivel-de-centro-3\/visita-a-las-instalaciones-de-hipercor-2oa-b-3oa-b-c\/","title":{"rendered":"Visita a las Instalaciones de Hipercor (2\u00baA-B, 3\u00baA-B-C)"},"content":{"rendered":"<p style=\"text-align: justify\">\u00a0El pasado d\u00eda 6 de mayo salimos del cole andando para visitar las instalaciones del Corte Ingl\u00e9s. Nos ense\u00f1aron primero por donde se recibe la mercanc\u00eda. Despu\u00e9s acompa\u00f1amos a una se\u00f1ora que nos llev\u00f3 a un sitio donde reciclan todo el cart\u00f3n y el pl\u00e1stico. Ten\u00eda una m\u00e1quina que hac\u00eda paquetes prensados de cart\u00f3n y de pl\u00e1stico muy grandes. En otro departamento vimos donde dise\u00f1aban los escaparates y nos regalaron unas pegatinas de Violeta, Monster High y de las Tortugas Ninja. Ten\u00eda una cizalla que cortaba mucho y era muy peligrosa. Con el encargado de mantenimiento visitamos un lugar muy interesante. Era el sitio donde controlan si hay fuego, y para ello hay unos dep\u00f3sitos muy grandes de agua. Tambi\u00e9n ordenadores que controlan la m\u00fasica, la temperatura del aire. M\u00e1s tarde subimos a la azotea donde est\u00e1n las m\u00e1quinas del aire y unas placas solares. En los ascensores cab\u00edamos todos los ni\u00f1os de la clase y el maestro. Nos explicaron que desde los dep\u00f3sitos hasta all\u00ed hay 11 plantas. La \u00faltima visita que hicimos fue pasear por el Hipercor y un pescadero muy simp\u00e1tico sac\u00f3 de la pecera a varios cangrejos que no pod\u00edan picar porque ten\u00edan las pinzas cogidas con una goma.<\/p>\n<p style=\"text-align: justify\">\u00a0 Ya ten\u00edamos hambre y salimos a Cortilandia, donde desayunamos un zumo que nos dieron y nuestro bocadillo. Y por fin nos dejaron montarnos en la cama el\u00e1stica, en una atracci\u00f3n que sub\u00eda y bajaba y en un tren muy chulo que tocaba la campana.<\/p>\n<p style=\"text-align: justify\">\u00a0 A la una y cuarto volvimos otra vez andando. Hac\u00eda mucha calor. Llegamos al cole y hablamos en clase de lo que hab\u00edamos visto y de lo que m\u00e1s nos hab\u00eda gustado.<\/p>\n\n<p>&nbsp;<\/p>\n<p>&nbsp;<\/p>\n","protected":false},"excerpt":{"rendered":"<p>\u00a0El pasado d\u00eda 6 de mayo salimos del cole andando para visitar las instalaciones del Corte Ingl\u00e9s. Nos ense\u00f1aron primero por donde se recibe la mercanc\u00eda. Despu\u00e9s acompa\u00f1amos a una se\u00f1ora que nos llev\u00f3 a un sitio donde reciclan todo el cart\u00f3n y el pl\u00e1stico. Ten\u00eda una m\u00e1quina que hac\u00eda paquetes prensados de cart\u00f3n y &hellip; <\/p>\n<p><a class=\"more-link btn\" href=\"https:\/\/blogsaverroes.juntadeandalucia.es\/colemediterraneo\/cursos-anteriores\/curso-2013-2014\/a-nivel-de-centro-3\/visita-a-las-instalaciones-de-hipercor-2oa-b-3oa-b-c\/\">Seguir leyendo<\/a><\/p>\n","protected":false},"author":5888,"featured_media":0,"parent":8297,"menu_order":0,"comment_status":"open","ping_status":"open","template":"","meta":{"ngg_post_thumbnail":0,"footnotes":"","_mc_calendar":[]},"aioseo_notices":[],"post_mailing_queue_ids":[],"_links":{"self":[{"href":"https:\/\/blogsaverroes.juntadeandalucia.es\/colemediterraneo\/wp-json\/wp\/v2\/pages\/11970"}],"collection":[{"href":"https:\/\/blogsaverroes.juntadeandalucia.es\/colemediterraneo\/wp-json\/wp\/v2\/pages"}],"about":[{"href":"https:\/\/blogsaverroes.juntadeandalucia.es\/colemediterraneo\/wp-json\/wp\/v2\/types\/page"}],"author":[{"embeddable":true,"href":"https:\/\/blogsaverroes.juntadeandalucia.es\/colemediterraneo\/wp-json\/wp\/v2\/users\/5888"}],"replies":[{"embeddable":true,"href":"https:\/\/blogsaverroes.juntadeandalucia.es\/colemediterraneo\/wp-json\/wp\/v2\/comments?post=11970"}],"version-history":[{"count":0,"href":"https:\/\/blogsaverroes.juntadeandalucia.es\/colemediterraneo\/wp-json\/wp\/v2\/pages\/11970\/revisions"}],"up":[{"embeddable":true,"href":"https:\/\/blogsaverroes.juntadeandalucia.es\/colemediterraneo\/wp-json\/wp\/v2\/pages\/8297"}],"wp:attachment":[{"href":"https:\/\/blogsaverroes.juntadeandalucia.es\/colemediterraneo\/wp-json\/wp\/v2\/media?parent=11970"}],"curies":[{"name":"wp","href":"https:\/\/api.w.org\/{rel}","templated":true}]}}