{"id":14136,"date":"2015-01-25T20:57:30","date_gmt":"2015-01-25T20:57:30","guid":{"rendered":"http:\/\/www.colemediterraneo.es\/?page_id=14136"},"modified":"2015-01-25T20:57:30","modified_gmt":"2015-01-25T20:57:30","slug":"aprendemos-mas-sobre-los-animales","status":"publish","type":"page","link":"https:\/\/blogsaverroes.juntadeandalucia.es\/colemediterraneo\/cursos-anteriores\/curso-2014-2015\/primer-ciclo-4\/aprendemos-mas-sobre-los-animales\/","title":{"rendered":"Aprendemos m\u00e1s sobre los animales"},"content":{"rendered":"<p style=\"text-align: justify\">\u00a0 El alumnado de primer ciclo est\u00e1 elaborando unos preciosos murales en los que recogen informaci\u00f3n\u00a0\u00a0de los animales que han estudiado en el \u00e1rea biling\u00fce de Conocimiento del Medio.\u00a0 Aqu\u00ed les vemos c\u00f3mo aprenden a trav\u00e9s de estos trabajos\u00a0a coordinarse dentro del grupo organizando las tareas que cada uno aportar\u00e1 para la elaboraci\u00f3n en com\u00fan del trabajo final.<\/p>\n\n","protected":false},"excerpt":{"rendered":"<p>\u00a0 El alumnado de primer ciclo est\u00e1 elaborando unos preciosos murales en los que recogen informaci\u00f3n\u00a0\u00a0de los animales que han estudiado en el \u00e1rea biling\u00fce de Conocimiento del Medio.\u00a0 Aqu\u00ed les vemos c\u00f3mo aprenden a trav\u00e9s de estos trabajos\u00a0a coordinarse dentro del grupo organizando las tareas que cada uno aportar\u00e1 para la elaboraci\u00f3n en com\u00fan &hellip; <\/p>\n<p><a class=\"more-link btn\" href=\"https:\/\/blogsaverroes.juntadeandalucia.es\/colemediterraneo\/cursos-anteriores\/curso-2014-2015\/primer-ciclo-4\/aprendemos-mas-sobre-los-animales\/\">Seguir leyendo<\/a><\/p>\n","protected":false},"author":5888,"featured_media":0,"parent":12791,"menu_order":0,"comment_status":"closed","ping_status":"closed","template":"","meta":{"ngg_post_thumbnail":0,"footnotes":"","_mc_calendar":[]},"aioseo_notices":[],"post_mailing_queue_ids":[],"_links":{"self":[{"href":"https:\/\/blogsaverroes.juntadeandalucia.es\/colemediterraneo\/wp-json\/wp\/v2\/pages\/14136"}],"collection":[{"href":"https:\/\/blogsaverroes.juntadeandalucia.es\/colemediterraneo\/wp-json\/wp\/v2\/pages"}],"about":[{"href":"https:\/\/blogsaverroes.juntadeandalucia.es\/colemediterraneo\/wp-json\/wp\/v2\/types\/page"}],"author":[{"embeddable":true,"href":"https:\/\/blogsaverroes.juntadeandalucia.es\/colemediterraneo\/wp-json\/wp\/v2\/users\/5888"}],"replies":[{"embeddable":true,"href":"https:\/\/blogsaverroes.juntadeandalucia.es\/colemediterraneo\/wp-json\/wp\/v2\/comments?post=14136"}],"version-history":[{"count":0,"href":"https:\/\/blogsaverroes.juntadeandalucia.es\/colemediterraneo\/wp-json\/wp\/v2\/pages\/14136\/revisions"}],"up":[{"embeddable":true,"href":"https:\/\/blogsaverroes.juntadeandalucia.es\/colemediterraneo\/wp-json\/wp\/v2\/pages\/12791"}],"wp:attachment":[{"href":"https:\/\/blogsaverroes.juntadeandalucia.es\/colemediterraneo\/wp-json\/wp\/v2\/media?parent=14136"}],"curies":[{"name":"wp","href":"https:\/\/api.w.org\/{rel}","templated":true}]}}