{"id":14178,"date":"2015-02-01T21:00:44","date_gmt":"2015-02-01T21:00:44","guid":{"rendered":"http:\/\/www.colemediterraneo.es\/?page_id=14178"},"modified":"2015-02-01T21:00:44","modified_gmt":"2015-02-01T21:00:44","slug":"celebramos-el-dia-de-la-paz-y-no-violencia-escolar","status":"publish","type":"page","link":"https:\/\/blogsaverroes.juntadeandalucia.es\/colemediterraneo\/cursos-anteriores\/curso-2014-2015\/a-nivel-de-centro-4\/celebramos-el-dia-de-la-paz-y-no-violencia-escolar\/","title":{"rendered":"Celebramos el D\u00eda de la Paz y no violencia escolar"},"content":{"rendered":"<p style=\"text-align: justify\">\u00a0\u00a0\u00a0\u00a0\u00a0 Con motivo de la celebraci\u00f3n del d\u00eda de la Paz Escolar (30 de Enero), en el CEIP \u201cMediterr\u00e1neo\u201d se han llevado a cabo las siguientes actividades en coordinaci\u00f3n con todos los planes y proyectos en los que nuestro centro participa (Plan de Convivencia, Proyecto de Escuela Espacio de Paz, Plan de Lectura y Biblioteca, Plan de Igualdad, Plan Tic y Proyecto Biling\u00fce) as\u00ed como desde el \u00e1rea de m\u00fasica.<\/p>\n<p><strong><span style=\"text-decoration: underline\">EN ED. INFANTIL<\/span><\/strong><\/p>\n<p style=\"text-align: justify\">1. Todos los niveles han realizado asambleas, lectura de cuentos alusivos y una manualidad para mostrar en casa.<br \/>\n2. Aprendizaje de\u00a0canciones relativas a La Paz y el alumnado de 3 y 5 a\u00f1os particip\u00f3 en el patio del colegio con el resto del alumnado de primaria en un acto conmemorativo por el d\u00eda de La Paz.<br \/>\n3. El alumnado de 4 a\u00f1os realiz\u00f3 esta actividad en el patio del edifico de infantil.<\/p>\n<p><strong><span style=\"text-decoration: underline\">EN EL PRIMER CICLO<\/span><\/strong><\/p>\n<p style=\"text-align: justify\">1. Lectura, comentario, ilustraci\u00f3n e interpretaci\u00f3n del cuento: \u201dLas palomas bailarinas\u201d.<\/p>\n<p style=\"text-align: justify\">2. Elaboraci\u00f3n de un mural biling\u00fce para decorar el pasillo (El mundo).<\/p>\n<p style=\"text-align: justify\">3. Lectura, copiado y memorizaci\u00f3n de la poes\u00eda \u201cBuscando la Paz\u201d, para compartirla con la familia.<\/p>\n<p><strong><span style=\"text-decoration: underline\">EN EL SEGUNDO CICLO<\/span><\/strong><\/p>\n<p>1. Pl\u00e1stica: Elaboraci\u00f3n de murales con esl\u00f3ganes relativos a la Paz.<\/p>\n<p style=\"text-align: justify\">2. Lengua: El alumnado trajo frases sobre la Paz. Cada ma\u00f1ana\u00a0de la semana empez\u00f3\u00a0el d\u00eda leyendo una de ellas. Se ha reflexionado sobre el mensaje que expresa y se informa sobre su autor. Adem\u00e1s, los han copiado en sus cuadernos.<strong><\/strong><\/p>\n<p style=\"text-align: justify\">3. Cursos de 3\u00ba de Primaria: Lectura de poemas referidos a la Paz de poetas de nuestra literatura. Por otro lado, el alumnado invent\u00f3 poes\u00edas y las ilustr\u00f3. Se han encuadernado e intercambiado con los dem\u00e1s grupos del mismo nivel.<strong><\/strong><\/p>\n<p style=\"text-align: justify\">4. Cursos de 4\u00ba de Primaria: Lectura de cuentos sobre la Paz y creaci\u00f3n de otros por parte del alumnado con ilustraciones. De igual forma que en tercero, se pasar\u00e1n a los dem\u00e1s cursos de cuarto para leerlos. <strong><\/strong><\/p>\n<p><strong><span style=\"text-decoration: underline\">TERCER CICLO<\/span><\/strong><\/p>\n<p>1. Indagaci\u00f3n sobre frases de la Paz proclamadas por personajes famosos.<\/p>\n<p>2. Las Bienaventuranzas<\/p>\n<p>3. Lecturas: \u201c<em>La verdadera paz<\/em>\u201d<\/p>\n<p style=\"text-align: justify\">4. Preparaci\u00f3n de los \u00a0<em>\u201ccaramelos mensaje\u201d<\/em>, envueltos en un\u00a0 papel, con una frase alusiva a la paz y que fueron repartirlos a los ni\u00f1os\/as.<\/p>\n<p style=\"text-align: justify\">5.\u00a0 Realizaci\u00f3n de comentarios sobre los s\u00edmbolos e intentar descubrir el origen de ellos, por ejemplo la paloma y el ramo de olivo\u00a0 en la Biblia (G\u00e9nesis 8, 1-14); la cruz roja (la bandera suiza con los colores invertidos, por su fundador), \u2026<\/p>\n<p>6. Aprendizaje de\u00a0canciones sobre la paz.<\/p>\n<p style=\"text-align: justify\">7. Coloreado de\u00a0im\u00e1genes sobre la paz y escribir\u00a0 frases para plasmarlas despu\u00e9s en un gran mural que ambientar\u00e1 la clase o la galer\u00eda.<\/p>\n<p style=\"text-align: justify\">8. Trabajo con las manos: Elaboraci\u00f3n de \u00a0una palomita de papel. (Especial d\u00eda Paz\u00a0 paloma de papel\u00a0 (Youtube)<\/p>\n<p><strong><span style=\"text-decoration: underline\">EDUCACI\u00d3N ESPECIAL<\/span><\/strong><\/p>\n<p style=\"text-align: justify\">1.\u201dRap de la Paz\u201d. Trabajamos sobre\u00a0los versos de la canci\u00f3n, memoriz\u00e1ndolos y adapt\u00e1ndolos a su acompa\u00f1amiento musical. Dramatizarlo y hacer una coreograf\u00eda.<\/p>\n<p>2. Colaborar con el Primer Ciclo con la actividad \u201cEl mundo\u00bb<\/p>\n<p>De forma conjunta, todo el colegio el d\u00eda 30 partici\u00f3 en las pistas del recreo del tercer ciclo en un acto conjunto:<\/p>\n<p>1)\u00a0\u00a0\u00a0\u00a0 Todo el centro guard\u00f3 1 minuto de silencio por la PAZ.<\/p>\n<p>2)\u00a0\u00a0\u00a0 Se leyeron lecturas de poemas referidas a la Paz.<\/p>\n<p>3)\u00a0\u00a0\u00a0 Lectura del Director del Manifiesto sobre la Paz.<\/p>\n<p>4)\u00a0\u00a0\u00a0 Audici\u00f3n y canto de \u201cIMAGINE\u201d de John Lenon<\/p>\n<p>5)\u00a0\u00a0\u00a0 Audici\u00f3n y canto de \u201cPor qu\u00e9 no ser amigos \u201cde Hombres G.<\/p>\n\n","protected":false},"excerpt":{"rendered":"<p>\u00a0\u00a0\u00a0\u00a0\u00a0 Con motivo de la celebraci\u00f3n del d\u00eda de la Paz Escolar (30 de Enero), en el CEIP \u201cMediterr\u00e1neo\u201d se han llevado a cabo las siguientes actividades en coordinaci\u00f3n con todos los planes y proyectos en los que nuestro centro participa (Plan de Convivencia, Proyecto de Escuela Espacio de Paz, Plan de Lectura y Biblioteca, &hellip; <\/p>\n<p><a class=\"more-link btn\" href=\"https:\/\/blogsaverroes.juntadeandalucia.es\/colemediterraneo\/cursos-anteriores\/curso-2014-2015\/a-nivel-de-centro-4\/celebramos-el-dia-de-la-paz-y-no-violencia-escolar\/\">Seguir leyendo<\/a><\/p>\n","protected":false},"author":5888,"featured_media":0,"parent":12811,"menu_order":0,"comment_status":"closed","ping_status":"closed","template":"","meta":{"ngg_post_thumbnail":0,"footnotes":"","_mc_calendar":[]},"aioseo_notices":[],"post_mailing_queue_ids":[],"_links":{"self":[{"href":"https:\/\/blogsaverroes.juntadeandalucia.es\/colemediterraneo\/wp-json\/wp\/v2\/pages\/14178"}],"collection":[{"href":"https:\/\/blogsaverroes.juntadeandalucia.es\/colemediterraneo\/wp-json\/wp\/v2\/pages"}],"about":[{"href":"https:\/\/blogsaverroes.juntadeandalucia.es\/colemediterraneo\/wp-json\/wp\/v2\/types\/page"}],"author":[{"embeddable":true,"href":"https:\/\/blogsaverroes.juntadeandalucia.es\/colemediterraneo\/wp-json\/wp\/v2\/users\/5888"}],"replies":[{"embeddable":true,"href":"https:\/\/blogsaverroes.juntadeandalucia.es\/colemediterraneo\/wp-json\/wp\/v2\/comments?post=14178"}],"version-history":[{"count":0,"href":"https:\/\/blogsaverroes.juntadeandalucia.es\/colemediterraneo\/wp-json\/wp\/v2\/pages\/14178\/revisions"}],"up":[{"embeddable":true,"href":"https:\/\/blogsaverroes.juntadeandalucia.es\/colemediterraneo\/wp-json\/wp\/v2\/pages\/12811"}],"wp:attachment":[{"href":"https:\/\/blogsaverroes.juntadeandalucia.es\/colemediterraneo\/wp-json\/wp\/v2\/media?parent=14178"}],"curies":[{"name":"wp","href":"https:\/\/api.w.org\/{rel}","templated":true}]}}