{"id":143,"date":"2012-02-09T09:14:23","date_gmt":"2012-02-09T09:14:23","guid":{"rendered":"http:\/\/www.colemediterraneo.es\/?page_id=143"},"modified":"2025-10-24T18:57:07","modified_gmt":"2025-10-24T18:57:07","slug":"proyectos-2","status":"publish","type":"page","link":"https:\/\/blogsaverroes.juntadeandalucia.es\/colemediterraneo\/proyectos-2\/","title":{"rendered":"PLANES Y PROYECTOS"},"content":{"rendered":"<p>En nuestro centro, todos trabajamos implicados en&nbsp;los proyectos que llevamos a cabo.&nbsp;&nbsp; Los coordinadores y coordinadoras exponen al resto del claustro las l\u00edneas b\u00e1sicas de actuaci\u00f3n relativas a cada uno de ellos para aunar criterios a&nbsp; la hora de ser abordados.<\/p>\n<p>&nbsp;<\/p>\n","protected":false},"excerpt":{"rendered":"<p>En nuestro centro, todos trabajamos implicados en&nbsp;los proyectos que llevamos a cabo.&nbsp;&nbsp; Los coordinadores y coordinadoras exponen al resto del claustro las l\u00edneas b\u00e1sicas de actuaci\u00f3n relativas a cada uno de ellos para aunar criterios a&nbsp; la hora de ser abordados. &nbsp;<\/p>\n","protected":false},"author":5888,"featured_media":0,"parent":0,"menu_order":12,"comment_status":"open","ping_status":"open","template":"","meta":{"ngg_post_thumbnail":0,"footnotes":"","_mc_calendar":[]},"aioseo_notices":[],"post_mailing_queue_ids":[],"_links":{"self":[{"href":"https:\/\/blogsaverroes.juntadeandalucia.es\/colemediterraneo\/wp-json\/wp\/v2\/pages\/143"}],"collection":[{"href":"https:\/\/blogsaverroes.juntadeandalucia.es\/colemediterraneo\/wp-json\/wp\/v2\/pages"}],"about":[{"href":"https:\/\/blogsaverroes.juntadeandalucia.es\/colemediterraneo\/wp-json\/wp\/v2\/types\/page"}],"author":[{"embeddable":true,"href":"https:\/\/blogsaverroes.juntadeandalucia.es\/colemediterraneo\/wp-json\/wp\/v2\/users\/5888"}],"replies":[{"embeddable":true,"href":"https:\/\/blogsaverroes.juntadeandalucia.es\/colemediterraneo\/wp-json\/wp\/v2\/comments?post=143"}],"version-history":[{"count":2,"href":"https:\/\/blogsaverroes.juntadeandalucia.es\/colemediterraneo\/wp-json\/wp\/v2\/pages\/143\/revisions"}],"predecessor-version":[{"id":38267,"href":"https:\/\/blogsaverroes.juntadeandalucia.es\/colemediterraneo\/wp-json\/wp\/v2\/pages\/143\/revisions\/38267"}],"wp:attachment":[{"href":"https:\/\/blogsaverroes.juntadeandalucia.es\/colemediterraneo\/wp-json\/wp\/v2\/media?parent=143"}],"curies":[{"name":"wp","href":"https:\/\/api.w.org\/{rel}","templated":true}]}}