{"id":189,"date":"2012-02-09T10:27:51","date_gmt":"2012-02-09T10:27:51","guid":{"rendered":"http:\/\/www.colemediterraneo.es\/?page_id=189"},"modified":"2020-03-03T17:33:21","modified_gmt":"2020-03-03T17:33:21","slug":"equipo-de-apoyo-a-la-biblioteca","status":"publish","type":"page","link":"https:\/\/blogsaverroes.juntadeandalucia.es\/colemediterraneo\/proyectos-2\/biblioteca\/equipo-de-apoyo-a-la-biblioteca\/","title":{"rendered":"Equipo de Apoyo a la Biblioteca"},"content":{"rendered":"<p>Aunque no se considere dentro de los \u00abPlanes y Proyectos\u00bb, es una l\u00ednea b\u00e1sica de actuaci\u00f3n de nuestros profesionales&nbsp; cuyo objetivo principal es el <strong><em>fomento de la lectura, el desarrollo de h\u00e1bitos lectores y la apertura de la Biblioteca Escolar a todos los miembros de la Comunidad Educativa<\/em><\/strong>.<\/p>\n","protected":false},"excerpt":{"rendered":"<p>Aunque no se considere dentro de los \u00abPlanes y Proyectos\u00bb, es una l\u00ednea b\u00e1sica de actuaci\u00f3n de nuestros profesionales&nbsp; cuyo objetivo principal es el fomento de la lectura, el desarrollo de h\u00e1bitos lectores y la apertura de la Biblioteca Escolar a todos los miembros de la Comunidad Educativa.<\/p>\n","protected":false},"author":5888,"featured_media":0,"parent":12241,"menu_order":0,"comment_status":"open","ping_status":"closed","template":"","meta":{"ngg_post_thumbnail":0,"footnotes":"","_mc_calendar":[]},"aioseo_notices":[],"post_mailing_queue_ids":[],"_links":{"self":[{"href":"https:\/\/blogsaverroes.juntadeandalucia.es\/colemediterraneo\/wp-json\/wp\/v2\/pages\/189"}],"collection":[{"href":"https:\/\/blogsaverroes.juntadeandalucia.es\/colemediterraneo\/wp-json\/wp\/v2\/pages"}],"about":[{"href":"https:\/\/blogsaverroes.juntadeandalucia.es\/colemediterraneo\/wp-json\/wp\/v2\/types\/page"}],"author":[{"embeddable":true,"href":"https:\/\/blogsaverroes.juntadeandalucia.es\/colemediterraneo\/wp-json\/wp\/v2\/users\/5888"}],"replies":[{"embeddable":true,"href":"https:\/\/blogsaverroes.juntadeandalucia.es\/colemediterraneo\/wp-json\/wp\/v2\/comments?post=189"}],"version-history":[{"count":1,"href":"https:\/\/blogsaverroes.juntadeandalucia.es\/colemediterraneo\/wp-json\/wp\/v2\/pages\/189\/revisions"}],"predecessor-version":[{"id":27183,"href":"https:\/\/blogsaverroes.juntadeandalucia.es\/colemediterraneo\/wp-json\/wp\/v2\/pages\/189\/revisions\/27183"}],"up":[{"embeddable":true,"href":"https:\/\/blogsaverroes.juntadeandalucia.es\/colemediterraneo\/wp-json\/wp\/v2\/pages\/12241"}],"wp:attachment":[{"href":"https:\/\/blogsaverroes.juntadeandalucia.es\/colemediterraneo\/wp-json\/wp\/v2\/media?parent=189"}],"curies":[{"name":"wp","href":"https:\/\/api.w.org\/{rel}","templated":true}]}}