{"id":18985,"date":"2016-06-20T07:00:05","date_gmt":"2016-06-20T07:00:05","guid":{"rendered":"http:\/\/www.colemediterraneo.es\/?page_id=18985"},"modified":"2016-06-20T07:00:05","modified_gmt":"2016-06-20T07:00:05","slug":"teatro-manos-arriba","status":"publish","type":"page","link":"https:\/\/blogsaverroes.juntadeandalucia.es\/colemediterraneo\/cursos-anteriores\/curso-2015-16\/tercer-ciclo-5\/teatro-manos-arriba\/","title":{"rendered":"Teatro:  \u00abManos arriba\u00bb"},"content":{"rendered":"<p><a href=\"http:\/\/www.colemediterraneo.es\/wp-content\/uploads\/2016\/06\/20160617_104407.jpg\"><img loading=\"lazy\" decoding=\"async\" class=\"alignleft size-full wp-image-18993\" title=\"20160617_104407\" src=\"http:\/\/www.colemediterraneo.es\/wp-content\/uploads\/2016\/06\/20160617_104407.jpg\" alt=\"\" width=\"600\" height=\"338\" \/><\/a><\/p>\n<p>&nbsp;<\/p>\n<p>&nbsp;<\/p>\n<p>&nbsp;<\/p>\n<p>&nbsp;<\/p>\n<p>&nbsp;<\/p>\n<p>&nbsp;<\/p>\n<p>&nbsp;<\/p>\n<p>&nbsp;<\/p>\n<p style=\"text-align: justify\">\u00a0 \u00a0El d\u00eda 17 de junio, el alumnado de los tres cursos de sexto disfrut\u00f3 de la divertida obra de teatro: \u00abManos arriba\u00bb. \u00a0Esta obra ha sido representada por el grupo de teatro llamado: \u00abNunca es tarde\u00bb en homenaje a sus componentes, que son personas de cierta edad, pero que muestran un entusiasmo y ganas de hacer cosas que realmente son envidiables por su energ\u00eda.<\/p>\n<p style=\"text-align: justify\">\u00a0 El grupo est\u00e1 dirigido por D\u00f1a. Isabel Cobos, licenciada en Arte Dram\u00e1tico que lleva trabajando y dando clases de teatro mundo desde el a\u00f1o 1.990 y que a su vez participa en diversos proyectos junto a su \u00abGrupo de Trabajo Teatral\u00bb.<\/p>\n<p style=\"text-align: justify\"><span style=\"text-align: justify\">\u00a0 \u00a0Desde aqu\u00ed queremos felicitar a este estupendo grupo que ha hecho re\u00edr y disfrutar \u00a0durante un buen rato tanto al alumnado como al profesorado que lo ha visto. \u00a0 Por supuesto agradecemos su visita y nos encantar\u00eda que nos volvieran a visitar muy pronto para disfrute y aprendizaje de nuestro alumnado.<\/span><\/p>\n\n","protected":false},"excerpt":{"rendered":"<p>&nbsp; &nbsp; &nbsp; &nbsp; &nbsp; &nbsp; &nbsp; &nbsp; \u00a0 \u00a0El d\u00eda 17 de junio, el alumnado de los tres cursos de sexto disfrut\u00f3 de la divertida obra de teatro: \u00abManos arriba\u00bb. \u00a0Esta obra ha sido representada por el grupo de teatro llamado: \u00abNunca es tarde\u00bb en homenaje a sus componentes, que son personas de cierta &hellip; <\/p>\n<p><a class=\"more-link btn\" href=\"https:\/\/blogsaverroes.juntadeandalucia.es\/colemediterraneo\/cursos-anteriores\/curso-2015-16\/tercer-ciclo-5\/teatro-manos-arriba\/\">Seguir leyendo<\/a><\/p>\n","protected":false},"author":5888,"featured_media":0,"parent":16242,"menu_order":0,"comment_status":"closed","ping_status":"closed","template":"","meta":{"ngg_post_thumbnail":0,"footnotes":"","_mc_calendar":[]},"aioseo_notices":[],"post_mailing_queue_ids":[],"_links":{"self":[{"href":"https:\/\/blogsaverroes.juntadeandalucia.es\/colemediterraneo\/wp-json\/wp\/v2\/pages\/18985"}],"collection":[{"href":"https:\/\/blogsaverroes.juntadeandalucia.es\/colemediterraneo\/wp-json\/wp\/v2\/pages"}],"about":[{"href":"https:\/\/blogsaverroes.juntadeandalucia.es\/colemediterraneo\/wp-json\/wp\/v2\/types\/page"}],"author":[{"embeddable":true,"href":"https:\/\/blogsaverroes.juntadeandalucia.es\/colemediterraneo\/wp-json\/wp\/v2\/users\/5888"}],"replies":[{"embeddable":true,"href":"https:\/\/blogsaverroes.juntadeandalucia.es\/colemediterraneo\/wp-json\/wp\/v2\/comments?post=18985"}],"version-history":[{"count":0,"href":"https:\/\/blogsaverroes.juntadeandalucia.es\/colemediterraneo\/wp-json\/wp\/v2\/pages\/18985\/revisions"}],"up":[{"embeddable":true,"href":"https:\/\/blogsaverroes.juntadeandalucia.es\/colemediterraneo\/wp-json\/wp\/v2\/pages\/16242"}],"wp:attachment":[{"href":"https:\/\/blogsaverroes.juntadeandalucia.es\/colemediterraneo\/wp-json\/wp\/v2\/media?parent=18985"}],"curies":[{"name":"wp","href":"https:\/\/api.w.org\/{rel}","templated":true}]}}