{"id":1941,"date":"2012-02-25T21:40:54","date_gmt":"2012-02-25T21:40:54","guid":{"rendered":"http:\/\/www.colemediterraneo.es\/?page_id=1941"},"modified":"2012-02-25T21:40:54","modified_gmt":"2012-02-25T21:40:54","slug":"himno-de-andalucia-en-lengua-de-signos","status":"publish","type":"page","link":"https:\/\/blogsaverroes.juntadeandalucia.es\/colemediterraneo\/cursos-anteriores\/a-nivel-de-centro\/dia-de-andalucia\/himno-de-andalucia-en-lengua-de-signos\/","title":{"rendered":"Himno de Andaluc\u00eda en Lengua de Signos"},"content":{"rendered":"<p style=\"text-align: justify\"><span style=\"font-size: small\">\u00a0\u00a0 Para celebrar el D\u00eda de nuestra comunidad y tambi\u00e9n como medida encaminada a la sensibilizaci\u00f3n de nuestro alumnado hacia las personas con discapacidad auditiva,\u00a0 los alumnos y\u00a0\u00a0alumnas del curso 2\u00ba B han aprendido a cantar el Himno de Andaluc\u00eda en Lengua de Signos.\u00a0 En la fiesta conjunta del patio hicieron su actuaci\u00f3n dirigidos por el maestro Juan Luis Navas-Chaveli.\u00a0 Si quer\u00e9is ver el v\u00eddeo de la actuaci\u00f3n, pod\u00e9is pinchar\u00a0 <a href=\"http:\/\/youtu.be\/E4FDWg0uDAE\" target=\"_blank\">AQU\u00cd<\/a>.<\/span><\/p>\n","protected":false},"excerpt":{"rendered":"<p>\u00a0\u00a0 Para celebrar el D\u00eda de nuestra comunidad y tambi\u00e9n como medida encaminada a la sensibilizaci\u00f3n de nuestro alumnado hacia las personas con discapacidad auditiva,\u00a0 los alumnos y\u00a0\u00a0alumnas del curso 2\u00ba B han aprendido a cantar el Himno de Andaluc\u00eda en Lengua de Signos.\u00a0 En la fiesta conjunta del patio hicieron su actuaci\u00f3n dirigidos por &hellip; <\/p>\n<p><a class=\"more-link btn\" href=\"https:\/\/blogsaverroes.juntadeandalucia.es\/colemediterraneo\/cursos-anteriores\/a-nivel-de-centro\/dia-de-andalucia\/himno-de-andalucia-en-lengua-de-signos\/\">Seguir leyendo<\/a><\/p>\n","protected":false},"author":5888,"featured_media":0,"parent":22483,"menu_order":0,"comment_status":"open","ping_status":"open","template":"","meta":{"ngg_post_thumbnail":0,"footnotes":"","_mc_calendar":[]},"aioseo_notices":[],"post_mailing_queue_ids":[],"_links":{"self":[{"href":"https:\/\/blogsaverroes.juntadeandalucia.es\/colemediterraneo\/wp-json\/wp\/v2\/pages\/1941"}],"collection":[{"href":"https:\/\/blogsaverroes.juntadeandalucia.es\/colemediterraneo\/wp-json\/wp\/v2\/pages"}],"about":[{"href":"https:\/\/blogsaverroes.juntadeandalucia.es\/colemediterraneo\/wp-json\/wp\/v2\/types\/page"}],"author":[{"embeddable":true,"href":"https:\/\/blogsaverroes.juntadeandalucia.es\/colemediterraneo\/wp-json\/wp\/v2\/users\/5888"}],"replies":[{"embeddable":true,"href":"https:\/\/blogsaverroes.juntadeandalucia.es\/colemediterraneo\/wp-json\/wp\/v2\/comments?post=1941"}],"version-history":[{"count":0,"href":"https:\/\/blogsaverroes.juntadeandalucia.es\/colemediterraneo\/wp-json\/wp\/v2\/pages\/1941\/revisions"}],"up":[{"embeddable":true,"href":"https:\/\/blogsaverroes.juntadeandalucia.es\/colemediterraneo\/wp-json\/wp\/v2\/pages\/22483"}],"wp:attachment":[{"href":"https:\/\/blogsaverroes.juntadeandalucia.es\/colemediterraneo\/wp-json\/wp\/v2\/media?parent=1941"}],"curies":[{"name":"wp","href":"https:\/\/api.w.org\/{rel}","templated":true}]}}