{"id":20013,"date":"2016-12-09T10:59:34","date_gmt":"2016-12-09T08:59:34","guid":{"rendered":"http:\/\/www.colemediterraneo.es\/?page_id=20013"},"modified":"2016-12-09T10:59:34","modified_gmt":"2016-12-09T08:59:34","slug":"trabajamos-la-constitucion","status":"publish","type":"page","link":"https:\/\/blogsaverroes.juntadeandalucia.es\/colemediterraneo\/cursos-anteriores\/curso-2016-2017\/a-nivel-de-centro-6\/trabajamos-la-constitucion\/","title":{"rendered":"Trabajamos la Constituci\u00f3n"},"content":{"rendered":"<p style=\"text-align: justify\">\u00a0 Desde el 28 de noviembre hasta el 25 de diciembre se han llevado a cabo diversas actividades relacionadas con el D\u00eda de la Constituci\u00f3n, con el\u00a0<strong>OBJETIVO <\/strong>de fomentar en el alumnado los valores ciudadanos y democr\u00e1ticos sobre los que se asienta el sistema de libertades y de derechos humanos que constituyen la esencia de nuestra convivencia democr\u00e1tica. Se ha\u00a0tratado de sensibilizar a los alumnos y alumnas en la adquisici\u00f3n de una cultura c\u00edvica que impregne sus conductas y relaciones sociales.<\/p>\n<ul>\n<li><strong><u>El d\u00eda 5 de diciembre:<\/u><\/strong><\/li>\n<\/ul>\n<p><u><\/u>\u00a0Visit\u00f3 nuestro colegio el Concejal de Educaci\u00f3n Andr\u00e9s Pino para \u00a0la realizaci\u00f3n de una charla-coloquio dirigida al alumnado de sexto de Primaria. En dicha actividad se trataron temas relacionados con la Constituci\u00f3n y\/o con la vida municipal.<\/p>\n<ul>\n<li>A las 9:00 horas comenz\u00f3 la lectura de la Constituci\u00f3n en la entrada principal del colegio.<\/li>\n<\/ul>\n<p><u><\/u><strong>EN INFANTIL<\/strong><\/p>\n<p><strong>3 a\u00f1os<\/strong><\/p>\n<ul>\n<li>Decoraci\u00f3n del pasillo con un mural alusivo a la Constituci\u00f3n.<\/li>\n<li>Realizaci\u00f3n de fichas para celebrar el 38 cumplea\u00f1os de la Constituci\u00f3n.<\/li>\n<li>Conocer el libro de la Constituci\u00f3n como norma fundamental<\/li>\n<\/ul>\n<p><strong>4 a\u00f1os<\/strong><\/p>\n<ul>\n<li>Canci\u00f3n de la Constituci\u00f3n.<\/li>\n<li>Colorear el libro de la Constituci\u00f3n.<\/li>\n<\/ul>\n<p><strong>5 a\u00f1os<\/strong><\/p>\n<ul>\n<li>Libro de la Constituci\u00f3n<\/li>\n<li>Canci\u00f3n de la Constituci\u00f3n<\/li>\n<li>Elaboraci\u00f3n de la bandera de Espa\u00f1a<\/li>\n<\/ul>\n<p><strong>PRIMER CICLO<\/strong><\/p>\n<ul>\n<li>Lectura de una selecci\u00f3n de art\u00edculos de la Constituci\u00f3n.<\/li>\n<li>Di\u00e1logos sobre algunos derechos y deberes.<\/li>\n<li>Conocimiento de los s\u00edmbolos del Estado espa\u00f1ol (ingl\u00e9s y espa\u00f1ol).<\/li>\n<li>Coloreado de dibujos sobre los derechos y deberes.<\/li>\n<li>Elaboraci\u00f3n de los murales del pasillo del Primer Ciclo<\/li>\n<li>Realizaci\u00f3n de Asambleas en clase.<\/li>\n<\/ul>\n<p><strong>\u00a0<\/strong><strong>SEGUNDO CICLO<\/strong><\/p>\n<p><strong>\u00a03\u00ba de Primaria<\/strong><\/p>\n<ul>\n<li>Lectura y realizaci\u00f3n de fichas explicativas de la Constituci\u00f3n.<\/li>\n<li>Elaboraci\u00f3n de mapas f\u00edsicos y pol\u00edticos de Espa\u00f1a.<\/li>\n<li>Realizaci\u00f3n de Asambleas en clase.<\/li>\n<\/ul>\n<p><strong>4\u00ba de Primaria<\/strong><\/p>\n<ul>\n<li>Conocer la divisi\u00f3n territorial y los principales derechos y deberes recogidos en la Constituci\u00f3n.<\/li>\n<li>Di\u00e1logos y debates relacionados con los derechos y obligaciones de los ni\u00f1os.<\/li>\n<li>Elaboraci\u00f3n de mapas y murales de los derechos y obligaciones de los ciudadanos.<\/li>\n<li>Realizaci\u00f3n de Asambleas en clase.<\/li>\n<li>Estudio a trav\u00e9s de mapas la climatolog\u00eda y ecosistemas m\u00e1s importantes de Espa\u00f1a.<\/li>\n<\/ul>\n<p><strong>TERCER CICLO<\/strong><\/p>\n<ul>\n<li>Lectura y comentarios sobre algunos art\u00edculos de la constituci\u00f3n apropiados al nivel.<\/li>\n<li>Estudio de la Constituci\u00f3n a trav\u00e9s de un Power Point \u00a0(Instituciones, art\u00edculos, escudo\u2026)<\/li>\n<li>Concepto de \u201cConstituci\u00f3n\u201d y las instituciones del estado, derechos y deberes\u2026.<\/li>\n<li>Realizaci\u00f3n de Asambleas en clase.<\/li>\n<li>Estudio de Espa\u00f1a a trav\u00e9s de diferentes mapas:pol\u00edtico, clim\u00e1tico y la ubicaci\u00f3n de ecosistemas m\u00e1s importantes.<\/li>\n<li>Estudio de poetas andaluces.<\/li>\n<\/ul>\n<p><strong>AULA ESP\u00c9CIFICA<\/strong><\/p>\n<ul>\n<li>Cuadernillo individualizado de los cinco primeros art\u00edculos de la Declaraci\u00f3n Universal de los Derechos Humanos.<\/li>\n<li>Cuento adaptado de la Historia de la Constituci\u00f3n. Lectura comprensiva, vocabulario, lectura expresiva\u2026<\/li>\n<li>Manualidades y dibujos para decorar este d\u00eda de la Constituci\u00f3n (bandera, escudo\u2026).<\/li>\n<\/ul>\n<p><a href=\"http:\/\/www.colemediterraneo.es\/wp-content\/uploads\/2016\/12\/20161129_100044.jpg\"><img loading=\"lazy\" decoding=\"async\" class=\"alignleft size-full wp-image-20067\" src=\"http:\/\/www.colemediterraneo.es\/wp-content\/uploads\/2016\/12\/20161129_100044.jpg\" alt=\"\" width=\"600\" height=\"338\" \/><\/a> <a href=\"http:\/\/www.colemediterraneo.es\/wp-content\/uploads\/2016\/12\/20161129_100058.jpg\"><img loading=\"lazy\" decoding=\"async\" class=\"alignleft size-full wp-image-20068\" src=\"http:\/\/www.colemediterraneo.es\/wp-content\/uploads\/2016\/12\/20161129_100058.jpg\" alt=\"\" width=\"600\" height=\"338\" \/><\/a> <a href=\"http:\/\/www.colemediterraneo.es\/wp-content\/uploads\/2016\/12\/20161129_100240.jpg\"><img loading=\"lazy\" decoding=\"async\" class=\"alignleft size-full wp-image-20069\" src=\"http:\/\/www.colemediterraneo.es\/wp-content\/uploads\/2016\/12\/20161129_100240.jpg\" alt=\"\" width=\"600\" height=\"338\" \/><\/a> <a href=\"http:\/\/www.colemediterraneo.es\/wp-content\/uploads\/2016\/12\/20161205_103712.jpg\"><img loading=\"lazy\" decoding=\"async\" class=\"alignleft size-full wp-image-20070\" src=\"http:\/\/www.colemediterraneo.es\/wp-content\/uploads\/2016\/12\/20161205_103712.jpg\" alt=\"\" width=\"600\" height=\"338\" \/><\/a> <a href=\"http:\/\/www.colemediterraneo.es\/wp-content\/uploads\/2016\/12\/20161205_103723.jpg\"><img loading=\"lazy\" decoding=\"async\" class=\"alignleft size-full wp-image-20071\" src=\"http:\/\/www.colemediterraneo.es\/wp-content\/uploads\/2016\/12\/20161205_103723.jpg\" alt=\"\" width=\"600\" height=\"338\" \/><\/a> <a href=\"http:\/\/www.colemediterraneo.es\/wp-content\/uploads\/2016\/12\/20161205_103734.jpg\"><img loading=\"lazy\" decoding=\"async\" class=\"alignleft size-full wp-image-20072\" src=\"http:\/\/www.colemediterraneo.es\/wp-content\/uploads\/2016\/12\/20161205_103734.jpg\" alt=\"\" width=\"338\" height=\"600\" \/><\/a> <a href=\"http:\/\/www.colemediterraneo.es\/wp-content\/uploads\/2016\/12\/20161205_103759.jpg\"><img loading=\"lazy\" decoding=\"async\" class=\"alignleft size-full wp-image-20073\" src=\"http:\/\/www.colemediterraneo.es\/wp-content\/uploads\/2016\/12\/20161205_103759.jpg\" alt=\"\" width=\"600\" height=\"338\" \/><\/a> <a href=\"http:\/\/www.colemediterraneo.es\/wp-content\/uploads\/2016\/12\/20161205_104059.jpg\"><img loading=\"lazy\" decoding=\"async\" class=\"alignleft size-full wp-image-20074\" src=\"http:\/\/www.colemediterraneo.es\/wp-content\/uploads\/2016\/12\/20161205_104059.jpg\" alt=\"\" width=\"600\" height=\"338\" \/><\/a> <a href=\"http:\/\/www.colemediterraneo.es\/wp-content\/uploads\/2016\/12\/20161205_112108.jpg\"><img loading=\"lazy\" decoding=\"async\" class=\"alignleft size-full wp-image-20075\" src=\"http:\/\/www.colemediterraneo.es\/wp-content\/uploads\/2016\/12\/20161205_112108.jpg\" alt=\"\" width=\"600\" height=\"338\" \/><\/a> <a href=\"http:\/\/www.colemediterraneo.es\/wp-content\/uploads\/2016\/12\/20161205_132724.jpg\"><img loading=\"lazy\" decoding=\"async\" class=\"alignleft size-full wp-image-20076\" src=\"http:\/\/www.colemediterraneo.es\/wp-content\/uploads\/2016\/12\/20161205_132724.jpg\" alt=\"\" width=\"600\" height=\"338\" \/><\/a> <a href=\"http:\/\/www.colemediterraneo.es\/wp-content\/uploads\/2016\/12\/20161205_163315.jpg\"><img loading=\"lazy\" decoding=\"async\" class=\"alignleft size-full wp-image-20077\" src=\"http:\/\/www.colemediterraneo.es\/wp-content\/uploads\/2016\/12\/20161205_163315.jpg\" alt=\"\" width=\"600\" height=\"338\" \/><\/a> <a href=\"http:\/\/www.colemediterraneo.es\/wp-content\/uploads\/2016\/12\/20161205_163449.jpg\"><img loading=\"lazy\" decoding=\"async\" class=\"alignleft size-full wp-image-20078\" src=\"http:\/\/www.colemediterraneo.es\/wp-content\/uploads\/2016\/12\/20161205_163449.jpg\" alt=\"\" width=\"600\" height=\"338\" \/><\/a> <a href=\"http:\/\/www.colemediterraneo.es\/wp-content\/uploads\/2016\/12\/20161205_163506.jpg\"><img loading=\"lazy\" decoding=\"async\" class=\"alignleft size-full wp-image-20079\" src=\"http:\/\/www.colemediterraneo.es\/wp-content\/uploads\/2016\/12\/20161205_163506.jpg\" alt=\"\" width=\"338\" height=\"600\" \/><\/a> <a href=\"http:\/\/www.colemediterraneo.es\/wp-content\/uploads\/2016\/12\/IMG-20161205-WA0011.jpg\"><img loading=\"lazy\" decoding=\"async\" class=\"alignleft size-full wp-image-20080\" src=\"http:\/\/www.colemediterraneo.es\/wp-content\/uploads\/2016\/12\/IMG-20161205-WA0011.jpg\" alt=\"\" width=\"600\" height=\"338\" \/><\/a> <a href=\"http:\/\/www.colemediterraneo.es\/wp-content\/uploads\/2016\/12\/IMG-20161205-WA0012.jpg\"><img loading=\"lazy\" decoding=\"async\" class=\"alignleft size-full wp-image-20081\" src=\"http:\/\/www.colemediterraneo.es\/wp-content\/uploads\/2016\/12\/IMG-20161205-WA0012.jpg\" alt=\"\" width=\"600\" height=\"338\" \/><\/a> <a href=\"http:\/\/www.colemediterraneo.es\/wp-content\/uploads\/2016\/12\/IMG-20161205-WA0013.jpg\"><img loading=\"lazy\" decoding=\"async\" class=\"alignleft size-full wp-image-20082\" src=\"http:\/\/www.colemediterraneo.es\/wp-content\/uploads\/2016\/12\/IMG-20161205-WA0013.jpg\" alt=\"\" width=\"600\" height=\"338\" \/><\/a> <a href=\"http:\/\/www.colemediterraneo.es\/wp-content\/uploads\/2016\/12\/IMG-20161205-WA0014.jpg\"><img loading=\"lazy\" decoding=\"async\" class=\"alignleft size-full wp-image-20083\" src=\"http:\/\/www.colemediterraneo.es\/wp-content\/uploads\/2016\/12\/IMG-20161205-WA0014.jpg\" alt=\"\" width=\"600\" height=\"450\" \/><\/a> <a href=\"http:\/\/www.colemediterraneo.es\/wp-content\/uploads\/2016\/12\/IMG-20161205-WA0015.jpg\"><img loading=\"lazy\" decoding=\"async\" class=\"alignleft size-full wp-image-20084\" src=\"http:\/\/www.colemediterraneo.es\/wp-content\/uploads\/2016\/12\/IMG-20161205-WA0015.jpg\" alt=\"\" width=\"600\" height=\"450\" \/><\/a> <a href=\"http:\/\/www.colemediterraneo.es\/wp-content\/uploads\/2016\/12\/IMG-20161205-WA0017.jpg\"><img loading=\"lazy\" decoding=\"async\" class=\"alignleft size-full wp-image-20085\" src=\"http:\/\/www.colemediterraneo.es\/wp-content\/uploads\/2016\/12\/IMG-20161205-WA0017.jpg\" alt=\"\" width=\"600\" height=\"450\" \/><\/a> <a href=\"http:\/\/www.colemediterraneo.es\/wp-content\/uploads\/2016\/12\/IMG-20161205-WA0019.jpg\"><img loading=\"lazy\" decoding=\"async\" class=\"alignleft size-full wp-image-20086\" src=\"http:\/\/www.colemediterraneo.es\/wp-content\/uploads\/2016\/12\/IMG-20161205-WA0019.jpg\" alt=\"\" width=\"600\" height=\"450\" \/><\/a> <a href=\"http:\/\/www.colemediterraneo.es\/wp-content\/uploads\/2016\/12\/IMG-20161205-WA0023.jpg\"><img loading=\"lazy\" decoding=\"async\" class=\"alignleft size-full wp-image-20087\" src=\"http:\/\/www.colemediterraneo.es\/wp-content\/uploads\/2016\/12\/IMG-20161205-WA0023.jpg\" alt=\"\" width=\"600\" height=\"450\" \/><\/a> <a href=\"http:\/\/www.colemediterraneo.es\/wp-content\/uploads\/2016\/12\/IMG-20161205-WA0024.jpg\"><img loading=\"lazy\" decoding=\"async\" class=\"alignleft size-full wp-image-20088\" src=\"http:\/\/www.colemediterraneo.es\/wp-content\/uploads\/2016\/12\/IMG-20161205-WA0024.jpg\" alt=\"\" width=\"600\" height=\"338\" \/><\/a> <a href=\"http:\/\/www.colemediterraneo.es\/wp-content\/uploads\/2016\/12\/IMG-20161205-WA0028.jpg\"><img loading=\"lazy\" decoding=\"async\" class=\"alignleft size-full wp-image-20089\" src=\"http:\/\/www.colemediterraneo.es\/wp-content\/uploads\/2016\/12\/IMG-20161205-WA0028.jpg\" alt=\"\" width=\"600\" height=\"338\" \/><\/a> <a href=\"http:\/\/www.colemediterraneo.es\/wp-content\/uploads\/2016\/12\/IMG-20161205-WA0030.jpg\"><img loading=\"lazy\" decoding=\"async\" class=\"alignleft size-full wp-image-20090\" src=\"http:\/\/www.colemediterraneo.es\/wp-content\/uploads\/2016\/12\/IMG-20161205-WA0030.jpg\" alt=\"\" width=\"600\" height=\"450\" \/><\/a> <a href=\"http:\/\/www.colemediterraneo.es\/wp-content\/uploads\/2016\/12\/IMG-20161205-WA0033.jpg\"><img loading=\"lazy\" decoding=\"async\" class=\"alignleft size-full wp-image-20091\" src=\"http:\/\/www.colemediterraneo.es\/wp-content\/uploads\/2016\/12\/IMG-20161205-WA0033.jpg\" alt=\"\" width=\"600\" height=\"338\" \/><\/a> <a href=\"http:\/\/www.colemediterraneo.es\/wp-content\/uploads\/2016\/12\/IMG-20161205-WA0034.jpg\"><img loading=\"lazy\" decoding=\"async\" class=\"alignleft size-full wp-image-20092\" src=\"http:\/\/www.colemediterraneo.es\/wp-content\/uploads\/2016\/12\/IMG-20161205-WA0034.jpg\" alt=\"\" width=\"600\" height=\"338\" \/><\/a> <a href=\"http:\/\/www.colemediterraneo.es\/wp-content\/uploads\/2016\/12\/IMG-20161205-WA0035.jpg\"><img loading=\"lazy\" decoding=\"async\" class=\"alignleft size-full wp-image-20093\" src=\"http:\/\/www.colemediterraneo.es\/wp-content\/uploads\/2016\/12\/IMG-20161205-WA0035.jpg\" alt=\"\" width=\"600\" height=\"338\" \/><\/a> <a href=\"http:\/\/www.colemediterraneo.es\/wp-content\/uploads\/2016\/12\/IMG-20161205-WA0036.jpg\"><img loading=\"lazy\" decoding=\"async\" class=\"alignleft size-full wp-image-20094\" src=\"http:\/\/www.colemediterraneo.es\/wp-content\/uploads\/2016\/12\/IMG-20161205-WA0036.jpg\" alt=\"\" width=\"600\" height=\"450\" \/><\/a> <a href=\"http:\/\/www.colemediterraneo.es\/wp-content\/uploads\/2016\/12\/IMG-20161205-WA0045.jpg\"><img loading=\"lazy\" decoding=\"async\" class=\"alignleft size-full wp-image-20095\" src=\"http:\/\/www.colemediterraneo.es\/wp-content\/uploads\/2016\/12\/IMG-20161205-WA0045.jpg\" alt=\"\" width=\"450\" height=\"600\" \/><\/a> <a href=\"http:\/\/www.colemediterraneo.es\/wp-content\/uploads\/2016\/12\/IMG-20161205-WA0046.jpg\"><img loading=\"lazy\" decoding=\"async\" class=\"alignleft size-full wp-image-20096\" src=\"http:\/\/www.colemediterraneo.es\/wp-content\/uploads\/2016\/12\/IMG-20161205-WA0046.jpg\" alt=\"\" width=\"450\" height=\"600\" \/><\/a> <a href=\"http:\/\/www.colemediterraneo.es\/wp-content\/uploads\/2016\/12\/IMG-20161206-WA0011.jpg\"><img loading=\"lazy\" decoding=\"async\" class=\"alignleft size-full wp-image-20097\" src=\"http:\/\/www.colemediterraneo.es\/wp-content\/uploads\/2016\/12\/IMG-20161206-WA0011.jpg\" alt=\"\" width=\"600\" height=\"338\" \/><\/a> <a href=\"http:\/\/www.colemediterraneo.es\/wp-content\/uploads\/2016\/12\/IMG-20161206-WA0012.jpg\"><img loading=\"lazy\" decoding=\"async\" class=\"alignleft size-full wp-image-20098\" src=\"http:\/\/www.colemediterraneo.es\/wp-content\/uploads\/2016\/12\/IMG-20161206-WA0012.jpg\" alt=\"\" width=\"600\" height=\"338\" \/><\/a> <a href=\"http:\/\/www.colemediterraneo.es\/wp-content\/uploads\/2016\/12\/IMG-20161206-WA0014.jpg\"><img loading=\"lazy\" decoding=\"async\" class=\"alignleft size-full wp-image-20099\" src=\"http:\/\/www.colemediterraneo.es\/wp-content\/uploads\/2016\/12\/IMG-20161206-WA0014.jpg\" alt=\"\" width=\"600\" height=\"338\" \/><\/a> <a href=\"http:\/\/www.colemediterraneo.es\/wp-content\/uploads\/2016\/12\/IMG-20161206-WA0015.jpg\"><img loading=\"lazy\" decoding=\"async\" class=\"alignleft size-full wp-image-20100\" src=\"http:\/\/www.colemediterraneo.es\/wp-content\/uploads\/2016\/12\/IMG-20161206-WA0015.jpg\" alt=\"\" width=\"338\" height=\"600\" \/><\/a> <a href=\"http:\/\/www.colemediterraneo.es\/wp-content\/uploads\/2016\/12\/IMG-20161206-WA0018.jpg\"><img loading=\"lazy\" decoding=\"async\" class=\"alignleft size-full wp-image-20101\" src=\"http:\/\/www.colemediterraneo.es\/wp-content\/uploads\/2016\/12\/IMG-20161206-WA0018.jpg\" alt=\"\" width=\"338\" height=\"600\" \/><\/a> <a href=\"http:\/\/www.colemediterraneo.es\/wp-content\/uploads\/2016\/12\/IMG-20161206-WA0019.jpg\"><img loading=\"lazy\" decoding=\"async\" class=\"alignleft size-full wp-image-20102\" src=\"http:\/\/www.colemediterraneo.es\/wp-content\/uploads\/2016\/12\/IMG-20161206-WA0019.jpg\" alt=\"\" width=\"338\" height=\"600\" \/><\/a> <a href=\"http:\/\/www.colemediterraneo.es\/wp-content\/uploads\/2016\/12\/IMG-20161206-WA0020.jpg\"><img loading=\"lazy\" decoding=\"async\" class=\"alignleft size-full wp-image-20103\" src=\"http:\/\/www.colemediterraneo.es\/wp-content\/uploads\/2016\/12\/IMG-20161206-WA0020.jpg\" alt=\"\" width=\"338\" height=\"600\" \/><\/a> <a href=\"http:\/\/www.colemediterraneo.es\/wp-content\/uploads\/2016\/12\/IMG-20161206-WA0021.jpg\"><img loading=\"lazy\" decoding=\"async\" class=\"alignleft size-full wp-image-20104\" src=\"http:\/\/www.colemediterraneo.es\/wp-content\/uploads\/2016\/12\/IMG-20161206-WA0021.jpg\" alt=\"\" width=\"338\" height=\"600\" \/><\/a> <a href=\"http:\/\/www.colemediterraneo.es\/wp-content\/uploads\/2016\/12\/IMG-20161206-WA0023.jpg\"><img loading=\"lazy\" decoding=\"async\" class=\"alignleft size-full wp-image-20105\" src=\"http:\/\/www.colemediterraneo.es\/wp-content\/uploads\/2016\/12\/IMG-20161206-WA0023.jpg\" alt=\"\" width=\"338\" height=\"600\" \/><\/a> <a href=\"http:\/\/www.colemediterraneo.es\/wp-content\/uploads\/2016\/12\/IMG-20161206-WA0025.jpg\"><img loading=\"lazy\" decoding=\"async\" class=\"alignleft size-full wp-image-20106\" src=\"http:\/\/www.colemediterraneo.es\/wp-content\/uploads\/2016\/12\/IMG-20161206-WA0025.jpg\" alt=\"\" width=\"600\" height=\"450\" \/><\/a> <a href=\"http:\/\/www.colemediterraneo.es\/wp-content\/uploads\/2016\/12\/IMG-20161206-WA0027.jpg\"><img loading=\"lazy\" decoding=\"async\" class=\"alignleft size-full wp-image-20107\" src=\"http:\/\/www.colemediterraneo.es\/wp-content\/uploads\/2016\/12\/IMG-20161206-WA0027.jpg\" alt=\"\" width=\"450\" height=\"600\" \/><\/a> <a href=\"http:\/\/www.colemediterraneo.es\/wp-content\/uploads\/2016\/12\/IMG-20161206-WA0030.jpg\"><img loading=\"lazy\" decoding=\"async\" class=\"alignleft size-full wp-image-20108\" src=\"http:\/\/www.colemediterraneo.es\/wp-content\/uploads\/2016\/12\/IMG-20161206-WA0030.jpg\" alt=\"\" width=\"450\" height=\"600\" \/><\/a> <a href=\"http:\/\/www.colemediterraneo.es\/wp-content\/uploads\/2016\/12\/IMG-20161206-WA0031.jpg\"><img loading=\"lazy\" decoding=\"async\" class=\"alignleft size-full wp-image-20109\" src=\"http:\/\/www.colemediterraneo.es\/wp-content\/uploads\/2016\/12\/IMG-20161206-WA0031.jpg\" alt=\"\" width=\"450\" height=\"600\" \/><\/a> <a href=\"http:\/\/www.colemediterraneo.es\/wp-content\/uploads\/2016\/12\/IMG-20161206-WA0032.jpg\"><img loading=\"lazy\" decoding=\"async\" class=\"alignleft size-full wp-image-20110\" src=\"http:\/\/www.colemediterraneo.es\/wp-content\/uploads\/2016\/12\/IMG-20161206-WA0032.jpg\" alt=\"\" width=\"450\" height=\"600\" \/><\/a> <a href=\"http:\/\/www.colemediterraneo.es\/wp-content\/uploads\/2016\/12\/IMG-20161208-WA0004.jpg\"><img loading=\"lazy\" decoding=\"async\" class=\"alignleft size-full wp-image-20111\" src=\"http:\/\/www.colemediterraneo.es\/wp-content\/uploads\/2016\/12\/IMG-20161208-WA0004.jpg\" alt=\"\" width=\"338\" height=\"600\" \/><\/a> <a href=\"http:\/\/www.colemediterraneo.es\/wp-content\/uploads\/2016\/12\/IMG-20161208-WA0005.jpg\"><img loading=\"lazy\" decoding=\"async\" class=\"alignleft size-full wp-image-20112\" src=\"http:\/\/www.colemediterraneo.es\/wp-content\/uploads\/2016\/12\/IMG-20161208-WA0005.jpg\" alt=\"\" width=\"338\" height=\"600\" \/><\/a> <a href=\"http:\/\/www.colemediterraneo.es\/wp-content\/uploads\/2016\/12\/IMG-20161208-WA0007.jpg\"><img loading=\"lazy\" decoding=\"async\" class=\"alignleft size-full wp-image-20113\" src=\"http:\/\/www.colemediterraneo.es\/wp-content\/uploads\/2016\/12\/IMG-20161208-WA0007.jpg\" alt=\"\" width=\"600\" height=\"338\" \/><\/a><\/p>\n","protected":false},"excerpt":{"rendered":"<p>\u00a0 Desde el 28 de noviembre hasta el 25 de diciembre se han llevado a cabo diversas actividades relacionadas con el D\u00eda de la Constituci\u00f3n, con el\u00a0OBJETIVO de fomentar en el alumnado los valores ciudadanos y democr\u00e1ticos sobre los que se asienta el sistema de libertades y de derechos humanos que constituyen la esencia de &hellip; <\/p>\n<p><a class=\"more-link btn\" href=\"https:\/\/blogsaverroes.juntadeandalucia.es\/colemediterraneo\/cursos-anteriores\/curso-2016-2017\/a-nivel-de-centro-6\/trabajamos-la-constitucion\/\">Seguir leyendo<\/a><\/p>\n","protected":false},"author":5888,"featured_media":0,"parent":19223,"menu_order":0,"comment_status":"closed","ping_status":"closed","template":"","meta":{"ngg_post_thumbnail":0,"footnotes":"","_mc_calendar":[]},"aioseo_notices":[],"post_mailing_queue_ids":[],"_links":{"self":[{"href":"https:\/\/blogsaverroes.juntadeandalucia.es\/colemediterraneo\/wp-json\/wp\/v2\/pages\/20013"}],"collection":[{"href":"https:\/\/blogsaverroes.juntadeandalucia.es\/colemediterraneo\/wp-json\/wp\/v2\/pages"}],"about":[{"href":"https:\/\/blogsaverroes.juntadeandalucia.es\/colemediterraneo\/wp-json\/wp\/v2\/types\/page"}],"author":[{"embeddable":true,"href":"https:\/\/blogsaverroes.juntadeandalucia.es\/colemediterraneo\/wp-json\/wp\/v2\/users\/5888"}],"replies":[{"embeddable":true,"href":"https:\/\/blogsaverroes.juntadeandalucia.es\/colemediterraneo\/wp-json\/wp\/v2\/comments?post=20013"}],"version-history":[{"count":0,"href":"https:\/\/blogsaverroes.juntadeandalucia.es\/colemediterraneo\/wp-json\/wp\/v2\/pages\/20013\/revisions"}],"up":[{"embeddable":true,"href":"https:\/\/blogsaverroes.juntadeandalucia.es\/colemediterraneo\/wp-json\/wp\/v2\/pages\/19223"}],"wp:attachment":[{"href":"https:\/\/blogsaverroes.juntadeandalucia.es\/colemediterraneo\/wp-json\/wp\/v2\/media?parent=20013"}],"curies":[{"name":"wp","href":"https:\/\/api.w.org\/{rel}","templated":true}]}}