{"id":20721,"date":"2017-02-22T14:03:10","date_gmt":"2017-02-22T13:03:10","guid":{"rendered":"http:\/\/colemediterraneo.es\/?page_id=20721"},"modified":"2017-02-22T14:03:10","modified_gmt":"2017-02-22T13:03:10","slug":"trabajos-sobre-el-antiguo-egipto","status":"publish","type":"page","link":"https:\/\/blogsaverroes.juntadeandalucia.es\/colemediterraneo\/cursos-anteriores\/curso-2016-2017\/educacion-infantil-5\/trabajos-sobre-el-antiguo-egipto\/","title":{"rendered":"Trabajos sobre el antiguo Egipto"},"content":{"rendered":"<p>El nivel de 5 a\u00f1os de infantil est\u00e1 trabajando el Antiguo Egipto. \u00a0En esta unidad los ni\u00f1os y ni\u00f1as se acercan a esta importante civilizaci\u00f3n y aprenden m\u00faltiples cosas la vida en aquella \u00e9poca: \u00a0la importancia del r\u00edo Nilo, la vida de los faraones y de Cleopatra, las pir\u00e1mides y las momias, los desiertos, los oasis, \u00a0los jerogl\u00edficos, etc.<\/p>\n<p>Aqu\u00ed mostramos parte de los trabajos con los que han querido decorar sus pasillos.<\/p>\n<p><img loading=\"lazy\" decoding=\"async\" class=\"alignnone wp-image-20756 size-large\" src=\"http:\/\/colemediterraneo.es\/wp-content\/uploads\/2017\/02\/20170222_100217-1024x576.jpg\" width=\"584\" height=\"329\" \/> <img loading=\"lazy\" decoding=\"async\" class=\"alignnone wp-image-20757 size-large\" src=\"http:\/\/colemediterraneo.es\/wp-content\/uploads\/2017\/02\/20170222_100248-1024x576.jpg\" width=\"584\" height=\"329\" \/> <img loading=\"lazy\" decoding=\"async\" class=\"alignnone wp-image-20758 size-large\" src=\"http:\/\/colemediterraneo.es\/wp-content\/uploads\/2017\/02\/20170222_100310-1024x576.jpg\" width=\"584\" height=\"329\" \/> <img loading=\"lazy\" decoding=\"async\" class=\"alignnone wp-image-20759 size-large\" src=\"http:\/\/colemediterraneo.es\/wp-content\/uploads\/2017\/02\/20170222_100324-1024x576.jpg\" width=\"584\" height=\"329\" \/><\/p>\n","protected":false},"excerpt":{"rendered":"<p>El nivel de 5 a\u00f1os de infantil est\u00e1 trabajando el Antiguo Egipto. \u00a0En esta unidad los ni\u00f1os y ni\u00f1as se acercan a esta importante civilizaci\u00f3n y aprenden m\u00faltiples cosas la vida en aquella \u00e9poca: \u00a0la importancia del r\u00edo Nilo, la vida de los faraones y de Cleopatra, las pir\u00e1mides y las momias, los desiertos, los &hellip; <\/p>\n<p><a class=\"more-link btn\" href=\"https:\/\/blogsaverroes.juntadeandalucia.es\/colemediterraneo\/cursos-anteriores\/curso-2016-2017\/educacion-infantil-5\/trabajos-sobre-el-antiguo-egipto\/\">Seguir leyendo<\/a><\/p>\n","protected":false},"author":5888,"featured_media":0,"parent":19205,"menu_order":0,"comment_status":"closed","ping_status":"closed","template":"","meta":{"ngg_post_thumbnail":0,"footnotes":"","_mc_calendar":[]},"aioseo_notices":[],"post_mailing_queue_ids":[],"_links":{"self":[{"href":"https:\/\/blogsaverroes.juntadeandalucia.es\/colemediterraneo\/wp-json\/wp\/v2\/pages\/20721"}],"collection":[{"href":"https:\/\/blogsaverroes.juntadeandalucia.es\/colemediterraneo\/wp-json\/wp\/v2\/pages"}],"about":[{"href":"https:\/\/blogsaverroes.juntadeandalucia.es\/colemediterraneo\/wp-json\/wp\/v2\/types\/page"}],"author":[{"embeddable":true,"href":"https:\/\/blogsaverroes.juntadeandalucia.es\/colemediterraneo\/wp-json\/wp\/v2\/users\/5888"}],"replies":[{"embeddable":true,"href":"https:\/\/blogsaverroes.juntadeandalucia.es\/colemediterraneo\/wp-json\/wp\/v2\/comments?post=20721"}],"version-history":[{"count":0,"href":"https:\/\/blogsaverroes.juntadeandalucia.es\/colemediterraneo\/wp-json\/wp\/v2\/pages\/20721\/revisions"}],"up":[{"embeddable":true,"href":"https:\/\/blogsaverroes.juntadeandalucia.es\/colemediterraneo\/wp-json\/wp\/v2\/pages\/19205"}],"wp:attachment":[{"href":"https:\/\/blogsaverroes.juntadeandalucia.es\/colemediterraneo\/wp-json\/wp\/v2\/media?parent=20721"}],"curies":[{"name":"wp","href":"https:\/\/api.w.org\/{rel}","templated":true}]}}