{"id":21611,"date":"2017-05-23T09:35:55","date_gmt":"2017-05-23T08:35:55","guid":{"rendered":"http:\/\/colemediterraneo.es\/?page_id=21611"},"modified":"2017-05-23T09:35:55","modified_gmt":"2017-05-23T08:35:55","slug":"simulacro-de-evacuacion","status":"publish","type":"page","link":"https:\/\/blogsaverroes.juntadeandalucia.es\/colemediterraneo\/cursos-anteriores\/curso-2016-2017\/a-nivel-de-centro-6\/simulacro-de-evacuacion\/","title":{"rendered":"Simulacro de evacuaci\u00f3n"},"content":{"rendered":"<p>Como en a\u00f1os anteriores, y esperando no tener que ponerlo en pr\u00e1ctica nunca, hemos realizado un simulacro de evacuaci\u00f3n.\u00a0 Todo ha salido bien y hemos conseguido estar todos en el lugar indicado para cada curso\/grupo\u00a0en menos de 5 minutos.<\/p>\n<p><img loading=\"lazy\" decoding=\"async\" class=\"alignnone size-full wp-image-21642\" src=\"https:\/\/blogsaverroes.juntadeandalucia.es\/colemediterraneo\/files\/2017\/05\/20170518_100717.jpg\" alt=\"\" width=\"700\" height=\"394\" srcset=\"https:\/\/blogsaverroes.juntadeandalucia.es\/colemediterraneo\/files\/2017\/05\/20170518_100717.jpg 700w, https:\/\/blogsaverroes.juntadeandalucia.es\/colemediterraneo\/files\/2017\/05\/20170518_100717-300x169.jpg 300w, https:\/\/blogsaverroes.juntadeandalucia.es\/colemediterraneo\/files\/2017\/05\/20170518_100717-24x14.jpg 24w, https:\/\/blogsaverroes.juntadeandalucia.es\/colemediterraneo\/files\/2017\/05\/20170518_100717-36x20.jpg 36w, https:\/\/blogsaverroes.juntadeandalucia.es\/colemediterraneo\/files\/2017\/05\/20170518_100717-48x27.jpg 48w\" sizes=\"(max-width: 700px) 100vw, 700px\" \/> <img loading=\"lazy\" decoding=\"async\" class=\"alignnone size-full wp-image-21643\" src=\"https:\/\/blogsaverroes.juntadeandalucia.es\/colemediterraneo\/files\/2017\/05\/20170518_100736.jpg\" alt=\"\" width=\"700\" height=\"394\" srcset=\"https:\/\/blogsaverroes.juntadeandalucia.es\/colemediterraneo\/files\/2017\/05\/20170518_100736.jpg 700w, https:\/\/blogsaverroes.juntadeandalucia.es\/colemediterraneo\/files\/2017\/05\/20170518_100736-300x169.jpg 300w, https:\/\/blogsaverroes.juntadeandalucia.es\/colemediterraneo\/files\/2017\/05\/20170518_100736-24x14.jpg 24w, https:\/\/blogsaverroes.juntadeandalucia.es\/colemediterraneo\/files\/2017\/05\/20170518_100736-36x20.jpg 36w, https:\/\/blogsaverroes.juntadeandalucia.es\/colemediterraneo\/files\/2017\/05\/20170518_100736-48x27.jpg 48w\" sizes=\"(max-width: 700px) 100vw, 700px\" \/> <img loading=\"lazy\" decoding=\"async\" class=\"alignnone size-full wp-image-21644\" src=\"https:\/\/blogsaverroes.juntadeandalucia.es\/colemediterraneo\/files\/2017\/05\/20170518_100744.jpg\" alt=\"\" width=\"700\" height=\"394\" srcset=\"https:\/\/blogsaverroes.juntadeandalucia.es\/colemediterraneo\/files\/2017\/05\/20170518_100744.jpg 700w, https:\/\/blogsaverroes.juntadeandalucia.es\/colemediterraneo\/files\/2017\/05\/20170518_100744-300x169.jpg 300w, https:\/\/blogsaverroes.juntadeandalucia.es\/colemediterraneo\/files\/2017\/05\/20170518_100744-24x14.jpg 24w, https:\/\/blogsaverroes.juntadeandalucia.es\/colemediterraneo\/files\/2017\/05\/20170518_100744-36x20.jpg 36w, https:\/\/blogsaverroes.juntadeandalucia.es\/colemediterraneo\/files\/2017\/05\/20170518_100744-48x27.jpg 48w\" sizes=\"(max-width: 700px) 100vw, 700px\" \/> <img loading=\"lazy\" decoding=\"async\" class=\"alignnone size-full wp-image-21645\" src=\"https:\/\/blogsaverroes.juntadeandalucia.es\/colemediterraneo\/files\/2017\/05\/20170518_100755.jpg\" alt=\"\" width=\"700\" height=\"394\" srcset=\"https:\/\/blogsaverroes.juntadeandalucia.es\/colemediterraneo\/files\/2017\/05\/20170518_100755.jpg 700w, https:\/\/blogsaverroes.juntadeandalucia.es\/colemediterraneo\/files\/2017\/05\/20170518_100755-300x169.jpg 300w, https:\/\/blogsaverroes.juntadeandalucia.es\/colemediterraneo\/files\/2017\/05\/20170518_100755-24x14.jpg 24w, https:\/\/blogsaverroes.juntadeandalucia.es\/colemediterraneo\/files\/2017\/05\/20170518_100755-36x20.jpg 36w, https:\/\/blogsaverroes.juntadeandalucia.es\/colemediterraneo\/files\/2017\/05\/20170518_100755-48x27.jpg 48w\" sizes=\"(max-width: 700px) 100vw, 700px\" \/> <img loading=\"lazy\" decoding=\"async\" class=\"alignnone size-full wp-image-21646\" src=\"https:\/\/blogsaverroes.juntadeandalucia.es\/colemediterraneo\/files\/2017\/05\/20170518_100822.jpg\" alt=\"\" width=\"700\" height=\"394\" srcset=\"https:\/\/blogsaverroes.juntadeandalucia.es\/colemediterraneo\/files\/2017\/05\/20170518_100822.jpg 700w, https:\/\/blogsaverroes.juntadeandalucia.es\/colemediterraneo\/files\/2017\/05\/20170518_100822-300x169.jpg 300w, https:\/\/blogsaverroes.juntadeandalucia.es\/colemediterraneo\/files\/2017\/05\/20170518_100822-24x14.jpg 24w, https:\/\/blogsaverroes.juntadeandalucia.es\/colemediterraneo\/files\/2017\/05\/20170518_100822-36x20.jpg 36w, https:\/\/blogsaverroes.juntadeandalucia.es\/colemediterraneo\/files\/2017\/05\/20170518_100822-48x27.jpg 48w\" sizes=\"(max-width: 700px) 100vw, 700px\" \/> <img loading=\"lazy\" decoding=\"async\" class=\"alignnone size-full wp-image-21647\" src=\"https:\/\/blogsaverroes.juntadeandalucia.es\/colemediterraneo\/files\/2017\/05\/20170518_100940.jpg\" alt=\"\" width=\"700\" height=\"394\" srcset=\"https:\/\/blogsaverroes.juntadeandalucia.es\/colemediterraneo\/files\/2017\/05\/20170518_100940.jpg 700w, https:\/\/blogsaverroes.juntadeandalucia.es\/colemediterraneo\/files\/2017\/05\/20170518_100940-300x169.jpg 300w, https:\/\/blogsaverroes.juntadeandalucia.es\/colemediterraneo\/files\/2017\/05\/20170518_100940-24x14.jpg 24w, https:\/\/blogsaverroes.juntadeandalucia.es\/colemediterraneo\/files\/2017\/05\/20170518_100940-36x20.jpg 36w, https:\/\/blogsaverroes.juntadeandalucia.es\/colemediterraneo\/files\/2017\/05\/20170518_100940-48x27.jpg 48w\" sizes=\"(max-width: 700px) 100vw, 700px\" \/> <img loading=\"lazy\" decoding=\"async\" class=\"alignnone size-full wp-image-21648\" src=\"https:\/\/blogsaverroes.juntadeandalucia.es\/colemediterraneo\/files\/2017\/05\/20170518_100955.jpg\" alt=\"\" width=\"700\" height=\"394\" srcset=\"https:\/\/blogsaverroes.juntadeandalucia.es\/colemediterraneo\/files\/2017\/05\/20170518_100955.jpg 700w, https:\/\/blogsaverroes.juntadeandalucia.es\/colemediterraneo\/files\/2017\/05\/20170518_100955-300x169.jpg 300w, https:\/\/blogsaverroes.juntadeandalucia.es\/colemediterraneo\/files\/2017\/05\/20170518_100955-24x14.jpg 24w, https:\/\/blogsaverroes.juntadeandalucia.es\/colemediterraneo\/files\/2017\/05\/20170518_100955-36x20.jpg 36w, https:\/\/blogsaverroes.juntadeandalucia.es\/colemediterraneo\/files\/2017\/05\/20170518_100955-48x27.jpg 48w\" sizes=\"(max-width: 700px) 100vw, 700px\" \/><\/p>\n","protected":false},"excerpt":{"rendered":"<p>Como en a\u00f1os anteriores, y esperando no tener que ponerlo en pr\u00e1ctica nunca, hemos realizado un simulacro de evacuaci\u00f3n.\u00a0 Todo ha salido bien y hemos conseguido estar todos en el lugar indicado para cada curso\/grupo\u00a0en menos de 5 minutos.<\/p>\n","protected":false},"author":5888,"featured_media":0,"parent":19223,"menu_order":0,"comment_status":"closed","ping_status":"closed","template":"","meta":{"ngg_post_thumbnail":0,"footnotes":"","_mc_calendar":[]},"aioseo_notices":[],"post_mailing_queue_ids":[],"_links":{"self":[{"href":"https:\/\/blogsaverroes.juntadeandalucia.es\/colemediterraneo\/wp-json\/wp\/v2\/pages\/21611"}],"collection":[{"href":"https:\/\/blogsaverroes.juntadeandalucia.es\/colemediterraneo\/wp-json\/wp\/v2\/pages"}],"about":[{"href":"https:\/\/blogsaverroes.juntadeandalucia.es\/colemediterraneo\/wp-json\/wp\/v2\/types\/page"}],"author":[{"embeddable":true,"href":"https:\/\/blogsaverroes.juntadeandalucia.es\/colemediterraneo\/wp-json\/wp\/v2\/users\/5888"}],"replies":[{"embeddable":true,"href":"https:\/\/blogsaverroes.juntadeandalucia.es\/colemediterraneo\/wp-json\/wp\/v2\/comments?post=21611"}],"version-history":[{"count":0,"href":"https:\/\/blogsaverroes.juntadeandalucia.es\/colemediterraneo\/wp-json\/wp\/v2\/pages\/21611\/revisions"}],"up":[{"embeddable":true,"href":"https:\/\/blogsaverroes.juntadeandalucia.es\/colemediterraneo\/wp-json\/wp\/v2\/pages\/19223"}],"wp:attachment":[{"href":"https:\/\/blogsaverroes.juntadeandalucia.es\/colemediterraneo\/wp-json\/wp\/v2\/media?parent=21611"}],"curies":[{"name":"wp","href":"https:\/\/api.w.org\/{rel}","templated":true}]}}