{"id":22478,"date":"2018-02-15T10:13:35","date_gmt":"2018-02-15T10:13:35","guid":{"rendered":"http:\/\/colemediterraneo.es\/?page_id=22478"},"modified":"2018-02-15T10:13:35","modified_gmt":"2018-02-15T10:13:35","slug":"carnaval","status":"publish","type":"page","link":"https:\/\/blogsaverroes.juntadeandalucia.es\/colemediterraneo\/cursos-anteriores\/curso-2017-2018\/a-nivel-de-centro-7\/carnaval\/","title":{"rendered":"Carnaval"},"content":{"rendered":"<p>Un&nbsp; a\u00f1o m\u00e1s, celebramos el Carnaval en nuestro centro.&nbsp; &nbsp;Esta es la Programaci\u00f3n que se ha llevado a cabo y los objetivos trabajados:<\/p>\n<p><strong><u>OBJETIVO PRINCIPAL<\/u><\/strong><\/p>\n<p>-Conocer nuestras fiestas tradicionales y populares.&nbsp;<\/p>\n<p>-Comparar nuestra tradici\u00f3n carnavalesca con la celebraci\u00f3n del \u201cMardi Gras\u201d.<\/p>\n<p><strong><u>OBJETIVOS ESPEC\u00cdFICOS<\/u><\/strong><\/p>\n<p>-Participar en fiestas, tradiciones y costumbres de nuestro entorno valorando las manifestaciones culturales.<\/p>\n<p>-Inter\u00e9s por compartir sentimientos de alegr\u00eda y diversi\u00f3n ante situaciones l\u00fadicas como disfrazarse, maquillarse, bailar, etc.<\/p>\n<p>-Utilizar y manipular materiales e instrumentos para la elaboraci\u00f3n de caretas, adornos, etc.<\/p>\n<p><strong>&nbsp;<\/strong><\/p>\n<p><strong><u>ACTIVIDADES<\/u><\/strong><\/p>\n<p><strong>INFANTIL <\/strong><\/p>\n<p><strong>3 A\u00f1os<\/strong><\/p>\n<p>-Elaboraci\u00f3n de caretas (La Mona Pelitos).<\/p>\n<p>-Confecci\u00f3n de traje de carnaval.<\/p>\n<p><strong>4 A\u00f1os<\/strong><\/p>\n<p>1.-Proyecto:\u201d \u00a1Vamos a conocer las focas!\u201d.<\/p>\n<p>2.-Presentaci\u00f3n del libro de informaci\u00f3n y actividades sobre las focas:<\/p>\n<p>2.1.- \u00bfC\u00f3mo son las focas?.<\/p>\n<p>2.2.-\u00bfC\u00f3mo es su cuerpo?.<\/p>\n<p>2.3.-\u00bf C\u00f3mo se desplazan?.<\/p>\n<p>2.4.-\u00bfD\u00f3nde viven?.<\/p>\n<p>2.5.-\u00bfQu\u00e9 comen?.<\/p>\n<p>2.6.-Clases de focas.<\/p>\n<p>3.- Poes\u00eda: \u201cLa Foca Loca\u201d.<\/p>\n<p>4.- Cuento: \u201cUna foca con orejas\u201d.<\/p>\n<p>5.-Actividades colectivas:<\/p>\n<p>5.1.-Nos disfrazamos de Patosa (Nuestra mascota).<\/p>\n<p>5.2.- Confecci\u00f3n de un mural para el pasillo de una gran foca Patosa realizada con diferentes t\u00e9cnicas de pl\u00e1stica.<\/p>\n<p><strong>5 A\u00f1os <\/strong><\/p>\n<p>-Elaboraci\u00f3n de caretas (El Zorrito Poqu\u00e9).<\/p>\n<p>-Confecci\u00f3n de traje de carnaval.<\/p>\n<p><strong>PRIMER CICLO<\/strong><\/p>\n<p>-Realizaci\u00f3n de caretas y antifaces en pl\u00e1stica .<\/p>\n<p><strong>SEGUNDO Y TERCER CICLO<\/strong><\/p>\n<p>-Visionado de una presentaci\u00f3n y v\u00eddeo sobre la celebraci\u00f3n del \u201cMardi Gras\u201d en Lousiana y New Orleans llevada a cabo por Taylor, la auxiliar de conversaci\u00f3n.<\/p>\n<p>-Fichas y vocabulario referidas al powerpoint y v\u00eddeo.<\/p>\n<p>-Elaboraci\u00f3n&nbsp; de antifaces y caretas.<\/p>\n<p><strong>AULA DE E. ESPECIAL<\/strong><\/p>\n<p>-Decoraci\u00f3n de m\u00e1scaras.<\/p>\n<p>-Composici\u00f3n de un peque\u00f1o cupl\u00e9 con estribillo.<\/p>\n<p>Aqu\u00ed os mostramos unas im\u00e1genes como resumen:<\/p>\n<p><a href=\"https:\/\/blogsaverroes.juntadeandalucia.es\/colemediterraneo\/files\/2018\/02\/20180212_114033.jpg\"><img loading=\"lazy\" decoding=\"async\" class=\"alignnone size-medium wp-image-22622\" src=\"https:\/\/blogsaverroes.juntadeandalucia.es\/colemediterraneo\/files\/2018\/02\/20180212_114033-300x169.jpg\" alt=\"\" width=\"300\" height=\"169\" srcset=\"https:\/\/blogsaverroes.juntadeandalucia.es\/colemediterraneo\/files\/2018\/02\/20180212_114033-300x169.jpg 300w, https:\/\/blogsaverroes.juntadeandalucia.es\/colemediterraneo\/files\/2018\/02\/20180212_114033-24x14.jpg 24w, https:\/\/blogsaverroes.juntadeandalucia.es\/colemediterraneo\/files\/2018\/02\/20180212_114033-36x20.jpg 36w, https:\/\/blogsaverroes.juntadeandalucia.es\/colemediterraneo\/files\/2018\/02\/20180212_114033-48x27.jpg 48w, https:\/\/blogsaverroes.juntadeandalucia.es\/colemediterraneo\/files\/2018\/02\/20180212_114033.jpg 700w\" sizes=\"(max-width: 300px) 100vw, 300px\" \/><\/a> <a href=\"https:\/\/blogsaverroes.juntadeandalucia.es\/colemediterraneo\/files\/2018\/02\/20180212_114122.jpg\"><img loading=\"lazy\" decoding=\"async\" class=\"alignnone size-medium wp-image-22623\" src=\"https:\/\/blogsaverroes.juntadeandalucia.es\/colemediterraneo\/files\/2018\/02\/20180212_114122-300x169.jpg\" alt=\"\" width=\"300\" height=\"169\" srcset=\"https:\/\/blogsaverroes.juntadeandalucia.es\/colemediterraneo\/files\/2018\/02\/20180212_114122-300x169.jpg 300w, https:\/\/blogsaverroes.juntadeandalucia.es\/colemediterraneo\/files\/2018\/02\/20180212_114122-24x14.jpg 24w, https:\/\/blogsaverroes.juntadeandalucia.es\/colemediterraneo\/files\/2018\/02\/20180212_114122-36x20.jpg 36w, https:\/\/blogsaverroes.juntadeandalucia.es\/colemediterraneo\/files\/2018\/02\/20180212_114122-48x27.jpg 48w, https:\/\/blogsaverroes.juntadeandalucia.es\/colemediterraneo\/files\/2018\/02\/20180212_114122.jpg 700w\" sizes=\"(max-width: 300px) 100vw, 300px\" \/><\/a> <a href=\"https:\/\/blogsaverroes.juntadeandalucia.es\/colemediterraneo\/files\/2018\/02\/20180213_130657.jpg\"><img loading=\"lazy\" decoding=\"async\" class=\"alignnone size-medium wp-image-22624\" src=\"https:\/\/blogsaverroes.juntadeandalucia.es\/colemediterraneo\/files\/2018\/02\/20180213_130657-300x169.jpg\" alt=\"\" width=\"300\" height=\"169\" srcset=\"https:\/\/blogsaverroes.juntadeandalucia.es\/colemediterraneo\/files\/2018\/02\/20180213_130657-300x169.jpg 300w, https:\/\/blogsaverroes.juntadeandalucia.es\/colemediterraneo\/files\/2018\/02\/20180213_130657-24x14.jpg 24w, https:\/\/blogsaverroes.juntadeandalucia.es\/colemediterraneo\/files\/2018\/02\/20180213_130657-36x20.jpg 36w, https:\/\/blogsaverroes.juntadeandalucia.es\/colemediterraneo\/files\/2018\/02\/20180213_130657-48x27.jpg 48w, https:\/\/blogsaverroes.juntadeandalucia.es\/colemediterraneo\/files\/2018\/02\/20180213_130657.jpg 700w\" sizes=\"(max-width: 300px) 100vw, 300px\" \/><\/a> <a href=\"https:\/\/blogsaverroes.juntadeandalucia.es\/colemediterraneo\/files\/2018\/02\/20180213_130737.jpg\"><img loading=\"lazy\" decoding=\"async\" class=\"alignnone size-medium wp-image-22625\" src=\"https:\/\/blogsaverroes.juntadeandalucia.es\/colemediterraneo\/files\/2018\/02\/20180213_130737-300x169.jpg\" alt=\"\" width=\"300\" height=\"169\" srcset=\"https:\/\/blogsaverroes.juntadeandalucia.es\/colemediterraneo\/files\/2018\/02\/20180213_130737-300x169.jpg 300w, https:\/\/blogsaverroes.juntadeandalucia.es\/colemediterraneo\/files\/2018\/02\/20180213_130737-24x14.jpg 24w, https:\/\/blogsaverroes.juntadeandalucia.es\/colemediterraneo\/files\/2018\/02\/20180213_130737-36x20.jpg 36w, https:\/\/blogsaverroes.juntadeandalucia.es\/colemediterraneo\/files\/2018\/02\/20180213_130737-48x27.jpg 48w, https:\/\/blogsaverroes.juntadeandalucia.es\/colemediterraneo\/files\/2018\/02\/20180213_130737.jpg 700w\" sizes=\"(max-width: 300px) 100vw, 300px\" \/><\/a> <a href=\"https:\/\/blogsaverroes.juntadeandalucia.es\/colemediterraneo\/files\/2018\/02\/20180213_131302.jpg\"><img loading=\"lazy\" decoding=\"async\" class=\"alignnone size-medium wp-image-22626\" src=\"https:\/\/blogsaverroes.juntadeandalucia.es\/colemediterraneo\/files\/2018\/02\/20180213_131302-300x169.jpg\" alt=\"\" width=\"300\" height=\"169\" srcset=\"https:\/\/blogsaverroes.juntadeandalucia.es\/colemediterraneo\/files\/2018\/02\/20180213_131302-300x169.jpg 300w, https:\/\/blogsaverroes.juntadeandalucia.es\/colemediterraneo\/files\/2018\/02\/20180213_131302-24x14.jpg 24w, https:\/\/blogsaverroes.juntadeandalucia.es\/colemediterraneo\/files\/2018\/02\/20180213_131302-36x20.jpg 36w, https:\/\/blogsaverroes.juntadeandalucia.es\/colemediterraneo\/files\/2018\/02\/20180213_131302-48x27.jpg 48w, https:\/\/blogsaverroes.juntadeandalucia.es\/colemediterraneo\/files\/2018\/02\/20180213_131302.jpg 700w\" sizes=\"(max-width: 300px) 100vw, 300px\" \/><\/a> <a href=\"https:\/\/blogsaverroes.juntadeandalucia.es\/colemediterraneo\/files\/2018\/02\/IMG-20180213-WA0006.jpg\"><img loading=\"lazy\" decoding=\"async\" class=\"alignnone size-medium wp-image-22627\" src=\"https:\/\/blogsaverroes.juntadeandalucia.es\/colemediterraneo\/files\/2018\/02\/IMG-20180213-WA0006-300x169.jpg\" alt=\"\" width=\"300\" height=\"169\" srcset=\"https:\/\/blogsaverroes.juntadeandalucia.es\/colemediterraneo\/files\/2018\/02\/IMG-20180213-WA0006-300x169.jpg 300w, https:\/\/blogsaverroes.juntadeandalucia.es\/colemediterraneo\/files\/2018\/02\/IMG-20180213-WA0006-24x14.jpg 24w, https:\/\/blogsaverroes.juntadeandalucia.es\/colemediterraneo\/files\/2018\/02\/IMG-20180213-WA0006-36x20.jpg 36w, https:\/\/blogsaverroes.juntadeandalucia.es\/colemediterraneo\/files\/2018\/02\/IMG-20180213-WA0006-48x27.jpg 48w, https:\/\/blogsaverroes.juntadeandalucia.es\/colemediterraneo\/files\/2018\/02\/IMG-20180213-WA0006.jpg 700w\" sizes=\"(max-width: 300px) 100vw, 300px\" \/><\/a> <a href=\"https:\/\/blogsaverroes.juntadeandalucia.es\/colemediterraneo\/files\/2018\/02\/IMG-20180213-WA0011.jpg\"><img loading=\"lazy\" decoding=\"async\" class=\"alignnone size-medium wp-image-22628\" src=\"https:\/\/blogsaverroes.juntadeandalucia.es\/colemediterraneo\/files\/2018\/02\/IMG-20180213-WA0011-300x169.jpg\" alt=\"\" width=\"300\" height=\"169\" srcset=\"https:\/\/blogsaverroes.juntadeandalucia.es\/colemediterraneo\/files\/2018\/02\/IMG-20180213-WA0011-300x169.jpg 300w, https:\/\/blogsaverroes.juntadeandalucia.es\/colemediterraneo\/files\/2018\/02\/IMG-20180213-WA0011-24x14.jpg 24w, https:\/\/blogsaverroes.juntadeandalucia.es\/colemediterraneo\/files\/2018\/02\/IMG-20180213-WA0011-36x20.jpg 36w, https:\/\/blogsaverroes.juntadeandalucia.es\/colemediterraneo\/files\/2018\/02\/IMG-20180213-WA0011-48x27.jpg 48w, https:\/\/blogsaverroes.juntadeandalucia.es\/colemediterraneo\/files\/2018\/02\/IMG-20180213-WA0011.jpg 700w\" sizes=\"(max-width: 300px) 100vw, 300px\" \/><\/a> <a href=\"https:\/\/blogsaverroes.juntadeandalucia.es\/colemediterraneo\/files\/2018\/02\/IMG-20180213-WA0012.jpg\"><img loading=\"lazy\" decoding=\"async\" class=\"alignnone size-medium wp-image-22629\" src=\"https:\/\/blogsaverroes.juntadeandalucia.es\/colemediterraneo\/files\/2018\/02\/IMG-20180213-WA0012-300x169.jpg\" alt=\"\" width=\"300\" height=\"169\" srcset=\"https:\/\/blogsaverroes.juntadeandalucia.es\/colemediterraneo\/files\/2018\/02\/IMG-20180213-WA0012-300x169.jpg 300w, https:\/\/blogsaverroes.juntadeandalucia.es\/colemediterraneo\/files\/2018\/02\/IMG-20180213-WA0012-24x14.jpg 24w, https:\/\/blogsaverroes.juntadeandalucia.es\/colemediterraneo\/files\/2018\/02\/IMG-20180213-WA0012-36x20.jpg 36w, https:\/\/blogsaverroes.juntadeandalucia.es\/colemediterraneo\/files\/2018\/02\/IMG-20180213-WA0012-48x27.jpg 48w, https:\/\/blogsaverroes.juntadeandalucia.es\/colemediterraneo\/files\/2018\/02\/IMG-20180213-WA0012.jpg 700w\" sizes=\"(max-width: 300px) 100vw, 300px\" \/><\/a> <a href=\"https:\/\/blogsaverroes.juntadeandalucia.es\/colemediterraneo\/files\/2018\/02\/IMG-20180213-WA0013.jpg\"><img loading=\"lazy\" decoding=\"async\" class=\"alignnone size-medium wp-image-22630\" src=\"https:\/\/blogsaverroes.juntadeandalucia.es\/colemediterraneo\/files\/2018\/02\/IMG-20180213-WA0013-300x169.jpg\" alt=\"\" width=\"300\" height=\"169\" srcset=\"https:\/\/blogsaverroes.juntadeandalucia.es\/colemediterraneo\/files\/2018\/02\/IMG-20180213-WA0013-300x169.jpg 300w, https:\/\/blogsaverroes.juntadeandalucia.es\/colemediterraneo\/files\/2018\/02\/IMG-20180213-WA0013-24x14.jpg 24w, https:\/\/blogsaverroes.juntadeandalucia.es\/colemediterraneo\/files\/2018\/02\/IMG-20180213-WA0013-36x20.jpg 36w, https:\/\/blogsaverroes.juntadeandalucia.es\/colemediterraneo\/files\/2018\/02\/IMG-20180213-WA0013-48x27.jpg 48w, https:\/\/blogsaverroes.juntadeandalucia.es\/colemediterraneo\/files\/2018\/02\/IMG-20180213-WA0013.jpg 700w\" sizes=\"(max-width: 300px) 100vw, 300px\" \/><\/a> <a href=\"https:\/\/blogsaverroes.juntadeandalucia.es\/colemediterraneo\/files\/2018\/02\/IMG-20180213-WA0016.jpg\"><img loading=\"lazy\" decoding=\"async\" class=\"alignnone size-medium wp-image-22631\" src=\"https:\/\/blogsaverroes.juntadeandalucia.es\/colemediterraneo\/files\/2018\/02\/IMG-20180213-WA0016-300x169.jpg\" alt=\"\" width=\"300\" height=\"169\" srcset=\"https:\/\/blogsaverroes.juntadeandalucia.es\/colemediterraneo\/files\/2018\/02\/IMG-20180213-WA0016-300x169.jpg 300w, https:\/\/blogsaverroes.juntadeandalucia.es\/colemediterraneo\/files\/2018\/02\/IMG-20180213-WA0016-24x14.jpg 24w, https:\/\/blogsaverroes.juntadeandalucia.es\/colemediterraneo\/files\/2018\/02\/IMG-20180213-WA0016-36x20.jpg 36w, https:\/\/blogsaverroes.juntadeandalucia.es\/colemediterraneo\/files\/2018\/02\/IMG-20180213-WA0016-48x27.jpg 48w, https:\/\/blogsaverroes.juntadeandalucia.es\/colemediterraneo\/files\/2018\/02\/IMG-20180213-WA0016.jpg 700w\" sizes=\"(max-width: 300px) 100vw, 300px\" \/><\/a> <a href=\"https:\/\/blogsaverroes.juntadeandalucia.es\/colemediterraneo\/files\/2018\/02\/IMG-20180213-WA0025.jpg\"><img loading=\"lazy\" decoding=\"async\" class=\"alignnone size-medium wp-image-22632\" src=\"https:\/\/blogsaverroes.juntadeandalucia.es\/colemediterraneo\/files\/2018\/02\/IMG-20180213-WA0025-225x300.jpg\" alt=\"\" width=\"225\" height=\"300\" srcset=\"https:\/\/blogsaverroes.juntadeandalucia.es\/colemediterraneo\/files\/2018\/02\/IMG-20180213-WA0025-225x300.jpg 225w, https:\/\/blogsaverroes.juntadeandalucia.es\/colemediterraneo\/files\/2018\/02\/IMG-20180213-WA0025-18x24.jpg 18w, https:\/\/blogsaverroes.juntadeandalucia.es\/colemediterraneo\/files\/2018\/02\/IMG-20180213-WA0025-27x36.jpg 27w, https:\/\/blogsaverroes.juntadeandalucia.es\/colemediterraneo\/files\/2018\/02\/IMG-20180213-WA0025-36x48.jpg 36w, https:\/\/blogsaverroes.juntadeandalucia.es\/colemediterraneo\/files\/2018\/02\/IMG-20180213-WA0025.jpg 525w\" sizes=\"(max-width: 225px) 100vw, 225px\" \/><\/a> <a href=\"https:\/\/blogsaverroes.juntadeandalucia.es\/colemediterraneo\/files\/2018\/02\/IMG-20180213-WA0030.jpg\"><img loading=\"lazy\" decoding=\"async\" class=\"alignnone size-medium wp-image-22633\" src=\"https:\/\/blogsaverroes.juntadeandalucia.es\/colemediterraneo\/files\/2018\/02\/IMG-20180213-WA0030-225x300.jpg\" alt=\"\" width=\"225\" height=\"300\" srcset=\"https:\/\/blogsaverroes.juntadeandalucia.es\/colemediterraneo\/files\/2018\/02\/IMG-20180213-WA0030-225x300.jpg 225w, https:\/\/blogsaverroes.juntadeandalucia.es\/colemediterraneo\/files\/2018\/02\/IMG-20180213-WA0030-18x24.jpg 18w, https:\/\/blogsaverroes.juntadeandalucia.es\/colemediterraneo\/files\/2018\/02\/IMG-20180213-WA0030-27x36.jpg 27w, https:\/\/blogsaverroes.juntadeandalucia.es\/colemediterraneo\/files\/2018\/02\/IMG-20180213-WA0030-36x48.jpg 36w, https:\/\/blogsaverroes.juntadeandalucia.es\/colemediterraneo\/files\/2018\/02\/IMG-20180213-WA0030.jpg 525w\" sizes=\"(max-width: 225px) 100vw, 225px\" \/><\/a> <a href=\"https:\/\/blogsaverroes.juntadeandalucia.es\/colemediterraneo\/files\/2018\/02\/IMG-20180213-WA0033.jpg\"><img loading=\"lazy\" decoding=\"async\" class=\"alignnone size-medium wp-image-22634\" src=\"https:\/\/blogsaverroes.juntadeandalucia.es\/colemediterraneo\/files\/2018\/02\/IMG-20180213-WA0033-300x225.jpg\" alt=\"\" width=\"300\" height=\"225\" srcset=\"https:\/\/blogsaverroes.juntadeandalucia.es\/colemediterraneo\/files\/2018\/02\/IMG-20180213-WA0033-300x225.jpg 300w, https:\/\/blogsaverroes.juntadeandalucia.es\/colemediterraneo\/files\/2018\/02\/IMG-20180213-WA0033-24x18.jpg 24w, https:\/\/blogsaverroes.juntadeandalucia.es\/colemediterraneo\/files\/2018\/02\/IMG-20180213-WA0033-36x27.jpg 36w, https:\/\/blogsaverroes.juntadeandalucia.es\/colemediterraneo\/files\/2018\/02\/IMG-20180213-WA0033-48x36.jpg 48w, https:\/\/blogsaverroes.juntadeandalucia.es\/colemediterraneo\/files\/2018\/02\/IMG-20180213-WA0033.jpg 700w\" sizes=\"(max-width: 300px) 100vw, 300px\" \/><\/a> <a href=\"https:\/\/blogsaverroes.juntadeandalucia.es\/colemediterraneo\/files\/2018\/02\/IMG-20180213-WA0039.jpg\"><img loading=\"lazy\" decoding=\"async\" class=\"alignnone size-medium wp-image-22635\" src=\"https:\/\/blogsaverroes.juntadeandalucia.es\/colemediterraneo\/files\/2018\/02\/IMG-20180213-WA0039-225x300.jpg\" alt=\"\" width=\"225\" height=\"300\" srcset=\"https:\/\/blogsaverroes.juntadeandalucia.es\/colemediterraneo\/files\/2018\/02\/IMG-20180213-WA0039-225x300.jpg 225w, https:\/\/blogsaverroes.juntadeandalucia.es\/colemediterraneo\/files\/2018\/02\/IMG-20180213-WA0039-18x24.jpg 18w, https:\/\/blogsaverroes.juntadeandalucia.es\/colemediterraneo\/files\/2018\/02\/IMG-20180213-WA0039-27x36.jpg 27w, https:\/\/blogsaverroes.juntadeandalucia.es\/colemediterraneo\/files\/2018\/02\/IMG-20180213-WA0039-36x48.jpg 36w, https:\/\/blogsaverroes.juntadeandalucia.es\/colemediterraneo\/files\/2018\/02\/IMG-20180213-WA0039.jpg 525w\" sizes=\"(max-width: 225px) 100vw, 225px\" \/><\/a> <a href=\"https:\/\/blogsaverroes.juntadeandalucia.es\/colemediterraneo\/files\/2018\/02\/IMG-20180213-WA0042.jpg\"><img loading=\"lazy\" decoding=\"async\" class=\"alignnone size-medium wp-image-22636\" src=\"https:\/\/blogsaverroes.juntadeandalucia.es\/colemediterraneo\/files\/2018\/02\/IMG-20180213-WA0042-225x300.jpg\" alt=\"\" width=\"225\" height=\"300\" srcset=\"https:\/\/blogsaverroes.juntadeandalucia.es\/colemediterraneo\/files\/2018\/02\/IMG-20180213-WA0042-225x300.jpg 225w, https:\/\/blogsaverroes.juntadeandalucia.es\/colemediterraneo\/files\/2018\/02\/IMG-20180213-WA0042-18x24.jpg 18w, https:\/\/blogsaverroes.juntadeandalucia.es\/colemediterraneo\/files\/2018\/02\/IMG-20180213-WA0042-27x36.jpg 27w, https:\/\/blogsaverroes.juntadeandalucia.es\/colemediterraneo\/files\/2018\/02\/IMG-20180213-WA0042-36x48.jpg 36w, https:\/\/blogsaverroes.juntadeandalucia.es\/colemediterraneo\/files\/2018\/02\/IMG-20180213-WA0042.jpg 525w\" sizes=\"(max-width: 225px) 100vw, 225px\" \/><\/a> <a href=\"https:\/\/blogsaverroes.juntadeandalucia.es\/colemediterraneo\/files\/2018\/02\/IMG-20180213-WA0043.jpg\"><img loading=\"lazy\" decoding=\"async\" class=\"alignnone size-medium wp-image-22637\" src=\"https:\/\/blogsaverroes.juntadeandalucia.es\/colemediterraneo\/files\/2018\/02\/IMG-20180213-WA0043-225x300.jpg\" alt=\"\" width=\"225\" height=\"300\" srcset=\"https:\/\/blogsaverroes.juntadeandalucia.es\/colemediterraneo\/files\/2018\/02\/IMG-20180213-WA0043-225x300.jpg 225w, https:\/\/blogsaverroes.juntadeandalucia.es\/colemediterraneo\/files\/2018\/02\/IMG-20180213-WA0043-18x24.jpg 18w, https:\/\/blogsaverroes.juntadeandalucia.es\/colemediterraneo\/files\/2018\/02\/IMG-20180213-WA0043-27x36.jpg 27w, https:\/\/blogsaverroes.juntadeandalucia.es\/colemediterraneo\/files\/2018\/02\/IMG-20180213-WA0043-36x48.jpg 36w, https:\/\/blogsaverroes.juntadeandalucia.es\/colemediterraneo\/files\/2018\/02\/IMG-20180213-WA0043.jpg 525w\" sizes=\"(max-width: 225px) 100vw, 225px\" \/><\/a> <a href=\"https:\/\/blogsaverroes.juntadeandalucia.es\/colemediterraneo\/files\/2018\/02\/IMG-20180213-WA0046.jpg\"><img loading=\"lazy\" decoding=\"async\" class=\"alignnone size-medium wp-image-22638\" src=\"https:\/\/blogsaverroes.juntadeandalucia.es\/colemediterraneo\/files\/2018\/02\/IMG-20180213-WA0046-225x300.jpg\" alt=\"\" width=\"225\" height=\"300\" srcset=\"https:\/\/blogsaverroes.juntadeandalucia.es\/colemediterraneo\/files\/2018\/02\/IMG-20180213-WA0046-225x300.jpg 225w, https:\/\/blogsaverroes.juntadeandalucia.es\/colemediterraneo\/files\/2018\/02\/IMG-20180213-WA0046-18x24.jpg 18w, https:\/\/blogsaverroes.juntadeandalucia.es\/colemediterraneo\/files\/2018\/02\/IMG-20180213-WA0046-27x36.jpg 27w, https:\/\/blogsaverroes.juntadeandalucia.es\/colemediterraneo\/files\/2018\/02\/IMG-20180213-WA0046-36x48.jpg 36w, https:\/\/blogsaverroes.juntadeandalucia.es\/colemediterraneo\/files\/2018\/02\/IMG-20180213-WA0046.jpg 525w\" sizes=\"(max-width: 225px) 100vw, 225px\" \/><\/a> <a href=\"https:\/\/blogsaverroes.juntadeandalucia.es\/colemediterraneo\/files\/2018\/02\/IMG-20180213-WA0050.jpg\"><img loading=\"lazy\" decoding=\"async\" class=\"alignnone size-medium wp-image-22639\" src=\"https:\/\/blogsaverroes.juntadeandalucia.es\/colemediterraneo\/files\/2018\/02\/IMG-20180213-WA0050-225x300.jpg\" alt=\"\" width=\"225\" height=\"300\" srcset=\"https:\/\/blogsaverroes.juntadeandalucia.es\/colemediterraneo\/files\/2018\/02\/IMG-20180213-WA0050-225x300.jpg 225w, https:\/\/blogsaverroes.juntadeandalucia.es\/colemediterraneo\/files\/2018\/02\/IMG-20180213-WA0050-18x24.jpg 18w, https:\/\/blogsaverroes.juntadeandalucia.es\/colemediterraneo\/files\/2018\/02\/IMG-20180213-WA0050-27x36.jpg 27w, https:\/\/blogsaverroes.juntadeandalucia.es\/colemediterraneo\/files\/2018\/02\/IMG-20180213-WA0050-36x48.jpg 36w, https:\/\/blogsaverroes.juntadeandalucia.es\/colemediterraneo\/files\/2018\/02\/IMG-20180213-WA0050.jpg 525w\" sizes=\"(max-width: 225px) 100vw, 225px\" \/><\/a> <a href=\"https:\/\/blogsaverroes.juntadeandalucia.es\/colemediterraneo\/files\/2018\/02\/IMG-20180213-WA0052.jpg\"><img loading=\"lazy\" decoding=\"async\" class=\"alignnone size-medium wp-image-22640\" src=\"https:\/\/blogsaverroes.juntadeandalucia.es\/colemediterraneo\/files\/2018\/02\/IMG-20180213-WA0052-225x300.jpg\" alt=\"\" width=\"225\" height=\"300\" srcset=\"https:\/\/blogsaverroes.juntadeandalucia.es\/colemediterraneo\/files\/2018\/02\/IMG-20180213-WA0052-225x300.jpg 225w, https:\/\/blogsaverroes.juntadeandalucia.es\/colemediterraneo\/files\/2018\/02\/IMG-20180213-WA0052-18x24.jpg 18w, https:\/\/blogsaverroes.juntadeandalucia.es\/colemediterraneo\/files\/2018\/02\/IMG-20180213-WA0052-27x36.jpg 27w, https:\/\/blogsaverroes.juntadeandalucia.es\/colemediterraneo\/files\/2018\/02\/IMG-20180213-WA0052-36x48.jpg 36w, https:\/\/blogsaverroes.juntadeandalucia.es\/colemediterraneo\/files\/2018\/02\/IMG-20180213-WA0052.jpg 525w\" sizes=\"(max-width: 225px) 100vw, 225px\" \/><\/a> <a href=\"https:\/\/blogsaverroes.juntadeandalucia.es\/colemediterraneo\/files\/2018\/02\/IMG-20180213-WA0056.jpg\"><img loading=\"lazy\" decoding=\"async\" class=\"alignnone size-medium wp-image-22641\" src=\"https:\/\/blogsaverroes.juntadeandalucia.es\/colemediterraneo\/files\/2018\/02\/IMG-20180213-WA0056-225x300.jpg\" alt=\"\" width=\"225\" height=\"300\" srcset=\"https:\/\/blogsaverroes.juntadeandalucia.es\/colemediterraneo\/files\/2018\/02\/IMG-20180213-WA0056-225x300.jpg 225w, https:\/\/blogsaverroes.juntadeandalucia.es\/colemediterraneo\/files\/2018\/02\/IMG-20180213-WA0056-18x24.jpg 18w, https:\/\/blogsaverroes.juntadeandalucia.es\/colemediterraneo\/files\/2018\/02\/IMG-20180213-WA0056-27x36.jpg 27w, https:\/\/blogsaverroes.juntadeandalucia.es\/colemediterraneo\/files\/2018\/02\/IMG-20180213-WA0056-36x48.jpg 36w, https:\/\/blogsaverroes.juntadeandalucia.es\/colemediterraneo\/files\/2018\/02\/IMG-20180213-WA0056.jpg 525w\" sizes=\"(max-width: 225px) 100vw, 225px\" \/><\/a><\/p>\n<p>&nbsp;<\/p>\n","protected":false},"excerpt":{"rendered":"<p>Un&nbsp; a\u00f1o m\u00e1s, celebramos el Carnaval en nuestro centro.&nbsp; &nbsp;Esta es la Programaci\u00f3n que se ha llevado a cabo y los objetivos trabajados: OBJETIVO PRINCIPAL -Conocer nuestras fiestas tradicionales y populares.&nbsp; -Comparar nuestra tradici\u00f3n carnavalesca con la celebraci\u00f3n del \u201cMardi Gras\u201d. OBJETIVOS ESPEC\u00cdFICOS -Participar en fiestas, tradiciones y costumbres de nuestro entorno valorando las manifestaciones &hellip; <\/p>\n<p><a class=\"more-link btn\" href=\"https:\/\/blogsaverroes.juntadeandalucia.es\/colemediterraneo\/cursos-anteriores\/curso-2017-2018\/a-nivel-de-centro-7\/carnaval\/\">Seguir leyendo<\/a><\/p>\n","protected":false},"author":5888,"featured_media":0,"parent":21945,"menu_order":0,"comment_status":"closed","ping_status":"closed","template":"","meta":{"ngg_post_thumbnail":0,"footnotes":"","_mc_calendar":[]},"aioseo_notices":[],"post_mailing_queue_ids":[],"_links":{"self":[{"href":"https:\/\/blogsaverroes.juntadeandalucia.es\/colemediterraneo\/wp-json\/wp\/v2\/pages\/22478"}],"collection":[{"href":"https:\/\/blogsaverroes.juntadeandalucia.es\/colemediterraneo\/wp-json\/wp\/v2\/pages"}],"about":[{"href":"https:\/\/blogsaverroes.juntadeandalucia.es\/colemediterraneo\/wp-json\/wp\/v2\/types\/page"}],"author":[{"embeddable":true,"href":"https:\/\/blogsaverroes.juntadeandalucia.es\/colemediterraneo\/wp-json\/wp\/v2\/users\/5888"}],"replies":[{"embeddable":true,"href":"https:\/\/blogsaverroes.juntadeandalucia.es\/colemediterraneo\/wp-json\/wp\/v2\/comments?post=22478"}],"version-history":[{"count":4,"href":"https:\/\/blogsaverroes.juntadeandalucia.es\/colemediterraneo\/wp-json\/wp\/v2\/pages\/22478\/revisions"}],"predecessor-version":[{"id":22642,"href":"https:\/\/blogsaverroes.juntadeandalucia.es\/colemediterraneo\/wp-json\/wp\/v2\/pages\/22478\/revisions\/22642"}],"up":[{"embeddable":true,"href":"https:\/\/blogsaverroes.juntadeandalucia.es\/colemediterraneo\/wp-json\/wp\/v2\/pages\/21945"}],"wp:attachment":[{"href":"https:\/\/blogsaverroes.juntadeandalucia.es\/colemediterraneo\/wp-json\/wp\/v2\/media?parent=22478"}],"curies":[{"name":"wp","href":"https:\/\/api.w.org\/{rel}","templated":true}]}}