{"id":24104,"date":"2019-01-18T12:07:00","date_gmt":"2019-01-18T12:07:00","guid":{"rendered":"https:\/\/blogsaverroes.juntadeandalucia.es\/colemediterraneo\/?page_id=24104"},"modified":"2019-01-18T12:07:00","modified_gmt":"2019-01-18T12:07:00","slug":"visita-al-ayuntamiento","status":"publish","type":"page","link":"https:\/\/blogsaverroes.juntadeandalucia.es\/colemediterraneo\/cursos-anteriores\/curso-2018-2019\/tercer-ciclo\/visita-al-ayuntamiento\/","title":{"rendered":"Visita al ayuntamiento"},"content":{"rendered":"<p>Desde el Plan de Igualdad del centro, junto con el alumnado de 6\u00baB se est\u00e1 llevando a cabo el Proyecto \u00c1gora que promueve nuestro ayuntamiento para la Igualdad de G\u00e9nero. Dentro de este proyecto, el pasado d\u00eda 16 de enero se ha hizo una actividad en el&nbsp; sal\u00f3n de plenos del Ayuntamiento donde&nbsp; se ha llevado a cabo una simulaci\u00f3n&nbsp; de rueda de prensa.&nbsp; &nbsp;Nuestros alumnos y alumnas, junto con el alumnado del CEIP \u00bb Los \u00c1ngeles\u00bb de Alcolea realizaron&nbsp; diversas&nbsp; preguntas tanto a la teniente de alcalde como a otra concejala que presid\u00edan el acto.&nbsp; &nbsp;Dichas preguntas las llevaban preparadas previamente de clase y eran sobre las inquietudes que ten\u00edan en relaci\u00f3n a la ciudad, a sus barrios, a la igualdad de g\u00e9nero, etc y de c\u00f3mo se trataban estos temas en el Ayuntamiento.&nbsp;&nbsp;<\/p>\n<p>Ha sido una experiencia muy enriquecedora para el desarrollo del alumnado en aspectos relacionados con&nbsp; el trabajo en equipo, la colaboraci\u00f3n ciudadana, la valoraci\u00f3n de actitudes positivas en igualdad de g\u00e9nero&#8230;.<\/p>\n<p>Es una actividad muy positiva para seguir llevando a cabo en pr\u00f3ximos cursos.&nbsp; Aqu\u00ed os mostramos un resumen en im\u00e1genes:<\/p>\n<p style=\"text-align: center\"><a href=\"https:\/\/blogsaverroes.juntadeandalucia.es\/colemediterraneo\/files\/2019\/01\/IMG-20190116-WA0012.jpg\"><img loading=\"lazy\" decoding=\"async\" class=\"alignnone size-full wp-image-24127\" src=\"https:\/\/blogsaverroes.juntadeandalucia.es\/colemediterraneo\/files\/2019\/01\/IMG-20190116-WA0012.jpg\" alt=\"\" width=\"700\" height=\"526\" srcset=\"https:\/\/blogsaverroes.juntadeandalucia.es\/colemediterraneo\/files\/2019\/01\/IMG-20190116-WA0012.jpg 700w, https:\/\/blogsaverroes.juntadeandalucia.es\/colemediterraneo\/files\/2019\/01\/IMG-20190116-WA0012-300x225.jpg 300w, https:\/\/blogsaverroes.juntadeandalucia.es\/colemediterraneo\/files\/2019\/01\/IMG-20190116-WA0012-24x18.jpg 24w, https:\/\/blogsaverroes.juntadeandalucia.es\/colemediterraneo\/files\/2019\/01\/IMG-20190116-WA0012-36x27.jpg 36w, https:\/\/blogsaverroes.juntadeandalucia.es\/colemediterraneo\/files\/2019\/01\/IMG-20190116-WA0012-48x36.jpg 48w\" sizes=\"(max-width: 700px) 100vw, 700px\" \/><\/a> <a href=\"https:\/\/blogsaverroes.juntadeandalucia.es\/colemediterraneo\/files\/2019\/01\/IMG-20190116-WA0014.jpg\"><img loading=\"lazy\" decoding=\"async\" class=\"alignnone size-large wp-image-24128\" src=\"https:\/\/blogsaverroes.juntadeandalucia.es\/colemediterraneo\/files\/2019\/01\/IMG-20190116-WA0014.jpg\" alt=\"\" width=\"700\" height=\"525\" srcset=\"https:\/\/blogsaverroes.juntadeandalucia.es\/colemediterraneo\/files\/2019\/01\/IMG-20190116-WA0014.jpg 700w, https:\/\/blogsaverroes.juntadeandalucia.es\/colemediterraneo\/files\/2019\/01\/IMG-20190116-WA0014-300x225.jpg 300w, https:\/\/blogsaverroes.juntadeandalucia.es\/colemediterraneo\/files\/2019\/01\/IMG-20190116-WA0014-24x18.jpg 24w, https:\/\/blogsaverroes.juntadeandalucia.es\/colemediterraneo\/files\/2019\/01\/IMG-20190116-WA0014-36x27.jpg 36w, https:\/\/blogsaverroes.juntadeandalucia.es\/colemediterraneo\/files\/2019\/01\/IMG-20190116-WA0014-48x36.jpg 48w\" sizes=\"(max-width: 700px) 100vw, 700px\" \/><\/a> <a href=\"https:\/\/blogsaverroes.juntadeandalucia.es\/colemediterraneo\/files\/2019\/01\/IMG-20190116-WA0015.jpg\"><img loading=\"lazy\" decoding=\"async\" class=\"alignnone size-large wp-image-24129\" src=\"https:\/\/blogsaverroes.juntadeandalucia.es\/colemediterraneo\/files\/2019\/01\/IMG-20190116-WA0015.jpg\" alt=\"\" width=\"700\" height=\"525\" srcset=\"https:\/\/blogsaverroes.juntadeandalucia.es\/colemediterraneo\/files\/2019\/01\/IMG-20190116-WA0015.jpg 700w, https:\/\/blogsaverroes.juntadeandalucia.es\/colemediterraneo\/files\/2019\/01\/IMG-20190116-WA0015-300x225.jpg 300w, https:\/\/blogsaverroes.juntadeandalucia.es\/colemediterraneo\/files\/2019\/01\/IMG-20190116-WA0015-24x18.jpg 24w, https:\/\/blogsaverroes.juntadeandalucia.es\/colemediterraneo\/files\/2019\/01\/IMG-20190116-WA0015-36x27.jpg 36w, https:\/\/blogsaverroes.juntadeandalucia.es\/colemediterraneo\/files\/2019\/01\/IMG-20190116-WA0015-48x36.jpg 48w\" sizes=\"(max-width: 700px) 100vw, 700px\" \/><\/a> <a href=\"https:\/\/blogsaverroes.juntadeandalucia.es\/colemediterraneo\/files\/2019\/01\/IMG-20190116-WA0016.jpg\"><img loading=\"lazy\" decoding=\"async\" class=\"alignnone size-large wp-image-24130\" src=\"https:\/\/blogsaverroes.juntadeandalucia.es\/colemediterraneo\/files\/2019\/01\/IMG-20190116-WA0016.jpg\" alt=\"\" width=\"700\" height=\"526\" srcset=\"https:\/\/blogsaverroes.juntadeandalucia.es\/colemediterraneo\/files\/2019\/01\/IMG-20190116-WA0016.jpg 700w, https:\/\/blogsaverroes.juntadeandalucia.es\/colemediterraneo\/files\/2019\/01\/IMG-20190116-WA0016-300x225.jpg 300w, https:\/\/blogsaverroes.juntadeandalucia.es\/colemediterraneo\/files\/2019\/01\/IMG-20190116-WA0016-24x18.jpg 24w, https:\/\/blogsaverroes.juntadeandalucia.es\/colemediterraneo\/files\/2019\/01\/IMG-20190116-WA0016-36x27.jpg 36w, https:\/\/blogsaverroes.juntadeandalucia.es\/colemediterraneo\/files\/2019\/01\/IMG-20190116-WA0016-48x36.jpg 48w\" sizes=\"(max-width: 700px) 100vw, 700px\" \/><\/a> <a href=\"https:\/\/blogsaverroes.juntadeandalucia.es\/colemediterraneo\/files\/2019\/01\/IMG-20190116-WA0017.jpg\"><img loading=\"lazy\" decoding=\"async\" class=\"alignnone size-large wp-image-24131\" src=\"https:\/\/blogsaverroes.juntadeandalucia.es\/colemediterraneo\/files\/2019\/01\/IMG-20190116-WA0017.jpg\" alt=\"\" width=\"700\" height=\"525\" srcset=\"https:\/\/blogsaverroes.juntadeandalucia.es\/colemediterraneo\/files\/2019\/01\/IMG-20190116-WA0017.jpg 700w, https:\/\/blogsaverroes.juntadeandalucia.es\/colemediterraneo\/files\/2019\/01\/IMG-20190116-WA0017-300x225.jpg 300w, https:\/\/blogsaverroes.juntadeandalucia.es\/colemediterraneo\/files\/2019\/01\/IMG-20190116-WA0017-24x18.jpg 24w, https:\/\/blogsaverroes.juntadeandalucia.es\/colemediterraneo\/files\/2019\/01\/IMG-20190116-WA0017-36x27.jpg 36w, https:\/\/blogsaverroes.juntadeandalucia.es\/colemediterraneo\/files\/2019\/01\/IMG-20190116-WA0017-48x36.jpg 48w\" sizes=\"(max-width: 700px) 100vw, 700px\" \/><\/a> <a href=\"https:\/\/blogsaverroes.juntadeandalucia.es\/colemediterraneo\/files\/2019\/01\/IMG-20190116-WA0018.jpg\"><img loading=\"lazy\" decoding=\"async\" class=\"alignnone size-large wp-image-24132\" src=\"https:\/\/blogsaverroes.juntadeandalucia.es\/colemediterraneo\/files\/2019\/01\/IMG-20190116-WA0018.jpg\" alt=\"\" width=\"700\" height=\"525\" srcset=\"https:\/\/blogsaverroes.juntadeandalucia.es\/colemediterraneo\/files\/2019\/01\/IMG-20190116-WA0018.jpg 700w, https:\/\/blogsaverroes.juntadeandalucia.es\/colemediterraneo\/files\/2019\/01\/IMG-20190116-WA0018-300x225.jpg 300w, https:\/\/blogsaverroes.juntadeandalucia.es\/colemediterraneo\/files\/2019\/01\/IMG-20190116-WA0018-24x18.jpg 24w, https:\/\/blogsaverroes.juntadeandalucia.es\/colemediterraneo\/files\/2019\/01\/IMG-20190116-WA0018-36x27.jpg 36w, https:\/\/blogsaverroes.juntadeandalucia.es\/colemediterraneo\/files\/2019\/01\/IMG-20190116-WA0018-48x36.jpg 48w\" sizes=\"(max-width: 700px) 100vw, 700px\" \/><\/a> <a href=\"https:\/\/blogsaverroes.juntadeandalucia.es\/colemediterraneo\/files\/2019\/01\/IMG-20190116-WA0019.jpg\"><img loading=\"lazy\" decoding=\"async\" class=\"alignnone size-large wp-image-24133\" src=\"https:\/\/blogsaverroes.juntadeandalucia.es\/colemediterraneo\/files\/2019\/01\/IMG-20190116-WA0019.jpg\" alt=\"\" width=\"700\" height=\"525\" srcset=\"https:\/\/blogsaverroes.juntadeandalucia.es\/colemediterraneo\/files\/2019\/01\/IMG-20190116-WA0019.jpg 700w, https:\/\/blogsaverroes.juntadeandalucia.es\/colemediterraneo\/files\/2019\/01\/IMG-20190116-WA0019-300x225.jpg 300w, https:\/\/blogsaverroes.juntadeandalucia.es\/colemediterraneo\/files\/2019\/01\/IMG-20190116-WA0019-24x18.jpg 24w, https:\/\/blogsaverroes.juntadeandalucia.es\/colemediterraneo\/files\/2019\/01\/IMG-20190116-WA0019-36x27.jpg 36w, https:\/\/blogsaverroes.juntadeandalucia.es\/colemediterraneo\/files\/2019\/01\/IMG-20190116-WA0019-48x36.jpg 48w\" sizes=\"(max-width: 700px) 100vw, 700px\" \/><\/a> <a href=\"https:\/\/blogsaverroes.juntadeandalucia.es\/colemediterraneo\/files\/2019\/01\/IMG-20190116-WA0020.jpg\"><img loading=\"lazy\" decoding=\"async\" class=\"alignnone size-large wp-image-24134\" src=\"https:\/\/blogsaverroes.juntadeandalucia.es\/colemediterraneo\/files\/2019\/01\/IMG-20190116-WA0020.jpg\" alt=\"\" width=\"700\" height=\"525\" srcset=\"https:\/\/blogsaverroes.juntadeandalucia.es\/colemediterraneo\/files\/2019\/01\/IMG-20190116-WA0020.jpg 700w, https:\/\/blogsaverroes.juntadeandalucia.es\/colemediterraneo\/files\/2019\/01\/IMG-20190116-WA0020-300x225.jpg 300w, https:\/\/blogsaverroes.juntadeandalucia.es\/colemediterraneo\/files\/2019\/01\/IMG-20190116-WA0020-24x18.jpg 24w, https:\/\/blogsaverroes.juntadeandalucia.es\/colemediterraneo\/files\/2019\/01\/IMG-20190116-WA0020-36x27.jpg 36w, https:\/\/blogsaverroes.juntadeandalucia.es\/colemediterraneo\/files\/2019\/01\/IMG-20190116-WA0020-48x36.jpg 48w\" sizes=\"(max-width: 700px) 100vw, 700px\" \/><\/a> <a href=\"https:\/\/blogsaverroes.juntadeandalucia.es\/colemediterraneo\/files\/2019\/01\/IMG-20190116-WA0021.jpg\"><img loading=\"lazy\" decoding=\"async\" class=\"alignnone size-large wp-image-24135\" src=\"https:\/\/blogsaverroes.juntadeandalucia.es\/colemediterraneo\/files\/2019\/01\/IMG-20190116-WA0021.jpg\" alt=\"\" width=\"700\" height=\"525\" srcset=\"https:\/\/blogsaverroes.juntadeandalucia.es\/colemediterraneo\/files\/2019\/01\/IMG-20190116-WA0021.jpg 700w, https:\/\/blogsaverroes.juntadeandalucia.es\/colemediterraneo\/files\/2019\/01\/IMG-20190116-WA0021-300x225.jpg 300w, https:\/\/blogsaverroes.juntadeandalucia.es\/colemediterraneo\/files\/2019\/01\/IMG-20190116-WA0021-24x18.jpg 24w, https:\/\/blogsaverroes.juntadeandalucia.es\/colemediterraneo\/files\/2019\/01\/IMG-20190116-WA0021-36x27.jpg 36w, https:\/\/blogsaverroes.juntadeandalucia.es\/colemediterraneo\/files\/2019\/01\/IMG-20190116-WA0021-48x36.jpg 48w\" sizes=\"(max-width: 700px) 100vw, 700px\" \/><\/a> <a href=\"https:\/\/blogsaverroes.juntadeandalucia.es\/colemediterraneo\/files\/2019\/01\/IMG-20190116-WA0022.jpg\"><img loading=\"lazy\" decoding=\"async\" class=\"alignnone size-large wp-image-24136\" src=\"https:\/\/blogsaverroes.juntadeandalucia.es\/colemediterraneo\/files\/2019\/01\/IMG-20190116-WA0022.jpg\" alt=\"\" width=\"700\" height=\"525\" srcset=\"https:\/\/blogsaverroes.juntadeandalucia.es\/colemediterraneo\/files\/2019\/01\/IMG-20190116-WA0022.jpg 700w, https:\/\/blogsaverroes.juntadeandalucia.es\/colemediterraneo\/files\/2019\/01\/IMG-20190116-WA0022-300x225.jpg 300w, https:\/\/blogsaverroes.juntadeandalucia.es\/colemediterraneo\/files\/2019\/01\/IMG-20190116-WA0022-24x18.jpg 24w, https:\/\/blogsaverroes.juntadeandalucia.es\/colemediterraneo\/files\/2019\/01\/IMG-20190116-WA0022-36x27.jpg 36w, https:\/\/blogsaverroes.juntadeandalucia.es\/colemediterraneo\/files\/2019\/01\/IMG-20190116-WA0022-48x36.jpg 48w\" sizes=\"(max-width: 700px) 100vw, 700px\" \/><\/a> <a href=\"https:\/\/blogsaverroes.juntadeandalucia.es\/colemediterraneo\/files\/2019\/01\/IMG-20190116-WA0023.jpg\"><img loading=\"lazy\" decoding=\"async\" class=\"alignnone size-large wp-image-24137\" src=\"https:\/\/blogsaverroes.juntadeandalucia.es\/colemediterraneo\/files\/2019\/01\/IMG-20190116-WA0023.jpg\" alt=\"\" width=\"700\" height=\"525\" srcset=\"https:\/\/blogsaverroes.juntadeandalucia.es\/colemediterraneo\/files\/2019\/01\/IMG-20190116-WA0023.jpg 700w, https:\/\/blogsaverroes.juntadeandalucia.es\/colemediterraneo\/files\/2019\/01\/IMG-20190116-WA0023-300x225.jpg 300w, https:\/\/blogsaverroes.juntadeandalucia.es\/colemediterraneo\/files\/2019\/01\/IMG-20190116-WA0023-24x18.jpg 24w, https:\/\/blogsaverroes.juntadeandalucia.es\/colemediterraneo\/files\/2019\/01\/IMG-20190116-WA0023-36x27.jpg 36w, https:\/\/blogsaverroes.juntadeandalucia.es\/colemediterraneo\/files\/2019\/01\/IMG-20190116-WA0023-48x36.jpg 48w\" sizes=\"(max-width: 700px) 100vw, 700px\" \/><\/a><\/p>\n","protected":false},"excerpt":{"rendered":"<p>Desde el Plan de Igualdad del centro, junto con el alumnado de 6\u00baB se est\u00e1 llevando a cabo el Proyecto \u00c1gora que promueve nuestro ayuntamiento para la Igualdad de G\u00e9nero. Dentro de este proyecto, el pasado d\u00eda 16 de enero se ha hizo una actividad en el&nbsp; sal\u00f3n de plenos del Ayuntamiento donde&nbsp; se ha &hellip; <\/p>\n<p><a class=\"more-link btn\" href=\"https:\/\/blogsaverroes.juntadeandalucia.es\/colemediterraneo\/cursos-anteriores\/curso-2018-2019\/tercer-ciclo\/visita-al-ayuntamiento\/\">Seguir leyendo<\/a><\/p>\n","protected":false},"author":5888,"featured_media":0,"parent":23491,"menu_order":0,"comment_status":"closed","ping_status":"closed","template":"","meta":{"ngg_post_thumbnail":0,"footnotes":"","_mc_calendar":[]},"aioseo_notices":[],"post_mailing_queue_ids":[],"_links":{"self":[{"href":"https:\/\/blogsaverroes.juntadeandalucia.es\/colemediterraneo\/wp-json\/wp\/v2\/pages\/24104"}],"collection":[{"href":"https:\/\/blogsaverroes.juntadeandalucia.es\/colemediterraneo\/wp-json\/wp\/v2\/pages"}],"about":[{"href":"https:\/\/blogsaverroes.juntadeandalucia.es\/colemediterraneo\/wp-json\/wp\/v2\/types\/page"}],"author":[{"embeddable":true,"href":"https:\/\/blogsaverroes.juntadeandalucia.es\/colemediterraneo\/wp-json\/wp\/v2\/users\/5888"}],"replies":[{"embeddable":true,"href":"https:\/\/blogsaverroes.juntadeandalucia.es\/colemediterraneo\/wp-json\/wp\/v2\/comments?post=24104"}],"version-history":[{"count":5,"href":"https:\/\/blogsaverroes.juntadeandalucia.es\/colemediterraneo\/wp-json\/wp\/v2\/pages\/24104\/revisions"}],"predecessor-version":[{"id":24138,"href":"https:\/\/blogsaverroes.juntadeandalucia.es\/colemediterraneo\/wp-json\/wp\/v2\/pages\/24104\/revisions\/24138"}],"up":[{"embeddable":true,"href":"https:\/\/blogsaverroes.juntadeandalucia.es\/colemediterraneo\/wp-json\/wp\/v2\/pages\/23491"}],"wp:attachment":[{"href":"https:\/\/blogsaverroes.juntadeandalucia.es\/colemediterraneo\/wp-json\/wp\/v2\/media?parent=24104"}],"curies":[{"name":"wp","href":"https:\/\/api.w.org\/{rel}","templated":true}]}}