{"id":26530,"date":"2020-01-27T08:14:50","date_gmt":"2020-01-27T08:14:50","guid":{"rendered":"https:\/\/blogsaverroes.juntadeandalucia.es\/colemediterraneo\/?page_id=26530"},"modified":"2025-11-16T20:12:08","modified_gmt":"2025-11-16T20:12:08","slug":"erasmus","status":"publish","type":"page","link":"https:\/\/blogsaverroes.juntadeandalucia.es\/colemediterraneo\/proyectos-2\/erasmus\/","title":{"rendered":"PLAN BILING\u00dcE-ERASMUS +"},"content":{"rendered":"<p style=\"text-align: center\"><span style=\"color: #0000ff\"><strong>Erasmus+ en el CEIP Mediterr\u00e1neo<\/strong><\/span><\/p>\n<p><strong><span style=\"color: #333399\">JUGANDO Y APRENDIENDO EN EUROPA<\/span><\/strong><\/p>\n<p>&nbsp; &nbsp; &nbsp; &nbsp; &nbsp;El CEIP Mediterr\u00e1neo ha desarrollado un ambicioso programa Erasmus+ que, a lo largo<br \/>\nde dieciocho meses, ha permitido a su comunidad educativa avanzar en competencias<br \/>\nclave. Este proyecto europeo ha estado enfocado en mejorar sus pr\u00e1cticas<br \/>\nmetodol\u00f3gicas mediante el Aprendizaje Basado en Juegos, conocer modelos<br \/>\ninnovadores de liderazgo educativo, en reforzar la competencia ling\u00fc\u00edstica del<br \/>\nprofesorado, fomentar estrategias inclusivas y fortalecer el uso de herramientas<br \/>\ndigitales.<\/p>\n<p><a href=\"https:\/\/blogsaverroes.juntadeandalucia.es\/colemediterraneo\/files\/2020\/01\/gif-erasmus.gif\"><img loading=\"lazy\" decoding=\"async\" class=\"alignnone size-full wp-image-26532 aligncenter\" src=\"https:\/\/blogsaverroes.juntadeandalucia.es\/colemediterraneo\/files\/2020\/01\/gif-erasmus.gif\" alt=\"\" width=\"400\" height=\"100\"><\/a><br \/>\n&nbsp; &nbsp; &nbsp; &nbsp; &nbsp; Durante la ejecuci\u00f3n del programa, el centro ha llevado a cabo siete movilidades<br \/>\nformativas en pa\u00edses como Islandia, Croacia y Polonia, en las que las docentes<br \/>\nparticiparon tanto en cursos estructurados como en experiencias de observaci\u00f3n directa<br \/>\n(job shadowing en Polonia). Estas actividades formativas, entre ellas \u201cStructured<br \/>\nEducational Visit to schools &amp;amp; Training Seminars\u201d en Islandia o \u201cGame Based Learning\u201d<br \/>\nen Croacia, ofrecieron al profesorado la oportunidad de adquirir herramientas<br \/>\ndid\u00e1cticas innovadoras y establecer v\u00ednculos con otros sistemas educativos europeos.<br \/>\nEl impacto del proyecto se ha traducido en una serie de actividades dentro del propio<br \/>\ncentro: elaboraci\u00f3n de situaciones de aprendizaje, actividades integradas con TIC,<br \/>\ncelebraci\u00f3n de d\u00edas europeos, difusi\u00f3n en redes sociales, creaci\u00f3n de diferentes<br \/>\npresentaciones y formaci\u00f3n interna compartida con el claustro. Gracias a este<br \/>\nenriquecedor intercambio, el CEIP Mediterr\u00e1neo no solo ha reforzado su dimensi\u00f3n<br \/>\neuropea, sino que tambi\u00e9n ha consolidado su compromiso con una educaci\u00f3n inclusiva,<br \/>\ninnovadora y de calidad.<\/p>\n<p><img loading=\"lazy\" decoding=\"async\" class=\"wp-image-38388 alignright\" src=\"https:\/\/blogsaverroes.juntadeandalucia.es\/colemediterraneo\/files\/2025\/10\/Islandia.jpg\" alt=\"\" width=\"369\" height=\"349\" srcset=\"https:\/\/blogsaverroes.juntadeandalucia.es\/colemediterraneo\/files\/2025\/10\/Islandia.jpg 577w, https:\/\/blogsaverroes.juntadeandalucia.es\/colemediterraneo\/files\/2025\/10\/Islandia-300x283.jpg 300w\" sizes=\"(max-width: 369px) 100vw, 369px\" \/> <img loading=\"lazy\" decoding=\"async\" class=\"wp-image-38387 alignright\" src=\"https:\/\/blogsaverroes.juntadeandalucia.es\/colemediterraneo\/files\/2025\/10\/Erasmus-croacia.jpg\" alt=\"\" width=\"341\" height=\"405\" srcset=\"https:\/\/blogsaverroes.juntadeandalucia.es\/colemediterraneo\/files\/2025\/10\/Erasmus-croacia.jpg 520w, https:\/\/blogsaverroes.juntadeandalucia.es\/colemediterraneo\/files\/2025\/10\/Erasmus-croacia-252x300.jpg 252w\" sizes=\"(max-width: 341px) 100vw, 341px\" \/>&nbsp; &nbsp; &nbsp; &nbsp; &nbsp; &nbsp;<\/p>\n<p>&nbsp;<\/p>\n<p style=\"text-align: center\">&nbsp;<\/p>\n<p>&nbsp;<\/p>\n<p>&nbsp;<\/p>\n<p>&nbsp;<\/p>\n<p>&nbsp;<\/p>\n<p>&nbsp; &nbsp; <img loading=\"lazy\" decoding=\"async\" class=\"alignnone wp-image-38390\" src=\"https:\/\/blogsaverroes.juntadeandalucia.es\/colemediterraneo\/files\/2025\/11\/polonia2.jpg\" alt=\"\" width=\"381\" height=\"289\" srcset=\"https:\/\/blogsaverroes.juntadeandalucia.es\/colemediterraneo\/files\/2025\/11\/polonia2.jpg 481w, https:\/\/blogsaverroes.juntadeandalucia.es\/colemediterraneo\/files\/2025\/11\/polonia2-300x228.jpg 300w\" sizes=\"(max-width: 381px) 100vw, 381px\" \/>&nbsp; &nbsp; &nbsp; <img loading=\"lazy\" decoding=\"async\" class=\"alignnone wp-image-38391\" src=\"https:\/\/blogsaverroes.juntadeandalucia.es\/colemediterraneo\/files\/2025\/11\/Erasmus-polonia.jpg\" alt=\"\" width=\"349\" height=\"275\" srcset=\"https:\/\/blogsaverroes.juntadeandalucia.es\/colemediterraneo\/files\/2025\/11\/Erasmus-polonia.jpg 536w, https:\/\/blogsaverroes.juntadeandalucia.es\/colemediterraneo\/files\/2025\/11\/Erasmus-polonia-300x237.jpg 300w\" sizes=\"(max-width: 349px) 100vw, 349px\" \/>&nbsp; &nbsp; &nbsp; &nbsp; &nbsp; &nbsp; &nbsp; &nbsp; &nbsp; &nbsp; &nbsp; &nbsp; &nbsp; &nbsp;<\/p>\n<p>&nbsp;<\/p>\n<p>&nbsp;<\/p>\n<p>&nbsp;<\/p>\n<p>En esta p\u00e1gina os ofreceremos toda la informaci\u00f3n relacionada con el proyecto Erasmus que se est\u00e1 llevando a cabo en nuestro centro.<\/p>\n","protected":false},"excerpt":{"rendered":"<p>Erasmus+ en el CEIP Mediterr\u00e1neo JUGANDO Y APRENDIENDO EN EUROPA &nbsp; &nbsp; &nbsp; &nbsp; &nbsp;El CEIP Mediterr\u00e1neo ha desarrollado un ambicioso programa Erasmus+ que, a lo largo de dieciocho meses, ha permitido a su comunidad educativa avanzar en competencias clave. Este proyecto europeo ha estado enfocado en mejorar sus pr\u00e1cticas metodol\u00f3gicas mediante el Aprendizaje Basado &hellip; <\/p>\n<p><a class=\"more-link btn\" href=\"https:\/\/blogsaverroes.juntadeandalucia.es\/colemediterraneo\/proyectos-2\/erasmus\/\">Seguir leyendo<\/a><\/p>\n","protected":false},"author":5888,"featured_media":0,"parent":143,"menu_order":13,"comment_status":"closed","ping_status":"closed","template":"","meta":{"ngg_post_thumbnail":0,"footnotes":"","_mc_calendar":[]},"aioseo_notices":[],"post_mailing_queue_ids":[],"_links":{"self":[{"href":"https:\/\/blogsaverroes.juntadeandalucia.es\/colemediterraneo\/wp-json\/wp\/v2\/pages\/26530"}],"collection":[{"href":"https:\/\/blogsaverroes.juntadeandalucia.es\/colemediterraneo\/wp-json\/wp\/v2\/pages"}],"about":[{"href":"https:\/\/blogsaverroes.juntadeandalucia.es\/colemediterraneo\/wp-json\/wp\/v2\/types\/page"}],"author":[{"embeddable":true,"href":"https:\/\/blogsaverroes.juntadeandalucia.es\/colemediterraneo\/wp-json\/wp\/v2\/users\/5888"}],"replies":[{"embeddable":true,"href":"https:\/\/blogsaverroes.juntadeandalucia.es\/colemediterraneo\/wp-json\/wp\/v2\/comments?post=26530"}],"version-history":[{"count":11,"href":"https:\/\/blogsaverroes.juntadeandalucia.es\/colemediterraneo\/wp-json\/wp\/v2\/pages\/26530\/revisions"}],"predecessor-version":[{"id":38392,"href":"https:\/\/blogsaverroes.juntadeandalucia.es\/colemediterraneo\/wp-json\/wp\/v2\/pages\/26530\/revisions\/38392"}],"up":[{"embeddable":true,"href":"https:\/\/blogsaverroes.juntadeandalucia.es\/colemediterraneo\/wp-json\/wp\/v2\/pages\/143"}],"wp:attachment":[{"href":"https:\/\/blogsaverroes.juntadeandalucia.es\/colemediterraneo\/wp-json\/wp\/v2\/media?parent=26530"}],"curies":[{"name":"wp","href":"https:\/\/api.w.org\/{rel}","templated":true}]}}