{"id":26845,"date":"2020-02-12T08:02:40","date_gmt":"2020-02-12T08:02:40","guid":{"rendered":"https:\/\/blogsaverroes.juntadeandalucia.es\/colemediterraneo\/?page_id=26845"},"modified":"2020-03-10T16:58:36","modified_gmt":"2020-03-10T16:58:36","slug":"dia-11-de-febrero-dia-de-la-mujer-y-la-nina-en-la-ciencia","status":"publish","type":"page","link":"https:\/\/blogsaverroes.juntadeandalucia.es\/colemediterraneo\/cursos-anteriores\/curso-2019-2020\/a-nivel-de-centro-2\/segundo-trimestre\/dia-11-de-febrero-dia-de-la-mujer-y-la-nina-en-la-ciencia\/","title":{"rendered":"D\u00eda 11 de febrero: D\u00eda de la mujer y la ni\u00f1a en la ciencia"},"content":{"rendered":"<p>&nbsp; Dentro de las actividades programadas en el Plan de Igualdad de nuestro centro, se ha llevado a cabo una interesante charla a cargo de una mujer cient\u00edfica de la Universidad de C\u00f3rdoba.&nbsp; En esta charla le ha contado al alumnado su experiencia hasta llegar a desempe\u00f1ar&nbsp; su importante puesto como cient\u00edfica en el Departamento de Ingenier\u00eda electr\u00f3nica y de Computadores de la Escuela Polit\u00e9cnica Superior de C\u00f3rdoba.&nbsp; &nbsp; Tras la charla se ha propiciado el debate en el que el alumnado ha podido preguntar todo aquello que le ha parecido interesante.&nbsp; Aqu\u00ed os dejamos unas im\u00e1genes de esta actividad:<\/p>\n<p style=\"text-align: center\"><a href=\"https:\/\/blogsaverroes.juntadeandalucia.es\/colemediterraneo\/files\/2020\/02\/IMG-20200211-WA0013.jpg\"><img loading=\"lazy\" decoding=\"async\" class=\"alignnone size-full wp-image-26847\" src=\"https:\/\/blogsaverroes.juntadeandalucia.es\/colemediterraneo\/files\/2020\/02\/IMG-20200211-WA0013.jpg\" alt=\"\" width=\"700\" height=\"394\" srcset=\"https:\/\/blogsaverroes.juntadeandalucia.es\/colemediterraneo\/files\/2020\/02\/IMG-20200211-WA0013.jpg 700w, https:\/\/blogsaverroes.juntadeandalucia.es\/colemediterraneo\/files\/2020\/02\/IMG-20200211-WA0013-300x169.jpg 300w, https:\/\/blogsaverroes.juntadeandalucia.es\/colemediterraneo\/files\/2020\/02\/IMG-20200211-WA0013-24x14.jpg 24w, https:\/\/blogsaverroes.juntadeandalucia.es\/colemediterraneo\/files\/2020\/02\/IMG-20200211-WA0013-36x20.jpg 36w, https:\/\/blogsaverroes.juntadeandalucia.es\/colemediterraneo\/files\/2020\/02\/IMG-20200211-WA0013-48x27.jpg 48w\" sizes=\"(max-width: 700px) 100vw, 700px\" \/><\/a> <a href=\"https:\/\/blogsaverroes.juntadeandalucia.es\/colemediterraneo\/files\/2020\/02\/IMG-20200211-WA0014.jpg\"><img loading=\"lazy\" decoding=\"async\" class=\"alignnone size-large wp-image-26848\" src=\"https:\/\/blogsaverroes.juntadeandalucia.es\/colemediterraneo\/files\/2020\/02\/IMG-20200211-WA0014.jpg\" alt=\"\" width=\"700\" height=\"394\" srcset=\"https:\/\/blogsaverroes.juntadeandalucia.es\/colemediterraneo\/files\/2020\/02\/IMG-20200211-WA0014.jpg 700w, https:\/\/blogsaverroes.juntadeandalucia.es\/colemediterraneo\/files\/2020\/02\/IMG-20200211-WA0014-300x169.jpg 300w, https:\/\/blogsaverroes.juntadeandalucia.es\/colemediterraneo\/files\/2020\/02\/IMG-20200211-WA0014-24x14.jpg 24w, https:\/\/blogsaverroes.juntadeandalucia.es\/colemediterraneo\/files\/2020\/02\/IMG-20200211-WA0014-36x20.jpg 36w, https:\/\/blogsaverroes.juntadeandalucia.es\/colemediterraneo\/files\/2020\/02\/IMG-20200211-WA0014-48x27.jpg 48w\" sizes=\"(max-width: 700px) 100vw, 700px\" \/><\/a> <a href=\"https:\/\/blogsaverroes.juntadeandalucia.es\/colemediterraneo\/files\/2020\/02\/IMG-20200211-WA0031.jpg\"><img loading=\"lazy\" decoding=\"async\" class=\"alignnone size-large wp-image-26849\" src=\"https:\/\/blogsaverroes.juntadeandalucia.es\/colemediterraneo\/files\/2020\/02\/IMG-20200211-WA0031.jpg\" alt=\"\" width=\"700\" height=\"394\" srcset=\"https:\/\/blogsaverroes.juntadeandalucia.es\/colemediterraneo\/files\/2020\/02\/IMG-20200211-WA0031.jpg 700w, https:\/\/blogsaverroes.juntadeandalucia.es\/colemediterraneo\/files\/2020\/02\/IMG-20200211-WA0031-300x169.jpg 300w, https:\/\/blogsaverroes.juntadeandalucia.es\/colemediterraneo\/files\/2020\/02\/IMG-20200211-WA0031-24x14.jpg 24w, https:\/\/blogsaverroes.juntadeandalucia.es\/colemediterraneo\/files\/2020\/02\/IMG-20200211-WA0031-36x20.jpg 36w, https:\/\/blogsaverroes.juntadeandalucia.es\/colemediterraneo\/files\/2020\/02\/IMG-20200211-WA0031-48x27.jpg 48w\" sizes=\"(max-width: 700px) 100vw, 700px\" \/><\/a> <a href=\"https:\/\/blogsaverroes.juntadeandalucia.es\/colemediterraneo\/files\/2020\/02\/IMG-20200211-WA0032.jpg\"><img loading=\"lazy\" decoding=\"async\" class=\"alignnone size-large wp-image-26850\" src=\"https:\/\/blogsaverroes.juntadeandalucia.es\/colemediterraneo\/files\/2020\/02\/IMG-20200211-WA0032.jpg\" alt=\"\" width=\"700\" height=\"394\" srcset=\"https:\/\/blogsaverroes.juntadeandalucia.es\/colemediterraneo\/files\/2020\/02\/IMG-20200211-WA0032.jpg 700w, https:\/\/blogsaverroes.juntadeandalucia.es\/colemediterraneo\/files\/2020\/02\/IMG-20200211-WA0032-300x169.jpg 300w, https:\/\/blogsaverroes.juntadeandalucia.es\/colemediterraneo\/files\/2020\/02\/IMG-20200211-WA0032-24x14.jpg 24w, https:\/\/blogsaverroes.juntadeandalucia.es\/colemediterraneo\/files\/2020\/02\/IMG-20200211-WA0032-36x20.jpg 36w, https:\/\/blogsaverroes.juntadeandalucia.es\/colemediterraneo\/files\/2020\/02\/IMG-20200211-WA0032-48x27.jpg 48w\" sizes=\"(max-width: 700px) 100vw, 700px\" \/><\/a> <a href=\"https:\/\/blogsaverroes.juntadeandalucia.es\/colemediterraneo\/files\/2020\/02\/IMG-20200211-WA0033.jpg\"><img loading=\"lazy\" decoding=\"async\" class=\"alignnone size-large wp-image-26851\" src=\"https:\/\/blogsaverroes.juntadeandalucia.es\/colemediterraneo\/files\/2020\/02\/IMG-20200211-WA0033.jpg\" alt=\"\" width=\"700\" height=\"394\" srcset=\"https:\/\/blogsaverroes.juntadeandalucia.es\/colemediterraneo\/files\/2020\/02\/IMG-20200211-WA0033.jpg 700w, https:\/\/blogsaverroes.juntadeandalucia.es\/colemediterraneo\/files\/2020\/02\/IMG-20200211-WA0033-300x169.jpg 300w, https:\/\/blogsaverroes.juntadeandalucia.es\/colemediterraneo\/files\/2020\/02\/IMG-20200211-WA0033-24x14.jpg 24w, https:\/\/blogsaverroes.juntadeandalucia.es\/colemediterraneo\/files\/2020\/02\/IMG-20200211-WA0033-36x20.jpg 36w, https:\/\/blogsaverroes.juntadeandalucia.es\/colemediterraneo\/files\/2020\/02\/IMG-20200211-WA0033-48x27.jpg 48w\" sizes=\"(max-width: 700px) 100vw, 700px\" \/><\/a> <a href=\"https:\/\/blogsaverroes.juntadeandalucia.es\/colemediterraneo\/files\/2020\/02\/IMG-20200211-WA0034.jpg\"><img loading=\"lazy\" decoding=\"async\" class=\"alignnone size-large wp-image-26852\" src=\"https:\/\/blogsaverroes.juntadeandalucia.es\/colemediterraneo\/files\/2020\/02\/IMG-20200211-WA0034.jpg\" alt=\"\" width=\"700\" height=\"394\" srcset=\"https:\/\/blogsaverroes.juntadeandalucia.es\/colemediterraneo\/files\/2020\/02\/IMG-20200211-WA0034.jpg 700w, https:\/\/blogsaverroes.juntadeandalucia.es\/colemediterraneo\/files\/2020\/02\/IMG-20200211-WA0034-300x169.jpg 300w, https:\/\/blogsaverroes.juntadeandalucia.es\/colemediterraneo\/files\/2020\/02\/IMG-20200211-WA0034-24x14.jpg 24w, https:\/\/blogsaverroes.juntadeandalucia.es\/colemediterraneo\/files\/2020\/02\/IMG-20200211-WA0034-36x20.jpg 36w, https:\/\/blogsaverroes.juntadeandalucia.es\/colemediterraneo\/files\/2020\/02\/IMG-20200211-WA0034-48x27.jpg 48w\" sizes=\"(max-width: 700px) 100vw, 700px\" \/><\/a> <a href=\"https:\/\/blogsaverroes.juntadeandalucia.es\/colemediterraneo\/files\/2020\/02\/IMG-20200211-WA0035.jpg\"><img loading=\"lazy\" decoding=\"async\" class=\"alignnone size-large wp-image-26853\" src=\"https:\/\/blogsaverroes.juntadeandalucia.es\/colemediterraneo\/files\/2020\/02\/IMG-20200211-WA0035.jpg\" alt=\"\" width=\"700\" height=\"394\" srcset=\"https:\/\/blogsaverroes.juntadeandalucia.es\/colemediterraneo\/files\/2020\/02\/IMG-20200211-WA0035.jpg 700w, https:\/\/blogsaverroes.juntadeandalucia.es\/colemediterraneo\/files\/2020\/02\/IMG-20200211-WA0035-300x169.jpg 300w, https:\/\/blogsaverroes.juntadeandalucia.es\/colemediterraneo\/files\/2020\/02\/IMG-20200211-WA0035-24x14.jpg 24w, https:\/\/blogsaverroes.juntadeandalucia.es\/colemediterraneo\/files\/2020\/02\/IMG-20200211-WA0035-36x20.jpg 36w, https:\/\/blogsaverroes.juntadeandalucia.es\/colemediterraneo\/files\/2020\/02\/IMG-20200211-WA0035-48x27.jpg 48w\" sizes=\"(max-width: 700px) 100vw, 700px\" \/><\/a> <a href=\"https:\/\/blogsaverroes.juntadeandalucia.es\/colemediterraneo\/files\/2020\/02\/IMG-20200211-WA0036.jpg\"><img loading=\"lazy\" decoding=\"async\" class=\"alignnone size-large wp-image-26854\" src=\"https:\/\/blogsaverroes.juntadeandalucia.es\/colemediterraneo\/files\/2020\/02\/IMG-20200211-WA0036.jpg\" alt=\"\" width=\"700\" height=\"394\" srcset=\"https:\/\/blogsaverroes.juntadeandalucia.es\/colemediterraneo\/files\/2020\/02\/IMG-20200211-WA0036.jpg 700w, https:\/\/blogsaverroes.juntadeandalucia.es\/colemediterraneo\/files\/2020\/02\/IMG-20200211-WA0036-300x169.jpg 300w, https:\/\/blogsaverroes.juntadeandalucia.es\/colemediterraneo\/files\/2020\/02\/IMG-20200211-WA0036-24x14.jpg 24w, https:\/\/blogsaverroes.juntadeandalucia.es\/colemediterraneo\/files\/2020\/02\/IMG-20200211-WA0036-36x20.jpg 36w, https:\/\/blogsaverroes.juntadeandalucia.es\/colemediterraneo\/files\/2020\/02\/IMG-20200211-WA0036-48x27.jpg 48w\" sizes=\"(max-width: 700px) 100vw, 700px\" \/><\/a> <a href=\"https:\/\/blogsaverroes.juntadeandalucia.es\/colemediterraneo\/files\/2020\/02\/IMG-20200211-WA0037.jpg\"><img loading=\"lazy\" decoding=\"async\" class=\"alignnone size-large wp-image-26855\" src=\"https:\/\/blogsaverroes.juntadeandalucia.es\/colemediterraneo\/files\/2020\/02\/IMG-20200211-WA0037.jpg\" alt=\"\" width=\"700\" height=\"394\" srcset=\"https:\/\/blogsaverroes.juntadeandalucia.es\/colemediterraneo\/files\/2020\/02\/IMG-20200211-WA0037.jpg 700w, https:\/\/blogsaverroes.juntadeandalucia.es\/colemediterraneo\/files\/2020\/02\/IMG-20200211-WA0037-300x169.jpg 300w, https:\/\/blogsaverroes.juntadeandalucia.es\/colemediterraneo\/files\/2020\/02\/IMG-20200211-WA0037-24x14.jpg 24w, https:\/\/blogsaverroes.juntadeandalucia.es\/colemediterraneo\/files\/2020\/02\/IMG-20200211-WA0037-36x20.jpg 36w, https:\/\/blogsaverroes.juntadeandalucia.es\/colemediterraneo\/files\/2020\/02\/IMG-20200211-WA0037-48x27.jpg 48w\" sizes=\"(max-width: 700px) 100vw, 700px\" \/><\/a> <a href=\"https:\/\/blogsaverroes.juntadeandalucia.es\/colemediterraneo\/files\/2020\/02\/IMG-20200211-WA0038.jpg\"><img loading=\"lazy\" decoding=\"async\" class=\"alignnone size-large wp-image-26856\" src=\"https:\/\/blogsaverroes.juntadeandalucia.es\/colemediterraneo\/files\/2020\/02\/IMG-20200211-WA0038.jpg\" alt=\"\" width=\"700\" height=\"394\" srcset=\"https:\/\/blogsaverroes.juntadeandalucia.es\/colemediterraneo\/files\/2020\/02\/IMG-20200211-WA0038.jpg 700w, https:\/\/blogsaverroes.juntadeandalucia.es\/colemediterraneo\/files\/2020\/02\/IMG-20200211-WA0038-300x169.jpg 300w, https:\/\/blogsaverroes.juntadeandalucia.es\/colemediterraneo\/files\/2020\/02\/IMG-20200211-WA0038-24x14.jpg 24w, https:\/\/blogsaverroes.juntadeandalucia.es\/colemediterraneo\/files\/2020\/02\/IMG-20200211-WA0038-36x20.jpg 36w, https:\/\/blogsaverroes.juntadeandalucia.es\/colemediterraneo\/files\/2020\/02\/IMG-20200211-WA0038-48x27.jpg 48w\" sizes=\"(max-width: 700px) 100vw, 700px\" \/><\/a><\/p>\n<p>&nbsp;<\/p>\n","protected":false},"excerpt":{"rendered":"<p>&nbsp; Dentro de las actividades programadas en el Plan de Igualdad de nuestro centro, se ha llevado a cabo una interesante charla a cargo de una mujer cient\u00edfica de la Universidad de C\u00f3rdoba.&nbsp; En esta charla le ha contado al alumnado su experiencia hasta llegar a desempe\u00f1ar&nbsp; su importante puesto como cient\u00edfica en el Departamento &hellip; <\/p>\n<p><a class=\"more-link btn\" href=\"https:\/\/blogsaverroes.juntadeandalucia.es\/colemediterraneo\/cursos-anteriores\/curso-2019-2020\/a-nivel-de-centro-2\/segundo-trimestre\/dia-11-de-febrero-dia-de-la-mujer-y-la-nina-en-la-ciencia\/\">Seguir leyendo<\/a><\/p>\n","protected":false},"author":5888,"featured_media":0,"parent":27294,"menu_order":0,"comment_status":"closed","ping_status":"closed","template":"","meta":{"ngg_post_thumbnail":0,"footnotes":"","_mc_calendar":[]},"aioseo_notices":[],"post_mailing_queue_ids":[],"_links":{"self":[{"href":"https:\/\/blogsaverroes.juntadeandalucia.es\/colemediterraneo\/wp-json\/wp\/v2\/pages\/26845"}],"collection":[{"href":"https:\/\/blogsaverroes.juntadeandalucia.es\/colemediterraneo\/wp-json\/wp\/v2\/pages"}],"about":[{"href":"https:\/\/blogsaverroes.juntadeandalucia.es\/colemediterraneo\/wp-json\/wp\/v2\/types\/page"}],"author":[{"embeddable":true,"href":"https:\/\/blogsaverroes.juntadeandalucia.es\/colemediterraneo\/wp-json\/wp\/v2\/users\/5888"}],"replies":[{"embeddable":true,"href":"https:\/\/blogsaverroes.juntadeandalucia.es\/colemediterraneo\/wp-json\/wp\/v2\/comments?post=26845"}],"version-history":[{"count":3,"href":"https:\/\/blogsaverroes.juntadeandalucia.es\/colemediterraneo\/wp-json\/wp\/v2\/pages\/26845\/revisions"}],"predecessor-version":[{"id":26858,"href":"https:\/\/blogsaverroes.juntadeandalucia.es\/colemediterraneo\/wp-json\/wp\/v2\/pages\/26845\/revisions\/26858"}],"up":[{"embeddable":true,"href":"https:\/\/blogsaverroes.juntadeandalucia.es\/colemediterraneo\/wp-json\/wp\/v2\/pages\/27294"}],"wp:attachment":[{"href":"https:\/\/blogsaverroes.juntadeandalucia.es\/colemediterraneo\/wp-json\/wp\/v2\/media?parent=26845"}],"curies":[{"name":"wp","href":"https:\/\/api.w.org\/{rel}","templated":true}]}}