{"id":27648,"date":"2020-11-24T11:04:41","date_gmt":"2020-11-24T11:04:41","guid":{"rendered":"https:\/\/blogsaverroes.juntadeandalucia.es\/colemediterraneo\/?page_id=27648"},"modified":"2020-11-24T11:04:41","modified_gmt":"2020-11-24T11:04:41","slug":"trabajamos-las-partes-de-la-cara","status":"publish","type":"page","link":"https:\/\/blogsaverroes.juntadeandalucia.es\/colemediterraneo\/cursos-anteriores\/curso-2020-2021\/educacion-infantil\/trabajamos-las-partes-de-la-cara\/","title":{"rendered":"Trabajamos las partes de la cara"},"content":{"rendered":"<p style=\"text-align: left\">Nuestro alumnado m\u00e1s peque\u00f1ito ha estado trabajando diversas partes del cuerpo, como las manos o&nbsp; la cara.&nbsp; Aprovechando la centro de inter\u00e9s que provoca la fiesta de Halloween, han realizado la actividad de dibujar los ojos, nariz y boca a las brujitas.&nbsp; Tambi\u00e9n han hecho unos bonitos carteles en ingl\u00e9s para llevar a casa.<\/p>\n<p>Aqu\u00ed os mostramos unas im\u00e1genes de esta actividad.<\/p>\n<p><a href=\"https:\/\/blogsaverroes.juntadeandalucia.es\/colemediterraneo\/educacion-infantil\/trabajamos-las-partes-de-la-cara\/img-20201019-wa0004\/\" rel=\"attachment wp-att-27650\"><img loading=\"lazy\" decoding=\"async\" class=\"size-full wp-image-27650 aligncenter\" src=\"https:\/\/blogsaverroes.juntadeandalucia.es\/colemediterraneo\/files\/2020\/10\/IMG-20201019-WA0004.jpg\" alt=\"\" width=\"700\" height=\"526\" srcset=\"https:\/\/blogsaverroes.juntadeandalucia.es\/colemediterraneo\/files\/2020\/10\/IMG-20201019-WA0004.jpg 700w, https:\/\/blogsaverroes.juntadeandalucia.es\/colemediterraneo\/files\/2020\/10\/IMG-20201019-WA0004-300x225.jpg 300w, https:\/\/blogsaverroes.juntadeandalucia.es\/colemediterraneo\/files\/2020\/10\/IMG-20201019-WA0004-24x18.jpg 24w, https:\/\/blogsaverroes.juntadeandalucia.es\/colemediterraneo\/files\/2020\/10\/IMG-20201019-WA0004-36x27.jpg 36w, https:\/\/blogsaverroes.juntadeandalucia.es\/colemediterraneo\/files\/2020\/10\/IMG-20201019-WA0004-48x36.jpg 48w\" sizes=\"(max-width: 700px) 100vw, 700px\" \/><\/a> <a href=\"https:\/\/blogsaverroes.juntadeandalucia.es\/colemediterraneo\/educacion-infantil\/trabajamos-las-partes-de-la-cara\/img-20201019-wa0005\/\" rel=\"attachment wp-att-27651\"><img loading=\"lazy\" decoding=\"async\" class=\"size-large wp-image-27651 aligncenter\" src=\"https:\/\/blogsaverroes.juntadeandalucia.es\/colemediterraneo\/files\/2020\/10\/IMG-20201019-WA0005.jpg\" alt=\"\" width=\"700\" height=\"526\" srcset=\"https:\/\/blogsaverroes.juntadeandalucia.es\/colemediterraneo\/files\/2020\/10\/IMG-20201019-WA0005.jpg 700w, https:\/\/blogsaverroes.juntadeandalucia.es\/colemediterraneo\/files\/2020\/10\/IMG-20201019-WA0005-300x225.jpg 300w, https:\/\/blogsaverroes.juntadeandalucia.es\/colemediterraneo\/files\/2020\/10\/IMG-20201019-WA0005-24x18.jpg 24w, https:\/\/blogsaverroes.juntadeandalucia.es\/colemediterraneo\/files\/2020\/10\/IMG-20201019-WA0005-36x27.jpg 36w, https:\/\/blogsaverroes.juntadeandalucia.es\/colemediterraneo\/files\/2020\/10\/IMG-20201019-WA0005-48x36.jpg 48w\" sizes=\"(max-width: 700px) 100vw, 700px\" \/><\/a> <a href=\"https:\/\/blogsaverroes.juntadeandalucia.es\/colemediterraneo\/educacion-infantil\/trabajamos-las-partes-de-la-cara\/img-20201019-wa0006\/\" rel=\"attachment wp-att-27652\"><img loading=\"lazy\" decoding=\"async\" class=\"size-large wp-image-27652 aligncenter\" src=\"https:\/\/blogsaverroes.juntadeandalucia.es\/colemediterraneo\/files\/2020\/10\/IMG-20201019-WA0006.jpg\" alt=\"\" width=\"700\" height=\"526\" srcset=\"https:\/\/blogsaverroes.juntadeandalucia.es\/colemediterraneo\/files\/2020\/10\/IMG-20201019-WA0006.jpg 700w, https:\/\/blogsaverroes.juntadeandalucia.es\/colemediterraneo\/files\/2020\/10\/IMG-20201019-WA0006-300x225.jpg 300w, https:\/\/blogsaverroes.juntadeandalucia.es\/colemediterraneo\/files\/2020\/10\/IMG-20201019-WA0006-24x18.jpg 24w, https:\/\/blogsaverroes.juntadeandalucia.es\/colemediterraneo\/files\/2020\/10\/IMG-20201019-WA0006-36x27.jpg 36w, https:\/\/blogsaverroes.juntadeandalucia.es\/colemediterraneo\/files\/2020\/10\/IMG-20201019-WA0006-48x36.jpg 48w\" sizes=\"(max-width: 700px) 100vw, 700px\" \/><\/a> <a href=\"https:\/\/blogsaverroes.juntadeandalucia.es\/colemediterraneo\/educacion-infantil\/trabajamos-las-partes-de-la-cara\/img-20201028-wa0007\/\" rel=\"attachment wp-att-27653\"><img loading=\"lazy\" decoding=\"async\" class=\"size-large wp-image-27653 aligncenter\" src=\"https:\/\/blogsaverroes.juntadeandalucia.es\/colemediterraneo\/files\/2020\/10\/IMG-20201028-WA0007.jpg\" alt=\"\" width=\"700\" height=\"525\" srcset=\"https:\/\/blogsaverroes.juntadeandalucia.es\/colemediterraneo\/files\/2020\/10\/IMG-20201028-WA0007.jpg 700w, https:\/\/blogsaverroes.juntadeandalucia.es\/colemediterraneo\/files\/2020\/10\/IMG-20201028-WA0007-300x225.jpg 300w, https:\/\/blogsaverroes.juntadeandalucia.es\/colemediterraneo\/files\/2020\/10\/IMG-20201028-WA0007-24x18.jpg 24w, https:\/\/blogsaverroes.juntadeandalucia.es\/colemediterraneo\/files\/2020\/10\/IMG-20201028-WA0007-36x27.jpg 36w, https:\/\/blogsaverroes.juntadeandalucia.es\/colemediterraneo\/files\/2020\/10\/IMG-20201028-WA0007-48x36.jpg 48w\" sizes=\"(max-width: 700px) 100vw, 700px\" \/><\/a> <a href=\"https:\/\/blogsaverroes.juntadeandalucia.es\/colemediterraneo\/educacion-infantil\/trabajamos-las-partes-de-la-cara\/img-20201028-wa0008\/\" rel=\"attachment wp-att-27654\"><img loading=\"lazy\" decoding=\"async\" class=\"size-large wp-image-27654 aligncenter\" src=\"https:\/\/blogsaverroes.juntadeandalucia.es\/colemediterraneo\/files\/2020\/10\/IMG-20201028-WA0008.jpg\" alt=\"\" width=\"700\" height=\"525\" srcset=\"https:\/\/blogsaverroes.juntadeandalucia.es\/colemediterraneo\/files\/2020\/10\/IMG-20201028-WA0008.jpg 700w, https:\/\/blogsaverroes.juntadeandalucia.es\/colemediterraneo\/files\/2020\/10\/IMG-20201028-WA0008-300x225.jpg 300w, https:\/\/blogsaverroes.juntadeandalucia.es\/colemediterraneo\/files\/2020\/10\/IMG-20201028-WA0008-24x18.jpg 24w, https:\/\/blogsaverroes.juntadeandalucia.es\/colemediterraneo\/files\/2020\/10\/IMG-20201028-WA0008-36x27.jpg 36w, https:\/\/blogsaverroes.juntadeandalucia.es\/colemediterraneo\/files\/2020\/10\/IMG-20201028-WA0008-48x36.jpg 48w\" sizes=\"(max-width: 700px) 100vw, 700px\" \/><\/a> <a href=\"https:\/\/blogsaverroes.juntadeandalucia.es\/colemediterraneo\/educacion-infantil\/trabajamos-las-partes-de-la-cara\/img-20201028-wa0009\/\" rel=\"attachment wp-att-27655\"><img loading=\"lazy\" decoding=\"async\" class=\"size-large wp-image-27655 aligncenter\" src=\"https:\/\/blogsaverroes.juntadeandalucia.es\/colemediterraneo\/files\/2020\/10\/IMG-20201028-WA0009.jpg\" alt=\"\" width=\"700\" height=\"525\" srcset=\"https:\/\/blogsaverroes.juntadeandalucia.es\/colemediterraneo\/files\/2020\/10\/IMG-20201028-WA0009.jpg 700w, https:\/\/blogsaverroes.juntadeandalucia.es\/colemediterraneo\/files\/2020\/10\/IMG-20201028-WA0009-300x225.jpg 300w, https:\/\/blogsaverroes.juntadeandalucia.es\/colemediterraneo\/files\/2020\/10\/IMG-20201028-WA0009-24x18.jpg 24w, https:\/\/blogsaverroes.juntadeandalucia.es\/colemediterraneo\/files\/2020\/10\/IMG-20201028-WA0009-36x27.jpg 36w, https:\/\/blogsaverroes.juntadeandalucia.es\/colemediterraneo\/files\/2020\/10\/IMG-20201028-WA0009-48x36.jpg 48w\" sizes=\"(max-width: 700px) 100vw, 700px\" \/><\/a> <a href=\"https:\/\/blogsaverroes.juntadeandalucia.es\/colemediterraneo\/educacion-infantil\/trabajamos-las-partes-de-la-cara\/img-20201028-wa0010\/\" rel=\"attachment wp-att-27656\"><img loading=\"lazy\" decoding=\"async\" class=\"size-large wp-image-27656 aligncenter\" src=\"https:\/\/blogsaverroes.juntadeandalucia.es\/colemediterraneo\/files\/2020\/10\/IMG-20201028-WA0010.jpg\" alt=\"\" width=\"700\" height=\"525\" srcset=\"https:\/\/blogsaverroes.juntadeandalucia.es\/colemediterraneo\/files\/2020\/10\/IMG-20201028-WA0010.jpg 700w, https:\/\/blogsaverroes.juntadeandalucia.es\/colemediterraneo\/files\/2020\/10\/IMG-20201028-WA0010-300x225.jpg 300w, https:\/\/blogsaverroes.juntadeandalucia.es\/colemediterraneo\/files\/2020\/10\/IMG-20201028-WA0010-24x18.jpg 24w, https:\/\/blogsaverroes.juntadeandalucia.es\/colemediterraneo\/files\/2020\/10\/IMG-20201028-WA0010-36x27.jpg 36w, https:\/\/blogsaverroes.juntadeandalucia.es\/colemediterraneo\/files\/2020\/10\/IMG-20201028-WA0010-48x36.jpg 48w\" sizes=\"(max-width: 700px) 100vw, 700px\" \/><\/a> <a href=\"https:\/\/blogsaverroes.juntadeandalucia.es\/colemediterraneo\/educacion-infantil\/trabajamos-las-partes-de-la-cara\/img-20201028-wa0016\/\" rel=\"attachment wp-att-27657\"><img loading=\"lazy\" decoding=\"async\" class=\"size-large wp-image-27657 aligncenter\" src=\"https:\/\/blogsaverroes.juntadeandalucia.es\/colemediterraneo\/files\/2020\/10\/IMG-20201028-WA0016.jpg\" alt=\"\" width=\"700\" height=\"525\" srcset=\"https:\/\/blogsaverroes.juntadeandalucia.es\/colemediterraneo\/files\/2020\/10\/IMG-20201028-WA0016.jpg 700w, https:\/\/blogsaverroes.juntadeandalucia.es\/colemediterraneo\/files\/2020\/10\/IMG-20201028-WA0016-300x225.jpg 300w, https:\/\/blogsaverroes.juntadeandalucia.es\/colemediterraneo\/files\/2020\/10\/IMG-20201028-WA0016-24x18.jpg 24w, https:\/\/blogsaverroes.juntadeandalucia.es\/colemediterraneo\/files\/2020\/10\/IMG-20201028-WA0016-36x27.jpg 36w, https:\/\/blogsaverroes.juntadeandalucia.es\/colemediterraneo\/files\/2020\/10\/IMG-20201028-WA0016-48x36.jpg 48w\" sizes=\"(max-width: 700px) 100vw, 700px\" \/><\/a><\/p>\n","protected":false},"excerpt":{"rendered":"<p>Nuestro alumnado m\u00e1s peque\u00f1ito ha estado trabajando diversas partes del cuerpo, como las manos o&nbsp; la cara.&nbsp; Aprovechando la centro de inter\u00e9s que provoca la fiesta de Halloween, han realizado la actividad de dibujar los ojos, nariz y boca a las brujitas.&nbsp; Tambi\u00e9n han hecho unos bonitos carteles en ingl\u00e9s para llevar a casa. Aqu\u00ed &hellip; <\/p>\n<p><a class=\"more-link btn\" href=\"https:\/\/blogsaverroes.juntadeandalucia.es\/colemediterraneo\/cursos-anteriores\/curso-2020-2021\/educacion-infantil\/trabajamos-las-partes-de-la-cara\/\">Seguir leyendo<\/a><\/p>\n","protected":false},"author":5888,"featured_media":0,"parent":27520,"menu_order":0,"comment_status":"closed","ping_status":"closed","template":"","meta":{"ngg_post_thumbnail":0,"footnotes":"","_mc_calendar":[]},"aioseo_notices":[],"post_mailing_queue_ids":[],"_links":{"self":[{"href":"https:\/\/blogsaverroes.juntadeandalucia.es\/colemediterraneo\/wp-json\/wp\/v2\/pages\/27648"}],"collection":[{"href":"https:\/\/blogsaverroes.juntadeandalucia.es\/colemediterraneo\/wp-json\/wp\/v2\/pages"}],"about":[{"href":"https:\/\/blogsaverroes.juntadeandalucia.es\/colemediterraneo\/wp-json\/wp\/v2\/types\/page"}],"author":[{"embeddable":true,"href":"https:\/\/blogsaverroes.juntadeandalucia.es\/colemediterraneo\/wp-json\/wp\/v2\/users\/5888"}],"replies":[{"embeddable":true,"href":"https:\/\/blogsaverroes.juntadeandalucia.es\/colemediterraneo\/wp-json\/wp\/v2\/comments?post=27648"}],"version-history":[{"count":5,"href":"https:\/\/blogsaverroes.juntadeandalucia.es\/colemediterraneo\/wp-json\/wp\/v2\/pages\/27648\/revisions"}],"predecessor-version":[{"id":27782,"href":"https:\/\/blogsaverroes.juntadeandalucia.es\/colemediterraneo\/wp-json\/wp\/v2\/pages\/27648\/revisions\/27782"}],"up":[{"embeddable":true,"href":"https:\/\/blogsaverroes.juntadeandalucia.es\/colemediterraneo\/wp-json\/wp\/v2\/pages\/27520"}],"wp:attachment":[{"href":"https:\/\/blogsaverroes.juntadeandalucia.es\/colemediterraneo\/wp-json\/wp\/v2\/media?parent=27648"}],"curies":[{"name":"wp","href":"https:\/\/api.w.org\/{rel}","templated":true}]}}