{"id":28384,"date":"2021-03-10T07:59:36","date_gmt":"2021-03-10T07:59:36","guid":{"rendered":"https:\/\/blogsaverroes.juntadeandalucia.es\/colemediterraneo\/?page_id=28384"},"modified":"2021-06-02T08:32:51","modified_gmt":"2021-06-02T08:32:51","slug":"trabajos-final-task-2","status":"publish","type":"page","link":"https:\/\/blogsaverroes.juntadeandalucia.es\/colemediterraneo\/cursos-anteriores\/curso-2020-2021\/segundo-ciclo\/trabajos-final-task-2\/","title":{"rendered":"Trabajos Final task: \u00abMi ciudad en 3D\u00bb (4\u00ba primaria)"},"content":{"rendered":"<p>&nbsp; Aqu\u00ed os mostramos algunos de los trabajos realizados por nuestro alumnado de 4\u00ba. Son sus \u00abfinal task\u00bb realizados en las \u00e1reas de Ciencias biling\u00fces.&nbsp; Est\u00e1n relacionados con los contenidos trabajados en cada tema : los animales vertebrados e invertebrados y los diferentes lugares de la ciudad.&nbsp; &nbsp;Seguro que os gustan.&nbsp;<\/p>\n<p>&nbsp;<\/p>\n<p style=\"text-align: center\"><a href=\"https:\/\/blogsaverroes.juntadeandalucia.es\/colemediterraneo\/segundo-ciclo\/trabajos-final-task-2\/img-20210210-wa0033\/\" rel=\"attachment wp-att-28386\"><img loading=\"lazy\" decoding=\"async\" class=\"alignnone size-full wp-image-28386\" src=\"https:\/\/blogsaverroes.juntadeandalucia.es\/colemediterraneo\/files\/2021\/02\/IMG-20210210-WA0033.jpg\" alt=\"\" width=\"525\" height=\"700\" srcset=\"https:\/\/blogsaverroes.juntadeandalucia.es\/colemediterraneo\/files\/2021\/02\/IMG-20210210-WA0033.jpg 525w, https:\/\/blogsaverroes.juntadeandalucia.es\/colemediterraneo\/files\/2021\/02\/IMG-20210210-WA0033-225x300.jpg 225w\" sizes=\"(max-width: 525px) 100vw, 525px\" \/><\/a><\/p>\n<p>&nbsp;<\/p>\n<p><a href=\"https:\/\/blogsaverroes.juntadeandalucia.es\/colemediterraneo\/segundo-ciclo\/trabajos-final-task-2\/img-20210210-wa0034\/\" rel=\"attachment wp-att-28387\"><img loading=\"lazy\" decoding=\"async\" class=\"alignnone size-large wp-image-28387 aligncenter\" src=\"https:\/\/blogsaverroes.juntadeandalucia.es\/colemediterraneo\/files\/2021\/02\/IMG-20210210-WA0034.jpg\" alt=\"\" width=\"525\" height=\"700\" srcset=\"https:\/\/blogsaverroes.juntadeandalucia.es\/colemediterraneo\/files\/2021\/02\/IMG-20210210-WA0034.jpg 525w, https:\/\/blogsaverroes.juntadeandalucia.es\/colemediterraneo\/files\/2021\/02\/IMG-20210210-WA0034-225x300.jpg 225w\" sizes=\"(max-width: 525px) 100vw, 525px\" \/><\/a> <a href=\"https:\/\/blogsaverroes.juntadeandalucia.es\/colemediterraneo\/segundo-ciclo\/trabajos-final-task-2\/img-20210210-wa0035\/\" rel=\"attachment wp-att-28388\"><img loading=\"lazy\" decoding=\"async\" class=\"size-large wp-image-28388 aligncenter\" src=\"https:\/\/blogsaverroes.juntadeandalucia.es\/colemediterraneo\/files\/2021\/02\/IMG-20210210-WA0035.jpg\" alt=\"\" width=\"525\" height=\"700\" srcset=\"https:\/\/blogsaverroes.juntadeandalucia.es\/colemediterraneo\/files\/2021\/02\/IMG-20210210-WA0035.jpg 525w, https:\/\/blogsaverroes.juntadeandalucia.es\/colemediterraneo\/files\/2021\/02\/IMG-20210210-WA0035-225x300.jpg 225w\" sizes=\"(max-width: 525px) 100vw, 525px\" \/><\/a> <a href=\"https:\/\/blogsaverroes.juntadeandalucia.es\/colemediterraneo\/segundo-ciclo\/trabajos-final-task-2\/img-20210210-wa0036\/\" rel=\"attachment wp-att-28389\"><img loading=\"lazy\" decoding=\"async\" class=\"size-large wp-image-28389 aligncenter\" src=\"https:\/\/blogsaverroes.juntadeandalucia.es\/colemediterraneo\/files\/2021\/02\/IMG-20210210-WA0036.jpg\" alt=\"\" width=\"525\" height=\"700\" srcset=\"https:\/\/blogsaverroes.juntadeandalucia.es\/colemediterraneo\/files\/2021\/02\/IMG-20210210-WA0036.jpg 525w, https:\/\/blogsaverroes.juntadeandalucia.es\/colemediterraneo\/files\/2021\/02\/IMG-20210210-WA0036-225x300.jpg 225w\" sizes=\"(max-width: 525px) 100vw, 525px\" \/><\/a> <a href=\"https:\/\/blogsaverroes.juntadeandalucia.es\/colemediterraneo\/segundo-ciclo\/trabajos-final-task-2\/img-20210210-wa0037\/\" rel=\"attachment wp-att-28390\"><img loading=\"lazy\" decoding=\"async\" class=\"size-large wp-image-28390 aligncenter\" src=\"https:\/\/blogsaverroes.juntadeandalucia.es\/colemediterraneo\/files\/2021\/02\/IMG-20210210-WA0037.jpg\" alt=\"\" width=\"525\" height=\"700\" srcset=\"https:\/\/blogsaverroes.juntadeandalucia.es\/colemediterraneo\/files\/2021\/02\/IMG-20210210-WA0037.jpg 525w, https:\/\/blogsaverroes.juntadeandalucia.es\/colemediterraneo\/files\/2021\/02\/IMG-20210210-WA0037-225x300.jpg 225w\" sizes=\"(max-width: 525px) 100vw, 525px\" \/><\/a> <a href=\"https:\/\/blogsaverroes.juntadeandalucia.es\/colemediterraneo\/segundo-ciclo\/trabajos-final-task-2\/img-20210210-wa0038\/\" rel=\"attachment wp-att-28391\"><img loading=\"lazy\" decoding=\"async\" class=\"alignnone size-large wp-image-28391 aligncenter\" src=\"https:\/\/blogsaverroes.juntadeandalucia.es\/colemediterraneo\/files\/2021\/02\/IMG-20210210-WA0038.jpg\" alt=\"\" width=\"700\" height=\"525\" srcset=\"https:\/\/blogsaverroes.juntadeandalucia.es\/colemediterraneo\/files\/2021\/02\/IMG-20210210-WA0038.jpg 700w, https:\/\/blogsaverroes.juntadeandalucia.es\/colemediterraneo\/files\/2021\/02\/IMG-20210210-WA0038-300x225.jpg 300w\" sizes=\"(max-width: 700px) 100vw, 700px\" \/><\/a><\/p>\n","protected":false},"excerpt":{"rendered":"<p>&nbsp; Aqu\u00ed os mostramos algunos de los trabajos realizados por nuestro alumnado de 4\u00ba. Son sus \u00abfinal task\u00bb realizados en las \u00e1reas de Ciencias biling\u00fces.&nbsp; Est\u00e1n relacionados con los contenidos trabajados en cada tema : los animales vertebrados e invertebrados y los diferentes lugares de la ciudad.&nbsp; &nbsp;Seguro que os gustan.&nbsp; &nbsp; &nbsp;<\/p>\n","protected":false},"author":5888,"featured_media":0,"parent":27524,"menu_order":0,"comment_status":"closed","ping_status":"closed","template":"","meta":{"ngg_post_thumbnail":0,"footnotes":"","_mc_calendar":[]},"aioseo_notices":[],"post_mailing_queue_ids":[],"_links":{"self":[{"href":"https:\/\/blogsaverroes.juntadeandalucia.es\/colemediterraneo\/wp-json\/wp\/v2\/pages\/28384"}],"collection":[{"href":"https:\/\/blogsaverroes.juntadeandalucia.es\/colemediterraneo\/wp-json\/wp\/v2\/pages"}],"about":[{"href":"https:\/\/blogsaverroes.juntadeandalucia.es\/colemediterraneo\/wp-json\/wp\/v2\/types\/page"}],"author":[{"embeddable":true,"href":"https:\/\/blogsaverroes.juntadeandalucia.es\/colemediterraneo\/wp-json\/wp\/v2\/users\/5888"}],"replies":[{"embeddable":true,"href":"https:\/\/blogsaverroes.juntadeandalucia.es\/colemediterraneo\/wp-json\/wp\/v2\/comments?post=28384"}],"version-history":[{"count":6,"href":"https:\/\/blogsaverroes.juntadeandalucia.es\/colemediterraneo\/wp-json\/wp\/v2\/pages\/28384\/revisions"}],"predecessor-version":[{"id":29199,"href":"https:\/\/blogsaverroes.juntadeandalucia.es\/colemediterraneo\/wp-json\/wp\/v2\/pages\/28384\/revisions\/29199"}],"up":[{"embeddable":true,"href":"https:\/\/blogsaverroes.juntadeandalucia.es\/colemediterraneo\/wp-json\/wp\/v2\/pages\/27524"}],"wp:attachment":[{"href":"https:\/\/blogsaverroes.juntadeandalucia.es\/colemediterraneo\/wp-json\/wp\/v2\/media?parent=28384"}],"curies":[{"name":"wp","href":"https:\/\/api.w.org\/{rel}","templated":true}]}}