{"id":29432,"date":"2021-06-22T09:55:27","date_gmt":"2021-06-22T09:55:27","guid":{"rendered":"https:\/\/blogsaverroes.juntadeandalucia.es\/colemediterraneo\/?page_id=29432"},"modified":"2021-06-22T09:56:50","modified_gmt":"2021-06-22T09:56:50","slug":"master-class-de-ajedrez-de-nuestro-campeon","status":"publish","type":"page","link":"https:\/\/blogsaverroes.juntadeandalucia.es\/colemediterraneo\/cursos-anteriores\/curso-2020-2021\/a-nivel-de-centro\/master-class-de-ajedrez-de-nuestro-campeon\/","title":{"rendered":"Master Class de Ajedrez de nuestro campe\u00f3n"},"content":{"rendered":"<p>Aqu\u00ed os mostramos la Master Class que ha ofrecido a sus compa\u00f1eros\/as nuestro querido alumno Jos\u00e9 \u00c1ngel Portero, de la clase de 6\u00ba B.&nbsp; &nbsp;Ha comenzado explicando sus inicios en el ajedrez y c\u00f3mo poco a poco ha ido progresando y aprendiendo hasta convertirse en un campe\u00f3n.<\/p>\n<p>A continuaci\u00f3n, ha jugado partidas simult\u00e1neas con varios representantes de cada curso de 4\u00ba, 5\u00ba y 6\u00ba.&nbsp; \u00a1\u00a1Enhorabuena y a seguir cosechando \u00e9xitos!!&nbsp;<\/p>\n<p style=\"text-align: center\"><a href=\"https:\/\/blogsaverroes.juntadeandalucia.es\/colemediterraneo\/a-nivel-de-centro\/master-class-de-ajedrez-de-nuestro-campeon\/20210622_111147\/\" rel=\"attachment wp-att-29433\"><img loading=\"lazy\" decoding=\"async\" class=\"alignnone size-full wp-image-29433\" src=\"https:\/\/blogsaverroes.juntadeandalucia.es\/colemediterraneo\/files\/2021\/06\/20210622_111147.jpg\" alt=\"\" width=\"341\" height=\"700\" srcset=\"https:\/\/blogsaverroes.juntadeandalucia.es\/colemediterraneo\/files\/2021\/06\/20210622_111147.jpg 341w, https:\/\/blogsaverroes.juntadeandalucia.es\/colemediterraneo\/files\/2021\/06\/20210622_111147-146x300.jpg 146w\" sizes=\"(max-width: 341px) 100vw, 341px\" \/><\/a> <a href=\"https:\/\/blogsaverroes.juntadeandalucia.es\/colemediterraneo\/a-nivel-de-centro\/master-class-de-ajedrez-de-nuestro-campeon\/20210622_111826\/\" rel=\"attachment wp-att-29434\"><img loading=\"lazy\" decoding=\"async\" class=\"alignnone size-large wp-image-29434\" src=\"https:\/\/blogsaverroes.juntadeandalucia.es\/colemediterraneo\/files\/2021\/06\/20210622_111826.jpg\" alt=\"\" width=\"700\" height=\"341\" srcset=\"https:\/\/blogsaverroes.juntadeandalucia.es\/colemediterraneo\/files\/2021\/06\/20210622_111826.jpg 700w, https:\/\/blogsaverroes.juntadeandalucia.es\/colemediterraneo\/files\/2021\/06\/20210622_111826-300x146.jpg 300w\" sizes=\"(max-width: 700px) 100vw, 700px\" \/><\/a> <a href=\"https:\/\/blogsaverroes.juntadeandalucia.es\/colemediterraneo\/a-nivel-de-centro\/master-class-de-ajedrez-de-nuestro-campeon\/20210622_111846-001\/\" rel=\"attachment wp-att-29435\"><img loading=\"lazy\" decoding=\"async\" class=\"alignnone size-large wp-image-29435\" src=\"https:\/\/blogsaverroes.juntadeandalucia.es\/colemediterraneo\/files\/2021\/06\/20210622_111846-001.jpg\" alt=\"\" width=\"700\" height=\"341\" srcset=\"https:\/\/blogsaverroes.juntadeandalucia.es\/colemediterraneo\/files\/2021\/06\/20210622_111846-001.jpg 700w, https:\/\/blogsaverroes.juntadeandalucia.es\/colemediterraneo\/files\/2021\/06\/20210622_111846-001-300x146.jpg 300w\" sizes=\"(max-width: 700px) 100vw, 700px\" \/><\/a> <a href=\"https:\/\/blogsaverroes.juntadeandalucia.es\/colemediterraneo\/a-nivel-de-centro\/master-class-de-ajedrez-de-nuestro-campeon\/20210622_111933\/\" rel=\"attachment wp-att-29436\"><img loading=\"lazy\" decoding=\"async\" class=\"alignnone size-large wp-image-29436\" src=\"https:\/\/blogsaverroes.juntadeandalucia.es\/colemediterraneo\/files\/2021\/06\/20210622_111933.jpg\" alt=\"\" width=\"700\" height=\"394\" srcset=\"https:\/\/blogsaverroes.juntadeandalucia.es\/colemediterraneo\/files\/2021\/06\/20210622_111933.jpg 700w, https:\/\/blogsaverroes.juntadeandalucia.es\/colemediterraneo\/files\/2021\/06\/20210622_111933-300x169.jpg 300w\" sizes=\"(max-width: 700px) 100vw, 700px\" \/><\/a> <a href=\"https:\/\/blogsaverroes.juntadeandalucia.es\/colemediterraneo\/a-nivel-de-centro\/master-class-de-ajedrez-de-nuestro-campeon\/20210622_111950\/\" rel=\"attachment wp-att-29437\"><img loading=\"lazy\" decoding=\"async\" class=\"alignnone size-large wp-image-29437\" src=\"https:\/\/blogsaverroes.juntadeandalucia.es\/colemediterraneo\/files\/2021\/06\/20210622_111950.jpg\" alt=\"\" width=\"700\" height=\"394\" srcset=\"https:\/\/blogsaverroes.juntadeandalucia.es\/colemediterraneo\/files\/2021\/06\/20210622_111950.jpg 700w, https:\/\/blogsaverroes.juntadeandalucia.es\/colemediterraneo\/files\/2021\/06\/20210622_111950-300x169.jpg 300w\" sizes=\"(max-width: 700px) 100vw, 700px\" \/><\/a> <a href=\"https:\/\/blogsaverroes.juntadeandalucia.es\/colemediterraneo\/a-nivel-de-centro\/master-class-de-ajedrez-de-nuestro-campeon\/20210622_112012\/\" rel=\"attachment wp-att-29438\"><img loading=\"lazy\" decoding=\"async\" class=\"alignnone size-large wp-image-29438\" src=\"https:\/\/blogsaverroes.juntadeandalucia.es\/colemediterraneo\/files\/2021\/06\/20210622_112012.jpg\" alt=\"\" width=\"700\" height=\"394\" srcset=\"https:\/\/blogsaverroes.juntadeandalucia.es\/colemediterraneo\/files\/2021\/06\/20210622_112012.jpg 700w, https:\/\/blogsaverroes.juntadeandalucia.es\/colemediterraneo\/files\/2021\/06\/20210622_112012-300x169.jpg 300w\" sizes=\"(max-width: 700px) 100vw, 700px\" \/><\/a> <a href=\"https:\/\/blogsaverroes.juntadeandalucia.es\/colemediterraneo\/a-nivel-de-centro\/master-class-de-ajedrez-de-nuestro-campeon\/20210622_112027\/\" rel=\"attachment wp-att-29439\"><img loading=\"lazy\" decoding=\"async\" class=\"alignnone size-large wp-image-29439\" src=\"https:\/\/blogsaverroes.juntadeandalucia.es\/colemediterraneo\/files\/2021\/06\/20210622_112027.jpg\" alt=\"\" width=\"700\" height=\"394\" srcset=\"https:\/\/blogsaverroes.juntadeandalucia.es\/colemediterraneo\/files\/2021\/06\/20210622_112027.jpg 700w, https:\/\/blogsaverroes.juntadeandalucia.es\/colemediterraneo\/files\/2021\/06\/20210622_112027-300x169.jpg 300w\" sizes=\"(max-width: 700px) 100vw, 700px\" \/><\/a> <a href=\"https:\/\/blogsaverroes.juntadeandalucia.es\/colemediterraneo\/a-nivel-de-centro\/master-class-de-ajedrez-de-nuestro-campeon\/20210622_112100\/\" rel=\"attachment wp-att-29440\"><img loading=\"lazy\" decoding=\"async\" class=\"alignnone size-large wp-image-29440\" src=\"https:\/\/blogsaverroes.juntadeandalucia.es\/colemediterraneo\/files\/2021\/06\/20210622_112100.jpg\" alt=\"\" width=\"700\" height=\"394\" srcset=\"https:\/\/blogsaverroes.juntadeandalucia.es\/colemediterraneo\/files\/2021\/06\/20210622_112100.jpg 700w, https:\/\/blogsaverroes.juntadeandalucia.es\/colemediterraneo\/files\/2021\/06\/20210622_112100-300x169.jpg 300w\" sizes=\"(max-width: 700px) 100vw, 700px\" \/><\/a> <a href=\"https:\/\/blogsaverroes.juntadeandalucia.es\/colemediterraneo\/a-nivel-de-centro\/master-class-de-ajedrez-de-nuestro-campeon\/20210622_112350\/\" rel=\"attachment wp-att-29441\"><img loading=\"lazy\" decoding=\"async\" class=\"alignnone size-large wp-image-29441\" src=\"https:\/\/blogsaverroes.juntadeandalucia.es\/colemediterraneo\/files\/2021\/06\/20210622_112350.jpg\" alt=\"\" width=\"700\" height=\"341\" srcset=\"https:\/\/blogsaverroes.juntadeandalucia.es\/colemediterraneo\/files\/2021\/06\/20210622_112350.jpg 700w, https:\/\/blogsaverroes.juntadeandalucia.es\/colemediterraneo\/files\/2021\/06\/20210622_112350-300x146.jpg 300w\" sizes=\"(max-width: 700px) 100vw, 700px\" \/><\/a> <a href=\"https:\/\/blogsaverroes.juntadeandalucia.es\/colemediterraneo\/a-nivel-de-centro\/master-class-de-ajedrez-de-nuestro-campeon\/20210622_112358\/\" rel=\"attachment wp-att-29442\"><img loading=\"lazy\" decoding=\"async\" class=\"alignnone size-large wp-image-29442\" src=\"https:\/\/blogsaverroes.juntadeandalucia.es\/colemediterraneo\/files\/2021\/06\/20210622_112358.jpg\" alt=\"\" width=\"700\" height=\"341\" srcset=\"https:\/\/blogsaverroes.juntadeandalucia.es\/colemediterraneo\/files\/2021\/06\/20210622_112358.jpg 700w, https:\/\/blogsaverroes.juntadeandalucia.es\/colemediterraneo\/files\/2021\/06\/20210622_112358-300x146.jpg 300w\" sizes=\"(max-width: 700px) 100vw, 700px\" \/><\/a> <a href=\"https:\/\/blogsaverroes.juntadeandalucia.es\/colemediterraneo\/a-nivel-de-centro\/master-class-de-ajedrez-de-nuestro-campeon\/20210622_112404\/\" rel=\"attachment wp-att-29443\"><img loading=\"lazy\" decoding=\"async\" class=\"alignnone size-large wp-image-29443\" src=\"https:\/\/blogsaverroes.juntadeandalucia.es\/colemediterraneo\/files\/2021\/06\/20210622_112404.jpg\" alt=\"\" width=\"700\" height=\"341\" srcset=\"https:\/\/blogsaverroes.juntadeandalucia.es\/colemediterraneo\/files\/2021\/06\/20210622_112404.jpg 700w, https:\/\/blogsaverroes.juntadeandalucia.es\/colemediterraneo\/files\/2021\/06\/20210622_112404-300x146.jpg 300w\" sizes=\"(max-width: 700px) 100vw, 700px\" \/><\/a> <a href=\"https:\/\/blogsaverroes.juntadeandalucia.es\/colemediterraneo\/a-nivel-de-centro\/master-class-de-ajedrez-de-nuestro-campeon\/20210622_112408\/\" rel=\"attachment wp-att-29444\"><img loading=\"lazy\" decoding=\"async\" class=\"alignnone size-large wp-image-29444\" src=\"https:\/\/blogsaverroes.juntadeandalucia.es\/colemediterraneo\/files\/2021\/06\/20210622_112408.jpg\" alt=\"\" width=\"700\" height=\"341\" srcset=\"https:\/\/blogsaverroes.juntadeandalucia.es\/colemediterraneo\/files\/2021\/06\/20210622_112408.jpg 700w, https:\/\/blogsaverroes.juntadeandalucia.es\/colemediterraneo\/files\/2021\/06\/20210622_112408-300x146.jpg 300w\" sizes=\"(max-width: 700px) 100vw, 700px\" \/><\/a> <a href=\"https:\/\/blogsaverroes.juntadeandalucia.es\/colemediterraneo\/a-nivel-de-centro\/master-class-de-ajedrez-de-nuestro-campeon\/20210622_112410-001\/\" rel=\"attachment wp-att-29445\"><img loading=\"lazy\" decoding=\"async\" class=\"alignnone size-large wp-image-29445\" src=\"https:\/\/blogsaverroes.juntadeandalucia.es\/colemediterraneo\/files\/2021\/06\/20210622_112410-001.jpg\" alt=\"\" width=\"700\" height=\"341\" srcset=\"https:\/\/blogsaverroes.juntadeandalucia.es\/colemediterraneo\/files\/2021\/06\/20210622_112410-001.jpg 700w, https:\/\/blogsaverroes.juntadeandalucia.es\/colemediterraneo\/files\/2021\/06\/20210622_112410-001-300x146.jpg 300w\" sizes=\"(max-width: 700px) 100vw, 700px\" \/><\/a> <a href=\"https:\/\/blogsaverroes.juntadeandalucia.es\/colemediterraneo\/a-nivel-de-centro\/master-class-de-ajedrez-de-nuestro-campeon\/20210622_112420\/\" rel=\"attachment wp-att-29446\"><img loading=\"lazy\" decoding=\"async\" class=\"alignnone size-large wp-image-29446\" src=\"https:\/\/blogsaverroes.juntadeandalucia.es\/colemediterraneo\/files\/2021\/06\/20210622_112420.jpg\" alt=\"\" width=\"341\" height=\"700\" srcset=\"https:\/\/blogsaverroes.juntadeandalucia.es\/colemediterraneo\/files\/2021\/06\/20210622_112420.jpg 341w, https:\/\/blogsaverroes.juntadeandalucia.es\/colemediterraneo\/files\/2021\/06\/20210622_112420-146x300.jpg 146w\" sizes=\"(max-width: 341px) 100vw, 341px\" \/><\/a> <a href=\"https:\/\/blogsaverroes.juntadeandalucia.es\/colemediterraneo\/a-nivel-de-centro\/master-class-de-ajedrez-de-nuestro-campeon\/20210622_112457-001\/\" rel=\"attachment wp-att-29447\"><img loading=\"lazy\" decoding=\"async\" class=\"alignnone size-large wp-image-29447\" src=\"https:\/\/blogsaverroes.juntadeandalucia.es\/colemediterraneo\/files\/2021\/06\/20210622_112457-001.jpg\" alt=\"\" width=\"700\" height=\"341\" srcset=\"https:\/\/blogsaverroes.juntadeandalucia.es\/colemediterraneo\/files\/2021\/06\/20210622_112457-001.jpg 700w, https:\/\/blogsaverroes.juntadeandalucia.es\/colemediterraneo\/files\/2021\/06\/20210622_112457-001-300x146.jpg 300w\" sizes=\"(max-width: 700px) 100vw, 700px\" \/><\/a> <a href=\"https:\/\/blogsaverroes.juntadeandalucia.es\/colemediterraneo\/a-nivel-de-centro\/master-class-de-ajedrez-de-nuestro-campeon\/20210622_112538-001\/\" rel=\"attachment wp-att-29448\"><img loading=\"lazy\" decoding=\"async\" class=\"alignnone size-large wp-image-29448\" src=\"https:\/\/blogsaverroes.juntadeandalucia.es\/colemediterraneo\/files\/2021\/06\/20210622_112538-001.jpg\" alt=\"\" width=\"700\" height=\"341\" srcset=\"https:\/\/blogsaverroes.juntadeandalucia.es\/colemediterraneo\/files\/2021\/06\/20210622_112538-001.jpg 700w, https:\/\/blogsaverroes.juntadeandalucia.es\/colemediterraneo\/files\/2021\/06\/20210622_112538-001-300x146.jpg 300w\" sizes=\"(max-width: 700px) 100vw, 700px\" \/><\/a> <a href=\"https:\/\/blogsaverroes.juntadeandalucia.es\/colemediterraneo\/a-nivel-de-centro\/master-class-de-ajedrez-de-nuestro-campeon\/20210622_112600-001\/\" rel=\"attachment wp-att-29449\"><img loading=\"lazy\" decoding=\"async\" class=\"alignnone size-large wp-image-29449\" src=\"https:\/\/blogsaverroes.juntadeandalucia.es\/colemediterraneo\/files\/2021\/06\/20210622_112600-001.jpg\" alt=\"\" width=\"700\" height=\"341\" srcset=\"https:\/\/blogsaverroes.juntadeandalucia.es\/colemediterraneo\/files\/2021\/06\/20210622_112600-001.jpg 700w, https:\/\/blogsaverroes.juntadeandalucia.es\/colemediterraneo\/files\/2021\/06\/20210622_112600-001-300x146.jpg 300w\" sizes=\"(max-width: 700px) 100vw, 700px\" \/><\/a> <a href=\"https:\/\/blogsaverroes.juntadeandalucia.es\/colemediterraneo\/a-nivel-de-centro\/master-class-de-ajedrez-de-nuestro-campeon\/20210622_112633\/\" rel=\"attachment wp-att-29450\"><img loading=\"lazy\" decoding=\"async\" class=\"alignnone size-large wp-image-29450\" src=\"https:\/\/blogsaverroes.juntadeandalucia.es\/colemediterraneo\/files\/2021\/06\/20210622_112633.jpg\" alt=\"\" width=\"700\" height=\"341\" srcset=\"https:\/\/blogsaverroes.juntadeandalucia.es\/colemediterraneo\/files\/2021\/06\/20210622_112633.jpg 700w, https:\/\/blogsaverroes.juntadeandalucia.es\/colemediterraneo\/files\/2021\/06\/20210622_112633-300x146.jpg 300w\" sizes=\"(max-width: 700px) 100vw, 700px\" \/><\/a> <a href=\"https:\/\/blogsaverroes.juntadeandalucia.es\/colemediterraneo\/a-nivel-de-centro\/master-class-de-ajedrez-de-nuestro-campeon\/20210622_112640-001\/\" rel=\"attachment wp-att-29451\"><img loading=\"lazy\" decoding=\"async\" class=\"alignnone size-large wp-image-29451\" src=\"https:\/\/blogsaverroes.juntadeandalucia.es\/colemediterraneo\/files\/2021\/06\/20210622_112640-001.jpg\" alt=\"\" width=\"341\" height=\"700\" srcset=\"https:\/\/blogsaverroes.juntadeandalucia.es\/colemediterraneo\/files\/2021\/06\/20210622_112640-001.jpg 341w, https:\/\/blogsaverroes.juntadeandalucia.es\/colemediterraneo\/files\/2021\/06\/20210622_112640-001-146x300.jpg 146w\" sizes=\"(max-width: 341px) 100vw, 341px\" \/><\/a><\/p>\n","protected":false},"excerpt":{"rendered":"<p>Aqu\u00ed os mostramos la Master Class que ha ofrecido a sus compa\u00f1eros\/as nuestro querido alumno Jos\u00e9 \u00c1ngel Portero, de la clase de 6\u00ba B.&nbsp; &nbsp;Ha comenzado explicando sus inicios en el ajedrez y c\u00f3mo poco a poco ha ido progresando y aprendiendo hasta convertirse en un campe\u00f3n. A continuaci\u00f3n, ha jugado partidas simult\u00e1neas con varios &hellip; <\/p>\n<p><a class=\"more-link btn\" href=\"https:\/\/blogsaverroes.juntadeandalucia.es\/colemediterraneo\/cursos-anteriores\/curso-2020-2021\/a-nivel-de-centro\/master-class-de-ajedrez-de-nuestro-campeon\/\">Seguir leyendo<\/a><\/p>\n","protected":false},"author":5888,"featured_media":0,"parent":27529,"menu_order":0,"comment_status":"closed","ping_status":"closed","template":"","meta":{"ngg_post_thumbnail":0,"footnotes":"","_mc_calendar":[]},"aioseo_notices":[],"post_mailing_queue_ids":[],"_links":{"self":[{"href":"https:\/\/blogsaverroes.juntadeandalucia.es\/colemediterraneo\/wp-json\/wp\/v2\/pages\/29432"}],"collection":[{"href":"https:\/\/blogsaverroes.juntadeandalucia.es\/colemediterraneo\/wp-json\/wp\/v2\/pages"}],"about":[{"href":"https:\/\/blogsaverroes.juntadeandalucia.es\/colemediterraneo\/wp-json\/wp\/v2\/types\/page"}],"author":[{"embeddable":true,"href":"https:\/\/blogsaverroes.juntadeandalucia.es\/colemediterraneo\/wp-json\/wp\/v2\/users\/5888"}],"replies":[{"embeddable":true,"href":"https:\/\/blogsaverroes.juntadeandalucia.es\/colemediterraneo\/wp-json\/wp\/v2\/comments?post=29432"}],"version-history":[{"count":3,"href":"https:\/\/blogsaverroes.juntadeandalucia.es\/colemediterraneo\/wp-json\/wp\/v2\/pages\/29432\/revisions"}],"predecessor-version":[{"id":29454,"href":"https:\/\/blogsaverroes.juntadeandalucia.es\/colemediterraneo\/wp-json\/wp\/v2\/pages\/29432\/revisions\/29454"}],"up":[{"embeddable":true,"href":"https:\/\/blogsaverroes.juntadeandalucia.es\/colemediterraneo\/wp-json\/wp\/v2\/pages\/27529"}],"wp:attachment":[{"href":"https:\/\/blogsaverroes.juntadeandalucia.es\/colemediterraneo\/wp-json\/wp\/v2\/media?parent=29432"}],"curies":[{"name":"wp","href":"https:\/\/api.w.org\/{rel}","templated":true}]}}