{"id":29512,"date":"2021-09-01T11:19:36","date_gmt":"2021-09-01T11:19:36","guid":{"rendered":"https:\/\/blogsaverroes.juntadeandalucia.es\/colemediterraneo\/?page_id=29512"},"modified":"2025-11-16T20:17:56","modified_gmt":"2025-11-16T20:17:56","slug":"plan-de-igualdad","status":"publish","type":"page","link":"https:\/\/blogsaverroes.juntadeandalucia.es\/colemediterraneo\/proyectos-2\/plan-de-igualdad\/","title":{"rendered":"Plan de Igualdad"},"content":{"rendered":"<p id=\"h.p_th-EGGJMpXOY\" class=\"CDt4Ke zfr3Q\">Desde la segunda mitad del siglo pasado se han desarrollado importantes avances legislativos en materia de igualdad, a\u00fan as\u00ed no se puede determinar haber conseguido la superaci\u00f3n de la desigualdad por raz\u00f3n de g\u00e9nero, al contrario, es necesario seguir dando pasos para evitar esa discriminaci\u00f3n, as\u00ed como prevenir la violencia basada en la absurda idea de una superioridad o inferioridad por el simple hecho de nacer hombre o mujer o estereotipos impuestos por tradiciones caducas.<\/p>\n<p id=\"h.p_F6NXMLNnAzJR\" class=\"CDt4Ke zfr3Q\">La educaci\u00f3n, como motor fundamental de la sociedad, y el profesorado, como piezas de su engranaje, sentimos las responsabilidad de realizar una pedagog\u00eda coeducativa, para intentar hacer m\u00e1s estrecho el abismo entre los cambios que la mayor\u00eda de la ciudadan\u00eda demanda, respaldados por la legislaci\u00f3n vigente, y la realidad.<\/p>\n<p>Es por todo ello que este Plan es obligatorio para todos los Colegios,&nbsp;<\/p>\n<p><img loading=\"lazy\" decoding=\"async\" class=\"alignnone size-large wp-image-38393\" src=\"https:\/\/blogsaverroes.juntadeandalucia.es\/colemediterraneo\/files\/2025\/11\/tablon-navegando-en-igualdad-1024x562.jpg\" alt=\"\" width=\"750\" height=\"412\" srcset=\"https:\/\/blogsaverroes.juntadeandalucia.es\/colemediterraneo\/files\/2025\/11\/tablon-navegando-en-igualdad-1024x562.jpg 1024w, https:\/\/blogsaverroes.juntadeandalucia.es\/colemediterraneo\/files\/2025\/11\/tablon-navegando-en-igualdad-300x165.jpg 300w, https:\/\/blogsaverroes.juntadeandalucia.es\/colemediterraneo\/files\/2025\/11\/tablon-navegando-en-igualdad-768x421.jpg 768w, https:\/\/blogsaverroes.juntadeandalucia.es\/colemediterraneo\/files\/2025\/11\/tablon-navegando-en-igualdad-1536x843.jpg 1536w, https:\/\/blogsaverroes.juntadeandalucia.es\/colemediterraneo\/files\/2025\/11\/tablon-navegando-en-igualdad-750x412.jpg 750w, https:\/\/blogsaverroes.juntadeandalucia.es\/colemediterraneo\/files\/2025\/11\/tablon-navegando-en-igualdad.jpg 1600w\" sizes=\"(max-width: 750px) 100vw, 750px\" \/><\/p>\n","protected":false},"excerpt":{"rendered":"<p>Desde la segunda mitad del siglo pasado se han desarrollado importantes avances legislativos en materia de igualdad, a\u00fan as\u00ed no se puede determinar haber conseguido la superaci\u00f3n de la desigualdad por raz\u00f3n de g\u00e9nero, al contrario, es necesario seguir dando pasos para evitar esa discriminaci\u00f3n, as\u00ed como prevenir la violencia basada en la absurda idea &hellip; <\/p>\n<p><a class=\"more-link btn\" href=\"https:\/\/blogsaverroes.juntadeandalucia.es\/colemediterraneo\/proyectos-2\/plan-de-igualdad\/\">Seguir leyendo<\/a><\/p>\n","protected":false},"author":5888,"featured_media":0,"parent":143,"menu_order":0,"comment_status":"closed","ping_status":"closed","template":"","meta":{"ngg_post_thumbnail":0,"footnotes":"","_mc_calendar":[]},"aioseo_notices":[],"post_mailing_queue_ids":[],"_links":{"self":[{"href":"https:\/\/blogsaverroes.juntadeandalucia.es\/colemediterraneo\/wp-json\/wp\/v2\/pages\/29512"}],"collection":[{"href":"https:\/\/blogsaverroes.juntadeandalucia.es\/colemediterraneo\/wp-json\/wp\/v2\/pages"}],"about":[{"href":"https:\/\/blogsaverroes.juntadeandalucia.es\/colemediterraneo\/wp-json\/wp\/v2\/types\/page"}],"author":[{"embeddable":true,"href":"https:\/\/blogsaverroes.juntadeandalucia.es\/colemediterraneo\/wp-json\/wp\/v2\/users\/5888"}],"replies":[{"embeddable":true,"href":"https:\/\/blogsaverroes.juntadeandalucia.es\/colemediterraneo\/wp-json\/wp\/v2\/comments?post=29512"}],"version-history":[{"count":4,"href":"https:\/\/blogsaverroes.juntadeandalucia.es\/colemediterraneo\/wp-json\/wp\/v2\/pages\/29512\/revisions"}],"predecessor-version":[{"id":38396,"href":"https:\/\/blogsaverroes.juntadeandalucia.es\/colemediterraneo\/wp-json\/wp\/v2\/pages\/29512\/revisions\/38396"}],"up":[{"embeddable":true,"href":"https:\/\/blogsaverroes.juntadeandalucia.es\/colemediterraneo\/wp-json\/wp\/v2\/pages\/143"}],"wp:attachment":[{"href":"https:\/\/blogsaverroes.juntadeandalucia.es\/colemediterraneo\/wp-json\/wp\/v2\/media?parent=29512"}],"curies":[{"name":"wp","href":"https:\/\/api.w.org\/{rel}","templated":true}]}}