{"id":29532,"date":"2021-09-16T09:54:30","date_gmt":"2021-09-16T09:54:30","guid":{"rendered":"https:\/\/blogsaverroes.juntadeandalucia.es\/colemediterraneo\/?page_id=29532"},"modified":"2021-09-16T09:58:44","modified_gmt":"2021-09-16T09:58:44","slug":"nuestro-alumnado-mas-pequeno-se-adapta","status":"publish","type":"page","link":"https:\/\/blogsaverroes.juntadeandalucia.es\/colemediterraneo\/cursos-anteriores\/curso-2021-2022\/29496-2\/nuestro-alumnado-mas-pequeno-se-adapta\/","title":{"rendered":"Nuestro alumnado m\u00e1s peque\u00f1o se adapta"},"content":{"rendered":"<p>&nbsp;A pesar de ser tan peque\u00f1itos y de los llantos iniciales que vienen tras la separaci\u00f3n de sus seres queridos, nuestros alumnos y alumnas m\u00e1s peque\u00f1os&nbsp; se est\u00e1n adaptando perfectamente a las rutinas del cole: hacer su fila a la entrada, colgar mochilas, sentarse en sus sitios, etc, etc&#8230;&nbsp; &nbsp;Cada d\u00eda est\u00e1n m\u00e1s a gusto.&nbsp; Aqu\u00ed os queremos mostrar unas im\u00e1genes para que los pod\u00e1is ver&#8230;<\/p>\n<p style=\"text-align: center\"><a href=\"https:\/\/blogsaverroes.juntadeandalucia.es\/colemediterraneo\/29496-2\/nuestro-alumnado-mas-pequeno-se-adapta\/20210913_102629\/\" rel=\"attachment wp-att-29534\"><img loading=\"lazy\" decoding=\"async\" class=\"alignnone size-full wp-image-29534\" src=\"https:\/\/blogsaverroes.juntadeandalucia.es\/colemediterraneo\/files\/2021\/09\/20210913_102629.jpg\" alt=\"\" width=\"700\" height=\"341\" srcset=\"https:\/\/blogsaverroes.juntadeandalucia.es\/colemediterraneo\/files\/2021\/09\/20210913_102629.jpg 700w, https:\/\/blogsaverroes.juntadeandalucia.es\/colemediterraneo\/files\/2021\/09\/20210913_102629-300x146.jpg 300w\" sizes=\"(max-width: 700px) 100vw, 700px\" \/><\/a> <a href=\"https:\/\/blogsaverroes.juntadeandalucia.es\/colemediterraneo\/29496-2\/nuestro-alumnado-mas-pequeno-se-adapta\/20210913_102649\/\" rel=\"attachment wp-att-29535\"><img loading=\"lazy\" decoding=\"async\" class=\"alignnone size-large wp-image-29535\" src=\"https:\/\/blogsaverroes.juntadeandalucia.es\/colemediterraneo\/files\/2021\/09\/20210913_102649.jpg\" alt=\"\" width=\"700\" height=\"341\" srcset=\"https:\/\/blogsaverroes.juntadeandalucia.es\/colemediterraneo\/files\/2021\/09\/20210913_102649.jpg 700w, https:\/\/blogsaverroes.juntadeandalucia.es\/colemediterraneo\/files\/2021\/09\/20210913_102649-300x146.jpg 300w\" sizes=\"(max-width: 700px) 100vw, 700px\" \/><\/a> <a href=\"https:\/\/blogsaverroes.juntadeandalucia.es\/colemediterraneo\/29496-2\/nuestro-alumnado-mas-pequeno-se-adapta\/20210913_103947\/\" rel=\"attachment wp-att-29536\"><img loading=\"lazy\" decoding=\"async\" class=\"alignnone size-large wp-image-29536\" src=\"https:\/\/blogsaverroes.juntadeandalucia.es\/colemediterraneo\/files\/2021\/09\/20210913_103947.jpg\" alt=\"\" width=\"700\" height=\"341\" srcset=\"https:\/\/blogsaverroes.juntadeandalucia.es\/colemediterraneo\/files\/2021\/09\/20210913_103947.jpg 700w, https:\/\/blogsaverroes.juntadeandalucia.es\/colemediterraneo\/files\/2021\/09\/20210913_103947-300x146.jpg 300w\" sizes=\"(max-width: 700px) 100vw, 700px\" \/><\/a> <a href=\"https:\/\/blogsaverroes.juntadeandalucia.es\/colemediterraneo\/29496-2\/nuestro-alumnado-mas-pequeno-se-adapta\/20210913_104009\/\" rel=\"attachment wp-att-29537\"><img loading=\"lazy\" decoding=\"async\" class=\"alignnone size-large wp-image-29537\" src=\"https:\/\/blogsaverroes.juntadeandalucia.es\/colemediterraneo\/files\/2021\/09\/20210913_104009.jpg\" alt=\"\" width=\"700\" height=\"341\" srcset=\"https:\/\/blogsaverroes.juntadeandalucia.es\/colemediterraneo\/files\/2021\/09\/20210913_104009.jpg 700w, https:\/\/blogsaverroes.juntadeandalucia.es\/colemediterraneo\/files\/2021\/09\/20210913_104009-300x146.jpg 300w\" sizes=\"(max-width: 700px) 100vw, 700px\" \/><\/a> <a href=\"https:\/\/blogsaverroes.juntadeandalucia.es\/colemediterraneo\/29496-2\/nuestro-alumnado-mas-pequeno-se-adapta\/20210913_104147\/\" rel=\"attachment wp-att-29538\"><img loading=\"lazy\" decoding=\"async\" class=\"alignnone size-large wp-image-29538\" src=\"https:\/\/blogsaverroes.juntadeandalucia.es\/colemediterraneo\/files\/2021\/09\/20210913_104147.jpg\" alt=\"\" width=\"700\" height=\"341\" srcset=\"https:\/\/blogsaverroes.juntadeandalucia.es\/colemediterraneo\/files\/2021\/09\/20210913_104147.jpg 700w, https:\/\/blogsaverroes.juntadeandalucia.es\/colemediterraneo\/files\/2021\/09\/20210913_104147-300x146.jpg 300w\" sizes=\"(max-width: 700px) 100vw, 700px\" \/><\/a> <a href=\"https:\/\/blogsaverroes.juntadeandalucia.es\/colemediterraneo\/29496-2\/nuestro-alumnado-mas-pequeno-se-adapta\/img-20210914-wa0006\/\" rel=\"attachment wp-att-29539\"><img loading=\"lazy\" decoding=\"async\" class=\"alignnone size-large wp-image-29539\" src=\"https:\/\/blogsaverroes.juntadeandalucia.es\/colemediterraneo\/files\/2021\/09\/IMG-20210914-WA0006.jpg\" alt=\"\" width=\"700\" height=\"323\" srcset=\"https:\/\/blogsaverroes.juntadeandalucia.es\/colemediterraneo\/files\/2021\/09\/IMG-20210914-WA0006.jpg 700w, https:\/\/blogsaverroes.juntadeandalucia.es\/colemediterraneo\/files\/2021\/09\/IMG-20210914-WA0006-300x138.jpg 300w\" sizes=\"(max-width: 700px) 100vw, 700px\" \/><\/a> <a href=\"https:\/\/blogsaverroes.juntadeandalucia.es\/colemediterraneo\/29496-2\/nuestro-alumnado-mas-pequeno-se-adapta\/20210913_105215\/\" rel=\"attachment wp-att-29540\"><img loading=\"lazy\" decoding=\"async\" class=\"alignnone size-large wp-image-29540\" src=\"https:\/\/blogsaverroes.juntadeandalucia.es\/colemediterraneo\/files\/2021\/09\/20210913_105215.jpg\" alt=\"\" width=\"700\" height=\"341\" srcset=\"https:\/\/blogsaverroes.juntadeandalucia.es\/colemediterraneo\/files\/2021\/09\/20210913_105215.jpg 700w, https:\/\/blogsaverroes.juntadeandalucia.es\/colemediterraneo\/files\/2021\/09\/20210913_105215-300x146.jpg 300w\" sizes=\"(max-width: 700px) 100vw, 700px\" \/><\/a> <a href=\"https:\/\/blogsaverroes.juntadeandalucia.es\/colemediterraneo\/29496-2\/nuestro-alumnado-mas-pequeno-se-adapta\/20210913_105218\/\" rel=\"attachment wp-att-29541\"><img loading=\"lazy\" decoding=\"async\" class=\"alignnone size-large wp-image-29541\" src=\"https:\/\/blogsaverroes.juntadeandalucia.es\/colemediterraneo\/files\/2021\/09\/20210913_105218.jpg\" alt=\"\" width=\"700\" height=\"341\" srcset=\"https:\/\/blogsaverroes.juntadeandalucia.es\/colemediterraneo\/files\/2021\/09\/20210913_105218.jpg 700w, https:\/\/blogsaverroes.juntadeandalucia.es\/colemediterraneo\/files\/2021\/09\/20210913_105218-300x146.jpg 300w\" sizes=\"(max-width: 700px) 100vw, 700px\" \/><\/a> <a href=\"https:\/\/blogsaverroes.juntadeandalucia.es\/colemediterraneo\/29496-2\/nuestro-alumnado-mas-pequeno-se-adapta\/20210913_105612\/\" rel=\"attachment wp-att-29542\"><img loading=\"lazy\" decoding=\"async\" class=\"alignnone size-large wp-image-29542\" src=\"https:\/\/blogsaverroes.juntadeandalucia.es\/colemediterraneo\/files\/2021\/09\/20210913_105612.jpg\" alt=\"\" width=\"700\" height=\"341\" srcset=\"https:\/\/blogsaverroes.juntadeandalucia.es\/colemediterraneo\/files\/2021\/09\/20210913_105612.jpg 700w, https:\/\/blogsaverroes.juntadeandalucia.es\/colemediterraneo\/files\/2021\/09\/20210913_105612-300x146.jpg 300w\" sizes=\"(max-width: 700px) 100vw, 700px\" \/><\/a> <a href=\"https:\/\/blogsaverroes.juntadeandalucia.es\/colemediterraneo\/29496-2\/nuestro-alumnado-mas-pequeno-se-adapta\/20210913_111221\/\" rel=\"attachment wp-att-29543\"><img loading=\"lazy\" decoding=\"async\" class=\"alignnone size-large wp-image-29543\" src=\"https:\/\/blogsaverroes.juntadeandalucia.es\/colemediterraneo\/files\/2021\/09\/20210913_111221.jpg\" alt=\"\" width=\"700\" height=\"341\" srcset=\"https:\/\/blogsaverroes.juntadeandalucia.es\/colemediterraneo\/files\/2021\/09\/20210913_111221.jpg 700w, https:\/\/blogsaverroes.juntadeandalucia.es\/colemediterraneo\/files\/2021\/09\/20210913_111221-300x146.jpg 300w\" sizes=\"(max-width: 700px) 100vw, 700px\" \/><\/a> <a href=\"https:\/\/blogsaverroes.juntadeandalucia.es\/colemediterraneo\/29496-2\/nuestro-alumnado-mas-pequeno-se-adapta\/20210913_111236\/\" rel=\"attachment wp-att-29544\"><img loading=\"lazy\" decoding=\"async\" class=\"alignnone size-large wp-image-29544\" src=\"https:\/\/blogsaverroes.juntadeandalucia.es\/colemediterraneo\/files\/2021\/09\/20210913_111236.jpg\" alt=\"\" width=\"700\" height=\"341\" srcset=\"https:\/\/blogsaverroes.juntadeandalucia.es\/colemediterraneo\/files\/2021\/09\/20210913_111236.jpg 700w, https:\/\/blogsaverroes.juntadeandalucia.es\/colemediterraneo\/files\/2021\/09\/20210913_111236-300x146.jpg 300w\" sizes=\"(max-width: 700px) 100vw, 700px\" \/><\/a><\/p>\n<p style=\"text-align: center\"><a href=\"https:\/\/blogsaverroes.juntadeandalucia.es\/colemediterraneo\/29496-2\/nuestro-alumnado-mas-pequeno-se-adapta\/20210915_132437\/\" rel=\"attachment wp-att-29560\"><img loading=\"lazy\" decoding=\"async\" class=\"alignnone size-large wp-image-29560\" src=\"https:\/\/blogsaverroes.juntadeandalucia.es\/colemediterraneo\/files\/2021\/09\/20210915_132437-498x1024.jpg\" alt=\"\" width=\"498\" height=\"1024\" srcset=\"https:\/\/blogsaverroes.juntadeandalucia.es\/colemediterraneo\/files\/2021\/09\/20210915_132437-498x1024.jpg 498w, https:\/\/blogsaverroes.juntadeandalucia.es\/colemediterraneo\/files\/2021\/09\/20210915_132437-146x300.jpg 146w, https:\/\/blogsaverroes.juntadeandalucia.es\/colemediterraneo\/files\/2021\/09\/20210915_132437-768x1580.jpg 768w, https:\/\/blogsaverroes.juntadeandalucia.es\/colemediterraneo\/files\/2021\/09\/20210915_132437-747x1536.jpg 747w, https:\/\/blogsaverroes.juntadeandalucia.es\/colemediterraneo\/files\/2021\/09\/20210915_132437-996x2048.jpg 996w, https:\/\/blogsaverroes.juntadeandalucia.es\/colemediterraneo\/files\/2021\/09\/20210915_132437-scaled.jpg 778w\" sizes=\"(max-width: 498px) 100vw, 498px\" \/><\/a> <a href=\"https:\/\/blogsaverroes.juntadeandalucia.es\/colemediterraneo\/29496-2\/nuestro-alumnado-mas-pequeno-se-adapta\/20210915_132455\/\" rel=\"attachment wp-att-29561\"><img loading=\"lazy\" decoding=\"async\" class=\"alignnone size-large wp-image-29561\" src=\"https:\/\/blogsaverroes.juntadeandalucia.es\/colemediterraneo\/files\/2021\/09\/20210915_132455-1024x498.jpg\" alt=\"\" width=\"782\" height=\"380\" srcset=\"https:\/\/blogsaverroes.juntadeandalucia.es\/colemediterraneo\/files\/2021\/09\/20210915_132455-1024x498.jpg 1024w, https:\/\/blogsaverroes.juntadeandalucia.es\/colemediterraneo\/files\/2021\/09\/20210915_132455-300x146.jpg 300w, https:\/\/blogsaverroes.juntadeandalucia.es\/colemediterraneo\/files\/2021\/09\/20210915_132455-768x373.jpg 768w, https:\/\/blogsaverroes.juntadeandalucia.es\/colemediterraneo\/files\/2021\/09\/20210915_132455-1536x747.jpg 1536w, https:\/\/blogsaverroes.juntadeandalucia.es\/colemediterraneo\/files\/2021\/09\/20210915_132455-2048x996.jpg 2048w, https:\/\/blogsaverroes.juntadeandalucia.es\/colemediterraneo\/files\/2021\/09\/20210915_132455-scaled.jpg 1600w\" sizes=\"(max-width: 782px) 100vw, 782px\" \/><\/a> <a href=\"https:\/\/blogsaverroes.juntadeandalucia.es\/colemediterraneo\/29496-2\/nuestro-alumnado-mas-pequeno-se-adapta\/20210916_094141\/\" rel=\"attachment wp-att-29562\"><img loading=\"lazy\" decoding=\"async\" class=\"alignnone size-large wp-image-29562\" src=\"https:\/\/blogsaverroes.juntadeandalucia.es\/colemediterraneo\/files\/2021\/09\/20210916_094141-1024x498.jpg\" alt=\"\" width=\"782\" height=\"380\" srcset=\"https:\/\/blogsaverroes.juntadeandalucia.es\/colemediterraneo\/files\/2021\/09\/20210916_094141-1024x498.jpg 1024w, https:\/\/blogsaverroes.juntadeandalucia.es\/colemediterraneo\/files\/2021\/09\/20210916_094141-300x146.jpg 300w, https:\/\/blogsaverroes.juntadeandalucia.es\/colemediterraneo\/files\/2021\/09\/20210916_094141-768x373.jpg 768w, https:\/\/blogsaverroes.juntadeandalucia.es\/colemediterraneo\/files\/2021\/09\/20210916_094141-1536x747.jpg 1536w, https:\/\/blogsaverroes.juntadeandalucia.es\/colemediterraneo\/files\/2021\/09\/20210916_094141-2048x996.jpg 2048w, https:\/\/blogsaverroes.juntadeandalucia.es\/colemediterraneo\/files\/2021\/09\/20210916_094141-scaled.jpg 1600w\" sizes=\"(max-width: 782px) 100vw, 782px\" \/><\/a> <a href=\"https:\/\/blogsaverroes.juntadeandalucia.es\/colemediterraneo\/29496-2\/nuestro-alumnado-mas-pequeno-se-adapta\/20210916_094147\/\" rel=\"attachment wp-att-29563\"><img loading=\"lazy\" decoding=\"async\" class=\"alignnone size-large wp-image-29563\" src=\"https:\/\/blogsaverroes.juntadeandalucia.es\/colemediterraneo\/files\/2021\/09\/20210916_094147-1024x498.jpg\" alt=\"\" width=\"782\" height=\"380\" srcset=\"https:\/\/blogsaverroes.juntadeandalucia.es\/colemediterraneo\/files\/2021\/09\/20210916_094147-1024x498.jpg 1024w, https:\/\/blogsaverroes.juntadeandalucia.es\/colemediterraneo\/files\/2021\/09\/20210916_094147-300x146.jpg 300w, https:\/\/blogsaverroes.juntadeandalucia.es\/colemediterraneo\/files\/2021\/09\/20210916_094147-768x373.jpg 768w, https:\/\/blogsaverroes.juntadeandalucia.es\/colemediterraneo\/files\/2021\/09\/20210916_094147-1536x747.jpg 1536w, https:\/\/blogsaverroes.juntadeandalucia.es\/colemediterraneo\/files\/2021\/09\/20210916_094147-2048x996.jpg 2048w, https:\/\/blogsaverroes.juntadeandalucia.es\/colemediterraneo\/files\/2021\/09\/20210916_094147-scaled.jpg 1600w\" sizes=\"(max-width: 782px) 100vw, 782px\" \/><\/a> <a href=\"https:\/\/blogsaverroes.juntadeandalucia.es\/colemediterraneo\/29496-2\/nuestro-alumnado-mas-pequeno-se-adapta\/20210916_094619\/\" rel=\"attachment wp-att-29564\"><img loading=\"lazy\" decoding=\"async\" class=\"alignnone size-large wp-image-29564\" src=\"https:\/\/blogsaverroes.juntadeandalucia.es\/colemediterraneo\/files\/2021\/09\/20210916_094619-1024x498.jpg\" alt=\"\" width=\"782\" height=\"380\" srcset=\"https:\/\/blogsaverroes.juntadeandalucia.es\/colemediterraneo\/files\/2021\/09\/20210916_094619-1024x498.jpg 1024w, https:\/\/blogsaverroes.juntadeandalucia.es\/colemediterraneo\/files\/2021\/09\/20210916_094619-300x146.jpg 300w, https:\/\/blogsaverroes.juntadeandalucia.es\/colemediterraneo\/files\/2021\/09\/20210916_094619-768x373.jpg 768w, https:\/\/blogsaverroes.juntadeandalucia.es\/colemediterraneo\/files\/2021\/09\/20210916_094619-1536x747.jpg 1536w, https:\/\/blogsaverroes.juntadeandalucia.es\/colemediterraneo\/files\/2021\/09\/20210916_094619-2048x996.jpg 2048w, https:\/\/blogsaverroes.juntadeandalucia.es\/colemediterraneo\/files\/2021\/09\/20210916_094619-scaled.jpg 1600w\" sizes=\"(max-width: 782px) 100vw, 782px\" \/><\/a> <a href=\"https:\/\/blogsaverroes.juntadeandalucia.es\/colemediterraneo\/29496-2\/nuestro-alumnado-mas-pequeno-se-adapta\/20210916_094624\/\" rel=\"attachment wp-att-29565\"><img loading=\"lazy\" decoding=\"async\" class=\"alignnone size-large wp-image-29565\" src=\"https:\/\/blogsaverroes.juntadeandalucia.es\/colemediterraneo\/files\/2021\/09\/20210916_094624-1024x498.jpg\" alt=\"\" width=\"782\" height=\"380\" srcset=\"https:\/\/blogsaverroes.juntadeandalucia.es\/colemediterraneo\/files\/2021\/09\/20210916_094624-1024x498.jpg 1024w, https:\/\/blogsaverroes.juntadeandalucia.es\/colemediterraneo\/files\/2021\/09\/20210916_094624-300x146.jpg 300w, https:\/\/blogsaverroes.juntadeandalucia.es\/colemediterraneo\/files\/2021\/09\/20210916_094624-768x373.jpg 768w, https:\/\/blogsaverroes.juntadeandalucia.es\/colemediterraneo\/files\/2021\/09\/20210916_094624-1536x747.jpg 1536w, https:\/\/blogsaverroes.juntadeandalucia.es\/colemediterraneo\/files\/2021\/09\/20210916_094624-2048x996.jpg 2048w, https:\/\/blogsaverroes.juntadeandalucia.es\/colemediterraneo\/files\/2021\/09\/20210916_094624-scaled.jpg 1600w\" sizes=\"(max-width: 782px) 100vw, 782px\" \/><\/a><\/p>\n","protected":false},"excerpt":{"rendered":"<p>&nbsp;A pesar de ser tan peque\u00f1itos y de los llantos iniciales que vienen tras la separaci\u00f3n de sus seres queridos, nuestros alumnos y alumnas m\u00e1s peque\u00f1os&nbsp; se est\u00e1n adaptando perfectamente a las rutinas del cole: hacer su fila a la entrada, colgar mochilas, sentarse en sus sitios, etc, etc&#8230;&nbsp; &nbsp;Cada d\u00eda est\u00e1n m\u00e1s a gusto.&nbsp; &hellip; <\/p>\n<p><a class=\"more-link btn\" href=\"https:\/\/blogsaverroes.juntadeandalucia.es\/colemediterraneo\/cursos-anteriores\/curso-2021-2022\/29496-2\/nuestro-alumnado-mas-pequeno-se-adapta\/\">Seguir leyendo<\/a><\/p>\n","protected":false},"author":5888,"featured_media":0,"parent":29496,"menu_order":0,"comment_status":"closed","ping_status":"closed","template":"","meta":{"ngg_post_thumbnail":0,"footnotes":"","_mc_calendar":[]},"aioseo_notices":[],"post_mailing_queue_ids":[],"_links":{"self":[{"href":"https:\/\/blogsaverroes.juntadeandalucia.es\/colemediterraneo\/wp-json\/wp\/v2\/pages\/29532"}],"collection":[{"href":"https:\/\/blogsaverroes.juntadeandalucia.es\/colemediterraneo\/wp-json\/wp\/v2\/pages"}],"about":[{"href":"https:\/\/blogsaverroes.juntadeandalucia.es\/colemediterraneo\/wp-json\/wp\/v2\/types\/page"}],"author":[{"embeddable":true,"href":"https:\/\/blogsaverroes.juntadeandalucia.es\/colemediterraneo\/wp-json\/wp\/v2\/users\/5888"}],"replies":[{"embeddable":true,"href":"https:\/\/blogsaverroes.juntadeandalucia.es\/colemediterraneo\/wp-json\/wp\/v2\/comments?post=29532"}],"version-history":[{"count":5,"href":"https:\/\/blogsaverroes.juntadeandalucia.es\/colemediterraneo\/wp-json\/wp\/v2\/pages\/29532\/revisions"}],"predecessor-version":[{"id":29566,"href":"https:\/\/blogsaverroes.juntadeandalucia.es\/colemediterraneo\/wp-json\/wp\/v2\/pages\/29532\/revisions\/29566"}],"up":[{"embeddable":true,"href":"https:\/\/blogsaverroes.juntadeandalucia.es\/colemediterraneo\/wp-json\/wp\/v2\/pages\/29496"}],"wp:attachment":[{"href":"https:\/\/blogsaverroes.juntadeandalucia.es\/colemediterraneo\/wp-json\/wp\/v2\/media?parent=29532"}],"curies":[{"name":"wp","href":"https:\/\/api.w.org\/{rel}","templated":true}]}}