{"id":31035,"date":"2022-03-22T11:19:05","date_gmt":"2022-03-22T11:19:05","guid":{"rendered":"https:\/\/blogsaverroes.juntadeandalucia.es\/colemediterraneo\/?page_id=31035"},"modified":"2022-03-22T11:20:33","modified_gmt":"2022-03-22T11:20:33","slug":"ajedrez-en-clase","status":"publish","type":"page","link":"https:\/\/blogsaverroes.juntadeandalucia.es\/colemediterraneo\/cursos-anteriores\/curso-2021-2022\/primer-ciclo-2\/ajedrez-en-clase\/","title":{"rendered":"Ajedrez en clase"},"content":{"rendered":"<p>Cuando las condiciones meteorol\u00f3gicas impiden que el alumnado realice las actividades de Ed. f\u00edsica en el patio, se proponen otras actividades alternativas para realizar dentro de clase.&nbsp; En esta ocasi\u00f3n os mostramos como nuestro maestro Paco Cresp\u00edn ha organizado unas sesiones de ajedrez con el alumnado de primer ciclo.<\/p>\n<p style=\"text-align: center\"><a href=\"https:\/\/blogsaverroes.juntadeandalucia.es\/colemediterraneo\/primer-ciclo-2\/ajedrez-en-clase\/img-20220322-wa0009\/\" rel=\"attachment wp-att-31044\"><img loading=\"lazy\" decoding=\"async\" class=\"alignnone size-full wp-image-31044\" src=\"https:\/\/blogsaverroes.juntadeandalucia.es\/colemediterraneo\/files\/2022\/03\/IMG-20220322-WA0009.jpg\" alt=\"\" width=\"700\" height=\"524\" srcset=\"https:\/\/blogsaverroes.juntadeandalucia.es\/colemediterraneo\/files\/2022\/03\/IMG-20220322-WA0009.jpg 700w, https:\/\/blogsaverroes.juntadeandalucia.es\/colemediterraneo\/files\/2022\/03\/IMG-20220322-WA0009-300x225.jpg 300w\" sizes=\"(max-width: 700px) 100vw, 700px\" \/><\/a> <a href=\"https:\/\/blogsaverroes.juntadeandalucia.es\/colemediterraneo\/primer-ciclo-2\/ajedrez-en-clase\/img-20220322-wa0008\/\" rel=\"attachment wp-att-31043\"><img loading=\"lazy\" decoding=\"async\" class=\"alignnone size-large wp-image-31043\" src=\"https:\/\/blogsaverroes.juntadeandalucia.es\/colemediterraneo\/files\/2022\/03\/IMG-20220322-WA0008.jpg\" alt=\"\" width=\"524\" height=\"700\" srcset=\"https:\/\/blogsaverroes.juntadeandalucia.es\/colemediterraneo\/files\/2022\/03\/IMG-20220322-WA0008.jpg 524w, https:\/\/blogsaverroes.juntadeandalucia.es\/colemediterraneo\/files\/2022\/03\/IMG-20220322-WA0008-225x300.jpg 225w\" sizes=\"(max-width: 524px) 100vw, 524px\" \/><\/a> <a href=\"https:\/\/blogsaverroes.juntadeandalucia.es\/colemediterraneo\/primer-ciclo-2\/ajedrez-en-clase\/img-20220322-wa0007\/\" rel=\"attachment wp-att-31042\"><img loading=\"lazy\" decoding=\"async\" class=\"alignnone size-large wp-image-31042\" src=\"https:\/\/blogsaverroes.juntadeandalucia.es\/colemediterraneo\/files\/2022\/03\/IMG-20220322-WA0007.jpg\" alt=\"\" width=\"700\" height=\"524\" srcset=\"https:\/\/blogsaverroes.juntadeandalucia.es\/colemediterraneo\/files\/2022\/03\/IMG-20220322-WA0007.jpg 700w, https:\/\/blogsaverroes.juntadeandalucia.es\/colemediterraneo\/files\/2022\/03\/IMG-20220322-WA0007-300x225.jpg 300w\" sizes=\"(max-width: 700px) 100vw, 700px\" \/><\/a> <a href=\"https:\/\/blogsaverroes.juntadeandalucia.es\/colemediterraneo\/primer-ciclo-2\/ajedrez-en-clase\/img-20220322-wa0006\/\" rel=\"attachment wp-att-31041\"><img loading=\"lazy\" decoding=\"async\" class=\"alignnone size-large wp-image-31041\" src=\"https:\/\/blogsaverroes.juntadeandalucia.es\/colemediterraneo\/files\/2022\/03\/IMG-20220322-WA0006.jpg\" alt=\"\" width=\"700\" height=\"524\" srcset=\"https:\/\/blogsaverroes.juntadeandalucia.es\/colemediterraneo\/files\/2022\/03\/IMG-20220322-WA0006.jpg 700w, https:\/\/blogsaverroes.juntadeandalucia.es\/colemediterraneo\/files\/2022\/03\/IMG-20220322-WA0006-300x225.jpg 300w\" sizes=\"(max-width: 700px) 100vw, 700px\" \/><\/a> <a href=\"https:\/\/blogsaverroes.juntadeandalucia.es\/colemediterraneo\/primer-ciclo-2\/ajedrez-en-clase\/img-20220322-wa0005\/\" rel=\"attachment wp-att-31040\"><img loading=\"lazy\" decoding=\"async\" class=\"alignnone size-large wp-image-31040\" src=\"https:\/\/blogsaverroes.juntadeandalucia.es\/colemediterraneo\/files\/2022\/03\/IMG-20220322-WA0005.jpg\" alt=\"\" width=\"524\" height=\"700\" srcset=\"https:\/\/blogsaverroes.juntadeandalucia.es\/colemediterraneo\/files\/2022\/03\/IMG-20220322-WA0005.jpg 524w, https:\/\/blogsaverroes.juntadeandalucia.es\/colemediterraneo\/files\/2022\/03\/IMG-20220322-WA0005-225x300.jpg 225w\" sizes=\"(max-width: 524px) 100vw, 524px\" \/><\/a> <a href=\"https:\/\/blogsaverroes.juntadeandalucia.es\/colemediterraneo\/primer-ciclo-2\/ajedrez-en-clase\/img-20220322-wa0004\/\" rel=\"attachment wp-att-31039\"><img loading=\"lazy\" decoding=\"async\" class=\"alignnone size-large wp-image-31039\" src=\"https:\/\/blogsaverroes.juntadeandalucia.es\/colemediterraneo\/files\/2022\/03\/IMG-20220322-WA0004.jpg\" alt=\"\" width=\"524\" height=\"700\" srcset=\"https:\/\/blogsaverroes.juntadeandalucia.es\/colemediterraneo\/files\/2022\/03\/IMG-20220322-WA0004.jpg 524w, https:\/\/blogsaverroes.juntadeandalucia.es\/colemediterraneo\/files\/2022\/03\/IMG-20220322-WA0004-225x300.jpg 225w\" sizes=\"(max-width: 524px) 100vw, 524px\" \/><\/a> <a href=\"https:\/\/blogsaverroes.juntadeandalucia.es\/colemediterraneo\/primer-ciclo-2\/ajedrez-en-clase\/img-20220322-wa0003\/\" rel=\"attachment wp-att-31038\"><img loading=\"lazy\" decoding=\"async\" class=\"alignnone size-large wp-image-31038\" src=\"https:\/\/blogsaverroes.juntadeandalucia.es\/colemediterraneo\/files\/2022\/03\/IMG-20220322-WA0003.jpg\" alt=\"\" width=\"700\" height=\"524\" srcset=\"https:\/\/blogsaverroes.juntadeandalucia.es\/colemediterraneo\/files\/2022\/03\/IMG-20220322-WA0003.jpg 700w, https:\/\/blogsaverroes.juntadeandalucia.es\/colemediterraneo\/files\/2022\/03\/IMG-20220322-WA0003-300x225.jpg 300w\" sizes=\"(max-width: 700px) 100vw, 700px\" \/><\/a> <a href=\"https:\/\/blogsaverroes.juntadeandalucia.es\/colemediterraneo\/primer-ciclo-2\/ajedrez-en-clase\/img-20220322-wa0002\/\" rel=\"attachment wp-att-31037\"><img loading=\"lazy\" decoding=\"async\" class=\"alignnone size-full wp-image-31037\" src=\"https:\/\/blogsaverroes.juntadeandalucia.es\/colemediterraneo\/files\/2022\/03\/IMG-20220322-WA0002.jpg\" alt=\"\" width=\"700\" height=\"524\" srcset=\"https:\/\/blogsaverroes.juntadeandalucia.es\/colemediterraneo\/files\/2022\/03\/IMG-20220322-WA0002.jpg 700w, https:\/\/blogsaverroes.juntadeandalucia.es\/colemediterraneo\/files\/2022\/03\/IMG-20220322-WA0002-300x225.jpg 300w\" sizes=\"(max-width: 700px) 100vw, 700px\" \/><\/a><\/p>\n<p style=\"text-align: center\">&nbsp;<\/p>\n<p>&nbsp;<\/p>\n","protected":false},"excerpt":{"rendered":"<p>Cuando las condiciones meteorol\u00f3gicas impiden que el alumnado realice las actividades de Ed. f\u00edsica en el patio, se proponen otras actividades alternativas para realizar dentro de clase.&nbsp; En esta ocasi\u00f3n os mostramos como nuestro maestro Paco Cresp\u00edn ha organizado unas sesiones de ajedrez con el alumnado de primer ciclo. &nbsp; &nbsp;<\/p>\n","protected":false},"author":5888,"featured_media":0,"parent":29499,"menu_order":0,"comment_status":"closed","ping_status":"closed","template":"","meta":{"ngg_post_thumbnail":0,"footnotes":"","_mc_calendar":[]},"aioseo_notices":[],"post_mailing_queue_ids":[],"_links":{"self":[{"href":"https:\/\/blogsaverroes.juntadeandalucia.es\/colemediterraneo\/wp-json\/wp\/v2\/pages\/31035"}],"collection":[{"href":"https:\/\/blogsaverroes.juntadeandalucia.es\/colemediterraneo\/wp-json\/wp\/v2\/pages"}],"about":[{"href":"https:\/\/blogsaverroes.juntadeandalucia.es\/colemediterraneo\/wp-json\/wp\/v2\/types\/page"}],"author":[{"embeddable":true,"href":"https:\/\/blogsaverroes.juntadeandalucia.es\/colemediterraneo\/wp-json\/wp\/v2\/users\/5888"}],"replies":[{"embeddable":true,"href":"https:\/\/blogsaverroes.juntadeandalucia.es\/colemediterraneo\/wp-json\/wp\/v2\/comments?post=31035"}],"version-history":[{"count":5,"href":"https:\/\/blogsaverroes.juntadeandalucia.es\/colemediterraneo\/wp-json\/wp\/v2\/pages\/31035\/revisions"}],"predecessor-version":[{"id":31048,"href":"https:\/\/blogsaverroes.juntadeandalucia.es\/colemediterraneo\/wp-json\/wp\/v2\/pages\/31035\/revisions\/31048"}],"up":[{"embeddable":true,"href":"https:\/\/blogsaverroes.juntadeandalucia.es\/colemediterraneo\/wp-json\/wp\/v2\/pages\/29499"}],"wp:attachment":[{"href":"https:\/\/blogsaverroes.juntadeandalucia.es\/colemediterraneo\/wp-json\/wp\/v2\/media?parent=31035"}],"curies":[{"name":"wp","href":"https:\/\/api.w.org\/{rel}","templated":true}]}}