{"id":31260,"date":"2022-04-08T11:02:20","date_gmt":"2022-04-08T11:02:20","guid":{"rendered":"https:\/\/blogsaverroes.juntadeandalucia.es\/colemediterraneo\/?page_id=31260"},"modified":"2022-04-22T10:29:39","modified_gmt":"2022-04-22T10:29:39","slug":"felicidades-a-nuestro-antiguo-alumno-david-arazuzo","status":"publish","type":"page","link":"https:\/\/blogsaverroes.juntadeandalucia.es\/colemediterraneo\/cursos-anteriores\/curso-2021-2022\/a-nivel-de-centro-2\/segundo-trimestre\/felicidades-a-nuestro-antiguo-alumno-david-arazuzo\/","title":{"rendered":"Felicidades a nuestro antiguo alumno David Ara\u00fazo"},"content":{"rendered":"<p>&nbsp;Desde el CEIP Mediterr\u00e1neo queremos felicitar p\u00fablicamente a nuestro antiguo alumno David Arauzo por haber sido uno de los 24 clasificados para la siguiente fase en las Olimpiadas Matem\u00e1ticas THALES.&nbsp; &nbsp;Estamos muy orgullosos tanto de su paso por nuestro centro como de su evoluci\u00f3n en su nueva etapa escolar. \u00a1Felicidades campe\u00f3n!<\/p>\n<p style=\"text-align: center\"><a href=\"https:\/\/blogsaverroes.juntadeandalucia.es\/colemediterraneo\/a-nivel-de-centro-2\/felicidades-a-nuestro-antiguo-alumno-david-arazuzo\/20220408_103350\/\" rel=\"attachment wp-att-31265\"><img loading=\"lazy\" decoding=\"async\" class=\"alignnone wp-image-31265\" src=\"https:\/\/blogsaverroes.juntadeandalucia.es\/colemediterraneo\/files\/2022\/04\/20220408_103350.jpg\" alt=\"\" width=\"229\" height=\"257\"><\/a> <a href=\"https:\/\/blogsaverroes.juntadeandalucia.es\/colemediterraneo\/a-nivel-de-centro-2\/felicidades-a-nuestro-antiguo-alumno-david-arazuzo\/img-20220408-wa0024\/\" rel=\"attachment wp-att-31267\"><img loading=\"lazy\" decoding=\"async\" class=\"alignnone wp-image-31267 size-large\" src=\"https:\/\/blogsaverroes.juntadeandalucia.es\/colemediterraneo\/files\/2022\/04\/IMG-20220408-WA0024-e1649415671955-1024x811.jpg\" alt=\"\" width=\"782\" height=\"619\" srcset=\"https:\/\/blogsaverroes.juntadeandalucia.es\/colemediterraneo\/files\/2022\/04\/IMG-20220408-WA0024-e1649415671955-1024x811.jpg 1024w, https:\/\/blogsaverroes.juntadeandalucia.es\/colemediterraneo\/files\/2022\/04\/IMG-20220408-WA0024-e1649415671955-300x238.jpg 300w, https:\/\/blogsaverroes.juntadeandalucia.es\/colemediterraneo\/files\/2022\/04\/IMG-20220408-WA0024-e1649415671955-768x608.jpg 768w, https:\/\/blogsaverroes.juntadeandalucia.es\/colemediterraneo\/files\/2022\/04\/IMG-20220408-WA0024-e1649415671955.jpg 1040w\" sizes=\"(max-width: 782px) 100vw, 782px\" \/><\/a><\/p>\n<p><a href=\"https:\/\/blogsaverroes.juntadeandalucia.es\/colemediterraneo\/a-nivel-de-centro-2\/felicidades-a-nuestro-antiguo-alumno-david-arazuzo\/img-20220408-wa0022\/\" rel=\"attachment wp-att-31266\"><img loading=\"lazy\" decoding=\"async\" class=\"alignnone wp-image-31266 size-large\" src=\"https:\/\/blogsaverroes.juntadeandalucia.es\/colemediterraneo\/files\/2022\/04\/IMG-20220408-WA0022-1024x768.jpg\" alt=\"\" width=\"782\" height=\"587\"><\/a><\/p>\n","protected":false},"excerpt":{"rendered":"<p>&nbsp;Desde el CEIP Mediterr\u00e1neo queremos felicitar p\u00fablicamente a nuestro antiguo alumno David Arauzo por haber sido uno de los 24 clasificados para la siguiente fase en las Olimpiadas Matem\u00e1ticas THALES.&nbsp; &nbsp;Estamos muy orgullosos tanto de su paso por nuestro centro como de su evoluci\u00f3n en su nueva etapa escolar. \u00a1Felicidades campe\u00f3n!<\/p>\n","protected":false},"author":5888,"featured_media":0,"parent":31355,"menu_order":0,"comment_status":"closed","ping_status":"closed","template":"","meta":{"ngg_post_thumbnail":0,"footnotes":"","_mc_calendar":[]},"aioseo_notices":[],"post_mailing_queue_ids":[],"_links":{"self":[{"href":"https:\/\/blogsaverroes.juntadeandalucia.es\/colemediterraneo\/wp-json\/wp\/v2\/pages\/31260"}],"collection":[{"href":"https:\/\/blogsaverroes.juntadeandalucia.es\/colemediterraneo\/wp-json\/wp\/v2\/pages"}],"about":[{"href":"https:\/\/blogsaverroes.juntadeandalucia.es\/colemediterraneo\/wp-json\/wp\/v2\/types\/page"}],"author":[{"embeddable":true,"href":"https:\/\/blogsaverroes.juntadeandalucia.es\/colemediterraneo\/wp-json\/wp\/v2\/users\/5888"}],"replies":[{"embeddable":true,"href":"https:\/\/blogsaverroes.juntadeandalucia.es\/colemediterraneo\/wp-json\/wp\/v2\/comments?post=31260"}],"version-history":[{"count":8,"href":"https:\/\/blogsaverroes.juntadeandalucia.es\/colemediterraneo\/wp-json\/wp\/v2\/pages\/31260\/revisions"}],"predecessor-version":[{"id":31338,"href":"https:\/\/blogsaverroes.juntadeandalucia.es\/colemediterraneo\/wp-json\/wp\/v2\/pages\/31260\/revisions\/31338"}],"up":[{"embeddable":true,"href":"https:\/\/blogsaverroes.juntadeandalucia.es\/colemediterraneo\/wp-json\/wp\/v2\/pages\/31355"}],"wp:attachment":[{"href":"https:\/\/blogsaverroes.juntadeandalucia.es\/colemediterraneo\/wp-json\/wp\/v2\/media?parent=31260"}],"curies":[{"name":"wp","href":"https:\/\/api.w.org\/{rel}","templated":true}]}}