{"id":31685,"date":"2022-05-17T08:40:21","date_gmt":"2022-05-17T08:40:21","guid":{"rendered":"https:\/\/blogsaverroes.juntadeandalucia.es\/colemediterraneo\/?page_id=31685"},"modified":"2022-05-17T08:43:54","modified_gmt":"2022-05-17T08:43:54","slug":"curso-de-primeros-auxilios","status":"publish","type":"page","link":"https:\/\/blogsaverroes.juntadeandalucia.es\/colemediterraneo\/cursos-anteriores\/curso-2021-2022\/tercer-ciclo\/curso-de-primeros-auxilios\/","title":{"rendered":"Curso de Primeros auxilios"},"content":{"rendered":"<p>El alumnado de los cursos de quinto ha asistido a un curso sobre primeros auxilios ofrecido por nuestra enfermera de referencia.&nbsp; Es importante que todos y todas sepamos actuar ante estos casos de emergencia&nbsp; para poder dar una respuesta lo m\u00e1s ajustada posible a la situaci\u00f3n y quien sabe, si en nuestra mano est\u00e1 el poder salvar&nbsp; vidas.<\/p>\n<p>Esperamos que nunca tengan que poner en pr\u00e1ctica lo aprendido, pero si as\u00ed fuera, ojal\u00e1 se puedan aprovechar bien estas ense\u00f1anzas.<\/p>\n<p>Aqu\u00ed os dejamos unas im\u00e1genes de esta actividad:<\/p>\n<p><a href=\"https:\/\/blogsaverroes.juntadeandalucia.es\/colemediterraneo\/tercer-ciclo\/curso-de-primeros-auxilios\/img-20220516-wa0011\/\" rel=\"attachment wp-att-31687\"><img loading=\"lazy\" decoding=\"async\" class=\"alignnone size-full wp-image-31687\" src=\"https:\/\/blogsaverroes.juntadeandalucia.es\/colemediterraneo\/files\/2022\/05\/IMG-20220516-WA0011.jpg\" alt=\"\" width=\"700\" height=\"524\" srcset=\"https:\/\/blogsaverroes.juntadeandalucia.es\/colemediterraneo\/files\/2022\/05\/IMG-20220516-WA0011.jpg 700w, https:\/\/blogsaverroes.juntadeandalucia.es\/colemediterraneo\/files\/2022\/05\/IMG-20220516-WA0011-300x225.jpg 300w\" sizes=\"(max-width: 700px) 100vw, 700px\" \/><\/a> <a href=\"https:\/\/blogsaverroes.juntadeandalucia.es\/colemediterraneo\/tercer-ciclo\/curso-de-primeros-auxilios\/img-20220516-wa0012\/\" rel=\"attachment wp-att-31688\"><img loading=\"lazy\" decoding=\"async\" class=\"alignnone size-large wp-image-31688\" src=\"https:\/\/blogsaverroes.juntadeandalucia.es\/colemediterraneo\/files\/2022\/05\/IMG-20220516-WA0012.jpg\" alt=\"\" width=\"700\" height=\"524\" srcset=\"https:\/\/blogsaverroes.juntadeandalucia.es\/colemediterraneo\/files\/2022\/05\/IMG-20220516-WA0012.jpg 700w, https:\/\/blogsaverroes.juntadeandalucia.es\/colemediterraneo\/files\/2022\/05\/IMG-20220516-WA0012-300x225.jpg 300w\" sizes=\"(max-width: 700px) 100vw, 700px\" \/><\/a> <a href=\"https:\/\/blogsaverroes.juntadeandalucia.es\/colemediterraneo\/tercer-ciclo\/curso-de-primeros-auxilios\/img-20220516-wa0013\/\" rel=\"attachment wp-att-31689\"><img loading=\"lazy\" decoding=\"async\" class=\"alignnone size-large wp-image-31689\" src=\"https:\/\/blogsaverroes.juntadeandalucia.es\/colemediterraneo\/files\/2022\/05\/IMG-20220516-WA0013.jpg\" alt=\"\" width=\"700\" height=\"524\" srcset=\"https:\/\/blogsaverroes.juntadeandalucia.es\/colemediterraneo\/files\/2022\/05\/IMG-20220516-WA0013.jpg 700w, https:\/\/blogsaverroes.juntadeandalucia.es\/colemediterraneo\/files\/2022\/05\/IMG-20220516-WA0013-300x225.jpg 300w\" sizes=\"(max-width: 700px) 100vw, 700px\" \/><\/a> <a href=\"https:\/\/blogsaverroes.juntadeandalucia.es\/colemediterraneo\/tercer-ciclo\/curso-de-primeros-auxilios\/img-20220516-wa0014\/\" rel=\"attachment wp-att-31690\"><img loading=\"lazy\" decoding=\"async\" class=\"alignnone size-large wp-image-31690\" src=\"https:\/\/blogsaverroes.juntadeandalucia.es\/colemediterraneo\/files\/2022\/05\/IMG-20220516-WA0014.jpg\" alt=\"\" width=\"700\" height=\"526\" srcset=\"https:\/\/blogsaverroes.juntadeandalucia.es\/colemediterraneo\/files\/2022\/05\/IMG-20220516-WA0014.jpg 700w, https:\/\/blogsaverroes.juntadeandalucia.es\/colemediterraneo\/files\/2022\/05\/IMG-20220516-WA0014-300x225.jpg 300w\" sizes=\"(max-width: 700px) 100vw, 700px\" \/><\/a> <a href=\"https:\/\/blogsaverroes.juntadeandalucia.es\/colemediterraneo\/tercer-ciclo\/curso-de-primeros-auxilios\/img-20220516-wa0015\/\" rel=\"attachment wp-att-31691\"><img loading=\"lazy\" decoding=\"async\" class=\"alignnone size-large wp-image-31691\" src=\"https:\/\/blogsaverroes.juntadeandalucia.es\/colemediterraneo\/files\/2022\/05\/IMG-20220516-WA0015.jpg\" alt=\"\" width=\"700\" height=\"524\" srcset=\"https:\/\/blogsaverroes.juntadeandalucia.es\/colemediterraneo\/files\/2022\/05\/IMG-20220516-WA0015.jpg 700w, https:\/\/blogsaverroes.juntadeandalucia.es\/colemediterraneo\/files\/2022\/05\/IMG-20220516-WA0015-300x225.jpg 300w\" sizes=\"(max-width: 700px) 100vw, 700px\" \/><\/a> <a href=\"https:\/\/blogsaverroes.juntadeandalucia.es\/colemediterraneo\/tercer-ciclo\/curso-de-primeros-auxilios\/img-20220516-wa0016\/\" rel=\"attachment wp-att-31692\"><img loading=\"lazy\" decoding=\"async\" class=\"alignnone size-large wp-image-31692\" src=\"https:\/\/blogsaverroes.juntadeandalucia.es\/colemediterraneo\/files\/2022\/05\/IMG-20220516-WA0016.jpg\" alt=\"\" width=\"700\" height=\"524\" srcset=\"https:\/\/blogsaverroes.juntadeandalucia.es\/colemediterraneo\/files\/2022\/05\/IMG-20220516-WA0016.jpg 700w, https:\/\/blogsaverroes.juntadeandalucia.es\/colemediterraneo\/files\/2022\/05\/IMG-20220516-WA0016-300x225.jpg 300w\" sizes=\"(max-width: 700px) 100vw, 700px\" \/><\/a>n el que les han ense\u00f1ado c\u00f3mo actuar en caso de presenciar un desvanecimiento (por parada cardio respirator<\/p>\n","protected":false},"excerpt":{"rendered":"<p>El alumnado de los cursos de quinto ha asistido a un curso sobre primeros auxilios ofrecido por nuestra enfermera de referencia.&nbsp; Es importante que todos y todas sepamos actuar ante estos casos de emergencia&nbsp; para poder dar una respuesta lo m\u00e1s ajustada posible a la situaci\u00f3n y quien sabe, si en nuestra mano est\u00e1 el &hellip; <\/p>\n<p><a class=\"more-link btn\" href=\"https:\/\/blogsaverroes.juntadeandalucia.es\/colemediterraneo\/cursos-anteriores\/curso-2021-2022\/tercer-ciclo\/curso-de-primeros-auxilios\/\">Seguir leyendo<\/a><\/p>\n","protected":false},"author":5888,"featured_media":0,"parent":29503,"menu_order":0,"comment_status":"closed","ping_status":"closed","template":"","meta":{"ngg_post_thumbnail":0,"footnotes":"","_mc_calendar":[]},"aioseo_notices":[],"post_mailing_queue_ids":[],"_links":{"self":[{"href":"https:\/\/blogsaverroes.juntadeandalucia.es\/colemediterraneo\/wp-json\/wp\/v2\/pages\/31685"}],"collection":[{"href":"https:\/\/blogsaverroes.juntadeandalucia.es\/colemediterraneo\/wp-json\/wp\/v2\/pages"}],"about":[{"href":"https:\/\/blogsaverroes.juntadeandalucia.es\/colemediterraneo\/wp-json\/wp\/v2\/types\/page"}],"author":[{"embeddable":true,"href":"https:\/\/blogsaverroes.juntadeandalucia.es\/colemediterraneo\/wp-json\/wp\/v2\/users\/5888"}],"replies":[{"embeddable":true,"href":"https:\/\/blogsaverroes.juntadeandalucia.es\/colemediterraneo\/wp-json\/wp\/v2\/comments?post=31685"}],"version-history":[{"count":3,"href":"https:\/\/blogsaverroes.juntadeandalucia.es\/colemediterraneo\/wp-json\/wp\/v2\/pages\/31685\/revisions"}],"predecessor-version":[{"id":31694,"href":"https:\/\/blogsaverroes.juntadeandalucia.es\/colemediterraneo\/wp-json\/wp\/v2\/pages\/31685\/revisions\/31694"}],"up":[{"embeddable":true,"href":"https:\/\/blogsaverroes.juntadeandalucia.es\/colemediterraneo\/wp-json\/wp\/v2\/pages\/29503"}],"wp:attachment":[{"href":"https:\/\/blogsaverroes.juntadeandalucia.es\/colemediterraneo\/wp-json\/wp\/v2\/media?parent=31685"}],"curies":[{"name":"wp","href":"https:\/\/api.w.org\/{rel}","templated":true}]}}