{"id":32252,"date":"2022-10-10T14:59:11","date_gmt":"2022-10-10T14:59:11","guid":{"rendered":"https:\/\/blogsaverroes.juntadeandalucia.es\/colemediterraneo\/?page_id=32252"},"modified":"2022-10-10T14:59:19","modified_gmt":"2022-10-10T14:59:19","slug":"nuestro-alumnado-se-divierte","status":"publish","type":"page","link":"https:\/\/blogsaverroes.juntadeandalucia.es\/colemediterraneo\/cursos-anteriores\/curso-2023-2024\/educacion-especial\/nuestro-alumnado-se-divierte\/","title":{"rendered":"Nuestro alumnado se divierte"},"content":{"rendered":"<p style=\"text-align: center\">Nuestro alumnado de ambas Aulas Espec\u00edficas est\u00e1 compartiendo algunos ratitos de ocio.&nbsp; Aqu\u00ed os<\/p>\n<p style=\"text-align: center\">mostramos algunas im\u00e1genes de estos momentos juntos.<\/p>\n<p style=\"text-align: center\"><a href=\"https:\/\/blogsaverroes.juntadeandalucia.es\/colemediterraneo\/cursos-anteriores\/curso-2021-2022\/educacion-especial\/trabajamos-juntos\/attachment\/3\/\" rel=\"attachment wp-att-32179\"><img loading=\"lazy\" decoding=\"async\" class=\"alignnone size-large wp-image-32179\" src=\"https:\/\/blogsaverroes.juntadeandalucia.es\/colemediterraneo\/files\/2022\/09\/3-1024x768.jpg\" alt=\"\" width=\"782\" height=\"587\" srcset=\"https:\/\/blogsaverroes.juntadeandalucia.es\/colemediterraneo\/files\/2022\/09\/3-1024x768.jpg 1024w, https:\/\/blogsaverroes.juntadeandalucia.es\/colemediterraneo\/files\/2022\/09\/3-300x225.jpg 300w, https:\/\/blogsaverroes.juntadeandalucia.es\/colemediterraneo\/files\/2022\/09\/3-768x576.jpg 768w, https:\/\/blogsaverroes.juntadeandalucia.es\/colemediterraneo\/files\/2022\/09\/3.jpg 1080w\" sizes=\"(max-width: 782px) 100vw, 782px\" \/><\/a> <a href=\"https:\/\/blogsaverroes.juntadeandalucia.es\/colemediterraneo\/cursos-anteriores\/curso-2021-2022\/educacion-especial\/trabajamos-juntos\/attachment\/1\/\" rel=\"attachment wp-att-32177\"><img loading=\"lazy\" decoding=\"async\" class=\"alignnone size-large wp-image-32177\" src=\"https:\/\/blogsaverroes.juntadeandalucia.es\/colemediterraneo\/files\/2022\/09\/1-1024x768.jpg\" alt=\"\" width=\"782\" height=\"587\" srcset=\"https:\/\/blogsaverroes.juntadeandalucia.es\/colemediterraneo\/files\/2022\/09\/1-1024x768.jpg 1024w, https:\/\/blogsaverroes.juntadeandalucia.es\/colemediterraneo\/files\/2022\/09\/1-300x225.jpg 300w, https:\/\/blogsaverroes.juntadeandalucia.es\/colemediterraneo\/files\/2022\/09\/1-768x576.jpg 768w, https:\/\/blogsaverroes.juntadeandalucia.es\/colemediterraneo\/files\/2022\/09\/1.jpg 1080w\" sizes=\"(max-width: 782px) 100vw, 782px\" \/><\/a><\/p>\n","protected":false},"excerpt":{"rendered":"<p>Nuestro alumnado de ambas Aulas Espec\u00edficas est\u00e1 compartiendo algunos ratitos de ocio.&nbsp; Aqu\u00ed os mostramos algunas im\u00e1genes de estos momentos juntos.<\/p>\n","protected":false},"author":5888,"featured_media":0,"parent":32168,"menu_order":0,"comment_status":"closed","ping_status":"closed","template":"","meta":{"ngg_post_thumbnail":0,"footnotes":"","_mc_calendar":[]},"aioseo_notices":[],"post_mailing_queue_ids":[],"_links":{"self":[{"href":"https:\/\/blogsaverroes.juntadeandalucia.es\/colemediterraneo\/wp-json\/wp\/v2\/pages\/32252"}],"collection":[{"href":"https:\/\/blogsaverroes.juntadeandalucia.es\/colemediterraneo\/wp-json\/wp\/v2\/pages"}],"about":[{"href":"https:\/\/blogsaverroes.juntadeandalucia.es\/colemediterraneo\/wp-json\/wp\/v2\/types\/page"}],"author":[{"embeddable":true,"href":"https:\/\/blogsaverroes.juntadeandalucia.es\/colemediterraneo\/wp-json\/wp\/v2\/users\/5888"}],"replies":[{"embeddable":true,"href":"https:\/\/blogsaverroes.juntadeandalucia.es\/colemediterraneo\/wp-json\/wp\/v2\/comments?post=32252"}],"version-history":[{"count":1,"href":"https:\/\/blogsaverroes.juntadeandalucia.es\/colemediterraneo\/wp-json\/wp\/v2\/pages\/32252\/revisions"}],"predecessor-version":[{"id":32253,"href":"https:\/\/blogsaverroes.juntadeandalucia.es\/colemediterraneo\/wp-json\/wp\/v2\/pages\/32252\/revisions\/32253"}],"up":[{"embeddable":true,"href":"https:\/\/blogsaverroes.juntadeandalucia.es\/colemediterraneo\/wp-json\/wp\/v2\/pages\/32168"}],"wp:attachment":[{"href":"https:\/\/blogsaverroes.juntadeandalucia.es\/colemediterraneo\/wp-json\/wp\/v2\/media?parent=32252"}],"curies":[{"name":"wp","href":"https:\/\/api.w.org\/{rel}","templated":true}]}}