{"id":32277,"date":"2022-10-17T14:59:08","date_gmt":"2022-10-17T14:59:08","guid":{"rendered":"https:\/\/blogsaverroes.juntadeandalucia.es\/colemediterraneo\/?page_id=32277"},"modified":"2022-10-17T15:02:25","modified_gmt":"2022-10-17T15:02:25","slug":"bilinguismo-desde-la-etapa-infantil","status":"publish","type":"page","link":"https:\/\/blogsaverroes.juntadeandalucia.es\/colemediterraneo\/proyectos-2\/erasmus\/bilinguismo-desde-la-etapa-infantil\/","title":{"rendered":"Biling\u00fc\u00edsmo desde la etapa infantil"},"content":{"rendered":"<p>&nbsp;El aprendizaje del idioma es mucho m\u00e1s natural cuando m\u00e1s peque\u00f1os somos.&nbsp; El primer contacto con el biling\u00fc\u00edsmo en nuestro alumnado es inmediatamente al comienzo de su escolarizaci\u00f3n en tres a\u00f1os.&nbsp; Las actividades in inicialmente son simples y repetitivas, muy visuales y con apoyos gestuales que facilitan la comprensi\u00f3n del idioma desde edades muy tempranas.&nbsp; Por supuesto tienen todas un componente l\u00fadico que ameniza y facilita la asimilaci\u00f3n del idioma de una forma divertida.&nbsp; Aqu\u00ed os mostramos unas im\u00e1genes&#8230;<\/p>\n<p><a href=\"https:\/\/blogsaverroes.juntadeandalucia.es\/colemediterraneo\/ed-infantil\/bilinguismo-desde-la-etapa-infantil\/20220928_101540\/\" rel=\"attachment wp-att-32280\"><img loading=\"lazy\" decoding=\"async\" class=\"alignnone size-full wp-image-32280\" src=\"https:\/\/blogsaverroes.juntadeandalucia.es\/colemediterraneo\/files\/2022\/10\/20220928_101540.jpg\" alt=\"\" width=\"700\" height=\"341\" srcset=\"https:\/\/blogsaverroes.juntadeandalucia.es\/colemediterraneo\/files\/2022\/10\/20220928_101540.jpg 700w, https:\/\/blogsaverroes.juntadeandalucia.es\/colemediterraneo\/files\/2022\/10\/20220928_101540-300x146.jpg 300w\" sizes=\"(max-width: 700px) 100vw, 700px\" \/><\/a> <a href=\"https:\/\/blogsaverroes.juntadeandalucia.es\/colemediterraneo\/ed-infantil\/bilinguismo-desde-la-etapa-infantil\/20220928_101618\/\" rel=\"attachment wp-att-32281\"><img loading=\"lazy\" decoding=\"async\" class=\"alignnone size-large wp-image-32281\" src=\"https:\/\/blogsaverroes.juntadeandalucia.es\/colemediterraneo\/files\/2022\/10\/20220928_101618.jpg\" alt=\"\" width=\"700\" height=\"341\" srcset=\"https:\/\/blogsaverroes.juntadeandalucia.es\/colemediterraneo\/files\/2022\/10\/20220928_101618.jpg 700w, https:\/\/blogsaverroes.juntadeandalucia.es\/colemediterraneo\/files\/2022\/10\/20220928_101618-300x146.jpg 300w\" sizes=\"(max-width: 700px) 100vw, 700px\" \/><\/a> <a href=\"https:\/\/blogsaverroes.juntadeandalucia.es\/colemediterraneo\/ed-infantil\/bilinguismo-desde-la-etapa-infantil\/20220928_102137\/\" rel=\"attachment wp-att-32282\"><img loading=\"lazy\" decoding=\"async\" class=\"alignnone size-large wp-image-32282\" src=\"https:\/\/blogsaverroes.juntadeandalucia.es\/colemediterraneo\/files\/2022\/10\/20220928_102137.jpg\" alt=\"\" width=\"700\" height=\"341\" srcset=\"https:\/\/blogsaverroes.juntadeandalucia.es\/colemediterraneo\/files\/2022\/10\/20220928_102137.jpg 700w, https:\/\/blogsaverroes.juntadeandalucia.es\/colemediterraneo\/files\/2022\/10\/20220928_102137-300x146.jpg 300w\" sizes=\"(max-width: 700px) 100vw, 700px\" \/><\/a> <a href=\"https:\/\/blogsaverroes.juntadeandalucia.es\/colemediterraneo\/ed-infantil\/bilinguismo-desde-la-etapa-infantil\/img-20221007-wa0025\/\" rel=\"attachment wp-att-32283\"><img loading=\"lazy\" decoding=\"async\" class=\"alignnone size-large wp-image-32283\" src=\"https:\/\/blogsaverroes.juntadeandalucia.es\/colemediterraneo\/files\/2022\/10\/IMG-20221007-WA0025.jpg\" alt=\"\" width=\"527\" height=\"700\" srcset=\"https:\/\/blogsaverroes.juntadeandalucia.es\/colemediterraneo\/files\/2022\/10\/IMG-20221007-WA0025.jpg 527w, https:\/\/blogsaverroes.juntadeandalucia.es\/colemediterraneo\/files\/2022\/10\/IMG-20221007-WA0025-226x300.jpg 226w\" sizes=\"(max-width: 527px) 100vw, 527px\" \/><\/a> <a href=\"https:\/\/blogsaverroes.juntadeandalucia.es\/colemediterraneo\/ed-infantil\/bilinguismo-desde-la-etapa-infantil\/img-20221007-wa0026\/\" rel=\"attachment wp-att-32284\"><img loading=\"lazy\" decoding=\"async\" class=\"alignnone size-large wp-image-32284\" src=\"https:\/\/blogsaverroes.juntadeandalucia.es\/colemediterraneo\/files\/2022\/10\/IMG-20221007-WA0026.jpg\" alt=\"\" width=\"527\" height=\"700\" srcset=\"https:\/\/blogsaverroes.juntadeandalucia.es\/colemediterraneo\/files\/2022\/10\/IMG-20221007-WA0026.jpg 527w, https:\/\/blogsaverroes.juntadeandalucia.es\/colemediterraneo\/files\/2022\/10\/IMG-20221007-WA0026-226x300.jpg 226w\" sizes=\"(max-width: 527px) 100vw, 527px\" \/><\/a> <a href=\"https:\/\/blogsaverroes.juntadeandalucia.es\/colemediterraneo\/ed-infantil\/bilinguismo-desde-la-etapa-infantil\/img-20221007-wa0027\/\" rel=\"attachment wp-att-32285\"><img loading=\"lazy\" decoding=\"async\" class=\"alignnone size-large wp-image-32285\" src=\"https:\/\/blogsaverroes.juntadeandalucia.es\/colemediterraneo\/files\/2022\/10\/IMG-20221007-WA0027.jpg\" alt=\"\" width=\"527\" height=\"700\" srcset=\"https:\/\/blogsaverroes.juntadeandalucia.es\/colemediterraneo\/files\/2022\/10\/IMG-20221007-WA0027.jpg 527w, https:\/\/blogsaverroes.juntadeandalucia.es\/colemediterraneo\/files\/2022\/10\/IMG-20221007-WA0027-226x300.jpg 226w\" sizes=\"(max-width: 527px) 100vw, 527px\" \/><\/a> <a href=\"https:\/\/blogsaverroes.juntadeandalucia.es\/colemediterraneo\/ed-infantil\/bilinguismo-desde-la-etapa-infantil\/img-20221007-wa0028\/\" rel=\"attachment wp-att-32286\"><img loading=\"lazy\" decoding=\"async\" class=\"alignnone size-large wp-image-32286\" src=\"https:\/\/blogsaverroes.juntadeandalucia.es\/colemediterraneo\/files\/2022\/10\/IMG-20221007-WA0028.jpg\" alt=\"\" width=\"527\" height=\"700\" srcset=\"https:\/\/blogsaverroes.juntadeandalucia.es\/colemediterraneo\/files\/2022\/10\/IMG-20221007-WA0028.jpg 527w, https:\/\/blogsaverroes.juntadeandalucia.es\/colemediterraneo\/files\/2022\/10\/IMG-20221007-WA0028-226x300.jpg 226w\" sizes=\"(max-width: 527px) 100vw, 527px\" \/><\/a> <a href=\"https:\/\/blogsaverroes.juntadeandalucia.es\/colemediterraneo\/ed-infantil\/bilinguismo-desde-la-etapa-infantil\/img-20221007-wa0029\/\" rel=\"attachment wp-att-32287\"><img loading=\"lazy\" decoding=\"async\" class=\"alignnone size-large wp-image-32287\" src=\"https:\/\/blogsaverroes.juntadeandalucia.es\/colemediterraneo\/files\/2022\/10\/IMG-20221007-WA0029.jpg\" alt=\"\" width=\"527\" height=\"700\" srcset=\"https:\/\/blogsaverroes.juntadeandalucia.es\/colemediterraneo\/files\/2022\/10\/IMG-20221007-WA0029.jpg 527w, https:\/\/blogsaverroes.juntadeandalucia.es\/colemediterraneo\/files\/2022\/10\/IMG-20221007-WA0029-226x300.jpg 226w\" sizes=\"(max-width: 527px) 100vw, 527px\" \/><\/a> <a href=\"https:\/\/blogsaverroes.juntadeandalucia.es\/colemediterraneo\/ed-infantil\/bilinguismo-desde-la-etapa-infantil\/img-20221007-wa0030\/\" rel=\"attachment wp-att-32288\"><img loading=\"lazy\" decoding=\"async\" class=\"alignnone size-large wp-image-32288\" src=\"https:\/\/blogsaverroes.juntadeandalucia.es\/colemediterraneo\/files\/2022\/10\/IMG-20221007-WA0030.jpg\" alt=\"\" width=\"527\" height=\"700\" srcset=\"https:\/\/blogsaverroes.juntadeandalucia.es\/colemediterraneo\/files\/2022\/10\/IMG-20221007-WA0030.jpg 527w, https:\/\/blogsaverroes.juntadeandalucia.es\/colemediterraneo\/files\/2022\/10\/IMG-20221007-WA0030-226x300.jpg 226w\" sizes=\"(max-width: 527px) 100vw, 527px\" \/><\/a> <a href=\"https:\/\/blogsaverroes.juntadeandalucia.es\/colemediterraneo\/ed-infantil\/bilinguismo-desde-la-etapa-infantil\/img-20221007-wa0031\/\" rel=\"attachment wp-att-32289\"><img loading=\"lazy\" decoding=\"async\" class=\"alignnone size-large wp-image-32289\" src=\"https:\/\/blogsaverroes.juntadeandalucia.es\/colemediterraneo\/files\/2022\/10\/IMG-20221007-WA0031.jpg\" alt=\"\" width=\"527\" height=\"700\" srcset=\"https:\/\/blogsaverroes.juntadeandalucia.es\/colemediterraneo\/files\/2022\/10\/IMG-20221007-WA0031.jpg 527w, https:\/\/blogsaverroes.juntadeandalucia.es\/colemediterraneo\/files\/2022\/10\/IMG-20221007-WA0031-226x300.jpg 226w\" sizes=\"(max-width: 527px) 100vw, 527px\" \/><\/a> <a href=\"https:\/\/blogsaverroes.juntadeandalucia.es\/colemediterraneo\/ed-infantil\/bilinguismo-desde-la-etapa-infantil\/img-20221007-wa0032\/\" rel=\"attachment wp-att-32290\"><img loading=\"lazy\" decoding=\"async\" class=\"alignnone size-large wp-image-32290\" src=\"https:\/\/blogsaverroes.juntadeandalucia.es\/colemediterraneo\/files\/2022\/10\/IMG-20221007-WA0032.jpg\" alt=\"\" width=\"527\" height=\"700\" srcset=\"https:\/\/blogsaverroes.juntadeandalucia.es\/colemediterraneo\/files\/2022\/10\/IMG-20221007-WA0032.jpg 527w, https:\/\/blogsaverroes.juntadeandalucia.es\/colemediterraneo\/files\/2022\/10\/IMG-20221007-WA0032-226x300.jpg 226w\" sizes=\"(max-width: 527px) 100vw, 527px\" \/><\/a><\/p>\n<p>&nbsp;<\/p>\n","protected":false},"excerpt":{"rendered":"<p>&nbsp;El aprendizaje del idioma es mucho m\u00e1s natural cuando m\u00e1s peque\u00f1os somos.&nbsp; El primer contacto con el biling\u00fc\u00edsmo en nuestro alumnado es inmediatamente al comienzo de su escolarizaci\u00f3n en tres a\u00f1os.&nbsp; Las actividades in inicialmente son simples y repetitivas, muy visuales y con apoyos gestuales que facilitan la comprensi\u00f3n del idioma desde edades muy tempranas.&nbsp; &hellip; <\/p>\n<p><a class=\"more-link btn\" href=\"https:\/\/blogsaverroes.juntadeandalucia.es\/colemediterraneo\/proyectos-2\/erasmus\/bilinguismo-desde-la-etapa-infantil\/\">Seguir leyendo<\/a><\/p>\n","protected":false},"author":5888,"featured_media":0,"parent":26530,"menu_order":0,"comment_status":"closed","ping_status":"closed","template":"","meta":{"ngg_post_thumbnail":0,"footnotes":"","_mc_calendar":[]},"aioseo_notices":[],"post_mailing_queue_ids":[],"_links":{"self":[{"href":"https:\/\/blogsaverroes.juntadeandalucia.es\/colemediterraneo\/wp-json\/wp\/v2\/pages\/32277"}],"collection":[{"href":"https:\/\/blogsaverroes.juntadeandalucia.es\/colemediterraneo\/wp-json\/wp\/v2\/pages"}],"about":[{"href":"https:\/\/blogsaverroes.juntadeandalucia.es\/colemediterraneo\/wp-json\/wp\/v2\/types\/page"}],"author":[{"embeddable":true,"href":"https:\/\/blogsaverroes.juntadeandalucia.es\/colemediterraneo\/wp-json\/wp\/v2\/users\/5888"}],"replies":[{"embeddable":true,"href":"https:\/\/blogsaverroes.juntadeandalucia.es\/colemediterraneo\/wp-json\/wp\/v2\/comments?post=32277"}],"version-history":[{"count":4,"href":"https:\/\/blogsaverroes.juntadeandalucia.es\/colemediterraneo\/wp-json\/wp\/v2\/pages\/32277\/revisions"}],"predecessor-version":[{"id":32292,"href":"https:\/\/blogsaverroes.juntadeandalucia.es\/colemediterraneo\/wp-json\/wp\/v2\/pages\/32277\/revisions\/32292"}],"up":[{"embeddable":true,"href":"https:\/\/blogsaverroes.juntadeandalucia.es\/colemediterraneo\/wp-json\/wp\/v2\/pages\/26530"}],"wp:attachment":[{"href":"https:\/\/blogsaverroes.juntadeandalucia.es\/colemediterraneo\/wp-json\/wp\/v2\/media?parent=32277"}],"curies":[{"name":"wp","href":"https:\/\/api.w.org\/{rel}","templated":true}]}}